{"id":942,"date":"2021-10-19T15:01:19","date_gmt":"2021-10-19T12:01:19","guid":{"rendered":"https:\/\/tehronmachines.ro\/pro\/?post_type=product&#038;p=942"},"modified":"2024-09-15T13:53:27","modified_gmt":"2024-09-15T10:53:27","slug":"tocator-freza-de-cioate-dipperfox-850-pro-pentru-buldoexcavatoare-si-incarcatoare","status":"publish","type":"product","link":"https:\/\/tehronmachines.ro\/pro\/produs\/tocator-freza-de-cioate-dipperfox-850-pro-pentru-buldoexcavatoare-si-incarcatoare\/","title":{"rendered":"Burghiu de cioate \u0219i r\u0103d\u0103cini DipperFox 850 PRO &#8211; accesoriu hidraulic pentru excavator"},"content":{"rendered":"<h2>Toc\u0103tor \/ frez\u0103 de cioate DipperFox 850 PRO<\/h2>\n<div class=\"page\" title=\"Page 1\">\n<div class=\"section\">\n<div class=\"layoutArea\">\n<div class=\"column\">\n<h3><span style=\"color: #808000\">Freza de cioate \u0219i r\u0103d\u0103cini Dipperfox 850 PRO este un echipament profesional pentru excavatoare. Ata\u0219at la un bra\u021b de excavator, aceast\u0103 ma\u0219in\u0103 de frezat buturugi va satisafce orice utilizator din industrie. Concep\u021bia \u0219i designul s\u0103u \u00eembun\u0103t\u0103\u021be\u0219te performan\u021ba, reduc\u00e2nd timpul de operare \u0219i costurile.<\/span><\/h3>\n<h3>DipperFox 850 PRO dintr-o privire<\/h3>\n<\/div>\n<div class=\"column\">\n<ul>\n<li>Maxim de productivitate la 220+ litri\/min &amp; 300+ bar<\/li>\n<li>De 10 ori mai rapid deca\u0302t alte metode folosite la i\u0302ndepa\u0306rtare a buturugilor \/ cioatelor<\/li>\n<li>Fa\u0306ra\u0306 resturi la\u0306sate i\u0302n urma\u0306 &#8211; lemnul ma\u0306cinat poate fi folosit ca i\u0302ngra\u0306s\u0326a\u0306ma\u0302nt pentru sol<\/li>\n<li>Poate fi folosit cu orice excavator i\u0302ntre 14 s\u0326i 30 de tone &amp; 74-130 kW<\/li>\n<li>Reglare automata\u0306 a turat\u0326iei \/ cuplului \u2013 angrenaj planetar cu 2 trepte i\u0302ncorporat, cu o durata\u0306 lunga\u0306 de viat\u0326a\u0306)<\/li>\n<li>Fa\u0306ra\u0306 energie electrica\u0306, fa\u0306ra\u0306 cabluri de conectat \u2013 funct\u0326ionare complet hidraulica\u0306<\/li>\n<li>Unitatea poate fi stocata\u0306 i\u0302n condit\u0326ii de exterior \u2013 fa\u0306ra\u0306 electronica\u0306 sensibila\u0306, fa\u0306ra\u0306 coroziune pe contacte<\/li>\n<li>Consumabile fixate cu s\u0326uruburi \u2013 lame de ta\u0306iere cu doua\u0306 ta\u0306is\u0326uri, s\u0326urub)<\/li>\n<li>Us\u0326or de i\u0302ntret\u0326inut \u2013 ciclu lung de schimbare a uleiului: 250 de ore de funct\u0326ionare<\/li>\n<li>Greutatea redusa\u0306 (575 kg \/ 1267 lb) permite transportul Dipperfox 850 la s\u0326antier cu camion cu platforma\u0306 de ridicare sau remorca\u0306 auto<\/li>\n<li>Poluare redusa\u0306, comparativ cu alte tipuri de freze \u2013 protejeaza\u0306 operatorul, mediul s\u0326i protejeaza\u0306 oamenii din jurul locului de munca\u0306<\/li>\n<li>Unic i\u0302n clasa sa \u2013 tehnologie brevetata\u0306<\/li>\n<li>Dezvoltat s\u0326i proiectat de operatori de (buldo)excavator, cu peste 20 de ani de experient\u0326a\u0306 in managementul flotei de excavatoare \u0219i utilaje forestiere \u0219i de construc\u021bii<\/li>\n<\/ul>\n<\/div>\n<\/div>\n<\/div>\n<\/div>\n","protected":false},"excerpt":{"rendered":"<h3><span style=\"color: #808000\">Freza de cioate \u0219i r\u0103d\u0103cini Dipperfox 850 PRO este un echipament profesional pentru excavatoare. Ata\u0219at la un bra\u021b de excavator, aceast\u0103 ma\u0219in\u0103 de frezat buturugi va satisafce orice utilizator din industrie. Concep\u021bia \u0219i designul s\u0103u \u00eembun\u0103t\u0103\u021be\u0219te performan\u021ba, reduc\u00e2nd timpul de operare \u0219i costurile.<\/span><\/h3>\n","protected":false},"featured_media":975,"comment_status":"open","ping_status":"closed","template":"","meta":{"_acf_changed":false,"_exactmetrics_skip_tracking":false,"_exactmetrics_sitenote_active":false,"_exactmetrics_sitenote_note":"","_exactmetrics_sitenote_category":0,"_monsterinsights_skip_tracking":false,"_monsterinsights_sitenote_active":false,"_monsterinsights_sitenote_note":"","_monsterinsights_sitenote_category":0,"neve_meta_sidebar":"","neve_meta_container":"","neve_meta_enable_content_width":"off","neve_meta_content_width":70,"neve_meta_title_alignment":"","neve_meta_author_avatar":"","neve_post_elements_order":"","neve_meta_disable_header":"","neve_meta_disable_footer":"","neve_meta_disable_title":"","jetpack_publicize_message":"","jetpack_publicize_feature_enabled":true,"jetpack_social_post_already_shared":true,"jetpack_social_options":{"image_generator_settings":{"template":"highway","default_image_id":0,"font":"","enabled":false},"version":2}},"product_cat":[1008,1063,1037,1028,997,27,1061,1041],"product_tag":[360,359,346,344,355,339,342,354,353,311,343,347,348,341,349,352,356,283,351,358,345,287,350,357,340,285,286],"class_list":{"0":"post-942","1":"product","2":"type-product","3":"status-publish","4":"has-post-thumbnail","6":"product_brand-dipperfox-estonia","7":"product_cat-burghie-de-cioate-si-radacini-peisagistica","8":"product_cat-burghie-de-cioate-si-radacini-recuperare-terenuri-post-exploatare","9":"product_cat-burghie-de-cioate-si-radacini","10":"product_cat-lucrari-comunale-municipale","11":"product_cat-lucrari-de-peisagistica","12":"product_cat-masini-si-utilaje","13":"product_cat-recuperare-terenuri-post-exploatare","14":"product_cat-silvicultura-si-exploatari-forestiere","15":"product_tag-360","16":"product_tag-850-pro","17":"product_tag-accesoriu","18":"product_tag-atasament-tractoare","19":"product_tag-buldoexcavator","20":"product_tag-dipperfox","21":"product_tag-distrugator-de-cioate","22":"product_tag-excavator","23":"product_tag-foreza-pentru-cioate","24":"product_tag-freza-de-cioate","25":"product_tag-freza-forestiera","26":"product_tag-freze","27":"product_tag-hidraulic","28":"product_tag-implementuri","29":"product_tag-importator-romania","30":"product_tag-impreuna-pentru-natura","31":"product_tag-incarcator","32":"product_tag-livezi","33":"product_tag-marketing-extrem-mkx","34":"product_tag-mini-excavator","35":"product_tag-paul-gabor-iliescu","36":"product_tag-pomicultura","37":"product_tag-romania","38":"product_tag-skid-steer","39":"product_tag-tehron-machines","40":"product_tag-vii","41":"product_tag-viticultura","43":"first","44":"onbackorder","45":"taxable","46":"shipping-taxable","47":"product-type-simple"},"acf":[],"aioseo_notices":[],"jetpack_publicize_connections":[],"jetpack-related-posts":[],"jetpack_likes_enabled":true,"jetpack_sharing_enabled":true,"_links":{"self":[{"href":"https:\/\/tehronmachines.ro\/pro\/wp-json\/wp\/v2\/product\/942","targetHints":{"allow":["GET"]}}],"collection":[{"href":"https:\/\/tehronmachines.ro\/pro\/wp-json\/wp\/v2\/product"}],"about":[{"href":"https:\/\/tehronmachines.ro\/pro\/wp-json\/wp\/v2\/types\/product"}],"replies":[{"embeddable":true,"href":"https:\/\/tehronmachines.ro\/pro\/wp-json\/wp\/v2\/comments?post=942"}],"wp:featuredmedia":[{"embeddable":true,"href":"https:\/\/tehronmachines.ro\/pro\/wp-json\/wp\/v2\/media\/975"}],"wp:attachment":[{"href":"https:\/\/tehronmachines.ro\/pro\/wp-json\/wp\/v2\/media?parent=942"}],"wp:term":[{"taxonomy":"product_cat","embeddable":true,"href":"https:\/\/tehronmachines.ro\/pro\/wp-json\/wp\/v2\/product_cat?post=942"},{"taxonomy":"product_tag","embeddable":true,"href":"https:\/\/tehronmachines.ro\/pro\/wp-json\/wp\/v2\/product_tag?post=942"}],"curies":[{"name":"wp","href":"https:\/\/api.w.org\/{rel}","templated":true}]}}