{"id":788,"date":"2021-09-05T15:02:33","date_gmt":"2021-09-05T12:02:33","guid":{"rendered":"https:\/\/tehronmachines.ro\/pro\/?post_type=product&#038;p=788"},"modified":"2022-05-15T18:38:44","modified_gmt":"2022-05-15T15:38:44","slug":"piese-de-schimb-accesorii-si-consumabile","status":"publish","type":"product","link":"https:\/\/tehronmachines.ro\/pro\/produs\/piese-de-schimb-accesorii-si-consumabile\/","title":{"rendered":"Piese de schimb, accesorii \u0219i consumabile"},"content":{"rendered":"<p>Piese de schimb, accesorii \u0219i consumabile pentru utilaje, ma\u0219ini \u0219i echipamente<br \/>\npentru service, \u00eentre\u021binere, repara\u021bii, moderniz\u0103ri, schimburi, \u00eenlocuiri.<\/p>\n<p>Utilaje: mulcere, toc\u0103toare de crengi, freze de cioate, ma\u0219ini de transplantat arbori, toc\u0103toare de p\u0103\u0219uni, freze forestiere, ma\u0219ini de despicat lemn, despic\u0103toare de lemn, ma\u0219ini de decopertat gazon, remorci forestiere, rachete de subtraversare, fier\u0103straie pendulare, motofier\u0103straie pentru t\u0103ieri diamantate, mulcere pe bra\u021b, cositoare pe bra\u021b, t\u0103ietore pe bra\u021b, moto burghie, retro forez\u0103, retro burghiu, aeratoare gazon, scarificatoare gazon, ma\u0219ini de \u00eens\u0103m\u00e2n\u021bat, ma\u0219ini de supra\u00eens\u0103m\u00e2n\u021bat, freza de z\u0103pad\u0103, t\u0103ietor de canturi, suflante, aspiratoare, ma\u0219in\u0103 de extras cioate, ma\u0219in\u0103 de m\u0103run\u021bit p\u0103m\u00e2nt, sp\u0103rg\u0103tor de pietre, freze pentru guri de canal, lame de nivelat cu laser<br \/>\nM\u0103rci: Seppi, Jensen, JBM, Kastor, Kommtek, Miniforst, Midiforst, Eliet, DOCMA, FSI, Egedal, Essig, Holtec, HOLMAC, Pazzaglia, ICS, Marolin, Opitz &#8211; Optimal, Pfanzelt, Redexim, Rotomec, Rotor, Roxor, Stehr, Maralaser, Lipco, Wiedenmann, Van Vuuren, DipperFox<\/p>\n","protected":false},"excerpt":{"rendered":"<p>Piese de schimb, accesorii \u0219i consumabile pentru utilaje, ma\u0219ini \u0219i echipamente<br \/>\npentru service, \u00eentre\u021binere, repara\u021bii, moderniz\u0103ri, schimburi, \u00eenlocuiri.<\/p>\n<p>Utilaje: mulcere, toc\u0103toare de crengi, freze de cioate, ma\u0219ini de transplantat arbori, toc\u0103toare de p\u0103\u0219uni, freze forestiere, ma\u0219ini de despicat lemn, despic\u0103toare de lemn, ma\u0219ini de decopertat gazon, remorci forestiere, rachete de subtraversare, fier\u0103straie pendulare, motofier\u0103straie pentru t\u0103ieri diamantate, mulcere pe bra\u021b, cositoare pe bra\u021b, t\u0103ietore pe bra\u021b, moto burghie, retro forez\u0103, retro burghiu, aeratoare gazon, scarificatoare gazon, ma\u0219ini de \u00eens\u0103m\u00e2n\u021bat, ma\u0219ini de supra\u00eens\u0103m\u00e2n\u021bat, freza de z\u0103pad\u0103, t\u0103ietor de canturi, suflante, aspiratoare, ma\u0219in\u0103 de extras cioate, ma\u0219in\u0103 de m\u0103run\u021bit p\u0103m\u00e2nt, sp\u0103rg\u0103tor de pietre, freze pentru guri de canal, lame de nivelat cu laser<br \/>\nM\u0103rci: Seppi, Jensen, JBM, Kastor, Kommtek, Miniforst, Midiforst, Eliet, DOCMA, FSI, Egedal, Essig, Holtec, HOLMAC, Pazzaglia, ICS, Marolin, Opitz &#8211; Optimal, Pfanzelt, Redexim, Rotomec, Rotor, Roxor, Stehr, Maralaser, Lipco, Wiedenmann, Van Vuuren, DipperFox<\/p>\n","protected":false},"featured_media":0,"comment_status":"open","ping_status":"closed","template":"","meta":{"_acf_changed":false,"_exactmetrics_skip_tracking":false,"_exactmetrics_sitenote_active":false,"_exactmetrics_sitenote_note":"","_exactmetrics_sitenote_category":0,"_monsterinsights_skip_tracking":false,"_monsterinsights_sitenote_active":false,"_monsterinsights_sitenote_note":"","_monsterinsights_sitenote_category":0,"neve_meta_sidebar":"","neve_meta_container":"","neve_meta_enable_content_width":"off","neve_meta_content_width":70,"neve_meta_title_alignment":"","neve_meta_author_avatar":"","neve_post_elements_order":"","neve_meta_disable_header":"","neve_meta_disable_footer":"","neve_meta_disable_title":"","jetpack_publicize_message":"","jetpack_publicize_feature_enabled":true,"jetpack_social_post_already_shared":true,"jetpack_social_options":{"image_generator_settings":{"template":"highway","default_image_id":0,"font":"","enabled":false},"version":2}},"product_cat":[27],"product_tag":[308,309,38,39,125,42,149,49,116,43,41,44,307,40,117,92],"class_list":{"0":"post-788","1":"product","2":"type-product","3":"status-publish","5":"product_cat-masini-si-utilaje","6":"product_tag-accesorii","7":"product_tag-consumabile","8":"product_tag-eliet","9":"product_tag-gazon","10":"product_tag-golf","11":"product_tag-gradina","12":"product_tag-jensen","13":"product_tag-lama","14":"product_tag-masini","15":"product_tag-parc","16":"product_tag-peisagistica","17":"product_tag-peluza","18":"product_tag-piese-de-schimb","19":"product_tag-scarificator","20":"product_tag-suprainsamantat","21":"product_tag-tocator-de-crengi","23":"first","24":"onbackorder","25":"taxable","26":"shipping-taxable","27":"product-type-simple"},"acf":[],"aioseo_notices":[],"jetpack_publicize_connections":[],"jetpack-related-posts":[],"jetpack_likes_enabled":true,"jetpack_sharing_enabled":true,"_links":{"self":[{"href":"https:\/\/tehronmachines.ro\/pro\/wp-json\/wp\/v2\/product\/788","targetHints":{"allow":["GET"]}}],"collection":[{"href":"https:\/\/tehronmachines.ro\/pro\/wp-json\/wp\/v2\/product"}],"about":[{"href":"https:\/\/tehronmachines.ro\/pro\/wp-json\/wp\/v2\/types\/product"}],"replies":[{"embeddable":true,"href":"https:\/\/tehronmachines.ro\/pro\/wp-json\/wp\/v2\/comments?post=788"}],"wp:attachment":[{"href":"https:\/\/tehronmachines.ro\/pro\/wp-json\/wp\/v2\/media?parent=788"}],"wp:term":[{"taxonomy":"product_cat","embeddable":true,"href":"https:\/\/tehronmachines.ro\/pro\/wp-json\/wp\/v2\/product_cat?post=788"},{"taxonomy":"product_tag","embeddable":true,"href":"https:\/\/tehronmachines.ro\/pro\/wp-json\/wp\/v2\/product_tag?post=788"}],"curies":[{"name":"wp","href":"https:\/\/api.w.org\/{rel}","templated":true}]}}