{"id":572,"date":"2021-05-07T19:10:04","date_gmt":"2021-05-07T16:10:04","guid":{"rendered":"https:\/\/tehronmachines.ro\/pro\/?post_type=product&#038;p=572"},"modified":"2024-10-16T10:49:34","modified_gmt":"2024-10-16T07:49:34","slug":"tocator-de-crengi-pe-senile-diametru-maxim-20-cm-forst-tr8-uk-rulat-sh","status":"publish","type":"product","link":"https:\/\/tehronmachines.ro\/pro\/produs\/tocator-de-crengi-pe-senile-diametru-maxim-20-cm-forst-tr8-uk-rulat-sh\/","title":{"rendered":"Toc\u0103tor de crengi profesional pe \u0219enile, diametru maxim 20 cm Forst TR8 (UK) &#8211; rulat \/ sh"},"content":{"rendered":"<p>Toc\u0103torul de crengi profesional F\u00f6rst TR8 este perfect pentru terenuri multiple \u00een loca\u021bii greu accesibile. Este toc\u0103torul de lemn perfect pentru eliminarea volumelor mari de crengi din r\u0103rituri. Este suficient de compact pentru a fi agil \u0219i manevrabil, oferind totu\u0219i performan\u021b\u0103.<\/p>\n<p>Aceast\u0103 ma\u0219in\u0103 profesional\u0103 este construit\u0103 pentru lucr\u0103ri grele, ca o ma\u0219in\u0103 cu adev\u0103rat remarcabil\u0103 pentru performan\u021be maxime \u00een loca\u021bii greu accesibile &#8211; pante mari, condi\u021bii grele.<\/p>\n<p>F\u00f6rst construie\u0219te ma\u0219ini profesionale cu componente de calitate superioar\u0103. Nu exist\u0103 niciun compromis cu grosimea o\u021belului \u0219i calitatea pieselor componente pe un F\u00f6rst, aceste ma\u0219ini sunt construite pentru a rezista rigorilor lucrului pe care \u00eel face\u021bi. Rulmen\u021bii mari, cu ungere, \u00eempreun\u0103 cu componentele robuste ofer\u0103 F\u00f6rst calitate \u0219i fiabilitate.<\/p>\n<ul>\n<li>PRE\u021aURILE NU INCLUD TVA !<\/li>\n<\/ul>\n<table>\n<tbody>\n<tr>\n<th>Produc\u0103tor<\/th>\n<td>F\u00f6rst<\/td>\n<\/tr>\n<tr>\n<th>Model<\/th>\n<td>TR8<\/td>\n<\/tr>\n<tr>\n<th>Tip<\/th>\n<td>Cu motor propriu, autopropulsat, pe \u0219enile<\/td>\n<\/tr>\n<tr>\n<th>Gura de admisie<\/th>\n<td>8&#8243; x 10&#8243; (200mm x 255mm)<\/td>\n<\/tr>\n<tr>\n<th>Sistem de role de alimentare cu lemn<\/th>\n<td>ForstGrip<\/td>\n<\/tr>\n<tr>\n<th>Sistem volant\u0103<\/th>\n<td>Open top flywheel<\/td>\n<\/tr>\n<tr>\n<th>Motor<\/th>\n<td>45hp Kubota diesel<\/td>\n<\/tr>\n<tr>\n<th>Sistem de protec\u021bie<\/th>\n<td>Auto-intelligence no stress device<\/td>\n<\/tr>\n<tr>\n<th>Sistem de alimentare cu lemn<\/th>\n<td>Auto-intelligence fully water and vibration proof touch pads<\/td>\n<\/tr>\n<tr>\n<th>Capacitate rezervor combustibil<\/th>\n<td>35litres<\/td>\n<\/tr>\n<tr>\n<th>Nivel de zgomot<\/th>\n<td>Lwa 122dB<\/td>\n<\/tr>\n<tr>\n<th>L\u0103\u021bime (hopper on)<\/th>\n<td>1500mm<\/td>\n<\/tr>\n<tr>\n<th>L\u0103\u021bikme (hopper off)<\/th>\n<td>1250mm<\/td>\n<\/tr>\n<tr>\n<th>Lungime<\/th>\n<td>3669mm<\/td>\n<\/tr>\n<tr>\n<th>\u00cen\u0103l\u021bime (chute on)<\/th>\n<td>2370mm<\/td>\n<\/tr>\n<tr>\n<th>Greutate<\/th>\n<td>1500kg<\/td>\n<\/tr>\n<tr>\n<th>\u0218enile<\/th>\n<td>Ecartament fix<\/td>\n<\/tr>\n<\/tbody>\n<\/table>\n<ul>\n<li>PRE\u021aURILE NU INCLUD TVA !<\/li>\n<\/ul>\n<p><strong>Familie produs<\/strong> \/ product family name: <span style=\"color: #003300;\"><strong>Tocatoare de crengi \u0219i resturi vegetale<\/strong><\/span><\/p>\r\n<p><strong>Descriere scurta<\/strong> \/ brief description: Marunteste \/ toaca crengi si alte resturi lemnoase \u0219i vegetale<\/p>\r\n<ul>\r\n<li><strong>Rol, functionare, utilizari generice<\/strong> \/ role, function, main use:\r\n<ul>\r\n<li>elimina problema depozitarii crengilor si a altor resturi lemnoase si \/ sau optimizeaza transportul acestora<\/li>\r\n<li>marunteste materialul lemnos cu ajutorul unei volante cu 2 sau 3 cutite si contracutit, tocatura fiind eliminata printr-un jgheab ce are reglabila directia de aruncare; materialul lemnos este antrenat de valturi actionate hidraulic \/ sincron si impinse catre volanta port - cutit<\/li>\r\n<li>utilajul toaca crengi sau arbusti trasformandu-i in 'chips cu lungime de 5 \u2013 20 mm<\/li>\r\n<\/ul>\r\n<\/li>\r\n<li><strong>Caracteristici<\/strong> \/ characteristics:\r\n<ul>\r\n<li>diametrul maxim al materialului de prelucrat (la tocatoarele cu disc: 30 cm)<\/li>\r\n<li>carcasa robusta echipament silentios<\/li>\r\n<li>sisteme de siguranta active si pasive protectie la suprasarcina trapa jgheab de evacuare ajustabila<\/li>\r\n<li>propulsie hidraulica sincrona a valturilor de alimentare controlul sigurantei cu o maneta<\/li>\r\n<li>control hidraulic al alimentarii (inapoi-inainte-stop) control hidraulic al lungimii de taiere disc taietor cu 2 sau 3 cutite optiunea de dispozitiv de remaruntire orientarea jgheabului de evacuare 360 grade posibilitate de rotire a utilajului montat pe sasiu actionare: motor propriu (termic, electric), arbore cardanic (priza de putere)<\/li>\r\n<\/ul>\r\n<\/li>\r\n<li><strong>Avantaje<\/strong> \/ advantages:\r\n<ul>\r\n<li>materialul tocat\r\n<ul>\r\n<li>poate fi folosit ca si combustibil solid pentru centralele termice<\/li>\r\n<li>reintegrarea rapida in natura a materialului lemnos prin compostare<\/li>\r\n<li>folosirea ca si mulci scufundat in bait \u2192 ornamental<\/li>\r\n<li>reduce spatiul de depozitare sau transport al crengilor \u2192 masei lemnoase<\/li>\r\n<\/ul>\r\n<\/li>\r\n<li>\u00a0utilajul de tocat\r\n<ul>\r\n<li>siguranta in functionare<\/li>\r\n<li>contor al orelor de functionare<\/li>\r\n<li>robustete<\/li>\r\n<li>anduran\u021b\u0103<\/li>\r\n<\/ul>\r\n<\/li>\r\n<\/ul>\r\n<\/li>\r\n<\/ul>\r\n<p><strong>Categorii utilizatori <\/strong>\/ customer \u2013 user cathegories:<\/p>\r\n<ul>\r\n<li>Viticultura<\/li>\r\n<li>Legumicultura<\/li>\r\n<li>Pomicultura<\/li>\r\n<li>Societati prestari servicii spatii verzi, silvicultura<\/li>\r\n<li>Primarii<\/li>\r\n<li>Rezervatii naturale<\/li>\r\n<li>Exploatari forestiere<\/li>\r\n<li>Inchiriere utilaje<\/li>\r\n<li>Parcuri dendrologice<\/li>\r\n<li>Ocoale silvice private<\/li>\r\n<li>Romsilva<\/li>\r\n<li>Fabrici de cherestea<\/li>\r\n<li>Firme de salubritate<\/li>\r\n<li>Magazine mari<\/li>\r\n<li>Contractori<\/li>\r\n<\/ul>\r\n<p><strong>Notiuni, termeni cheie<\/strong> \/ key notions, terms: tocare, tocatura, cardan, motor termic, lemn de foc, crengi, lastari, curatenie, rumegus, lemn, disc, cutite, tocator de crengi, mulci, ornamental, compost<\/p>\n","protected":false},"excerpt":{"rendered":"<p>Toc\u0103tor profesional autopropulsat \/ \u0219enilat<br \/>\nEcartament variabil al trenului de rulare, pe \u0219enile<br \/>\nPlatform\u0103 pentru operator &#8211; pentru deplas\u0103ri<br \/>\nAgil \u0219i manevrabil<br \/>\nPerforman\u021b\u0103 maxim\u0103 \u00een loca\u021bii \u00eendep\u0103rtate<\/p>\n<h1 class=\"h2 main-info__title\">F\u00d6RST TR8<\/h1>\n<div class=\"main-info__spec-wrap\">\n<div class=\"spec-item\"><span class=\"spec-item__name\">Gura de alimentare: <\/span><span class=\"spec-item__value\">8&#8243; X 10&#8243;<\/span><\/div>\n<div class=\"spec-item\"><span class=\"spec-item__name\">Motor: <\/span><span class=\"spec-item__value\">45HP Turbo<\/span><\/div>\n<div class=\"spec-item\"><span class=\"spec-item__name\">Combustibil: <\/span><span class=\"spec-item__value\">Diesel<\/span><\/div>\n<div class=\"spec-item\"><span class=\"spec-item__name\">Greutate: <\/span><span class=\"spec-item__value\">1500kg<\/span><\/div>\n<\/div>\n<ul>\n<li>PRE\u021aURILE NU INCLUD TVA !<\/li>\n<\/ul>\n","protected":false},"featured_media":573,"comment_status":"open","ping_status":"closed","template":"","meta":{"_acf_changed":false,"_exactmetrics_skip_tracking":false,"_exactmetrics_sitenote_active":false,"_exactmetrics_sitenote_note":"","_exactmetrics_sitenote_category":0,"_monsterinsights_skip_tracking":false,"_monsterinsights_sitenote_active":false,"_monsterinsights_sitenote_note":"","_monsterinsights_sitenote_category":0,"neve_meta_sidebar":"","neve_meta_container":"","neve_meta_enable_content_width":"off","neve_meta_content_width":100,"neve_meta_title_alignment":"","neve_meta_author_avatar":"","neve_post_elements_order":"","neve_meta_disable_header":"","neve_meta_disable_footer":"","neve_meta_disable_title":"","jetpack_post_was_ever_published":false,"jetpack_publicize_message":"","jetpack_publicize_feature_enabled":true,"jetpack_social_post_already_shared":true,"jetpack_social_options":{"image_generator_settings":{"template":"highway","default_image_id":0,"font":"","enabled":false},"version":2}},"product_cat":[1022,996,1028,997,27,1061,1041,1005,101,1027,1066,1030],"product_tag":[97,93,96,95,94,92],"class_list":{"0":"post-572","1":"product","2":"type-product","3":"status-publish","4":"has-post-thumbnail","6":"product_cat-curatenie","7":"product_cat-gospodarie-gradinarit","8":"product_cat-lucrari-comunale-municipale","9":"product_cat-lucrari-de-peisagistica","10":"product_cat-masini-si-utilaje","11":"product_cat-recuperare-terenuri-post-exploatare","12":"product_cat-silvicultura-si-exploatari-forestiere","13":"product_cat-tocatoare-de-crengi-diam-4-40-cm","14":"product_cat-tocatoare-de-crengi-gospodarie-gradinarit","15":"product_cat-tocatoare-de-crengi","16":"product_cat-tocatoare-de-crengi-recuperare-terenuri-post-exploatare","17":"product_cat-tocatoare-de-crengi-lucrari-comunale-municipale","18":"product_tag-folosit","19":"product_tag-forst","20":"product_tag-rulate","21":"product_tag-second-hand","22":"product_tag-senile","23":"product_tag-tocator-de-crengi","24":"pa_actionare-sursa-de-putere-actionare-motor-propriu","25":"pa_adresare-utilizator-profesional","26":"pa_diametru-maxim-20-cm","27":"pa_inaltime-2370-mm","28":"pa_latime-variabila-1250-1500","29":"pa_lungime-3669-mm","30":"pa_masa-atr-1500-kg","31":"pa_producator-atr-forst-uk-used","32":"pa_putere-motor-putere-45-cp","33":"pa_sistem-de-tocare-disc-port-cutite-cu-ferestre-si-contracutit","34":"pa_sistem-rulare-senile-ecartament-variabil","35":"pa_stere-utilaj-echipament-sh","36":"pa_tip-motor-combustibil-diesel","37":"pa_tip-utilaj-atr-tocator-de-crengi-si-resturi-vegetale","38":"pa_tractiune-propulsie-tractiune-senile","40":"first","41":"onbackorder","42":"taxable","43":"shipping-taxable","44":"product-type-simple"},"acf":[],"aioseo_notices":[],"jetpack_publicize_connections":[],"jetpack-related-posts":[],"jetpack_likes_enabled":true,"jetpack_sharing_enabled":true,"_links":{"self":[{"href":"https:\/\/tehronmachines.ro\/pro\/wp-json\/wp\/v2\/product\/572","targetHints":{"allow":["GET"]}}],"collection":[{"href":"https:\/\/tehronmachines.ro\/pro\/wp-json\/wp\/v2\/product"}],"about":[{"href":"https:\/\/tehronmachines.ro\/pro\/wp-json\/wp\/v2\/types\/product"}],"replies":[{"embeddable":true,"href":"https:\/\/tehronmachines.ro\/pro\/wp-json\/wp\/v2\/comments?post=572"}],"wp:featuredmedia":[{"embeddable":true,"href":"https:\/\/tehronmachines.ro\/pro\/wp-json\/wp\/v2\/media\/573"}],"wp:attachment":[{"href":"https:\/\/tehronmachines.ro\/pro\/wp-json\/wp\/v2\/media?parent=572"}],"wp:term":[{"taxonomy":"product_cat","embeddable":true,"href":"https:\/\/tehronmachines.ro\/pro\/wp-json\/wp\/v2\/product_cat?post=572"},{"taxonomy":"product_tag","embeddable":true,"href":"https:\/\/tehronmachines.ro\/pro\/wp-json\/wp\/v2\/product_tag?post=572"}],"curies":[{"name":"wp","href":"https:\/\/api.w.org\/{rel}","templated":true}]}}