{"id":2939,"date":"2024-02-13T15:46:37","date_gmt":"2024-02-13T12:46:37","guid":{"rendered":"https:\/\/tehronmachines.ro\/pro\/?post_type=product&#038;p=2939"},"modified":"2024-11-20T12:16:52","modified_gmt":"2024-11-20T09:16:52","slug":"aerator-wiedenmann-terra-spike-greens-g6-160","status":"publish","type":"product","link":"https:\/\/tehronmachines.ro\/pro\/produs\/aerator-wiedenmann-terra-spike-greens-g6-160\/","title":{"rendered":"Aerator Wiedenmann Terra Spike Greens G6\/160"},"content":{"rendered":"<p>Aerator Wiedenmann Terra Spike Greens G6\/160<\/p>\n<p>Pentru aerarea \u00een profunzime \u0219i \u00eendep\u0103rtarea compact\u0103rilor p\u00e2n\u0103 la o ad\u00e2ncime de 30 cm.<\/p>\n<p>Greens TERRA SPIKE\u00ae este utilizat cu prec\u0103dere pe terenurile de golf \u0219i alte peluze fine. Acesta \u00eendepline\u0219te cele mai \u00eenalte cerin\u021be privind calitatea muncii \u0219i u\u0219urin\u021ba \u00een exploatare. \u00cempreun\u0103 cu multe alte caracteristici suplimentare de performan\u021b\u0103 excelente, ad\u00e2ncimea de lucru de p\u00e2n\u0103 la 30 cm \u00eel face un partener de \u00eencredere pentru \u00eengrijitorii de green-uri \u0219i \u00eengrijitorii de terenuri.<\/p>\n<p>Echipament op\u021bional: Din\u021bi solizi, din\u021bi \u00eencruci\u0219a\u021bi, din\u021bi de carotaj, suport pentru mai multe din\u021bi, suport pentru gazon, plac\u0103 de \u00eentindere a carotei, perii hidraulice cu role, greutate suplimentar\u0103.<\/p>\n<p>&nbsp;<\/p>\n<p><a href=\"https:\/\/i0.wp.com\/tehronmachines.ro\/pro\/wp-content\/uploads\/2024\/02\/image-31.png?ssl=1\"><img data-recalc-dims=\"1\" loading=\"lazy\" decoding=\"async\" class=\"wp-image-2940 alignnone \" src=\"https:\/\/i0.wp.com\/tehronmachines.ro\/pro\/wp-content\/uploads\/2024\/02\/image-31.png?resize=399%2C372&#038;ssl=1\" alt=\"\" width=\"399\" height=\"372\" srcset=\"https:\/\/i0.wp.com\/tehronmachines.ro\/pro\/wp-content\/uploads\/2024\/02\/image-31.png?w=788&amp;ssl=1 788w, https:\/\/i0.wp.com\/tehronmachines.ro\/pro\/wp-content\/uploads\/2024\/02\/image-31.png?resize=300%2C280&amp;ssl=1 300w, https:\/\/i0.wp.com\/tehronmachines.ro\/pro\/wp-content\/uploads\/2024\/02\/image-31.png?resize=768%2C716&amp;ssl=1 768w, https:\/\/i0.wp.com\/tehronmachines.ro\/pro\/wp-content\/uploads\/2024\/02\/image-31.png?resize=600%2C560&amp;ssl=1 600w\" sizes=\"auto, (max-width: 399px) 100vw, 399px\" \/><\/a><\/p>\n<p>&nbsp;<\/p>\n<h2><span style=\"color: #00ffff\">Compara\u021bie produse:<\/span><\/h2>\n<p><a href=\"https:\/\/i0.wp.com\/tehronmachines.ro\/pro\/wp-content\/uploads\/2024\/02\/image-32.png?ssl=1\"><img data-recalc-dims=\"1\" loading=\"lazy\" decoding=\"async\" class=\"wp-image-2941 alignnone \" src=\"https:\/\/i0.wp.com\/tehronmachines.ro\/pro\/wp-content\/uploads\/2024\/02\/image-32.png?resize=779%2C287&#038;ssl=1\" alt=\"\" width=\"779\" height=\"287\" srcset=\"https:\/\/i0.wp.com\/tehronmachines.ro\/pro\/wp-content\/uploads\/2024\/02\/image-32.png?w=1213&amp;ssl=1 1213w, https:\/\/i0.wp.com\/tehronmachines.ro\/pro\/wp-content\/uploads\/2024\/02\/image-32.png?resize=300%2C111&amp;ssl=1 300w, https:\/\/i0.wp.com\/tehronmachines.ro\/pro\/wp-content\/uploads\/2024\/02\/image-32.png?resize=1024%2C377&amp;ssl=1 1024w, https:\/\/i0.wp.com\/tehronmachines.ro\/pro\/wp-content\/uploads\/2024\/02\/image-32.png?resize=768%2C283&amp;ssl=1 768w, https:\/\/i0.wp.com\/tehronmachines.ro\/pro\/wp-content\/uploads\/2024\/02\/image-32.png?resize=600%2C221&amp;ssl=1 600w\" sizes=\"auto, (max-width: 779px) 100vw, 779px\" \/><\/a><\/p>\n<p>Imaginile sunt orientative!<\/p>\n<p>Pre\u021burile nu includ TVA!<\/p>\n","protected":false},"excerpt":{"rendered":"<p>Aerator Wiedenmann Terra Spike Greens G6\/160;<\/p>\n<p>Pentru aerarea \u00een profunzime \u0219i \u00eendep\u0103rtarea compact\u0103rilor p\u00e2n\u0103 la o ad\u00e2ncime de 30 cm;<\/p>\n","protected":false},"featured_media":2942,"comment_status":"open","ping_status":"closed","template":"","meta":{"_acf_changed":false,"_exactmetrics_skip_tracking":false,"_exactmetrics_sitenote_active":false,"_exactmetrics_sitenote_note":"","_exactmetrics_sitenote_category":0,"_monsterinsights_skip_tracking":false,"_monsterinsights_sitenote_active":false,"_monsterinsights_sitenote_note":"","_monsterinsights_sitenote_category":0,"neve_meta_sidebar":"","neve_meta_container":"","neve_meta_enable_content_width":"off","neve_meta_content_width":100,"neve_meta_title_alignment":"","neve_meta_author_avatar":"","neve_post_elements_order":"","neve_meta_disable_header":"","neve_meta_disable_footer":"","neve_meta_disable_title":"","jetpack_post_was_ever_published":false,"jetpack_publicize_message":"","jetpack_publicize_feature_enabled":true,"jetpack_social_post_already_shared":true,"jetpack_social_options":{"image_generator_settings":{"template":"highway","default_image_id":0,"font":"","enabled":false},"version":2}},"product_cat":[1073,1067,27],"product_tag":[853,289,290,335,958,754,842,211,957],"class_list":{"0":"post-2939","1":"product","2":"type-product","3":"status-publish","4":"has-post-thumbnail","6":"product_brand-wiedenmann-germania","7":"product_cat-aeratoare","8":"product_cat-gazon","9":"product_cat-masini-si-utilaje","10":"product_tag-aerator","11":"product_tag-lucrari-comunale","12":"product_tag-lucrari-municipale","13":"product_tag-pto","14":"product_tag-terra-spike-greens-g6-160","15":"product_tag-utilaj-nou","16":"product_tag-utilaje-noi","17":"product_tag-utilaje-profesionale","18":"product_tag-wiedenmann","20":"first","21":"onbackorder","22":"taxable","23":"shipping-taxable","24":"product-type-simple"},"acf":[],"aioseo_notices":[],"jetpack_publicize_connections":[],"jetpack-related-posts":[],"jetpack_likes_enabled":true,"jetpack_sharing_enabled":true,"_links":{"self":[{"href":"https:\/\/tehronmachines.ro\/pro\/wp-json\/wp\/v2\/product\/2939","targetHints":{"allow":["GET"]}}],"collection":[{"href":"https:\/\/tehronmachines.ro\/pro\/wp-json\/wp\/v2\/product"}],"about":[{"href":"https:\/\/tehronmachines.ro\/pro\/wp-json\/wp\/v2\/types\/product"}],"replies":[{"embeddable":true,"href":"https:\/\/tehronmachines.ro\/pro\/wp-json\/wp\/v2\/comments?post=2939"}],"wp:featuredmedia":[{"embeddable":true,"href":"https:\/\/tehronmachines.ro\/pro\/wp-json\/wp\/v2\/media\/2942"}],"wp:attachment":[{"href":"https:\/\/tehronmachines.ro\/pro\/wp-json\/wp\/v2\/media?parent=2939"}],"wp:term":[{"taxonomy":"product_cat","embeddable":true,"href":"https:\/\/tehronmachines.ro\/pro\/wp-json\/wp\/v2\/product_cat?post=2939"},{"taxonomy":"product_tag","embeddable":true,"href":"https:\/\/tehronmachines.ro\/pro\/wp-json\/wp\/v2\/product_tag?post=2939"}],"curies":[{"name":"wp","href":"https:\/\/api.w.org\/{rel}","templated":true}]}}