{"id":2925,"date":"2024-02-13T13:18:34","date_gmt":"2024-02-13T10:18:34","guid":{"rendered":"https:\/\/tehronmachines.ro\/pro\/?post_type=product&#038;p=2925"},"modified":"2024-11-04T23:57:18","modified_gmt":"2024-11-04T20:57:18","slug":"freza-rotativa-lipco-bf-pentru-tractoare-cu-2-roti","status":"publish","type":"product","link":"https:\/\/tehronmachines.ro\/pro\/produs\/freza-rotativa-lipco-bf-pentru-tractoare-cu-2-roti\/","title":{"rendered":"Frez\u0103 rotativ\u0103 Lipco BF, pentru tractoare cu 2 ro\u021bi"},"content":{"rendered":"<p>Frez\u0103 rotativ\u0103 Lipco BF, pentru tractoare cu 2 ro\u021bi;<\/p>\n<p>Cu ajutorul cultivatorului rotativ, bulg\u0103rii de p\u0103m\u00e2nt sunt u\u0219or de m\u0103run\u021bit. Solul va fi fin m\u0103cinat \u0219i af\u00e2nat. \u00cen c\u00e2teva minute, solul este gata pentru cultivare.<\/p>\n<p>Aceast\u0103 frez\u0103 rotativa de p\u0103m\u00e2nt este compatibil\u0103 doar cu tractoarele specifice cu 2 ro\u021bi;<\/p>\n<p>&nbsp;<\/p>\n<p><a href=\"https:\/\/i0.wp.com\/tehronmachines.ro\/pro\/wp-content\/uploads\/2024\/02\/image-24.png?ssl=1\"><img data-recalc-dims=\"1\" loading=\"lazy\" decoding=\"async\" class=\"wp-image-2926 alignnone \" src=\"https:\/\/i0.wp.com\/tehronmachines.ro\/pro\/wp-content\/uploads\/2024\/02\/image-24.png?resize=452%2C288&#038;ssl=1\" alt=\"\" width=\"452\" height=\"288\" srcset=\"https:\/\/i0.wp.com\/tehronmachines.ro\/pro\/wp-content\/uploads\/2024\/02\/image-24.png?w=851&amp;ssl=1 851w, https:\/\/i0.wp.com\/tehronmachines.ro\/pro\/wp-content\/uploads\/2024\/02\/image-24.png?resize=300%2C191&amp;ssl=1 300w, https:\/\/i0.wp.com\/tehronmachines.ro\/pro\/wp-content\/uploads\/2024\/02\/image-24.png?resize=768%2C489&amp;ssl=1 768w, https:\/\/i0.wp.com\/tehronmachines.ro\/pro\/wp-content\/uploads\/2024\/02\/image-24.png?resize=600%2C382&amp;ssl=1 600w\" sizes=\"auto, (max-width: 452px) 100vw, 452px\" \/><\/a><\/p>\n<p>Acest utilaj este disponibil in 2 l\u0103\u021bimi de lucru: BF 60 (60 cm l\u0103\u021bime) cu 16 lame de m\u0103run\u021bire sau BF 75 ( 75 cm l\u0103\u021bime) cu 20 lame de m\u0103run\u021bire;<\/p>\n<p><a href=\"https:\/\/i0.wp.com\/tehronmachines.ro\/pro\/wp-content\/uploads\/2024\/02\/image-25.png?ssl=1\"><img data-recalc-dims=\"1\" loading=\"lazy\" decoding=\"async\" class=\"wp-image-2928 alignnone \" src=\"https:\/\/i0.wp.com\/tehronmachines.ro\/pro\/wp-content\/uploads\/2024\/02\/image-25.png?resize=558%2C80&#038;ssl=1\" alt=\"\" width=\"558\" height=\"80\" srcset=\"https:\/\/i0.wp.com\/tehronmachines.ro\/pro\/wp-content\/uploads\/2024\/02\/image-25.png?w=631&amp;ssl=1 631w, https:\/\/i0.wp.com\/tehronmachines.ro\/pro\/wp-content\/uploads\/2024\/02\/image-25.png?resize=300%2C43&amp;ssl=1 300w, https:\/\/i0.wp.com\/tehronmachines.ro\/pro\/wp-content\/uploads\/2024\/02\/image-25.png?resize=600%2C86&amp;ssl=1 600w\" sizes=\"auto, (max-width: 558px) 100vw, 558px\" \/><\/a><\/p>\n<p>&nbsp;<\/p>\n<p>Imaginile sunt orientative!<\/p>\n<p>Pre\u021burile nu includ TVA!<\/p>\n","protected":false},"excerpt":{"rendered":"<p>Frez\u0103 rotativ\u0103 Lipco BF, pentru tractoare cu 2 ro\u021bi;<\/p>\n<p>Acest utilaj este disponibil in 2 l\u0103\u021bimi de lucru: BF 60 (60 cm l\u0103\u021bime) cu 16 lame de m\u0103run\u021bire sau BF 75 ( 75 cm l\u0103\u021bime) cu 20 lame de m\u0103run\u021bire;<\/p>\n","protected":false},"featured_media":2929,"comment_status":"open","ping_status":"closed","template":"","meta":{"_acf_changed":false,"_exactmetrics_skip_tracking":false,"_exactmetrics_sitenote_active":false,"_exactmetrics_sitenote_note":"","_exactmetrics_sitenote_category":0,"_monsterinsights_skip_tracking":false,"_monsterinsights_sitenote_active":false,"_monsterinsights_sitenote_note":"","_monsterinsights_sitenote_category":0,"neve_meta_sidebar":"","neve_meta_container":"","neve_meta_enable_content_width":"off","neve_meta_content_width":100,"neve_meta_title_alignment":"","neve_meta_author_avatar":"","neve_post_elements_order":"","neve_meta_disable_header":"","neve_meta_disable_footer":"","neve_meta_disable_title":"","jetpack_post_was_ever_published":false,"jetpack_publicize_message":"","jetpack_publicize_feature_enabled":true,"jetpack_social_post_already_shared":true,"jetpack_social_options":{"image_generator_settings":{"template":"highway","default_image_id":0,"font":"","enabled":false},"version":2}},"product_cat":[1031,1028,27],"product_tag":[763,905,289,290,335,754,842,211],"class_list":{"0":"post-2925","1":"product","2":"type-product","3":"status-publish","4":"has-post-thumbnail","6":"product_brand-lipco-germania","7":"product_cat-freze-de-pamant","8":"product_cat-lucrari-comunale-municipale","9":"product_cat-masini-si-utilaje","10":"product_tag-freza","11":"product_tag-freza-de-pamant","12":"product_tag-lucrari-comunale","13":"product_tag-lucrari-municipale","14":"product_tag-pto","15":"product_tag-utilaj-nou","16":"product_tag-utilaje-noi","17":"product_tag-utilaje-profesionale","19":"first","20":"onbackorder","21":"taxable","22":"shipping-taxable","23":"product-type-simple"},"acf":[],"aioseo_notices":[],"jetpack_publicize_connections":[],"jetpack-related-posts":[],"jetpack_likes_enabled":true,"jetpack_sharing_enabled":true,"_links":{"self":[{"href":"https:\/\/tehronmachines.ro\/pro\/wp-json\/wp\/v2\/product\/2925","targetHints":{"allow":["GET"]}}],"collection":[{"href":"https:\/\/tehronmachines.ro\/pro\/wp-json\/wp\/v2\/product"}],"about":[{"href":"https:\/\/tehronmachines.ro\/pro\/wp-json\/wp\/v2\/types\/product"}],"replies":[{"embeddable":true,"href":"https:\/\/tehronmachines.ro\/pro\/wp-json\/wp\/v2\/comments?post=2925"}],"wp:featuredmedia":[{"embeddable":true,"href":"https:\/\/tehronmachines.ro\/pro\/wp-json\/wp\/v2\/media\/2929"}],"wp:attachment":[{"href":"https:\/\/tehronmachines.ro\/pro\/wp-json\/wp\/v2\/media?parent=2925"}],"wp:term":[{"taxonomy":"product_cat","embeddable":true,"href":"https:\/\/tehronmachines.ro\/pro\/wp-json\/wp\/v2\/product_cat?post=2925"},{"taxonomy":"product_tag","embeddable":true,"href":"https:\/\/tehronmachines.ro\/pro\/wp-json\/wp\/v2\/product_tag?post=2925"}],"curies":[{"name":"wp","href":"https:\/\/api.w.org\/{rel}","templated":true}]}}