{"id":2868,"date":"2024-02-02T14:58:36","date_gmt":"2024-02-02T11:58:36","guid":{"rendered":"https:\/\/tehronmachines.ro\/pro\/?post_type=product&#038;p=2868"},"modified":"2024-11-20T11:54:46","modified_gmt":"2024-11-20T08:54:46","slug":"nivelator-posterior-selvatici-model-75-4","status":"publish","type":"product","link":"https:\/\/tehronmachines.ro\/pro\/produs\/nivelator-posterior-selvatici-model-75-4\/","title":{"rendered":"Nivelator posterior selvatici model 75.4"},"content":{"rendered":"<p>Nivelatoarele posterioare sunt, probabil, unul dintre cele mai populare unelte agricole, deoarece sunt folosite pentru: nivelarea drumurilor \u0219i a terenurilor, cur\u0103\u021barea z\u0103pezii, nivelarea cur\u021bilor, cur\u0103\u021barea grajdurilor \u0219i a \u0219an\u021burilor, etc.. De c\u00e2nd tractoarele au fost echipate cu elevatoare, compania Selvatici a \u00eenceput s\u0103 construiasc\u0103 raclete spate, care, de\u0219i sunt unelte simple, au fost dotate cu accesorii importante pentru o utilizare mai versatil\u0103.Doar la r\u0103zuitoarele spate Selvatici se g\u0103sesc articula\u021biile cu 30 de pozi\u021bii diferite \u00een partea din fa\u021b\u0103 (realizate pentru prima dat\u0103 \u00een 1969) \u0219i cu\u021bitele care pot fi folosite pe ambele p\u0103r\u021bi.<br \/>\nAccesoriile sunt disponibile pentru a efectua lucr\u0103ri de arat, asolament la distan\u021be reglabile, defri\u0219are, cur\u0103\u021bare \u0219i nivelare.<\/p>\n<p><a href=\"https:\/\/i0.wp.com\/tehronmachines.ro\/pro\/wp-content\/uploads\/2024\/02\/image.png?ssl=1\"><img data-recalc-dims=\"1\" loading=\"lazy\" decoding=\"async\" class=\"wp-image-2869 alignnone \" src=\"https:\/\/i0.wp.com\/tehronmachines.ro\/pro\/wp-content\/uploads\/2024\/02\/image.png?resize=310%2C225&#038;ssl=1\" alt=\"\" width=\"310\" height=\"225\" \/><\/a><\/p>\n<p>Nivelator<\/p>\n<p><a href=\"https:\/\/i0.wp.com\/tehronmachines.ro\/pro\/wp-content\/uploads\/2024\/02\/image-1.png?ssl=1\"><img data-recalc-dims=\"1\" loading=\"lazy\" decoding=\"async\" class=\"wp-image-2870 alignnone \" src=\"https:\/\/i0.wp.com\/tehronmachines.ro\/pro\/wp-content\/uploads\/2024\/02\/image-1.png?resize=642%2C152&#038;ssl=1\" alt=\"\" width=\"642\" height=\"152\" srcset=\"https:\/\/i0.wp.com\/tehronmachines.ro\/pro\/wp-content\/uploads\/2024\/02\/image-1.png?w=480&amp;ssl=1 480w, https:\/\/i0.wp.com\/tehronmachines.ro\/pro\/wp-content\/uploads\/2024\/02\/image-1.png?resize=300%2C71&amp;ssl=1 300w\" sizes=\"auto, (max-width: 642px) 100vw, 642px\" \/><\/a><\/p>\n<p><a href=\"https:\/\/i0.wp.com\/tehronmachines.ro\/pro\/wp-content\/uploads\/2024\/02\/image-2.png?ssl=1\"><img data-recalc-dims=\"1\" loading=\"lazy\" decoding=\"async\" class=\"wp-image-2871 alignnone size-medium\" src=\"https:\/\/i0.wp.com\/tehronmachines.ro\/pro\/wp-content\/uploads\/2024\/02\/image-2.png?resize=240%2C137&#038;ssl=1\" alt=\"\" width=\"240\" height=\"137\" \/><\/a><\/p>\n<p>&nbsp;<\/p>\n<p>ACCESORII<\/p>\n<p>Pereche de protec\u021bii laterale complete<br \/>\nRemorc\u0103 spate cu nivelare cu 4 ro\u021bi pneumatice 215\/75 x 15 \u0219i reglare hidraulic\u0103.<br \/>\nC\u00e2rm\u0103 pentru nivelare tractat\u0103 care se utilizeaz\u0103 cu remorca hidraulic\u0103<\/p>\n<p id=\"the-pasted-async\">NIVELATOR<\/p>\n<p>Extindere lateral\u0103 cu pliere manual\u0103 (cm 25 &#8211; cm 50)<br \/>\nPrindere in 3 puncte CAT. III<\/p>\n<p>&nbsp;<\/p>\n<p>Imaginile au caracter orientativ!<\/p>\n<p>&nbsp;<\/p>\n<p>Pre\u021burile nu includ TVA!<\/p>\n","protected":false},"excerpt":{"rendered":"<p>Nivelator posterior Selvatici model 75.4<\/p>\n<p>Raclete spate pentru exploatare sever\u0103 si tractoare puternice<\/p>\n<p>\u00cen\u0103l\u021bimea lamei: 75cm<\/p>\n<p>4 articula\u021bii<\/p>\n","protected":false},"featured_media":2872,"comment_status":"open","ping_status":"closed","template":"","meta":{"_acf_changed":false,"_exactmetrics_skip_tracking":false,"_exactmetrics_sitenote_active":false,"_exactmetrics_sitenote_note":"","_exactmetrics_sitenote_category":0,"_monsterinsights_skip_tracking":false,"_monsterinsights_sitenote_active":false,"_monsterinsights_sitenote_note":"","_monsterinsights_sitenote_category":0,"neve_meta_sidebar":"","neve_meta_container":"","neve_meta_enable_content_width":"off","neve_meta_content_width":100,"neve_meta_title_alignment":"","neve_meta_author_avatar":"","neve_post_elements_order":"","neve_meta_disable_header":"","neve_meta_disable_footer":"","neve_meta_disable_title":"","jetpack_post_was_ever_published":false,"jetpack_publicize_message":"","jetpack_publicize_feature_enabled":true,"jetpack_social_post_already_shared":true,"jetpack_social_options":{"image_generator_settings":{"template":"highway","default_image_id":0,"font":"","enabled":false},"version":2}},"product_cat":[1067,1068,27],"product_tag":[289,290,913,914,335,904,754,842,211],"class_list":{"0":"post-2868","1":"product","2":"type-product","3":"status-publish","4":"has-post-thumbnail","6":"product_brand-selvatici-italia-masini-agricole","7":"product_cat-gazon","8":"product_cat-lame-de-nivelare-cu-laser-gazon","9":"product_cat-masini-si-utilaje","10":"product_tag-lucrari-comunale","11":"product_tag-lucrari-municipale","12":"product_tag-nivelator","13":"product_tag-nivelator-posterior","14":"product_tag-pto","15":"product_tag-selvatici","16":"product_tag-utilaj-nou","17":"product_tag-utilaje-noi","18":"product_tag-utilaje-profesionale","20":"first","21":"onbackorder","22":"taxable","23":"shipping-taxable","24":"product-type-simple"},"acf":[],"aioseo_notices":[],"jetpack_publicize_connections":[],"jetpack-related-posts":[],"jetpack_likes_enabled":true,"jetpack_sharing_enabled":true,"_links":{"self":[{"href":"https:\/\/tehronmachines.ro\/pro\/wp-json\/wp\/v2\/product\/2868","targetHints":{"allow":["GET"]}}],"collection":[{"href":"https:\/\/tehronmachines.ro\/pro\/wp-json\/wp\/v2\/product"}],"about":[{"href":"https:\/\/tehronmachines.ro\/pro\/wp-json\/wp\/v2\/types\/product"}],"replies":[{"embeddable":true,"href":"https:\/\/tehronmachines.ro\/pro\/wp-json\/wp\/v2\/comments?post=2868"}],"wp:featuredmedia":[{"embeddable":true,"href":"https:\/\/tehronmachines.ro\/pro\/wp-json\/wp\/v2\/media\/2872"}],"wp:attachment":[{"href":"https:\/\/tehronmachines.ro\/pro\/wp-json\/wp\/v2\/media?parent=2868"}],"wp:term":[{"taxonomy":"product_cat","embeddable":true,"href":"https:\/\/tehronmachines.ro\/pro\/wp-json\/wp\/v2\/product_cat?post=2868"},{"taxonomy":"product_tag","embeddable":true,"href":"https:\/\/tehronmachines.ro\/pro\/wp-json\/wp\/v2\/product_tag?post=2868"}],"curies":[{"name":"wp","href":"https:\/\/api.w.org\/{rel}","templated":true}]}}