{"id":2818,"date":"2023-12-22T18:25:20","date_gmt":"2023-12-22T15:25:20","guid":{"rendered":"https:\/\/tehronmachines.ro\/pro\/?post_type=product&#038;p=2818"},"modified":"2024-11-20T11:55:31","modified_gmt":"2024-11-20T08:55:31","slug":"masina-de-sapat-gropi-selvatici-snodata-80-3","status":"publish","type":"product","link":"https:\/\/tehronmachines.ro\/pro\/produs\/masina-de-sapat-gropi-selvatici-snodata-80-3\/","title":{"rendered":"Ma\u0219in\u0103 de s\u0103pat gropi Selvatici Snodata 80\/3"},"content":{"rendered":"<h2><span style=\"color: #ff0000\">Ma\u0219in\u0103 de s\u0103pat gropi Snodata Serie 80\/3 model T41<\/span><\/h2>\n<h3>Standard:<\/h3>\n<div style=\"margin: 0px;padding: 0px;border: 0px;vertical-align: baseline;font-size: 14px;color: #000000 !important;font-family: 'Share Tech Mono';font-style: normal;font-weight: 400;letter-spacing: normal;text-align: left;text-indent: 0px;text-transform: none\">\n<ul style=\"margin: 0px 0px 1em 1.5em;padding: 0px;border: 0px;vertical-align: baseline;font-size: 14px\">\n<li style=\"margin: 0px 0px 0px 0.85em;padding: 0px;border: 0px;vertical-align: baseline;font-size: 14px\">\n<h3>Cutie de vitezi in baie de ulei;<\/h3>\n<\/li>\n<li style=\"margin: 0px 0px 0px 0.85em;padding: 0px;border: 0px;vertical-align: baseline;font-size: 14px\">\n<h3>Arbore cardanic protejat;<\/h3>\n<\/li>\n<li style=\"margin: 0px 0px 0px 0.85em;padding: 0px;border: 0px;vertical-align: baseline;font-size: 14px\">\n<h3>Fixare in 3 puncte;<\/h3>\n<\/li>\n<li style=\"margin: 0px 0px 0px 0.85em;padding: 0px;border: 0px;vertical-align: baseline;font-size: 14px\">\n<h3>\u0218asiu reglabil pentru orice tractor pe ro\u021bi sau pe \u0219enile;<\/h3>\n<\/li>\n<li style=\"margin: 0px 0px 0px 0.85em;padding: 0px;border: 0px;vertical-align: baseline;font-size: 14px\">\n<h3>Control mecanic al perppendicularit\u0103\u021bii;<\/h3>\n<\/li>\n<li style=\"margin: 0px 0px 0px 0.85em;padding: 0px;border: 0px;vertical-align: baseline;font-size: 14px\">\n<h3>\u00cenregistrarea cvadrilateral\u0103 a \u00eenclina\u021biilor;<\/h3>\n<\/li>\n<li style=\"margin: 0px 0px 0px 0.85em;padding: 0px;border: 0px;vertical-align: baseline;font-size: 14px\">\n<h3>Picioare de sus\u021binere;<\/h3>\n<\/li>\n<\/ul>\n<\/div>\n<h2><span style=\"color: #ff0000\">Caracteristici tehnice ale modelelor Snodata:<\/span><\/h2>\n<p><a href=\"https:\/\/i0.wp.com\/tehronmachines.ro\/pro\/wp-content\/uploads\/2023\/12\/image-6.png?ssl=1\"><img data-recalc-dims=\"1\" loading=\"lazy\" decoding=\"async\" class=\"wp-image-2819 alignnone \" src=\"https:\/\/i0.wp.com\/tehronmachines.ro\/pro\/wp-content\/uploads\/2023\/12\/image-6.png?resize=926%2C142&#038;ssl=1\" alt=\"\" width=\"926\" height=\"142\" srcset=\"https:\/\/i0.wp.com\/tehronmachines.ro\/pro\/wp-content\/uploads\/2023\/12\/image-6.png?w=775&amp;ssl=1 775w, https:\/\/i0.wp.com\/tehronmachines.ro\/pro\/wp-content\/uploads\/2023\/12\/image-6.png?resize=300%2C46&amp;ssl=1 300w, https:\/\/i0.wp.com\/tehronmachines.ro\/pro\/wp-content\/uploads\/2023\/12\/image-6.png?resize=768%2C119&amp;ssl=1 768w, https:\/\/i0.wp.com\/tehronmachines.ro\/pro\/wp-content\/uploads\/2023\/12\/image-6.png?resize=600%2C93&amp;ssl=1 600w\" sizes=\"auto, (max-width: 926px) 100vw, 926px\" \/><\/a><\/p>\n<p>&nbsp;<\/p>\n<h3><span style=\"color: #ff0000\">Op\u021bionale:<\/span><\/h3>\n<ul>\n<li>\n<h4>Cuplaj flexibil ambreiaj;<\/h4>\n<\/li>\n<li>\n<h4>Transmisie cu articula\u021bie cu vitez\u0103 constant\u0103;<\/h4>\n<\/li>\n<li>\n<h4>Cabluri de siguran\u021b\u0103;<\/h4>\n<\/li>\n<li>\n<h4>Reglare hidraulic\u0103 a mi\u0219c\u0103rilor laterale;<\/h4>\n<\/li>\n<\/ul>\n<p>&nbsp;<\/p>\n<p>&nbsp;<\/p>\n<p>Imaginile au caracter orientativ!<\/p>\n<p>&nbsp;<\/p>\n<p>Pre\u021burile nu includ TVA!<\/p>\n<p>&nbsp;<\/p>\n","protected":false},"excerpt":{"rendered":"<p style=\"margin: 0px 0px 30px;padding: 0px;color: #272626;font-family: Arial, Helvetica, sans-serif, Arial, Helvetica, sans-serif;font-size: 16px;font-style: normal;font-weight: 400;letter-spacing: normal;text-align: start;text-indent: 0px;text-transform: none;background-color: #ffffff\">Ma\u0219in\u0103 de s\u0103pat gropi Selvatici Snodata 80\/\/3<\/p>\n<p style=\"margin: 0px 0px 30px;padding: 0px;color: #272626;font-family: Arial, Helvetica, sans-serif, Arial, Helvetica, sans-serif;font-size: 16px;font-style: normal;font-weight: 400;letter-spacing: normal;text-align: start;text-indent: 0px;text-transform: none;background-color: #ffffff\">Ma\u0219in\u0103 de s\u0103pat gropi Selvatici Snodata 80\/3, cu ad\u00e2ncime maxim\u0103 de 130 cm<\/p>\n","protected":false},"featured_media":2821,"comment_status":"open","ping_status":"closed","template":"","meta":{"_acf_changed":false,"_exactmetrics_skip_tracking":false,"_exactmetrics_sitenote_active":false,"_exactmetrics_sitenote_note":"","_exactmetrics_sitenote_category":0,"_monsterinsights_skip_tracking":false,"_monsterinsights_sitenote_active":false,"_monsterinsights_sitenote_note":"","_monsterinsights_sitenote_category":0,"neve_meta_sidebar":"","neve_meta_container":"","neve_meta_enable_content_width":"off","neve_meta_content_width":100,"neve_meta_title_alignment":"","neve_meta_author_avatar":"","neve_post_elements_order":"","neve_meta_disable_header":"","neve_meta_disable_footer":"","neve_meta_disable_title":"","jetpack_publicize_message":"","jetpack_publicize_feature_enabled":true,"jetpack_social_post_already_shared":true,"jetpack_social_options":{"image_generator_settings":{"template":"highway","default_image_id":0,"font":"","enabled":false},"version":2}},"product_cat":[1035,1028,27],"product_tag":[908,909,910,289,290,911,335,904,754,842,211],"class_list":{"0":"post-2818","1":"product","2":"type-product","3":"status-publish","4":"has-post-thumbnail","6":"product_brand-selvatici-italia-masini-agricole","7":"product_cat-burghie-foreze-de-pamant","8":"product_cat-lucrari-comunale-municipale","9":"product_cat-masini-si-utilaje","10":"product_tag-burghiu","11":"product_tag-gauri","12":"product_tag-gauri-pentru-stalpi","13":"product_tag-lucrari-comunale","14":"product_tag-lucrari-municipale","15":"product_tag-masina-de-facut-gropi","16":"product_tag-pto","17":"product_tag-selvatici","18":"product_tag-utilaj-nou","19":"product_tag-utilaje-noi","20":"product_tag-utilaje-profesionale","22":"first","23":"onbackorder","24":"taxable","25":"shipping-taxable","26":"product-type-simple"},"acf":[],"aioseo_notices":[],"jetpack_publicize_connections":[],"jetpack-related-posts":[],"jetpack_likes_enabled":true,"jetpack_sharing_enabled":true,"_links":{"self":[{"href":"https:\/\/tehronmachines.ro\/pro\/wp-json\/wp\/v2\/product\/2818","targetHints":{"allow":["GET"]}}],"collection":[{"href":"https:\/\/tehronmachines.ro\/pro\/wp-json\/wp\/v2\/product"}],"about":[{"href":"https:\/\/tehronmachines.ro\/pro\/wp-json\/wp\/v2\/types\/product"}],"replies":[{"embeddable":true,"href":"https:\/\/tehronmachines.ro\/pro\/wp-json\/wp\/v2\/comments?post=2818"}],"wp:featuredmedia":[{"embeddable":true,"href":"https:\/\/tehronmachines.ro\/pro\/wp-json\/wp\/v2\/media\/2821"}],"wp:attachment":[{"href":"https:\/\/tehronmachines.ro\/pro\/wp-json\/wp\/v2\/media?parent=2818"}],"wp:term":[{"taxonomy":"product_cat","embeddable":true,"href":"https:\/\/tehronmachines.ro\/pro\/wp-json\/wp\/v2\/product_cat?post=2818"},{"taxonomy":"product_tag","embeddable":true,"href":"https:\/\/tehronmachines.ro\/pro\/wp-json\/wp\/v2\/product_tag?post=2818"}],"curies":[{"name":"wp","href":"https:\/\/api.w.org\/{rel}","templated":true}]}}