{"id":2813,"date":"2023-12-21T21:53:52","date_gmt":"2023-12-21T18:53:52","guid":{"rendered":"https:\/\/tehronmachines.ro\/pro\/?post_type=product&#038;p=2813"},"modified":"2024-11-20T11:57:53","modified_gmt":"2024-11-20T08:57:53","slug":"masina-de-format-straturi-selvatici-bed-former-18-75","status":"publish","type":"product","link":"https:\/\/tehronmachines.ro\/pro\/produs\/masina-de-format-straturi-selvatici-bed-former-18-75\/","title":{"rendered":"Ma\u0219in\u0103 de format straturi Selvatici Bed Former 18.75"},"content":{"rendered":"<h2><span style=\"color: #ff0000\">STANDARD:<\/span><\/h2>\n<ul>\n<li>Gril\u0103 de separare<\/li>\n<li>Capot\u0103 nivelatoare spate<\/li>\n<li>Transmisie lateral\u0103 pe lan\u021b ( +20 cm largime)<\/li>\n<li>Arbrore cardanic cu ambreiaj de siguran\u021b\u0103<\/li>\n<li>Ad\u00e2nicme de lucru reglabil\u0103 manual cu \u0219uruburi<\/li>\n<li>Glisiere laterale reglabile<\/li>\n<li>Preche de discuri fa\u021b\u0103 reglabile<\/li>\n<li>Ro\u021bi de stabilizare<\/li>\n<li>Pereche de cofraje<\/li>\n<li>Rulmen\u021bi compactori \u00d8323mm<\/li>\n<\/ul>\n<h2><span style=\"color: #ff0000\">CARACTERISTICI TEHNICE:<\/span><\/h2>\n<p><a href=\"https:\/\/i0.wp.com\/tehronmachines.ro\/pro\/wp-content\/uploads\/2023\/12\/image-5.png?ssl=1\"><img data-recalc-dims=\"1\" loading=\"lazy\" decoding=\"async\" class=\"wp-image-2814 alignnone \" src=\"https:\/\/i0.wp.com\/tehronmachines.ro\/pro\/wp-content\/uploads\/2023\/12\/image-5.png?resize=707%2C145&#038;ssl=1\" alt=\"\" width=\"707\" height=\"145\" srcset=\"https:\/\/i0.wp.com\/tehronmachines.ro\/pro\/wp-content\/uploads\/2023\/12\/image-5.png?w=729&amp;ssl=1 729w, https:\/\/i0.wp.com\/tehronmachines.ro\/pro\/wp-content\/uploads\/2023\/12\/image-5.png?resize=300%2C62&amp;ssl=1 300w, https:\/\/i0.wp.com\/tehronmachines.ro\/pro\/wp-content\/uploads\/2023\/12\/image-5.png?resize=600%2C123&amp;ssl=1 600w\" sizes=\"auto, (max-width: 707px) 100vw, 707px\" \/><\/a><\/p>\n<p>&nbsp;<\/p>\n<h2><span style=\"color: #ff0000\">OP\u021aIONALE<\/span><br \/>\n<span style=\"color: #ff0000\">ACCESORII DISPONIBILE LA CERERE:<\/span><\/h2>\n<ul>\n<li>Rol\u0103 de nivelare motorizat;<\/li>\n<li>3 puncte de prindere duble ;<\/li>\n<li>Sistem hidraulic pentru reglarea ad\u00e2ncimii de lucru;<\/li>\n<li>Kit de conectare a sem\u0103n\u0103torii spate;<\/li>\n<li>Kit de prindere in 3 puncte spate;<\/li>\n<li>Kit bunc\u0103r pentru \u00eempr\u0103\u0219tierea \u00eengr\u0103\u0219\u0103mintelor de 150 kg, cu comand\u0103 electronic\u0103 sau hidraulic\u0103;<\/li>\n<\/ul>\n<p>&nbsp;<\/p>\n<p>Imaginile au caracter orientativ!<\/p>\n<p>&nbsp;<\/p>\n<p>Pre\u021burile nu includ TVA!<\/p>\n<p>&nbsp;<\/p>\n<p>&nbsp;<\/p>\n","protected":false},"excerpt":{"rendered":"<p style=\"margin: 0px 0px 30px;padding: 0px;color: #272626;font-family: Arial, Helvetica, sans-serif, Arial, Helvetica, sans-serif;font-size: 16px;font-style: normal;font-weight: 400;letter-spacing: normal;text-align: start;text-indent: 0px;text-transform: none;background-color: #ffffff\">Ma\u0219in\u0103 de format straturi Selvatici Bed-Former 18.75<\/p>\n<p style=\"margin: 0px 0px 30px;padding: 0px;color: #272626;font-family: Arial, Helvetica, sans-serif, Arial, Helvetica, sans-serif;font-size: 16px;font-style: normal;font-weight: 400;letter-spacing: normal;text-align: start;text-indent: 0px;text-transform: none;background-color: #ffffff\">Ma\u0219in\u0103 de format straturi Selvatici Bed-Former 18.75, pentru suprafe\u021be mici si medii.<\/p>\n","protected":false},"featured_media":2815,"comment_status":"open","ping_status":"closed","template":"","meta":{"_acf_changed":false,"_exactmetrics_skip_tracking":false,"_exactmetrics_sitenote_active":false,"_exactmetrics_sitenote_note":"","_exactmetrics_sitenote_category":0,"_monsterinsights_skip_tracking":false,"_monsterinsights_sitenote_active":false,"_monsterinsights_sitenote_note":"","_monsterinsights_sitenote_category":0,"neve_meta_sidebar":"","neve_meta_container":"","neve_meta_enable_content_width":"off","neve_meta_content_width":100,"neve_meta_title_alignment":"","neve_meta_author_avatar":"","neve_post_elements_order":"","neve_meta_disable_header":"","neve_meta_disable_footer":"","neve_meta_disable_title":"","jetpack_post_was_ever_published":false,"jetpack_publicize_message":"","jetpack_publicize_feature_enabled":true,"jetpack_social_post_already_shared":true,"jetpack_social_options":{"image_generator_settings":{"template":"highway","default_image_id":0,"font":"","enabled":false},"version":2}},"product_cat":[1028,1047,27,1042,1041],"product_tag":[289,290,907,335,904,906,754,842,211],"class_list":{"0":"post-2813","1":"product","2":"type-product","3":"status-publish","4":"has-post-thumbnail","6":"product_brand-selvatici-italia-masini-agricole","7":"product_cat-lucrari-comunale-municipale","8":"product_cat-masini-de-facut-straturi","9":"product_cat-masini-si-utilaje","10":"product_cat-pepiniere","11":"product_cat-silvicultura-si-exploatari-forestiere","12":"product_tag-lucrari-comunale","13":"product_tag-lucrari-municipale","14":"product_tag-masina-de-format-straturi","15":"product_tag-pto","16":"product_tag-selvatici","17":"product_tag-straturi","18":"product_tag-utilaj-nou","19":"product_tag-utilaje-noi","20":"product_tag-utilaje-profesionale","22":"first","23":"onbackorder","24":"taxable","25":"shipping-taxable","26":"product-type-simple"},"acf":[],"aioseo_notices":[],"jetpack_publicize_connections":[],"jetpack-related-posts":[],"jetpack_likes_enabled":true,"jetpack_sharing_enabled":true,"_links":{"self":[{"href":"https:\/\/tehronmachines.ro\/pro\/wp-json\/wp\/v2\/product\/2813","targetHints":{"allow":["GET"]}}],"collection":[{"href":"https:\/\/tehronmachines.ro\/pro\/wp-json\/wp\/v2\/product"}],"about":[{"href":"https:\/\/tehronmachines.ro\/pro\/wp-json\/wp\/v2\/types\/product"}],"replies":[{"embeddable":true,"href":"https:\/\/tehronmachines.ro\/pro\/wp-json\/wp\/v2\/comments?post=2813"}],"wp:featuredmedia":[{"embeddable":true,"href":"https:\/\/tehronmachines.ro\/pro\/wp-json\/wp\/v2\/media\/2815"}],"wp:attachment":[{"href":"https:\/\/tehronmachines.ro\/pro\/wp-json\/wp\/v2\/media?parent=2813"}],"wp:term":[{"taxonomy":"product_cat","embeddable":true,"href":"https:\/\/tehronmachines.ro\/pro\/wp-json\/wp\/v2\/product_cat?post=2813"},{"taxonomy":"product_tag","embeddable":true,"href":"https:\/\/tehronmachines.ro\/pro\/wp-json\/wp\/v2\/product_tag?post=2813"}],"curies":[{"name":"wp","href":"https:\/\/api.w.org\/{rel}","templated":true}]}}