{"id":2804,"date":"2023-12-20T17:13:32","date_gmt":"2023-12-20T14:13:32","guid":{"rendered":"https:\/\/tehronmachines.ro\/pro\/?post_type=product&#038;p=2804"},"modified":"2024-11-20T12:01:07","modified_gmt":"2024-11-20T09:01:07","slug":"freza-rotativa-selvatici-serie-27-se","status":"publish","type":"product","link":"https:\/\/tehronmachines.ro\/pro\/produs\/freza-rotativa-selvatici-serie-27-se\/","title":{"rendered":"Frez\u0103 rotativ\u0103 Selvatici Serie 27 SE"},"content":{"rendered":"<h3><span style=\"color: #ff0000\">ECHIPAMENT STANDARD<\/span><\/h3>\n<ul>\n<li>Transmisie direct\u0103<\/li>\n<li>Arbore cardanic cu limitator automat de cuplu<\/li>\n<li>Sistem de schimbare rapid\u0103 a plugului<\/li>\n<li>Picioare de sus\u021binere<\/li>\n<li>Capot\u0103 cu pere\u021bi laterali de protec\u021bie pentru prevenirea accidentelor si pentru re\u021binerea solului<\/li>\n<li>Nivelator<\/li>\n<\/ul>\n<h3><span style=\"color: #ff0000\">OP\u021aIONALE<\/span><\/h3>\n<ul>\n<li>Cilindru rotativ spate pentru o mai bun\u0103 finisare \u0219i compactare a solului (x mod. 120 &#8211; 150 &#8211; 180)<\/li>\n<li>Cilindru rotativ spate pentru o mai bun\u0103 finisare \u0219i compactare a solului (x mod. 210 &#8211; 250)<\/li>\n<\/ul>\n<p>&nbsp;<\/p>\n<h3><span style=\"color: #ff0000\">Compara\u021bie modele:<\/span><\/h3>\n<p><a href=\"https:\/\/i0.wp.com\/tehronmachines.ro\/pro\/wp-content\/uploads\/2023\/12\/image-3.png?ssl=1\"><img data-recalc-dims=\"1\" loading=\"lazy\" decoding=\"async\" class=\"wp-image-2805 alignnone \" src=\"https:\/\/i0.wp.com\/tehronmachines.ro\/pro\/wp-content\/uploads\/2023\/12\/image-3.png?resize=891%2C413&#038;ssl=1\" alt=\"\" width=\"891\" height=\"413\" srcset=\"https:\/\/i0.wp.com\/tehronmachines.ro\/pro\/wp-content\/uploads\/2023\/12\/image-3.png?w=935&amp;ssl=1 935w, https:\/\/i0.wp.com\/tehronmachines.ro\/pro\/wp-content\/uploads\/2023\/12\/image-3.png?resize=300%2C139&amp;ssl=1 300w, https:\/\/i0.wp.com\/tehronmachines.ro\/pro\/wp-content\/uploads\/2023\/12\/image-3.png?resize=768%2C356&amp;ssl=1 768w, https:\/\/i0.wp.com\/tehronmachines.ro\/pro\/wp-content\/uploads\/2023\/12\/image-3.png?resize=600%2C278&amp;ssl=1 600w\" sizes=\"auto, (max-width: 891px) 100vw, 891px\" \/><\/a><\/p>\n<p>Imaginile au caracter orientativ!<\/p>\n<p>&nbsp;<\/p>\n<p>Pre\u021burile nu includ TVA!<\/p>\n<p>&nbsp;<\/p>\n","protected":false},"excerpt":{"rendered":"<p>Frez\u0103 rotativ\u0103 Selvatici Serie 27 SE<\/p>\n<p>Frez\u0103 rotativ\u0103 de p\u0103m\u00e2nt Selvatici Serie 27 SE, pentru suprafe\u021be mici si medii.<\/p>\n","protected":false},"featured_media":2806,"comment_status":"open","ping_status":"closed","template":"","meta":{"_acf_changed":false,"_exactmetrics_skip_tracking":false,"_exactmetrics_sitenote_active":false,"_exactmetrics_sitenote_note":"","_exactmetrics_sitenote_category":0,"_monsterinsights_skip_tracking":false,"_monsterinsights_sitenote_active":false,"_monsterinsights_sitenote_note":"","_monsterinsights_sitenote_category":0,"neve_meta_sidebar":"","neve_meta_container":"","neve_meta_enable_content_width":"off","neve_meta_content_width":100,"neve_meta_title_alignment":"","neve_meta_author_avatar":"","neve_post_elements_order":"","neve_meta_disable_header":"","neve_meta_disable_footer":"","neve_meta_disable_title":"","jetpack_post_was_ever_published":false,"jetpack_publicize_message":"","jetpack_publicize_feature_enabled":true,"jetpack_social_post_already_shared":true,"jetpack_social_options":{"image_generator_settings":{"template":"highway","default_image_id":0,"font":"","enabled":false},"version":2}},"product_cat":[1031,1028,27],"product_tag":[763,905,289,290,335,904,754,842,211],"class_list":{"0":"post-2804","1":"product","2":"type-product","3":"status-publish","4":"has-post-thumbnail","6":"product_brand-selvatici-italia-masini-agricole","7":"product_cat-freze-de-pamant","8":"product_cat-lucrari-comunale-municipale","9":"product_cat-masini-si-utilaje","10":"product_tag-freza","11":"product_tag-freza-de-pamant","12":"product_tag-lucrari-comunale","13":"product_tag-lucrari-municipale","14":"product_tag-pto","15":"product_tag-selvatici","16":"product_tag-utilaj-nou","17":"product_tag-utilaje-noi","18":"product_tag-utilaje-profesionale","20":"first","21":"onbackorder","22":"taxable","23":"shipping-taxable","24":"product-type-simple"},"acf":[],"aioseo_notices":[],"jetpack_publicize_connections":[],"jetpack-related-posts":[],"jetpack_likes_enabled":true,"jetpack_sharing_enabled":true,"_links":{"self":[{"href":"https:\/\/tehronmachines.ro\/pro\/wp-json\/wp\/v2\/product\/2804","targetHints":{"allow":["GET"]}}],"collection":[{"href":"https:\/\/tehronmachines.ro\/pro\/wp-json\/wp\/v2\/product"}],"about":[{"href":"https:\/\/tehronmachines.ro\/pro\/wp-json\/wp\/v2\/types\/product"}],"replies":[{"embeddable":true,"href":"https:\/\/tehronmachines.ro\/pro\/wp-json\/wp\/v2\/comments?post=2804"}],"wp:featuredmedia":[{"embeddable":true,"href":"https:\/\/tehronmachines.ro\/pro\/wp-json\/wp\/v2\/media\/2806"}],"wp:attachment":[{"href":"https:\/\/tehronmachines.ro\/pro\/wp-json\/wp\/v2\/media?parent=2804"}],"wp:term":[{"taxonomy":"product_cat","embeddable":true,"href":"https:\/\/tehronmachines.ro\/pro\/wp-json\/wp\/v2\/product_cat?post=2804"},{"taxonomy":"product_tag","embeddable":true,"href":"https:\/\/tehronmachines.ro\/pro\/wp-json\/wp\/v2\/product_tag?post=2804"}],"curies":[{"name":"wp","href":"https:\/\/api.w.org\/{rel}","templated":true}]}}