{"id":2774,"date":"2023-12-07T23:55:23","date_gmt":"2023-12-07T20:55:23","guid":{"rendered":"https:\/\/tehronmachines.ro\/pro\/?post_type=product&#038;p=2774"},"modified":"2024-11-13T12:19:30","modified_gmt":"2024-11-13T09:19:30","slug":"tocator-de-crengi-si-resturi-vegetale-rotomec-bm6-2hr","status":"publish","type":"product","link":"https:\/\/tehronmachines.ro\/pro\/produs\/tocator-de-crengi-si-resturi-vegetale-rotomec-bm6-2hr\/","title":{"rendered":"Toc\u0103tor de crengi \u0219i resturi vegetale Rotomec BM6-2HR"},"content":{"rendered":"<ul>\n<li>BM6-2HR este un toc\u0103tor de a\u0219chii conceput pentru tocarea lemnului cu un diametru de p\u00e2n\u0103 la 16 cm. Gura toc\u0103torului, echipat\u0103 cu o oprire de siguran\u021b\u0103 a aliment\u0103rii, are dou\u0103 role de alimentare cu vitez\u0103 reglabil\u0103 \u0219i motoare hidraulice independente.<\/li>\n<li>Cele dou\u0103 role alimenteaz\u0103 un tambur echilibrat electronic cu un diametru de 585 mm care, datorit\u0103 transmisiei cu \u0219ase curele, se rote\u0219te la o vitez\u0103 de 1500 rpm. Pe rotor sunt montate dou\u0103 lame de t\u0103iere care, \u00eempreun\u0103 cu nicovala, m\u0103run\u021besc lemnul \u00een buc\u0103\u021bi mici \u0219i uniforme, ideale pentru sistemele de \u00eenc\u0103lzire sau pentru mulciul utilizat pe straturile de plante.<\/li>\n<li>Un ventilator coaxial cu diametrul de 660 mm \u0219i o \u021beav\u0103 de suflare reglabil\u0103 la 360\u00b0 permit evacuarea materialului m\u0103run\u021bit \u00een direc\u021bia dorit\u0103.<\/li>\n<\/ul>\n<h2>Standard:<\/h2>\n<ul>\n<li>Ata\u0219are \u00een trei puncte reversibil\u0103 pentru aplica\u021bii frontale sau posterioare<\/li>\n<li>Dou\u0103 role de alimentare cu vitez\u0103 reglabil\u0103<\/li>\n<li>Pozi\u021bie dubl\u0103 de montare a rolelor din spate, \u00een interiorul sau \u00een afara camerei de t\u0103iere<\/li>\n<li>Motoare hidraulice independente<\/li>\n<li>Deplasare lateral\u0103 manual\u0103 sau hidraulic\u0103 de p\u00e2n\u0103 la 40 cm<\/li>\n<li>Capacitate de a\u0219chiere regulat\u0103 \u0219i sub\u021bire<\/li>\n<li>Schimbare lateral\u0103 manual\u0103 sau hidraulic\u0103 p\u00e2n\u0103 la 40 cm<\/li>\n<li>Colector de a\u0219chiere pliabil 600\u00d7540 mm<\/li>\n<li>Posibilitate de alegere \u00eentre lame cu t\u0103iere fin\u0103, lame de decapare, lame \u00een &#8222;Y&#8221; inversat, lame cu palete sau lame de tip ciocan<\/li>\n<li>Extensie reglabil\u0103 la 360\u00b0 a \u021bevii de suflare<\/li>\n<\/ul>\n<p>&nbsp;<\/p>\n<p>Imaginile au caracter orientativ!<\/p>\n<p>&nbsp;<\/p>\n<p>Pre\u021burile nu includ TVA!<\/p>\n","protected":false},"excerpt":{"rendered":"<p>Toc\u0103tor de crengi \u0219i resturi vegetale Rotomec BM6-2HR<\/p>\n<p>Toc\u0103tor de crengi \u0219i resturi vegetale Rotomec model BM6-2HR, diametru maxim de t\u0103iere 160mm<\/p>\n","protected":false},"featured_media":2775,"comment_status":"open","ping_status":"closed","template":"","meta":{"_acf_changed":false,"_exactmetrics_skip_tracking":false,"_exactmetrics_sitenote_active":false,"_exactmetrics_sitenote_note":"","_exactmetrics_sitenote_category":0,"_monsterinsights_skip_tracking":false,"_monsterinsights_sitenote_active":false,"_monsterinsights_sitenote_note":"","_monsterinsights_sitenote_category":0,"neve_meta_sidebar":"","neve_meta_container":"","neve_meta_enable_content_width":"off","neve_meta_content_width":100,"neve_meta_title_alignment":"","neve_meta_author_avatar":"","neve_post_elements_order":"","neve_meta_disable_header":"","neve_meta_disable_footer":"","neve_meta_disable_title":"","jetpack_post_was_ever_published":false,"jetpack_publicize_message":"","jetpack_publicize_feature_enabled":true,"jetpack_social_post_already_shared":true,"jetpack_social_options":{"image_generator_settings":{"template":"highway","default_image_id":0,"font":"","enabled":false},"version":2}},"product_cat":[1022,996,1028,997,27,1061,1041,1027,1066,101,1030,1005],"product_tag":[289,290,335,896,877,92,842,211],"class_list":{"0":"post-2774","1":"product","2":"type-product","3":"status-publish","4":"has-post-thumbnail","6":"product_brand-rotomec-italia","7":"product_cat-curatenie","8":"product_cat-gospodarie-gradinarit","9":"product_cat-lucrari-comunale-municipale","10":"product_cat-lucrari-de-peisagistica","11":"product_cat-masini-si-utilaje","12":"product_cat-recuperare-terenuri-post-exploatare","13":"product_cat-silvicultura-si-exploatari-forestiere","14":"product_cat-tocatoare-de-crengi","15":"product_cat-tocatoare-de-crengi-recuperare-terenuri-post-exploatare","16":"product_cat-tocatoare-de-crengi-gospodarie-gradinarit","17":"product_cat-tocatoare-de-crengi-lucrari-comunale-municipale","18":"product_cat-tocatoare-de-crengi-diam-4-40-cm","19":"product_tag-lucrari-comunale","20":"product_tag-lucrari-municipale","21":"product_tag-pto","22":"product_tag-resturi-vegetale","23":"product_tag-rotomec","24":"product_tag-tocator-de-crengi","25":"product_tag-utilaje-noi","26":"product_tag-utilaje-profesionale","28":"first","29":"onbackorder","30":"taxable","31":"shipping-taxable","32":"product-type-simple"},"acf":[],"aioseo_notices":[],"jetpack_publicize_connections":[],"jetpack-related-posts":[],"jetpack_likes_enabled":true,"jetpack_sharing_enabled":true,"_links":{"self":[{"href":"https:\/\/tehronmachines.ro\/pro\/wp-json\/wp\/v2\/product\/2774","targetHints":{"allow":["GET"]}}],"collection":[{"href":"https:\/\/tehronmachines.ro\/pro\/wp-json\/wp\/v2\/product"}],"about":[{"href":"https:\/\/tehronmachines.ro\/pro\/wp-json\/wp\/v2\/types\/product"}],"replies":[{"embeddable":true,"href":"https:\/\/tehronmachines.ro\/pro\/wp-json\/wp\/v2\/comments?post=2774"}],"wp:featuredmedia":[{"embeddable":true,"href":"https:\/\/tehronmachines.ro\/pro\/wp-json\/wp\/v2\/media\/2775"}],"wp:attachment":[{"href":"https:\/\/tehronmachines.ro\/pro\/wp-json\/wp\/v2\/media?parent=2774"}],"wp:term":[{"taxonomy":"product_cat","embeddable":true,"href":"https:\/\/tehronmachines.ro\/pro\/wp-json\/wp\/v2\/product_cat?post=2774"},{"taxonomy":"product_tag","embeddable":true,"href":"https:\/\/tehronmachines.ro\/pro\/wp-json\/wp\/v2\/product_tag?post=2774"}],"curies":[{"name":"wp","href":"https:\/\/api.w.org\/{rel}","templated":true}]}}