{"id":2770,"date":"2023-12-07T23:43:33","date_gmt":"2023-12-07T20:43:33","guid":{"rendered":"https:\/\/tehronmachines.ro\/pro\/?post_type=product&#038;p=2770"},"modified":"2024-11-13T12:20:34","modified_gmt":"2024-11-13T09:20:34","slug":"masina-de-sapat-gropi-rotomec-mole-300-512","status":"publish","type":"product","link":"https:\/\/tehronmachines.ro\/pro\/produs\/masina-de-sapat-gropi-rotomec-mole-300-512\/","title":{"rendered":"Ma\u0219in\u0103 de s\u0103pat gropi Rotomec MOLE 300-512"},"content":{"rendered":"<ul>\n<li>S\u0103p\u0103toarele pentru g\u0103uri de st\u00e2lp sunt ma\u0219ini simple, dar robuste, utile pentru plantarea de copaci, st\u00e2lpi de vi\u021b\u0103 de vie, st\u00e2lpi de iluminat \u0219i garduri. Sunt disponibile dou\u0103 modele: 200-512 pentru tractoare cu puteri cuprinse \u00eentre 18 \u0219i 40 CP \u0219i 300-512 pentru tractoare cu puteri cuprinse \u00eentre 18 \u0219i 50 CP.<\/li>\n<li>Acestea sunt echipate cu un cadru solid realizat din tuburi ranforsate \u0219i o cutie de viteze robust\u0103 pentru a asigura o mare fiabilitate \u00een orice condi\u021bii de lucru. Burghiile sunt disponibile cu diametre de 15, 23, 30, 46 \u0219i 61 cm \u0219i toate dimensiunile, cu excep\u021bia celei mai mici, sunt echipate cu un sistem dublu de zbor.<\/li>\n<li>Zbur\u0103toarea este complet sudat\u0103, iar burlanele au, de asemenea, un guler de ranforsare sudat care sunt fixate la cutia de viteze. Cu\u021bitele \u0219i v\u00e2rfurile sunt \u00eenlocuibile.<\/li>\n<\/ul>\n<h2>Standard:<\/h2>\n<ul>\n<li>Ata\u0219are \u00een trei puncte reversibil\u0103 pentru aplica\u021bii frontale sau posterioare<\/li>\n<li>Cadru ranforsat \u0219i dispozitiv de prindere \u00een trei puncte pe modelul 300-512<\/li>\n<li>Pozi\u021bie dubl\u0103 de montare a rolei spate, \u00een interiorul sau \u00een afara camerei de t\u0103iere<\/li>\n<li>Posibilitate de alegere \u00eentre burlane de 15, 23, 30, 46 \u0219i 61 cm<\/li>\n<li>Pozi\u021bie dubl\u0103 de montare a rolelor din spate, \u00een interiorul sau \u00een afara camerei de t\u0103iere<\/li>\n<li>Cu\u021bite \u0219i v\u00e2rfuri \u00eenlocuibile<\/li>\n<li>Pozi\u021bie dubl\u0103 de montare a rolelor din spate, \u00een interiorul sau exteriorul camerei de t\u0103iere<\/li>\n<li>Z\u0103brele duble de mare rezisten\u021b\u0103 la toate burlanele<\/li>\n<li>Pozi\u021bie dubl\u0103 de montare a rolelor din spate, \u00een interiorul sau exteriorul camerei de t\u0103iere<\/li>\n<li>Transmisie cu siguran\u021b\u0103 pentru \u0219tifturi de forfecare<\/li>\n<\/ul>\n<p>&nbsp;<\/p>\n<p>Imaginile au caracter orientativ!<\/p>\n<p>&nbsp;<\/p>\n<p>Pre\u021burile nu includ TVA!<\/p>\n","protected":false},"excerpt":{"rendered":"<p>Ma\u0219in\u0103 de s\u0103pat gropi Rotomec model MOLE 300-512<\/p>\n","protected":false},"featured_media":2771,"comment_status":"open","ping_status":"closed","template":"","meta":{"_acf_changed":false,"_exactmetrics_skip_tracking":false,"_exactmetrics_sitenote_active":false,"_exactmetrics_sitenote_note":"","_exactmetrics_sitenote_category":0,"_monsterinsights_skip_tracking":false,"_monsterinsights_sitenote_active":false,"_monsterinsights_sitenote_note":"","_monsterinsights_sitenote_category":0,"neve_meta_sidebar":"","neve_meta_container":"","neve_meta_enable_content_width":"off","neve_meta_content_width":100,"neve_meta_title_alignment":"","neve_meta_author_avatar":"","neve_post_elements_order":"","neve_meta_disable_header":"","neve_meta_disable_footer":"","neve_meta_disable_title":"","jetpack_publicize_message":"","jetpack_publicize_feature_enabled":true,"jetpack_social_post_already_shared":true,"jetpack_social_options":{"image_generator_settings":{"template":"highway","default_image_id":0,"font":"","enabled":false},"version":2}},"product_cat":[1035,1028,27],"product_tag":[289,290,895,894,335,877,842,211],"class_list":{"0":"post-2770","1":"product","2":"type-product","3":"status-publish","4":"has-post-thumbnail","6":"product_brand-rotomec-italia","7":"product_cat-burghie-foreze-de-pamant","8":"product_cat-lucrari-comunale-municipale","9":"product_cat-masini-si-utilaje","10":"product_tag-lucrari-comunale","11":"product_tag-lucrari-municipale","12":"product_tag-masina-de-facut-gauri","13":"product_tag-mole","14":"product_tag-pto","15":"product_tag-rotomec","16":"product_tag-utilaje-noi","17":"product_tag-utilaje-profesionale","19":"first","20":"onbackorder","21":"taxable","22":"shipping-taxable","23":"product-type-simple"},"acf":[],"aioseo_notices":[],"jetpack_publicize_connections":[],"jetpack-related-posts":[],"jetpack_likes_enabled":true,"jetpack_sharing_enabled":true,"_links":{"self":[{"href":"https:\/\/tehronmachines.ro\/pro\/wp-json\/wp\/v2\/product\/2770","targetHints":{"allow":["GET"]}}],"collection":[{"href":"https:\/\/tehronmachines.ro\/pro\/wp-json\/wp\/v2\/product"}],"about":[{"href":"https:\/\/tehronmachines.ro\/pro\/wp-json\/wp\/v2\/types\/product"}],"replies":[{"embeddable":true,"href":"https:\/\/tehronmachines.ro\/pro\/wp-json\/wp\/v2\/comments?post=2770"}],"wp:featuredmedia":[{"embeddable":true,"href":"https:\/\/tehronmachines.ro\/pro\/wp-json\/wp\/v2\/media\/2771"}],"wp:attachment":[{"href":"https:\/\/tehronmachines.ro\/pro\/wp-json\/wp\/v2\/media?parent=2770"}],"wp:term":[{"taxonomy":"product_cat","embeddable":true,"href":"https:\/\/tehronmachines.ro\/pro\/wp-json\/wp\/v2\/product_cat?post=2770"},{"taxonomy":"product_tag","embeddable":true,"href":"https:\/\/tehronmachines.ro\/pro\/wp-json\/wp\/v2\/product_tag?post=2770"}],"curies":[{"name":"wp","href":"https:\/\/api.w.org\/{rel}","templated":true}]}}