{"id":2761,"date":"2023-12-05T16:06:25","date_gmt":"2023-12-05T13:06:25","guid":{"rendered":"https:\/\/tehronmachines.ro\/pro\/?post_type=product&#038;p=2761"},"modified":"2024-11-13T12:20:58","modified_gmt":"2024-11-13T09:20:58","slug":"aerator-rotomec-core-bca-260-150-cm","status":"publish","type":"product","link":"https:\/\/tehronmachines.ro\/pro\/produs\/aerator-rotomec-core-bca-260-150-cm\/","title":{"rendered":"Aerator Rotomec Core BCA-260, 150 cm"},"content":{"rendered":"<ul>\n<li>Aeratorul Core este conceput pentru a permite o mai bun\u0103 circula\u021bie a aerului \u0219i a apei pe suprafe\u021bele de gazon, cum ar fi peluzele, terenurile de sport, parcurile municipale \u0219i terenurile de golf.<\/li>\n<li>Aeratorul Core folose\u0219te linguri \u00eenchise c\u0103lite, fixate cu \u0219uruburi pe flan\u0219ele rotorului, care sunt distan\u021bate la 16,5 cm \u00eentre ele. Aceste linguri pot \u00eendep\u0103rta un dop de p\u00e2n\u0103 la 7,5 cm.<\/li>\n<li>Acest design va asigura o aerare uniform\u0103 pe toat\u0103 l\u0103\u021bimea de lucru a ma\u0219inii.<\/li>\n<li>Acestea func\u021bioneaz\u0103 bine pe peluzele mari \u0219i \u00een zonele cu trafic intens, cum ar fi terenurile \u0219colare, parcurile municipale \u0219i terenurile de sport. Cele opt linguri pe butuc v\u0103 permit s\u0103 p\u0103trunde\u021bi \u00een paiele grele \u0219i \u00een solurile dificile pentru a sparge compactarea solului \u0219i a revitaliza gazonul.<\/li>\n<li>Printre op\u021biunile disponibile se num\u0103r\u0103 v\u00e2rfuri solide din o\u021bel special \u00een locul lingurilor goale \u0219i rezervoare cu greutate pentru a cre\u0219te presiunea de cobor\u00e2re a lingurilor.<\/li>\n<\/ul>\n<p>&nbsp;<\/p>\n<h3>Standard:<\/h3>\n<p>&nbsp;<\/p>\n<p>Ata\u0219are \u00een trei puncte reversibil\u0103 pentru aplica\u021bii frontale sau posterioare<br \/>\nAta\u0219are \u00een trei puncte Cat. 1 \u0219i 2 pentru montare \u00een fa\u021b\u0103 sau \u00een spate<\/p>\n<p>Pozi\u021bie dubl\u0103 de montare a rolei spate, \u00een interiorul sau \u00een afara camerei de t\u0103iere<br \/>\nDou\u0103 buc\u0219e de bronz pentru fiecare rotor<\/p>\n<p>Deplasare lateral\u0103 manual\u0103 sau hidraulic\u0103 p\u00e2n\u0103 la 40 cm<br \/>\nOpt linguri pe flan\u0219\u0103<\/p>\n<p>Decalare lateral\u0103 manual\u0103 sau hidraulic\u0103 p\u00e2n\u0103 la 40 cm<br \/>\nAlegerea \u00eentre linguri sau \u021bepi<\/p>\n<p>&nbsp;<\/p>\n<p>&nbsp;<\/p>\n<p>Imaginile au caracter orientativ!<\/p>\n<p>&nbsp;<\/p>\n<p>Pre\u021burile nu includ TVA!<\/p>\n","protected":false},"excerpt":{"rendered":"<p>Aerator Rotomec Core BCA-260, 150 cm<\/p>\n<p>Aerator Rotomec model Core BCA-260, cu l\u0103\u021bime de lucru de 150 cm, destinat pentru suprafe\u021be mici si medii.<\/p>\n","protected":false},"featured_media":2763,"comment_status":"open","ping_status":"closed","template":"","meta":{"_acf_changed":false,"_exactmetrics_skip_tracking":false,"_exactmetrics_sitenote_active":false,"_exactmetrics_sitenote_note":"","_exactmetrics_sitenote_category":0,"_monsterinsights_skip_tracking":false,"_monsterinsights_sitenote_active":false,"_monsterinsights_sitenote_note":"","_monsterinsights_sitenote_category":0,"neve_meta_sidebar":"","neve_meta_container":"","neve_meta_enable_content_width":"off","neve_meta_content_width":100,"neve_meta_title_alignment":"","neve_meta_author_avatar":"","neve_post_elements_order":"","neve_meta_disable_header":"","neve_meta_disable_footer":"","neve_meta_disable_title":"","jetpack_post_was_ever_published":false,"jetpack_publicize_message":"","jetpack_publicize_feature_enabled":true,"jetpack_social_post_already_shared":true,"jetpack_social_options":{"image_generator_settings":{"template":"highway","default_image_id":0,"font":"","enabled":false},"version":2}},"product_cat":[1073,1067,27],"product_tag":[853,39,878,289,290,335,877,842,211],"class_list":{"0":"post-2761","1":"product","2":"type-product","3":"status-publish","4":"has-post-thumbnail","6":"product_brand-rotomec-italia","7":"product_cat-aeratoare","8":"product_cat-gazon","9":"product_cat-masini-si-utilaje","10":"product_tag-aerator","11":"product_tag-gazon","12":"product_tag-iarba","13":"product_tag-lucrari-comunale","14":"product_tag-lucrari-municipale","15":"product_tag-pto","16":"product_tag-rotomec","17":"product_tag-utilaje-noi","18":"product_tag-utilaje-profesionale","20":"first","21":"onbackorder","22":"taxable","23":"shipping-taxable","24":"product-type-simple"},"acf":[],"aioseo_notices":[],"jetpack_publicize_connections":[],"jetpack-related-posts":[],"jetpack_likes_enabled":true,"jetpack_sharing_enabled":true,"_links":{"self":[{"href":"https:\/\/tehronmachines.ro\/pro\/wp-json\/wp\/v2\/product\/2761","targetHints":{"allow":["GET"]}}],"collection":[{"href":"https:\/\/tehronmachines.ro\/pro\/wp-json\/wp\/v2\/product"}],"about":[{"href":"https:\/\/tehronmachines.ro\/pro\/wp-json\/wp\/v2\/types\/product"}],"replies":[{"embeddable":true,"href":"https:\/\/tehronmachines.ro\/pro\/wp-json\/wp\/v2\/comments?post=2761"}],"wp:featuredmedia":[{"embeddable":true,"href":"https:\/\/tehronmachines.ro\/pro\/wp-json\/wp\/v2\/media\/2763"}],"wp:attachment":[{"href":"https:\/\/tehronmachines.ro\/pro\/wp-json\/wp\/v2\/media?parent=2761"}],"wp:term":[{"taxonomy":"product_cat","embeddable":true,"href":"https:\/\/tehronmachines.ro\/pro\/wp-json\/wp\/v2\/product_cat?post=2761"},{"taxonomy":"product_tag","embeddable":true,"href":"https:\/\/tehronmachines.ro\/pro\/wp-json\/wp\/v2\/product_tag?post=2761"}],"curies":[{"name":"wp","href":"https:\/\/api.w.org\/{rel}","templated":true}]}}