{"id":2756,"date":"2023-12-05T14:27:55","date_gmt":"2023-12-05T11:27:55","guid":{"rendered":"https:\/\/tehronmachines.ro\/pro\/?post_type=product&#038;p=2756"},"modified":"2024-11-13T12:21:06","modified_gmt":"2024-11-13T09:21:06","slug":"insamantator-rotomec-green-rite-grt-258-145-cm","status":"publish","type":"product","link":"https:\/\/tehronmachines.ro\/pro\/produs\/insamantator-rotomec-green-rite-grt-258-145-cm\/","title":{"rendered":"\u00cens\u0103m\u00e2n\u021b\u0103tor Rotomec GREEN-RITE GRT-258, 145 cm"},"content":{"rendered":"<ul>\n<li>Green-Rite este o ma\u0219in\u0103 combinat\u0103 care efectueaz\u0103 mai multe opera\u021biuni simultane \u00eentr-o singur\u0103 trecere. Dac\u0103 este echipat cu un rotor de aerare cu lame drepte pe flan\u0219e \u00eenguste (7,5 cm), utilajul aerise\u0219te, supra\u00eens\u0103m\u00e2n\u021beaz\u0103 sau fertilizeaz\u0103 \u0219i compacteaz\u0103 gazonul existent.<\/li>\n<li>Dac\u0103, \u00een schimb, Green-Rite este echipat cu un rotor de af\u00e2nare, la fel ca un motocultor, atunci va af\u00e2na \u0219i va nivela terenul \u00een timp ce \u00eens\u0103m\u00e2n\u021beaz\u0103 \u0219i compacteaz\u0103 solul \u00eentr-o singur\u0103 trecere.<\/li>\n<li>Rezervorul poate fi utilizat pentru \u00eens\u0103m\u00e2n\u021bare \u0219i pentru \u00eempr\u0103\u0219tierea \u00eengr\u0103\u0219\u0103mintelor granulare.<\/li>\n<li>Aceast\u0103 ma\u0219in\u0103 unic\u0103 este ideal\u0103 pentru oricine dore\u0219te s\u0103 economiseasc\u0103 timp \u0219i costuri de combustibil la \u00eentre\u021binerea gazonului. Green-Rite se poate amortiza cu u\u0219urin\u021b\u0103 \u00een primele c\u00e2teva zile de utilizare.<\/li>\n<\/ul>\n<p>&nbsp;<\/p>\n<div class=\"epyt-video-wrapper\"><iframe loading=\"lazy\"  style=\"display: block; margin: 0px auto;\"  id=\"_ytid_37801\"  width=\"400\" height=\"300\"  data-origwidth=\"400\" data-origheight=\"300\"  data-relstop=\"1\" src=\"https:\/\/www.youtube.com\/embed\/geGod-WhIqI?enablejsapi=1&autoplay=0&cc_load_policy=1&cc_lang_pref=&iv_load_policy=3&loop=0&rel=0&fs=1&playsinline=0&autohide=2&theme=dark&color=red&controls=1&disablekb=0&\" class=\"__youtube_prefs__  no-lazyload\" title=\"YouTube player\"  allow=\"fullscreen; accelerometer; autoplay; clipboard-write; encrypted-media; gyroscope; picture-in-picture; web-share\" referrerpolicy=\"strict-origin-when-cross-origin\" allowfullscreen data-no-lazy=\"1\" data-skipgform_ajax_framebjll=\"\"><\/iframe><\/div>\n<p>&nbsp;<\/p>\n<h3 style=\"text-align: center\">Rotomec GREEN-RITE<\/h3>\n<p>&nbsp;<\/p>\n<p>&nbsp;<\/p>\n<p>Imaginile au caracter orientativ!<\/p>\n<p>&nbsp;<\/p>\n<p>Pre\u021burile nu includ TVA!<\/p>\n","protected":false},"excerpt":{"rendered":"<p>\u00cens\u0103m\u00e2n\u021b\u0103tor Rotomec GREEN-RITE GRT-258, 145 cm<\/p>\n<p>\u00cens\u0103m\u00e2n\u021b\u0103tor Rotomec model GREEN-RITE GRT-258, cu l\u0103\u021bime de lucru de 145 cm, destinat pentru suprafe\u021be mici si medii.<\/p>\n","protected":false},"featured_media":2757,"comment_status":"open","ping_status":"closed","template":"","meta":{"_acf_changed":false,"_exactmetrics_skip_tracking":false,"_exactmetrics_sitenote_active":false,"_exactmetrics_sitenote_note":"","_exactmetrics_sitenote_category":0,"_monsterinsights_skip_tracking":false,"_monsterinsights_sitenote_active":false,"_monsterinsights_sitenote_note":"","_monsterinsights_sitenote_category":0,"neve_meta_sidebar":"","neve_meta_container":"","neve_meta_enable_content_width":"off","neve_meta_content_width":100,"neve_meta_title_alignment":"","neve_meta_author_avatar":"","neve_post_elements_order":"","neve_meta_disable_header":"","neve_meta_disable_footer":"","neve_meta_disable_title":"","jetpack_post_was_ever_published":false,"jetpack_publicize_message":"","jetpack_publicize_feature_enabled":true,"jetpack_social_post_already_shared":true,"jetpack_social_options":{"image_generator_settings":{"template":"highway","default_image_id":0,"font":"","enabled":false},"version":2}},"product_cat":[1067,1069,27],"product_tag":[39,889,888,289,290,335,877,117,856,842,211],"class_list":{"0":"post-2756","1":"product","2":"type-product","3":"status-publish","4":"has-post-thumbnail","6":"product_brand-rotomec-italia","7":"product_cat-gazon","8":"product_cat-masini-de-insamantat-gazon","9":"product_cat-masini-si-utilaje","10":"product_tag-gazon","11":"product_tag-green-rite","12":"product_tag-insamantator","13":"product_tag-lucrari-comunale","14":"product_tag-lucrari-municipale","15":"product_tag-pto","16":"product_tag-rotomec","17":"product_tag-suprainsamantat","18":"product_tag-suprainsamantator","19":"product_tag-utilaje-noi","20":"product_tag-utilaje-profesionale","22":"first","23":"onbackorder","24":"taxable","25":"shipping-taxable","26":"product-type-simple"},"acf":[],"aioseo_notices":[],"jetpack_publicize_connections":[],"jetpack-related-posts":[],"jetpack_likes_enabled":true,"jetpack_sharing_enabled":true,"_links":{"self":[{"href":"https:\/\/tehronmachines.ro\/pro\/wp-json\/wp\/v2\/product\/2756","targetHints":{"allow":["GET"]}}],"collection":[{"href":"https:\/\/tehronmachines.ro\/pro\/wp-json\/wp\/v2\/product"}],"about":[{"href":"https:\/\/tehronmachines.ro\/pro\/wp-json\/wp\/v2\/types\/product"}],"replies":[{"embeddable":true,"href":"https:\/\/tehronmachines.ro\/pro\/wp-json\/wp\/v2\/comments?post=2756"}],"wp:featuredmedia":[{"embeddable":true,"href":"https:\/\/tehronmachines.ro\/pro\/wp-json\/wp\/v2\/media\/2757"}],"wp:attachment":[{"href":"https:\/\/tehronmachines.ro\/pro\/wp-json\/wp\/v2\/media?parent=2756"}],"wp:term":[{"taxonomy":"product_cat","embeddable":true,"href":"https:\/\/tehronmachines.ro\/pro\/wp-json\/wp\/v2\/product_cat?post=2756"},{"taxonomy":"product_tag","embeddable":true,"href":"https:\/\/tehronmachines.ro\/pro\/wp-json\/wp\/v2\/product_tag?post=2756"}],"curies":[{"name":"wp","href":"https:\/\/api.w.org\/{rel}","templated":true}]}}