{"id":2739,"date":"2023-12-05T03:13:33","date_gmt":"2023-12-05T00:13:33","guid":{"rendered":"https:\/\/tehronmachines.ro\/pro\/?post_type=product&#038;p=2739"},"modified":"2024-11-13T12:31:34","modified_gmt":"2024-11-13T09:31:34","slug":"tocator-de-iarba-si-resturi-vegetale-rotomec-destroyer-d90-072-180-cm","status":"publish","type":"product","link":"https:\/\/tehronmachines.ro\/pro\/produs\/tocator-de-iarba-si-resturi-vegetale-rotomec-destroyer-d90-072-180-cm\/","title":{"rendered":"Toc\u0103tor de iarb\u0103 si resturi vegetale Rotomec Destroyer D90-072, 180 cm"},"content":{"rendered":"<ul>\n<li>Destroyer D90 este un toc\u0103tor robust, profesional \u0219i u\u0219or de utilizat, proiectat pentru tractoare de la 40 la 90 CP cu at\u00e2rnare \u00een trei puncte de categoria 1 \u0219i 2. Este special conceput pentru a oferi cele mai bune performan\u021be la t\u0103ierea \u0219i pulverizarea tulpinilor de porumb \u0219i a altor culturi \u00een r\u00e2nduri, a ierbii grele de pe terenurile retrase din circuitul agricol, a t\u0103ierilor de copaci din livezi, a cositului municipal \u0219i oriunde este necesar\u0103 o m\u0103run\u021bire profesional\u0103, precis\u0103 \u0219i sigur\u0103.<\/li>\n<li>Este disponibil \u00een 3 l\u0103\u021bimi de lucru de 150, 180 \u0219i 220 cm. Unitatea este echipat\u0103 cu o transmisie cu curea cu 4 curele de tip XPBX \u0219i un \u00eentinz\u0103tor de curea manual. Rotorul are un diametru de 133 mm \u0219i poart\u0103 lame grele de tip ciocan, capabile s\u0103 taie tulpini cu un diametru de p\u00e2n\u0103 la 5 cm. Modelul D90 este dotat standard cu un cilindru hidraulic care permite operatorului s\u0103 decaleze toc\u0103torul p\u00e2n\u0103 la 40 cm spre dreapta (30 cm la modelul cu l\u0103\u021bimea de 150 cm).<\/li>\n<li>\u00cen\u0103l\u021bimea de t\u0103iere poate varia de la un minim de 2 cm p\u00e2n\u0103 la un maxim de 13 cm \u0219i este reglat\u0103 prin intermediul rolei din spate, care este, de asemenea, echipat\u0103 cu o raclet\u0103 cu role.<\/li>\n<\/ul>\n<p>&nbsp;<\/p>\n<p>&nbsp;<\/p>\n<div class=\"epyt-video-wrapper\"><iframe loading=\"lazy\"  style=\"display: block; margin: 0px auto;\"  id=\"_ytid_73498\"  width=\"400\" height=\"300\"  data-origwidth=\"400\" data-origheight=\"300\"  data-relstop=\"1\" src=\"https:\/\/www.youtube.com\/embed\/Po12f4wc_UQ?enablejsapi=1&autoplay=0&cc_load_policy=1&cc_lang_pref=&iv_load_policy=3&loop=0&rel=0&fs=1&playsinline=0&autohide=2&theme=dark&color=red&controls=1&disablekb=0&\" class=\"__youtube_prefs__  no-lazyload\" title=\"YouTube player\"  allow=\"fullscreen; accelerometer; autoplay; clipboard-write; encrypted-media; gyroscope; picture-in-picture; web-share\" referrerpolicy=\"strict-origin-when-cross-origin\" allowfullscreen data-no-lazy=\"1\" data-skipgform_ajax_framebjll=\"\"><\/iframe><\/div>\n<p style=\"text-align: center\">Prezentare Toc\u0103tor Rotomec Destroyer D90<\/p>\n<p>&nbsp;<\/p>\n<p>&nbsp;<\/p>\n<p>Imaginile au caracter orientativ!<\/p>\n<p>&nbsp;<\/p>\n<p>Pre\u021burile nu includ TVA!<\/p>\n","protected":false},"excerpt":{"rendered":"<p>Toc\u0103tor de iarb\u0103 si resturi vegetale Rotomec Destroyer D90-072, 180 cm<\/p>\n<p>Toc\u0103tor de iarb\u0103 si resturi vegetale Rotomec model Destroyer D90-072, cu l\u0103\u021bime de lucru de 180 cm, destinat pentru suprafe\u021be medii si mari.<\/p>\n","protected":false},"featured_media":2741,"comment_status":"open","ping_status":"closed","template":"","meta":{"_acf_changed":false,"_exactmetrics_skip_tracking":false,"_exactmetrics_sitenote_active":false,"_exactmetrics_sitenote_note":"","_exactmetrics_sitenote_category":0,"_monsterinsights_skip_tracking":false,"_monsterinsights_sitenote_active":false,"_monsterinsights_sitenote_note":"","_monsterinsights_sitenote_category":0,"neve_meta_sidebar":"","neve_meta_container":"","neve_meta_enable_content_width":"off","neve_meta_content_width":100,"neve_meta_title_alignment":"","neve_meta_author_avatar":"","neve_post_elements_order":"","neve_meta_disable_header":"","neve_meta_disable_footer":"","neve_meta_disable_title":"","jetpack_publicize_message":"","jetpack_publicize_feature_enabled":true,"jetpack_social_post_already_shared":true,"jetpack_social_options":{"image_generator_settings":{"template":"highway","default_image_id":0,"font":"","enabled":false},"version":2}},"product_cat":[1022,996,1028,997,27,1061,1041,1027,1066,1030,1005,101],"product_tag":[882,878,289,290,335,877,333,842,211],"class_list":{"0":"post-2739","1":"product","2":"type-product","3":"status-publish","4":"has-post-thumbnail","6":"product_brand-rotomec-italia","7":"product_cat-curatenie","8":"product_cat-gospodarie-gradinarit","9":"product_cat-lucrari-comunale-municipale","10":"product_cat-lucrari-de-peisagistica","11":"product_cat-masini-si-utilaje","12":"product_cat-recuperare-terenuri-post-exploatare","13":"product_cat-silvicultura-si-exploatari-forestiere","14":"product_cat-tocatoare-de-crengi","15":"product_cat-tocatoare-de-crengi-recuperare-terenuri-post-exploatare","16":"product_cat-tocatoare-de-crengi-lucrari-comunale-municipale","17":"product_cat-tocatoare-de-crengi-diam-4-40-cm","18":"product_cat-tocatoare-de-crengi-gospodarie-gradinarit","19":"product_tag-destroyer-d90","20":"product_tag-iarba","21":"product_tag-lucrari-comunale","22":"product_tag-lucrari-municipale","23":"product_tag-pto","24":"product_tag-rotomec","25":"product_tag-tocator-de-resturi-vegetale","26":"product_tag-utilaje-noi","27":"product_tag-utilaje-profesionale","29":"first","30":"onbackorder","31":"taxable","32":"shipping-taxable","33":"product-type-simple"},"acf":[],"aioseo_notices":[],"jetpack_publicize_connections":[],"jetpack-related-posts":[],"jetpack_likes_enabled":true,"jetpack_sharing_enabled":true,"_links":{"self":[{"href":"https:\/\/tehronmachines.ro\/pro\/wp-json\/wp\/v2\/product\/2739","targetHints":{"allow":["GET"]}}],"collection":[{"href":"https:\/\/tehronmachines.ro\/pro\/wp-json\/wp\/v2\/product"}],"about":[{"href":"https:\/\/tehronmachines.ro\/pro\/wp-json\/wp\/v2\/types\/product"}],"replies":[{"embeddable":true,"href":"https:\/\/tehronmachines.ro\/pro\/wp-json\/wp\/v2\/comments?post=2739"}],"wp:featuredmedia":[{"embeddable":true,"href":"https:\/\/tehronmachines.ro\/pro\/wp-json\/wp\/v2\/media\/2741"}],"wp:attachment":[{"href":"https:\/\/tehronmachines.ro\/pro\/wp-json\/wp\/v2\/media?parent=2739"}],"wp:term":[{"taxonomy":"product_cat","embeddable":true,"href":"https:\/\/tehronmachines.ro\/pro\/wp-json\/wp\/v2\/product_cat?post=2739"},{"taxonomy":"product_tag","embeddable":true,"href":"https:\/\/tehronmachines.ro\/pro\/wp-json\/wp\/v2\/product_tag?post=2739"}],"curies":[{"name":"wp","href":"https:\/\/api.w.org\/{rel}","templated":true}]}}