{"id":2735,"date":"2023-12-05T02:48:08","date_gmt":"2023-12-04T23:48:08","guid":{"rendered":"https:\/\/tehronmachines.ro\/pro\/?post_type=product&#038;p=2735"},"modified":"2024-11-13T12:27:39","modified_gmt":"2024-11-13T09:27:39","slug":"masina-de-tuns-iarba-cu-lame-rotomec-hurricane-h70-072-150-cm","status":"publish","type":"product","link":"https:\/\/tehronmachines.ro\/pro\/produs\/masina-de-tuns-iarba-cu-lame-rotomec-hurricane-h70-072-150-cm\/","title":{"rendered":"Ma\u0219in\u0103 de tuns iarba cu lame Rotomec Hurricane H70-072, 150 cm"},"content":{"rendered":"<ul>\n<li>Hurricane H70 este o motocositoare rotativ\u0103 cu ax\u0103 orizontal\u0103; robuste\u021bea sa \u0219i rezultatele de calitate pe care le produce o fac deosebit de potrivit\u0103 pentru antreprenori sau profesioni\u0219ti \u00een domeniul peisagistic.<\/li>\n<li>Transmisia este lateral\u0103 prin intermediul a dou\u0103 curele zim\u021bate CX cu \u00eentinz\u0103tor de curele semiautomat. Rulmen\u021bii rotorului sunt autoalinian\u021bi pentru a suporta sarcini de lucru mai mari \u0219i pentru a cre\u0219te durabilitatea. \u00cen\u0103l\u021bimea de t\u0103iere reglabil\u0103 de la un minim de 20 mm p\u00e2n\u0103 la un maxim de 150 mm este reglat\u0103 prin intermediul rolei din spate, furnizat\u0103 \u0219i cu o raclet\u0103.<\/li>\n<li>Rotorul echilibrat electronic este echipat cu un dispozitiv de fixare a lamei cu pivot dublu pentru a preveni ruperea lamei \u0219i deteriorarea rotorului. De asemenea, rotorul poate fi echipat cu diferite tipuri de lame, \u00een func\u021bie de lucr\u0103rile necesare, put\u00e2nd fi echipat \u0219i cu lame verticale, perfecte pentru scarificarea peluzelor cu acumul\u0103ri de paie.<\/li>\n<\/ul>\n<div class=\"epyt-video-wrapper\"><iframe loading=\"lazy\"  style=\"display: block; margin: 0px auto;\"  id=\"_ytid_29366\"  width=\"400\" height=\"300\"  data-origwidth=\"400\" data-origheight=\"300\"  data-relstop=\"1\" src=\"https:\/\/www.youtube.com\/embed\/zttE4_lrt7A?enablejsapi=1&autoplay=0&cc_load_policy=1&cc_lang_pref=&iv_load_policy=3&loop=0&rel=0&fs=1&playsinline=0&autohide=2&theme=dark&color=red&controls=1&disablekb=0&\" class=\"__youtube_prefs__  no-lazyload\" title=\"YouTube player\"  allow=\"fullscreen; accelerometer; autoplay; clipboard-write; encrypted-media; gyroscope; picture-in-picture; web-share\" referrerpolicy=\"strict-origin-when-cross-origin\" allowfullscreen data-no-lazy=\"1\" data-skipgform_ajax_framebjll=\"\"><\/iframe><\/div>\n<p style=\"text-align: center\">Prezentare Rotomec Hurricane H70<\/p>\n<p>&nbsp;<\/p>\n<p>&nbsp;<\/p>\n<p>Imaginile au caracter orientativ!<\/p>\n<p>&nbsp;<\/p>\n<p>Pre\u021burile nu includ TVA!<\/p>\n","protected":false},"excerpt":{"rendered":"<p>Ma\u0219in\u0103 de tuns iarba cu ax\u0103 orizontal\u0103 Rotomec Hurricane H70-072, 150 cm<\/p>\n<p>Cositoare iarb\u0103 Rotomec model hurricane H70-072, cu l\u0103\u021bime de lucru de 150 cm, destinat pentru suprafe\u021be medii si mari.<\/p>\n","protected":false},"featured_media":2737,"comment_status":"open","ping_status":"closed","template":"","meta":{"_acf_changed":false,"_exactmetrics_skip_tracking":false,"_exactmetrics_sitenote_active":false,"_exactmetrics_sitenote_note":"","_exactmetrics_sitenote_category":0,"_monsterinsights_skip_tracking":false,"_monsterinsights_sitenote_active":false,"_monsterinsights_sitenote_note":"","_monsterinsights_sitenote_category":0,"neve_meta_sidebar":"","neve_meta_container":"","neve_meta_enable_content_width":"off","neve_meta_content_width":100,"neve_meta_title_alignment":"","neve_meta_author_avatar":"","neve_post_elements_order":"","neve_meta_disable_header":"","neve_meta_disable_footer":"","neve_meta_disable_title":"","jetpack_publicize_message":"","jetpack_publicize_feature_enabled":true,"jetpack_social_post_already_shared":true,"jetpack_social_options":{"image_generator_settings":{"template":"highway","default_image_id":0,"font":"","enabled":false},"version":2}},"product_cat":[1067,1076,27],"product_tag":[834,880,878,289,290,335,877,842,211],"class_list":{"0":"post-2735","1":"product","2":"type-product","3":"status-publish","4":"has-post-thumbnail","6":"product_brand-rotomec-italia","7":"product_cat-gazon","8":"product_cat-masini-de-taiat-si-aspirat-gazon","9":"product_cat-masini-si-utilaje","10":"product_tag-cositoare","11":"product_tag-hurricane-h70","12":"product_tag-iarba","13":"product_tag-lucrari-comunale","14":"product_tag-lucrari-municipale","15":"product_tag-pto","16":"product_tag-rotomec","17":"product_tag-utilaje-noi","18":"product_tag-utilaje-profesionale","20":"first","21":"onbackorder","22":"taxable","23":"shipping-taxable","24":"product-type-simple"},"acf":[],"aioseo_notices":[],"jetpack_publicize_connections":[],"jetpack-related-posts":[],"jetpack_likes_enabled":true,"jetpack_sharing_enabled":true,"_links":{"self":[{"href":"https:\/\/tehronmachines.ro\/pro\/wp-json\/wp\/v2\/product\/2735","targetHints":{"allow":["GET"]}}],"collection":[{"href":"https:\/\/tehronmachines.ro\/pro\/wp-json\/wp\/v2\/product"}],"about":[{"href":"https:\/\/tehronmachines.ro\/pro\/wp-json\/wp\/v2\/types\/product"}],"replies":[{"embeddable":true,"href":"https:\/\/tehronmachines.ro\/pro\/wp-json\/wp\/v2\/comments?post=2735"}],"wp:featuredmedia":[{"embeddable":true,"href":"https:\/\/tehronmachines.ro\/pro\/wp-json\/wp\/v2\/media\/2737"}],"wp:attachment":[{"href":"https:\/\/tehronmachines.ro\/pro\/wp-json\/wp\/v2\/media?parent=2735"}],"wp:term":[{"taxonomy":"product_cat","embeddable":true,"href":"https:\/\/tehronmachines.ro\/pro\/wp-json\/wp\/v2\/product_cat?post=2735"},{"taxonomy":"product_tag","embeddable":true,"href":"https:\/\/tehronmachines.ro\/pro\/wp-json\/wp\/v2\/product_tag?post=2735"}],"curies":[{"name":"wp","href":"https:\/\/api.w.org\/{rel}","templated":true}]}}