{"id":2701,"date":"2023-11-28T13:07:32","date_gmt":"2023-11-28T10:07:32","guid":{"rendered":"https:\/\/tehronmachines.ro\/pro\/?post_type=product&#038;p=2701"},"modified":"2024-11-13T12:10:43","modified_gmt":"2024-11-13T09:10:43","slug":"scarificator-cu-motor-redexim-s510-47-cm","status":"publish","type":"product","link":"https:\/\/tehronmachines.ro\/pro\/produs\/scarificator-cu-motor-redexim-s510-47-cm\/","title":{"rendered":"Scarificator cu motor Redexim S510, 47 cm"},"content":{"rendered":"<p>Scarificatorul cu motor\u00a0 S510 este cea mai bun\u0103 ma\u0219in\u0103 profesional\u0103 pentru \u00eendep\u0103rtarea eficient\u0103 a stufului \u0219i a mu\u0219chiului din zonele greu accesibile. Motorul Honda fiabil propulseaz\u0103 ma\u0219ina cu u\u0219urin\u021b\u0103, \u00een timp ce sistemul de control al \u00een\u0103l\u021bimii u\u0219or de reglat face ca selectarea ad\u00e2ncimii corecte s\u0103 fie simpl\u0103 \u0219i rapid\u0103.<\/p>\n<p>&nbsp;<\/p>\n<p>Con\u021binut pachet :<\/p>\n<ul>\n<li>Cutie de scule cu unealt\u0103 combi \u0219i manual<\/li>\n<li>Lame, grosime 1,2 mm 15 RGS 03043<\/li>\n<\/ul>\n<p style=\"text-align: left\"><div class=\"epyt-video-wrapper\"><iframe loading=\"lazy\"  style=\"display: block; margin: 0px auto;\"  id=\"_ytid_61312\"  width=\"400\" height=\"300\"  data-origwidth=\"400\" data-origheight=\"300\"  data-relstop=\"1\" src=\"https:\/\/www.youtube.com\/embed\/Q55pgxmjIJQ?enablejsapi=1&autoplay=0&cc_load_policy=1&cc_lang_pref=&iv_load_policy=3&loop=0&rel=0&fs=1&playsinline=0&autohide=2&theme=dark&color=red&controls=1&disablekb=0&\" class=\"__youtube_prefs__  no-lazyload\" title=\"YouTube player\"  allow=\"fullscreen; accelerometer; autoplay; clipboard-write; encrypted-media; gyroscope; picture-in-picture; web-share\" referrerpolicy=\"strict-origin-when-cross-origin\" allowfullscreen data-no-lazy=\"1\" data-skipgform_ajax_framebjll=\"\"><\/iframe><\/div><\/p>\n<p style=\"text-align: center\">Prezentare Scarificator Redexim S510<\/p>\n<p>&nbsp;<\/p>\n<p>&nbsp;<\/p>\n<p>Imaginile au caracter orientativ!<\/p>\n<p>&nbsp;<\/p>\n<p>Pre\u021burile nu includ TVA!<\/p>\n","protected":false},"excerpt":{"rendered":"<p>Scarificator cu motor Redexim S510, 47 cm<\/p>\n<p>Scarifiator pentru gazon REDEXIM model S510, cu l\u0103\u021bime de lucru maxim\u0103 de 47 cm, destinat pentru suprafe\u021be mici si medii.<\/p>\n","protected":false},"featured_media":2702,"comment_status":"open","ping_status":"closed","template":"","meta":{"_acf_changed":false,"_exactmetrics_skip_tracking":false,"_exactmetrics_sitenote_active":false,"_exactmetrics_sitenote_note":"","_exactmetrics_sitenote_category":0,"_monsterinsights_skip_tracking":false,"_monsterinsights_sitenote_active":false,"_monsterinsights_sitenote_note":"","_monsterinsights_sitenote_category":0,"neve_meta_sidebar":"","neve_meta_container":"","neve_meta_enable_content_width":"off","neve_meta_content_width":100,"neve_meta_title_alignment":"","neve_meta_author_avatar":"","neve_post_elements_order":"","neve_meta_disable_header":"","neve_meta_disable_footer":"","neve_meta_disable_title":"","jetpack_post_was_ever_published":false,"jetpack_publicize_message":"","jetpack_publicize_feature_enabled":true,"jetpack_social_post_already_shared":true,"jetpack_social_options":{"image_generator_settings":{"template":"highway","default_image_id":0,"font":"","enabled":false},"version":2}},"product_cat":[1067,27,1072],"product_tag":[39,289,290,280,41,854,861,40,842,211],"class_list":{"0":"post-2701","1":"product","2":"type-product","3":"status-publish","4":"has-post-thumbnail","6":"product_brand-redexim-olanda","7":"product_cat-gazon","8":"product_cat-masini-si-utilaje","9":"product_cat-scarificatoare","10":"product_tag-gazon","11":"product_tag-lucrari-comunale","12":"product_tag-lucrari-municipale","13":"product_tag-parcuri","14":"product_tag-peisagistica","15":"product_tag-redexim","16":"product_tag-s510","17":"product_tag-scarificator","18":"product_tag-utilaje-noi","19":"product_tag-utilaje-profesionale","21":"first","22":"onbackorder","23":"taxable","24":"shipping-taxable","25":"product-type-simple"},"acf":[],"aioseo_notices":[],"jetpack_publicize_connections":[],"jetpack-related-posts":[],"jetpack_likes_enabled":true,"jetpack_sharing_enabled":true,"_links":{"self":[{"href":"https:\/\/tehronmachines.ro\/pro\/wp-json\/wp\/v2\/product\/2701","targetHints":{"allow":["GET"]}}],"collection":[{"href":"https:\/\/tehronmachines.ro\/pro\/wp-json\/wp\/v2\/product"}],"about":[{"href":"https:\/\/tehronmachines.ro\/pro\/wp-json\/wp\/v2\/types\/product"}],"replies":[{"embeddable":true,"href":"https:\/\/tehronmachines.ro\/pro\/wp-json\/wp\/v2\/comments?post=2701"}],"wp:featuredmedia":[{"embeddable":true,"href":"https:\/\/tehronmachines.ro\/pro\/wp-json\/wp\/v2\/media\/2702"}],"wp:attachment":[{"href":"https:\/\/tehronmachines.ro\/pro\/wp-json\/wp\/v2\/media?parent=2701"}],"wp:term":[{"taxonomy":"product_cat","embeddable":true,"href":"https:\/\/tehronmachines.ro\/pro\/wp-json\/wp\/v2\/product_cat?post=2701"},{"taxonomy":"product_tag","embeddable":true,"href":"https:\/\/tehronmachines.ro\/pro\/wp-json\/wp\/v2\/product_tag?post=2701"}],"curies":[{"name":"wp","href":"https:\/\/api.w.org\/{rel}","templated":true}]}}