{"id":2668,"date":"2023-11-09T19:41:49","date_gmt":"2023-11-09T16:41:49","guid":{"rendered":"https:\/\/tehronmachines.ro\/pro\/?post_type=product&#038;p=2668"},"modified":"2024-11-20T12:28:57","modified_gmt":"2024-11-20T09:28:57","slug":"sapator-de-santuri-stehr-sgf-1300","status":"publish","type":"product","link":"https:\/\/tehronmachines.ro\/pro\/produs\/sapator-de-santuri-stehr-sgf-1300\/","title":{"rendered":"S\u0103p\u0103tor de \u0219an\u021buri STEHR SGF 1300"},"content":{"rendered":"<h2><span style=\"color: #3366ff\">Avantaje:<\/span><\/h2>\n<ul>\n<li>Frez\u0103 de \u0219an\u021buri ata\u0219at\u0103 ca roat\u0103 de t\u0103iere pentru tractoare<\/li>\n<li>Mai economic \u0219i mai puternic dec\u00e2t o frez\u0103 autopropulsat\u0103<\/li>\n<li>Pere\u021bi exac\u021bi ai \u0219an\u021burilor<\/li>\n<li>Ac\u021bionare direct\u0103 prin intermediul arborelui de transmisie, cuplu extrem de mare<\/li>\n<li>Uzur\u0103 mai mic\u0103 dec\u00e2t \u00een cazul unui lan\u021b de frezare<\/li>\n<li>Dalt\u0103 cu tij\u0103 rotund\u0103, acela\u0219i sistem ca \u0219i freza pentru asfalt<\/li>\n<\/ul>\n<h2><span style=\"color: #3366ff\">Eficien\u021b\u0103:<\/span><\/h2>\n<ul>\n<li>Eficien\u021ba energetic\u0103 ridicat\u0103<\/li>\n<li>Consumul economic de combustibil \u0219i emisiile reduse de poluan\u021bi \u0219i de zgomot joac\u0103 \u00eentotdeauna un rol important \u00een cazul ma\u0219inilor Stehr.<\/li>\n<li>Cu peste 50% mai pu\u021bin combustibil necesar \u00een compara\u021bie cu ma\u0219inile conven\u021bionale, amortizarea vine doar din economiile de combustibil.<\/li>\n<\/ul>\n<h2><span style=\"color: #3366ff\">Compara\u021bie produse:<\/span><\/h2>\n<p><a href=\"https:\/\/i0.wp.com\/tehronmachines.ro\/pro\/wp-content\/uploads\/2023\/11\/image-20.png?ssl=1\"><img data-recalc-dims=\"1\" loading=\"lazy\" decoding=\"async\" class=\"wp-image-2656 alignnone \" src=\"https:\/\/i0.wp.com\/tehronmachines.ro\/pro\/wp-content\/uploads\/2023\/11\/image-20.png?resize=1129%2C222&#038;ssl=1\" alt=\"\" width=\"1129\" height=\"222\" srcset=\"https:\/\/i0.wp.com\/tehronmachines.ro\/pro\/wp-content\/uploads\/2023\/11\/image-20.png?w=980&amp;ssl=1 980w, https:\/\/i0.wp.com\/tehronmachines.ro\/pro\/wp-content\/uploads\/2023\/11\/image-20.png?resize=300%2C59&amp;ssl=1 300w, https:\/\/i0.wp.com\/tehronmachines.ro\/pro\/wp-content\/uploads\/2023\/11\/image-20.png?resize=768%2C151&amp;ssl=1 768w, https:\/\/i0.wp.com\/tehronmachines.ro\/pro\/wp-content\/uploads\/2023\/11\/image-20.png?resize=600%2C118&amp;ssl=1 600w\" sizes=\"auto, (max-width: 1129px) 100vw, 1129px\" \/><\/a><\/p>\n<p>&nbsp;<\/p>\n<p>&nbsp;<\/p>\n<div class=\"epyt-video-wrapper\"><iframe loading=\"lazy\"  style=\"display: block; margin: 0px auto;\"  id=\"_ytid_12738\"  width=\"400\" height=\"300\"  data-origwidth=\"400\" data-origheight=\"300\"  data-relstop=\"1\" src=\"https:\/\/www.youtube.com\/embed\/z7fvNNWWzpA?enablejsapi=1&autoplay=0&cc_load_policy=1&cc_lang_pref=&iv_load_policy=3&loop=0&rel=0&fs=1&playsinline=0&autohide=2&theme=dark&color=red&controls=1&disablekb=0&\" class=\"__youtube_prefs__  no-lazyload\" title=\"YouTube player\"  allow=\"fullscreen; accelerometer; autoplay; clipboard-write; encrypted-media; gyroscope; picture-in-picture; web-share\" referrerpolicy=\"strict-origin-when-cross-origin\" allowfullscreen data-no-lazy=\"1\" data-skipgform_ajax_framebjll=\"\"><\/iframe><\/div>\n<h4 style=\"text-align: center\">&#8211; Prezentare STEHR SGF 600 &#8211;<\/h4>\n<p>&nbsp;<\/p>\n<p>Imaginile au caracter orientativ!<\/p>\n<p>&nbsp;<\/p>\n<p>Pre\u021burile nu includ TVA!<\/p>\n<p>&nbsp;<\/p>\n","protected":false},"excerpt":{"rendered":"<h3><strong>S\u0103p\u0103tor de \u0219an\u021buri STEHR SGF 1300<\/strong><\/h3>\n<p>&nbsp;<\/p>\n<p>Ad\u00e2ncimea de frezare: 1350 mm<br \/>\nL\u0103\u021bimea de frezare: 350 mm<br \/>\nGreutate: 5.460 kg<\/p>\n","protected":false},"featured_media":2670,"comment_status":"open","ping_status":"closed","template":"","meta":{"_acf_changed":false,"_exactmetrics_skip_tracking":false,"_exactmetrics_sitenote_active":false,"_exactmetrics_sitenote_note":"","_exactmetrics_sitenote_category":0,"_monsterinsights_skip_tracking":false,"_monsterinsights_sitenote_active":false,"_monsterinsights_sitenote_note":"","_monsterinsights_sitenote_category":0,"neve_meta_sidebar":"","neve_meta_container":"","neve_meta_enable_content_width":"off","neve_meta_content_width":100,"neve_meta_title_alignment":"","neve_meta_author_avatar":"","neve_post_elements_order":"","neve_meta_disable_header":"","neve_meta_disable_footer":"","neve_meta_disable_title":"","jetpack_post_was_ever_published":false,"jetpack_publicize_message":"","jetpack_publicize_feature_enabled":true,"jetpack_social_post_already_shared":true,"jetpack_social_options":{"image_generator_settings":{"template":"highway","default_image_id":0,"font":"","enabled":false},"version":2}},"product_cat":[998,1028,1099,27,1039],"product_tag":[289,335,844,840,337,842,211],"class_list":{"0":"post-2668","1":"product","2":"type-product","3":"status-publish","4":"has-post-thumbnail","6":"product_brand-stehr-germania","7":"product_cat-constructii","8":"product_cat-lucrari-comunale-municipale","9":"product_cat-masina-de-sapat-santuri","10":"product_cat-masini-si-utilaje","11":"product_cat-sapator-de-santuri","12":"product_tag-lucrari-comunale","13":"product_tag-pto","14":"product_tag-sapator-de-santuri","15":"product_tag-stehr","16":"product_tag-tractor","17":"product_tag-utilaje-noi","18":"product_tag-utilaje-profesionale","20":"first","21":"onbackorder","22":"taxable","23":"shipping-taxable","24":"product-type-simple"},"acf":[],"aioseo_notices":[],"jetpack_publicize_connections":[],"jetpack-related-posts":[],"jetpack_likes_enabled":true,"jetpack_sharing_enabled":true,"_links":{"self":[{"href":"https:\/\/tehronmachines.ro\/pro\/wp-json\/wp\/v2\/product\/2668","targetHints":{"allow":["GET"]}}],"collection":[{"href":"https:\/\/tehronmachines.ro\/pro\/wp-json\/wp\/v2\/product"}],"about":[{"href":"https:\/\/tehronmachines.ro\/pro\/wp-json\/wp\/v2\/types\/product"}],"replies":[{"embeddable":true,"href":"https:\/\/tehronmachines.ro\/pro\/wp-json\/wp\/v2\/comments?post=2668"}],"wp:featuredmedia":[{"embeddable":true,"href":"https:\/\/tehronmachines.ro\/pro\/wp-json\/wp\/v2\/media\/2670"}],"wp:attachment":[{"href":"https:\/\/tehronmachines.ro\/pro\/wp-json\/wp\/v2\/media?parent=2668"}],"wp:term":[{"taxonomy":"product_cat","embeddable":true,"href":"https:\/\/tehronmachines.ro\/pro\/wp-json\/wp\/v2\/product_cat?post=2668"},{"taxonomy":"product_tag","embeddable":true,"href":"https:\/\/tehronmachines.ro\/pro\/wp-json\/wp\/v2\/product_tag?post=2668"}],"curies":[{"name":"wp","href":"https:\/\/api.w.org\/{rel}","templated":true}]}}