{"id":2614,"date":"2023-10-31T01:46:09","date_gmt":"2023-10-30T22:46:09","guid":{"rendered":"https:\/\/tehronmachines.ro\/pro\/?post_type=product&#038;p=2614"},"modified":"2024-11-20T12:18:18","modified_gmt":"2024-11-20T09:18:18","slug":"mulcer-tocator-de-resturi-vegetale-fara-colectare-seppi-microforst-rc","status":"publish","type":"product","link":"https:\/\/tehronmachines.ro\/pro\/produs\/mulcer-tocator-de-resturi-vegetale-fara-colectare-seppi-microforst-rc\/","title":{"rendered":"Mulcer \u2013 toc\u0103tor de resturi vegetale \u2013 far\u0103 colectare Seppi MICROFORST rc"},"content":{"rendered":"<h3><span style=\"color: #ff0000\">VERSIUNEA STANDARD<\/span><\/h3>\n<p>Mulci de lemn de p\u00e2n\u0103 la 15 cm [5.9&#8243;] \u00d8<br \/>\nToc\u0103torul pentru vehicule radiocomandate \u0219i telecomandate de 30-80 CP<br \/>\nRotor cu cioc\u0103nele cu inser\u021bii de CARBUR\u0102 de tungsten MINI DUO<br \/>\nSuport de ciocan anti-uzur\u0103<br \/>\n\u0218asiu fabricat din o\u021bel rezistent la uzur\u0103 AR400<br \/>\nInterfa\u021b\u0103 universal\u0103 de ata\u0219are<br \/>\nTransmisie cu curea &#8211; preg\u0103tit\u0103 pentru transmisie cu motor hidraulic la alegere<br \/>\nCapot\u0103 cu ac\u021bionare hidraulic\u0103<br \/>\nProtec\u021bie frontal\u0103 cu clapet\u0103 din cauciuc<br \/>\nPatine de sprijin \u00eent\u0103rite, reglabile \u00een \u00een\u0103l\u021bime<br \/>\nCulori: ro\u0219u RAL3020 &#8211; c\u0103rbune RAL7021<\/p>\n<h3>\n<span style=\"color: #ff0000\">OP\u021aIUNI<\/span><\/h3>\n<p>Plac\u0103 de interfa\u021b\u0103 pentru MDB LV600<br \/>\nPlac\u0103 de interfa\u021b\u0103 pentru ENERGREEN ROBOMAX<br \/>\nCadru mecanic de ghidoane<br \/>\nMotor cu cilindree variabil\u0103 22-45 cm\u00b3 cu supap\u0103 anticavitare<br \/>\nMotor cu piston cu supap\u0103 de sp\u0103lare<\/p>\n<p>&nbsp;<\/p>\n<p><!--StartFragment--><\/p>\n<p><!--StartFragment--><\/p>\n<p><!--StartFragment--><\/p>\n<p><!--StartFragment-->Imaginile au caracter orientativ!<\/p>\n<p>&nbsp;<\/p>\n<p>Pre\u021burile nu includ TVA!<\/p>\n","protected":false},"excerpt":{"rendered":"<p>Mulcer \u2013 toc\u0103tor de resturi vegetale \u2013 far\u0103 colectare Seppi MICROFORST rc<\/p>\n","protected":false},"featured_media":2615,"comment_status":"open","ping_status":"closed","template":"","meta":{"_acf_changed":false,"_exactmetrics_skip_tracking":false,"_exactmetrics_sitenote_active":false,"_exactmetrics_sitenote_note":"","_exactmetrics_sitenote_category":0,"_monsterinsights_skip_tracking":false,"_monsterinsights_sitenote_active":false,"_monsterinsights_sitenote_note":"","_monsterinsights_sitenote_category":0,"neve_meta_sidebar":"","neve_meta_container":"","neve_meta_enable_content_width":"off","neve_meta_content_width":100,"neve_meta_title_alignment":"","neve_meta_author_avatar":"","neve_post_elements_order":"","neve_meta_disable_header":"","neve_meta_disable_footer":"","neve_meta_disable_title":"","jetpack_post_was_ever_published":false,"jetpack_publicize_message":"","jetpack_publicize_feature_enabled":true,"jetpack_social_post_already_shared":true,"jetpack_social_options":{"image_generator_settings":{"template":"highway","default_image_id":0,"font":"","enabled":false},"version":2}},"product_cat":[1022,996,27,1027,101],"product_tag":[314,311,116,332,41,210,312,826,827],"class_list":{"0":"post-2614","1":"product","2":"type-product","3":"status-publish","4":"has-post-thumbnail","6":"product_brand-bolzano-italia","7":"product_cat-curatenie","8":"product_cat-gospodarie-gradinarit","9":"product_cat-masini-si-utilaje","10":"product_cat-tocatoare-de-crengi","11":"product_cat-tocatoare-de-crengi-gospodarie-gradinarit","12":"product_tag-curatat-teren","13":"product_tag-freza-de-cioate","14":"product_tag-masini","15":"product_tag-mulcer","16":"product_tag-peisagistica","17":"product_tag-profesional","18":"product_tag-seppi","19":"product_tag-seppim","20":"product_tag-utilaje-purtate","22":"first","23":"onbackorder","24":"taxable","25":"shipping-taxable","26":"product-type-simple"},"acf":[],"aioseo_notices":[],"jetpack_publicize_connections":[],"jetpack-related-posts":[],"jetpack_likes_enabled":true,"jetpack_sharing_enabled":true,"_links":{"self":[{"href":"https:\/\/tehronmachines.ro\/pro\/wp-json\/wp\/v2\/product\/2614","targetHints":{"allow":["GET"]}}],"collection":[{"href":"https:\/\/tehronmachines.ro\/pro\/wp-json\/wp\/v2\/product"}],"about":[{"href":"https:\/\/tehronmachines.ro\/pro\/wp-json\/wp\/v2\/types\/product"}],"replies":[{"embeddable":true,"href":"https:\/\/tehronmachines.ro\/pro\/wp-json\/wp\/v2\/comments?post=2614"}],"wp:featuredmedia":[{"embeddable":true,"href":"https:\/\/tehronmachines.ro\/pro\/wp-json\/wp\/v2\/media\/2615"}],"wp:attachment":[{"href":"https:\/\/tehronmachines.ro\/pro\/wp-json\/wp\/v2\/media?parent=2614"}],"wp:term":[{"taxonomy":"product_cat","embeddable":true,"href":"https:\/\/tehronmachines.ro\/pro\/wp-json\/wp\/v2\/product_cat?post=2614"},{"taxonomy":"product_tag","embeddable":true,"href":"https:\/\/tehronmachines.ro\/pro\/wp-json\/wp\/v2\/product_tag?post=2614"}],"curies":[{"name":"wp","href":"https:\/\/api.w.org\/{rel}","templated":true}]}}