{"id":2611,"date":"2023-10-31T01:41:33","date_gmt":"2023-10-30T22:41:33","guid":{"rendered":"https:\/\/tehronmachines.ro\/pro\/?post_type=product&#038;p=2611"},"modified":"2024-11-20T12:20:23","modified_gmt":"2024-11-20T09:20:23","slug":"mulcer-tocator-de-resturi-vegetale-cu-colectare-seppi-midiforst-drago","status":"publish","type":"product","link":"https:\/\/tehronmachines.ro\/pro\/produs\/mulcer-tocator-de-resturi-vegetale-cu-colectare-seppi-midiforst-drago\/","title":{"rendered":"Mulcer \u2013 toc\u0103tor de resturi vegetale \u2013 cu colectare Seppi MIDIFORST drago"},"content":{"rendered":"<h3><span style=\"color: #ff0000\">APLICA\u021aII:<\/span><\/h3>\n<p>Colectarea de materiale pentru producerea de energie<br \/>\nCur\u0103\u021barea terenului pentru replantare<br \/>\nColectarea de biomas\u0103 pentru compostare<br \/>\nCur\u0103\u021barea mediului \u00een zonele urbane<\/p>\n<h3>\n<span style=\"color: #ff0000\">MIDIFORST drago &#8211; VERSIUNE STANDARD:<\/span><\/h3>\n<p>Mulcereaz\u0103 lemnul p\u00e2n\u0103 la 15 cm [6&#8243;] \u00d8<br \/>\nRotor elicoidal cu o combina\u021bie de fulgii SMW \u0219i ciocane fixe CARBIDE MINI DUO<br \/>\nVitez\u0103 de lucru 0-5 km\/h<br \/>\nBand\u0103 transportoare din cauciuc<br \/>\nJgheab rezistent la uzur\u0103, reglabil hidraulic<br \/>\nReglare hidraulic\u0103 a \u00een\u0103l\u021bimii deflectorului de jgheab<br \/>\nToboganul aerodinamic transport\u0103 materialul uscat \u0219i, de asemenea, umed \u00een cantit\u0103\u021bi mari spre partea superioar\u0103 pentru o desc\u0103rcare eficient\u0103<br \/>\nHidraulic spate \u00een 3 puncte ISO cat. 2 central fix<br \/>\nTransmisie cu curea lateral\u0103 dubl\u0103<br \/>\nArbore de intrare 1 3\/4&#8243; Z=6<br \/>\nCutie de viteze de 1000 rpm cu roat\u0103 liber\u0103<br \/>\nBar\u0103 de trac\u021biune \/ c\u00e2rlig de remorc\u0103 cu \u00een\u0103l\u021bime reglabil\u0103<br \/>\nCilindru de sus\u021binere<br \/>\nCapot\u0103 spate reglabil\u0103 cu greble variabile<br \/>\nProtec\u021bie frontal\u0103 cu lan\u021buri<br \/>\nCulori: ro\u0219u RAL3020 &amp; c\u0103rbune RAL7021<\/p>\n<h3>\n<span style=\"color: #ff0000\">OP\u021aIUNI<\/span><\/h3>\n<p>Arbore de transmisie PTO<br \/>\nChevron<\/p>\n<p>&nbsp;<\/p>\n<p><!--StartFragment--><\/p>\n<p><!--StartFragment--><\/p>\n<p><!--StartFragment--><\/p>\n<p><!--StartFragment-->Imaginile au caracter orientativ!<\/p>\n<p>&nbsp;<\/p>\n<p>Pre\u021burile nu includ TVA!<\/p>\n","protected":false},"excerpt":{"rendered":"<p>Mulcer \u2013 toc\u0103tor de resturi vegetale \u2013 cu colectare Seppi MIDIFORST drago<\/p>\n","protected":false},"featured_media":2612,"comment_status":"open","ping_status":"closed","template":"","meta":{"_acf_changed":false,"_exactmetrics_skip_tracking":false,"_exactmetrics_sitenote_active":false,"_exactmetrics_sitenote_note":"","_exactmetrics_sitenote_category":0,"_monsterinsights_skip_tracking":false,"_monsterinsights_sitenote_active":false,"_monsterinsights_sitenote_note":"","_monsterinsights_sitenote_category":0,"neve_meta_sidebar":"","neve_meta_container":"","neve_meta_enable_content_width":"off","neve_meta_content_width":100,"neve_meta_title_alignment":"","neve_meta_author_avatar":"","neve_post_elements_order":"","neve_meta_disable_header":"","neve_meta_disable_footer":"","neve_meta_disable_title":"","jetpack_post_was_ever_published":false,"jetpack_publicize_message":"","jetpack_publicize_feature_enabled":true,"jetpack_social_post_already_shared":true,"jetpack_social_options":{"image_generator_settings":{"template":"highway","default_image_id":0,"font":"","enabled":false},"version":2}},"product_cat":[1022,996,27,101,1027],"product_tag":[334,314,311,116,836,332,41,210,312,826,827],"class_list":{"0":"post-2611","1":"product","2":"type-product","3":"status-publish","4":"has-post-thumbnail","6":"product_brand-bolzano-italia","7":"product_cat-curatenie","8":"product_cat-gospodarie-gradinarit","9":"product_cat-masini-si-utilaje","10":"product_cat-tocatoare-de-crengi-gospodarie-gradinarit","11":"product_cat-tocatoare-de-crengi","12":"product_tag-colectare","13":"product_tag-curatat-teren","14":"product_tag-freza-de-cioate","15":"product_tag-masini","16":"product_tag-midiforst","17":"product_tag-mulcer","18":"product_tag-peisagistica","19":"product_tag-profesional","20":"product_tag-seppi","21":"product_tag-seppim","22":"product_tag-utilaje-purtate","24":"first","25":"onbackorder","26":"taxable","27":"shipping-taxable","28":"product-type-simple"},"acf":[],"aioseo_notices":[],"jetpack_publicize_connections":[],"jetpack-related-posts":[],"jetpack_likes_enabled":true,"jetpack_sharing_enabled":true,"_links":{"self":[{"href":"https:\/\/tehronmachines.ro\/pro\/wp-json\/wp\/v2\/product\/2611","targetHints":{"allow":["GET"]}}],"collection":[{"href":"https:\/\/tehronmachines.ro\/pro\/wp-json\/wp\/v2\/product"}],"about":[{"href":"https:\/\/tehronmachines.ro\/pro\/wp-json\/wp\/v2\/types\/product"}],"replies":[{"embeddable":true,"href":"https:\/\/tehronmachines.ro\/pro\/wp-json\/wp\/v2\/comments?post=2611"}],"wp:featuredmedia":[{"embeddable":true,"href":"https:\/\/tehronmachines.ro\/pro\/wp-json\/wp\/v2\/media\/2612"}],"wp:attachment":[{"href":"https:\/\/tehronmachines.ro\/pro\/wp-json\/wp\/v2\/media?parent=2611"}],"wp:term":[{"taxonomy":"product_cat","embeddable":true,"href":"https:\/\/tehronmachines.ro\/pro\/wp-json\/wp\/v2\/product_cat?post=2611"},{"taxonomy":"product_tag","embeddable":true,"href":"https:\/\/tehronmachines.ro\/pro\/wp-json\/wp\/v2\/product_tag?post=2611"}],"curies":[{"name":"wp","href":"https:\/\/api.w.org\/{rel}","templated":true}]}}