{"id":2608,"date":"2023-10-31T01:36:08","date_gmt":"2023-10-30T22:36:08","guid":{"rendered":"https:\/\/tehronmachines.ro\/pro\/?post_type=product&#038;p=2608"},"modified":"2024-11-20T12:20:54","modified_gmt":"2024-11-20T09:20:54","slug":"mulcer-tocator-de-resturi-vegetale-fara-colectare-seppi-miniforst-dt-pick-up","status":"publish","type":"product","link":"https:\/\/tehronmachines.ro\/pro\/produs\/mulcer-tocator-de-resturi-vegetale-fara-colectare-seppi-miniforst-dt-pick-up\/","title":{"rendered":"Mulcer \u2013 toc\u0103tor de resturi vegetale \u2013 fara colectare Seppi MINIFORST dt pick-up"},"content":{"rendered":"<h3><span style=\"color: #ff0000\">CELE MAI FRECVENTE DOMENII DE UTILIZARE<\/span><\/h3>\n<p>Culturi de citrice<br \/>\nPlanta\u021bii de m\u0103slini<br \/>\nCulturi de migdale \u0219i nuci<\/p>\n<h3>\n<span style=\"color: #ff0000\">Pick-up MINIFORST &#8211; VERSIUNE STANDARD<\/span><\/h3>\n<p>Mulce\u0219te lemnul cu diametrul de p\u00e2n\u0103 la 20 cm [8&#8243;] \u00d8 \u0219i, ocazional, cu diametre mai mari<br \/>\nRIC- Rotor cu t\u0103iere prin interferen\u021b\u0103 radial\u0103 cu ciocane SUPER MONO TIP cu v\u00e2rf din carbur\u0103 de tungsten<br \/>\n4 r\u00e2nduri de contracu\u021bite temperate \u00eenlocuibile<br \/>\nVitez\u0103 de lucru 0-7 km\/h<br \/>\nHidraulic spate ISO cu 3 puncte de leg\u0103tur\u0103, cat. fix central ISO. 2 (numai pentru ma\u0219inile \u00eempinse)<br \/>\nCutie de viteze de 540 rpm cu roat\u0103 liber\u0103 \u0219i arbore trec\u0103tor<br \/>\nArbore de intrare 1 3\/8&#8243; Z=6<br \/>\nTransmisie cu 5 curele<br \/>\nCapot\u0103 hidraulic\u0103 cu rotor de preluare, include motor \u0219i sistem hidraulic cu control al debitului<br \/>\nRotor de preluare ac\u021bionat de sistemul hidraulic al tractorului; debit hidraulic necesar: 20 l\/min [5,3 gpm].<br \/>\nPatine de sus\u021binere, reglabile \u00een \u00een\u0103l\u021bime<br \/>\nRole de sus\u021binere cu ro\u021bi metalice zim\u021bate, reglabile \u00een \u00een\u0103l\u021bime<br \/>\nCulori: ro\u0219u RAL3020 \u0219i c\u0103rbune RAL7021<\/p>\n<h3>\n<span style=\"color: #ff0000\">OP\u021aIUNI<\/span><\/h3>\n<p>Arbore de ac\u021bionare a prizei de for\u021b\u0103<br \/>\nHidraulic ISO \u00een 3 puncte de leg\u0103tur\u0103 cu cat. fix central ISO. 1 &amp; 2<br \/>\nAta\u0219ament frontal<br \/>\nKit pick-up inferior: cadru cu pick-uprotor inferior, patine adaptate, motor\u0219i sistem hidraulic cu divizor de debit \u0219i manometru pentru un control u\u0219or al mi\u0219c\u0103rii pick-up-ului<br \/>\nCutie de viteze de 1000 rpm<br \/>\nRo\u021bi de gabarit din cauciuc \u00een loc de role<\/p>\n<p>&nbsp;<\/p>\n<p><!--StartFragment--><\/p>\n<p><!--StartFragment--><\/p>\n<p><!--StartFragment--><\/p>\n<p><!--StartFragment-->Imaginile au caracter orientativ!<\/p>\n<p>&nbsp;<\/p>\n<p>Pre\u021burile nu includ TVA!<\/p>\n","protected":false},"excerpt":{"rendered":"<p>Mulcer \u2013 toc\u0103tor de resturi vegetale \u2013 fara colectare Seppi MINIFORST dt pick-up<\/p>\n","protected":false},"featured_media":2609,"comment_status":"open","ping_status":"closed","template":"","meta":{"_acf_changed":false,"_exactmetrics_skip_tracking":false,"_exactmetrics_sitenote_active":false,"_exactmetrics_sitenote_note":"","_exactmetrics_sitenote_category":0,"_monsterinsights_skip_tracking":false,"_monsterinsights_sitenote_active":false,"_monsterinsights_sitenote_note":"","_monsterinsights_sitenote_category":0,"neve_meta_sidebar":"","neve_meta_container":"","neve_meta_enable_content_width":"off","neve_meta_content_width":100,"neve_meta_title_alignment":"","neve_meta_author_avatar":"","neve_post_elements_order":"","neve_meta_disable_header":"","neve_meta_disable_footer":"","neve_meta_disable_title":"","jetpack_post_was_ever_published":false,"jetpack_publicize_message":"","jetpack_publicize_feature_enabled":true,"jetpack_social_post_already_shared":true,"jetpack_social_options":{"image_generator_settings":{"template":"highway","default_image_id":0,"font":"","enabled":false},"version":2}},"product_cat":[1022,996,1028,997,27,101,1027,1030,1005],"product_tag":[314,311,116,332,41,210,312,826,827],"class_list":{"0":"post-2608","1":"product","2":"type-product","3":"status-publish","4":"has-post-thumbnail","6":"product_brand-bolzano-italia","7":"product_cat-curatenie","8":"product_cat-gospodarie-gradinarit","9":"product_cat-lucrari-comunale-municipale","10":"product_cat-lucrari-de-peisagistica","11":"product_cat-masini-si-utilaje","12":"product_cat-tocatoare-de-crengi-gospodarie-gradinarit","13":"product_cat-tocatoare-de-crengi","14":"product_cat-tocatoare-de-crengi-lucrari-comunale-municipale","15":"product_cat-tocatoare-de-crengi-diam-4-40-cm","16":"product_tag-curatat-teren","17":"product_tag-freza-de-cioate","18":"product_tag-masini","19":"product_tag-mulcer","20":"product_tag-peisagistica","21":"product_tag-profesional","22":"product_tag-seppi","23":"product_tag-seppim","24":"product_tag-utilaje-purtate","26":"first","27":"onbackorder","28":"taxable","29":"shipping-taxable","30":"product-type-simple"},"acf":[],"aioseo_notices":[],"jetpack_publicize_connections":[],"jetpack-related-posts":[],"jetpack_likes_enabled":true,"jetpack_sharing_enabled":true,"_links":{"self":[{"href":"https:\/\/tehronmachines.ro\/pro\/wp-json\/wp\/v2\/product\/2608","targetHints":{"allow":["GET"]}}],"collection":[{"href":"https:\/\/tehronmachines.ro\/pro\/wp-json\/wp\/v2\/product"}],"about":[{"href":"https:\/\/tehronmachines.ro\/pro\/wp-json\/wp\/v2\/types\/product"}],"replies":[{"embeddable":true,"href":"https:\/\/tehronmachines.ro\/pro\/wp-json\/wp\/v2\/comments?post=2608"}],"wp:featuredmedia":[{"embeddable":true,"href":"https:\/\/tehronmachines.ro\/pro\/wp-json\/wp\/v2\/media\/2609"}],"wp:attachment":[{"href":"https:\/\/tehronmachines.ro\/pro\/wp-json\/wp\/v2\/media?parent=2608"}],"wp:term":[{"taxonomy":"product_cat","embeddable":true,"href":"https:\/\/tehronmachines.ro\/pro\/wp-json\/wp\/v2\/product_cat?post=2608"},{"taxonomy":"product_tag","embeddable":true,"href":"https:\/\/tehronmachines.ro\/pro\/wp-json\/wp\/v2\/product_tag?post=2608"}],"curies":[{"name":"wp","href":"https:\/\/api.w.org\/{rel}","templated":true}]}}