{"id":2602,"date":"2023-10-31T01:13:54","date_gmt":"2023-10-30T22:13:54","guid":{"rendered":"https:\/\/tehronmachines.ro\/pro\/?post_type=product&#038;p=2602"},"modified":"2024-11-20T12:21:40","modified_gmt":"2024-11-20T09:21:40","slug":"mulcer-tocator-de-resturi-vegetale-fara-colectare-seppi-smo-pick-up","status":"publish","type":"product","link":"https:\/\/tehronmachines.ro\/pro\/produs\/mulcer-tocator-de-resturi-vegetale-fara-colectare-seppi-smo-pick-up\/","title":{"rendered":"Mulcer \u2013 toc\u0103tor de resturi vegetale \u2013 fara colectare Seppi SMO pick-up"},"content":{"rendered":"<h3><span style=\"color: #ff0000\">VERSIUNE STANDARD<\/span><\/h3>\n<p>Mulce\u0219te iarba, resturile de t\u0103iere \u0219i lemnul de 3 cm [1,2&#8243;] \u00d8 \u0219i ocazional p\u00e2n\u0103 la 7 cm [2,8&#8243;] \u00d8<br \/>\nVitez\u0103 de lucru 3-5 km\/h<br \/>\nKit modular de preluare inferioar\u0103 pentru alimentarea cu material cu gril\u0103 \u0219i cu rotor de preluare<br \/>\nRotor pick-up ac\u021bionat de sistemul hidraulic al tractorului &#8211; Debit hidraulic necesar: 20 l\/min [5,3 gpm]<br \/>\nAta\u0219ament ISO \u00een 3 puncte cu cat. fix central ISO. 1 \u0219i 2 &#8211; montat \u00een spate sau \u00een fa\u021b\u0103 sau cu trac\u021biune invers\u0103 pentru ma\u0219inile \u00eempinse<br \/>\n\u0218asiu fabricat din o\u021bel de \u00eenalt\u0103 rezisten\u021b\u0103 S420<br \/>\n2 r\u00e2nduri de contrafreze temperate<br \/>\nCutie de viteze 540 rpm cu invertor automat \u0219i roat\u0103 liber\u0103 dubl\u0103 pentru tractoare reversibile<br \/>\nArbore de intrare 1 3\/8&#8243; Z=6<br \/>\nCurele: 4<br \/>\nCilindru de sus\u021binere, reglabil \u00een \u00een\u0103l\u021bime, rulment \u0219i cilindru \u00eent\u0103rit<br \/>\nProtec\u021bie cu lan\u021buri<br \/>\nCuloare: ro\u0219u RAL 3020<\/p>\n<h3>\n<span style=\"color: #ff0000\">OP\u021aIUNI<\/span><\/h3>\n<p>Arbore de ac\u021bionare a prizei de for\u021b\u0103<br \/>\nCutie de viteze 1000 rpm cu invertor automat \u0219i roat\u0103 liber\u0103 dubl\u0103 pentru tractoare reversibile<br \/>\nGreble frontale<br \/>\nRo\u021bi cu gabarit din cauciuc<\/p>\n<p>&nbsp;<\/p>\n<p><!--StartFragment--><\/p>\n<p><!--StartFragment--><\/p>\n<p><!--StartFragment--><\/p>\n<p><!--StartFragment-->Imaginile au caracter orientativ!<\/p>\n<p>&nbsp;<\/p>\n<p>Pre\u021burile nu includ TVA!<\/p>\n","protected":false},"excerpt":{"rendered":"<p>Mulcer \u2013 toc\u0103tor de resturi vegetale \u2013 fara colectare Seppi SMO pick-up<\/p>\n","protected":false},"featured_media":2603,"comment_status":"open","ping_status":"closed","template":"","meta":{"_acf_changed":false,"_exactmetrics_skip_tracking":false,"_exactmetrics_sitenote_active":false,"_exactmetrics_sitenote_note":"","_exactmetrics_sitenote_category":0,"_monsterinsights_skip_tracking":false,"_monsterinsights_sitenote_active":false,"_monsterinsights_sitenote_note":"","_monsterinsights_sitenote_category":0,"neve_meta_sidebar":"","neve_meta_container":"","neve_meta_enable_content_width":"off","neve_meta_content_width":100,"neve_meta_title_alignment":"","neve_meta_author_avatar":"","neve_post_elements_order":"","neve_meta_disable_header":"","neve_meta_disable_footer":"","neve_meta_disable_title":"","jetpack_post_was_ever_published":false,"jetpack_publicize_message":"","jetpack_publicize_feature_enabled":true,"jetpack_social_post_already_shared":true,"jetpack_social_options":{"image_generator_settings":{"template":"highway","default_image_id":0,"font":"","enabled":false},"version":2}},"product_cat":[1022,996,1028,997,27,1030,1005,101,1027],"product_tag":[314,311,116,332,41,210,312,826,827],"class_list":{"0":"post-2602","1":"product","2":"type-product","3":"status-publish","4":"has-post-thumbnail","6":"product_brand-bolzano-italia","7":"product_cat-curatenie","8":"product_cat-gospodarie-gradinarit","9":"product_cat-lucrari-comunale-municipale","10":"product_cat-lucrari-de-peisagistica","11":"product_cat-masini-si-utilaje","12":"product_cat-tocatoare-de-crengi-lucrari-comunale-municipale","13":"product_cat-tocatoare-de-crengi-diam-4-40-cm","14":"product_cat-tocatoare-de-crengi-gospodarie-gradinarit","15":"product_cat-tocatoare-de-crengi","16":"product_tag-curatat-teren","17":"product_tag-freza-de-cioate","18":"product_tag-masini","19":"product_tag-mulcer","20":"product_tag-peisagistica","21":"product_tag-profesional","22":"product_tag-seppi","23":"product_tag-seppim","24":"product_tag-utilaje-purtate","26":"first","27":"onbackorder","28":"taxable","29":"shipping-taxable","30":"product-type-simple"},"acf":[],"aioseo_notices":[],"jetpack_publicize_connections":[],"jetpack-related-posts":[],"jetpack_likes_enabled":true,"jetpack_sharing_enabled":true,"_links":{"self":[{"href":"https:\/\/tehronmachines.ro\/pro\/wp-json\/wp\/v2\/product\/2602","targetHints":{"allow":["GET"]}}],"collection":[{"href":"https:\/\/tehronmachines.ro\/pro\/wp-json\/wp\/v2\/product"}],"about":[{"href":"https:\/\/tehronmachines.ro\/pro\/wp-json\/wp\/v2\/types\/product"}],"replies":[{"embeddable":true,"href":"https:\/\/tehronmachines.ro\/pro\/wp-json\/wp\/v2\/comments?post=2602"}],"wp:featuredmedia":[{"embeddable":true,"href":"https:\/\/tehronmachines.ro\/pro\/wp-json\/wp\/v2\/media\/2603"}],"wp:attachment":[{"href":"https:\/\/tehronmachines.ro\/pro\/wp-json\/wp\/v2\/media?parent=2602"}],"wp:term":[{"taxonomy":"product_cat","embeddable":true,"href":"https:\/\/tehronmachines.ro\/pro\/wp-json\/wp\/v2\/product_cat?post=2602"},{"taxonomy":"product_tag","embeddable":true,"href":"https:\/\/tehronmachines.ro\/pro\/wp-json\/wp\/v2\/product_tag?post=2602"}],"curies":[{"name":"wp","href":"https:\/\/api.w.org\/{rel}","templated":true}]}}