{"id":2600,"date":"2023-10-31T01:02:27","date_gmt":"2023-10-30T22:02:27","guid":{"rendered":"https:\/\/tehronmachines.ro\/pro\/?post_type=product&#038;p=2600"},"modified":"2024-11-20T12:21:52","modified_gmt":"2024-11-20T09:21:52","slug":"masina-de-erbicidat-seppi-xid","status":"publish","type":"product","link":"https:\/\/tehronmachines.ro\/pro\/produs\/masina-de-erbicidat-seppi-xid\/","title":{"rendered":"Ma\u0219in\u0103 de erbicidat SEPPI XID"},"content":{"rendered":"<p>Sistemul de pulverizare a erbicidului XID poate fi ad\u0103ugat la multe ma\u0219ini de tuns iarba \u0219i mulcere SEPPI. Duzele de \u00eenalt\u0103 precizie sunt prev\u0103zute cu direc\u021bie de pulverizare reglabil\u0103.<\/p>\n<h3><span style=\"color: #ff0000\">AVANTAJE:<\/span><\/h3>\n<p>Distruge buruienile \u00een timpul cre\u0219terii<br \/>\nEfecte de lung\u0103 durat\u0103<br \/>\nCosturi de operare reduse<\/p>\n<h3>\n<span style=\"color: #ff0000\">VERSIUNE STANDARD<\/span><\/h3>\n<p>Distruge buruienile \u00een timp ce cresc<br \/>\nRezervor 100 l<br \/>\nPomp\u0103 de 12 V (presiunea pompei reglabil\u0103)<br \/>\nManometru de presiune<br \/>\nDuze de pulverizare: 1 (simpl\u0103) sau 2 (dubl\u0103)<br \/>\nDuze cu direc\u021bie de pulverizare reglabil\u0103<br \/>\nTelecomand\u0103 electric\u0103 de la cabina tractorului (XID dublu: duza st\u00e2ng\u0103 \u0219i cea dreapt\u0103 sunt reglabile separat)<br \/>\nTij\u0103 cu arc sintetic reglabil\u0103 pentru a for\u021ba tulpinile de iarb\u0103 \u00een jos<\/p>\n<p>&nbsp;<\/p>\n<p><!--StartFragment--><\/p>\n<p><!--StartFragment--><\/p>\n<p><!--StartFragment--><\/p>\n<p><!--StartFragment-->Imaginile au caracter orientativ!<\/p>\n<p>&nbsp;<\/p>\n<p>Pre\u021burile nu includ TVA!<\/p>\n","protected":false},"excerpt":{"rendered":"<p>Ma\u0219in\u0103 de erbicidat SEPPI XID<\/p>\n","protected":false},"featured_media":2601,"comment_status":"open","ping_status":"closed","template":"","meta":{"_acf_changed":false,"_exactmetrics_skip_tracking":false,"_exactmetrics_sitenote_active":false,"_exactmetrics_sitenote_note":"","_exactmetrics_sitenote_category":0,"_monsterinsights_skip_tracking":false,"_monsterinsights_sitenote_active":false,"_monsterinsights_sitenote_note":"","_monsterinsights_sitenote_category":0,"neve_meta_sidebar":"","neve_meta_container":"","neve_meta_enable_content_width":"off","neve_meta_content_width":100,"neve_meta_title_alignment":"","neve_meta_author_avatar":"","neve_post_elements_order":"","neve_meta_disable_header":"","neve_meta_disable_footer":"","neve_meta_disable_title":"","jetpack_post_was_ever_published":false,"jetpack_publicize_message":"","jetpack_publicize_feature_enabled":true,"jetpack_social_post_already_shared":true,"jetpack_social_options":{"image_generator_settings":{"template":"highway","default_image_id":0,"font":"","enabled":false},"version":2}},"product_cat":[1088,1001,27],"product_tag":[346,314,41,832,210,312,826,827],"class_list":{"0":"post-2600","1":"product","2":"type-product","3":"status-publish","4":"has-post-thumbnail","6":"product_brand-bolzano-italia","7":"product_cat-atomizoare","8":"product_cat-diverse","9":"product_cat-masini-si-utilaje","10":"product_tag-accesoriu","11":"product_tag-curatat-teren","12":"product_tag-peisagistica","13":"product_tag-prindere-rapida","14":"product_tag-profesional","15":"product_tag-seppi","16":"product_tag-seppim","17":"product_tag-utilaje-purtate","19":"first","20":"onbackorder","21":"taxable","22":"shipping-taxable","23":"product-type-simple"},"acf":[],"aioseo_notices":[],"jetpack_publicize_connections":[],"jetpack-related-posts":[],"jetpack_likes_enabled":true,"jetpack_sharing_enabled":true,"_links":{"self":[{"href":"https:\/\/tehronmachines.ro\/pro\/wp-json\/wp\/v2\/product\/2600","targetHints":{"allow":["GET"]}}],"collection":[{"href":"https:\/\/tehronmachines.ro\/pro\/wp-json\/wp\/v2\/product"}],"about":[{"href":"https:\/\/tehronmachines.ro\/pro\/wp-json\/wp\/v2\/types\/product"}],"replies":[{"embeddable":true,"href":"https:\/\/tehronmachines.ro\/pro\/wp-json\/wp\/v2\/comments?post=2600"}],"wp:featuredmedia":[{"embeddable":true,"href":"https:\/\/tehronmachines.ro\/pro\/wp-json\/wp\/v2\/media\/2601"}],"wp:attachment":[{"href":"https:\/\/tehronmachines.ro\/pro\/wp-json\/wp\/v2\/media?parent=2600"}],"wp:term":[{"taxonomy":"product_cat","embeddable":true,"href":"https:\/\/tehronmachines.ro\/pro\/wp-json\/wp\/v2\/product_cat?post=2600"},{"taxonomy":"product_tag","embeddable":true,"href":"https:\/\/tehronmachines.ro\/pro\/wp-json\/wp\/v2\/product_tag?post=2600"}],"curies":[{"name":"wp","href":"https:\/\/api.w.org\/{rel}","templated":true}]}}