{"id":2593,"date":"2023-10-24T23:38:52","date_gmt":"2023-10-24T20:38:52","guid":{"rendered":"https:\/\/tehronmachines.ro\/pro\/?post_type=product&#038;p=2593"},"modified":"2024-11-20T12:22:12","modified_gmt":"2024-11-20T09:22:12","slug":"perie-de-buruieni-seppi-xdf","status":"publish","type":"product","link":"https:\/\/tehronmachines.ro\/pro\/produs\/perie-de-buruieni-seppi-xdf\/","title":{"rendered":"Perie de buruieni SEPPI XDF"},"content":{"rendered":"<p>Peria de buruieni SEPPI XDF cu corzi din fibr\u0103 cu cuplaj rapid hidraulic poate fi montat\u0103 cu u\u0219urin\u021b\u0103 prin sistemul de cuplaj rapid 2-FAST la ma\u0219ina de tuns iarba sau la tractor cu ajutorul suportului de accesorii PORT-X. Corzile din fibre ale periei de buruieni SEPPI XDF cosesc iarba dintre trunchiuri \u0219i vi\u021ba de vie; impact delicat f\u0103r\u0103 a deteriora vi\u021ba de vie \u0219i scoar\u021ba acesteia. Bobin\u0103 integrat\u0103 pentru reajustarea periei de \ufb01br\u0103. Bumper reglabil. Vitez\u0103 de lucru 1-5 km\/h.<\/p>\n<p>Debit pentru transmisia direct\u0103 40 l\/min [10 gpm].<\/p>\n<p>&nbsp;<\/p>\n<h3><span style=\"color: #ff0000\">Avantaje:<\/span><\/h3>\n<p>Tunde iarba dintre trunchiuri \u0219i vi\u021ba de vie.<br \/>\nEste posibil\u0103 o vitez\u0103 mare de ac\u021bionare<br \/>\nFunc\u021bioneaz\u0103 curat \u0219i nu provoac\u0103 daune (nu este necesar\u0103 o atingere sensibil\u0103)<br \/>\nDimensiuni:<br \/>\nL\u0103\u021bimea de lucru disponibil\u0103: 70 cm [28&#8243;]<br \/>\n\u00cen\u0103l\u021bime: 40 cm [16&#8243;]<br \/>\nUnghi de lucru: 15\u00b0 [12]<br \/>\nGreutate: 70 kg [154lb]<\/p>\n<h3><span style=\"color: #ff0000\">XDF &#8211; CARACTERISTICI<\/span><\/h3>\n<p>Perie de buruieni XDF cu cuplaj rapid pentru cuplarea 2-FAST cu un mulcher sau un suport de ata\u0219ament PORT-X<br \/>\nReteje\u0219te iarba dintre trunchiuri\u0219i vi\u021b\u0103 de vie;<br \/>\n\u00cen\u0103l\u021bime de lucru reglabil\u0103 manual<br \/>\nVitez\u0103 de lucru 4-6 km\/h<br \/>\nBara de protec\u021bie reglabil\u0103<br \/>\nCapot\u0103 de protec\u021bie \u00eempotriva impactului cu pietri\u0219ul<br \/>\nMaterial din fibr\u0103: Cordoane de fibr\u0103<br \/>\nCondi\u021bii ideale de lucru<br \/>\nLucru \u00eentre plante cu diametrul de cladire de cca. 2 cm [0,8&#8243;].<br \/>\nIerburi de p\u00e2n\u0103 la 1 cm [0,4&#8243;] diametru \u0219i 50 cm [20&#8243;] \u00een\u0103l\u021bime<br \/>\nRecomandat atunci c\u00e2nd scoar\u021barecomandat atunci c\u00e2nd scoar\u021batrebuie s\u0103 r\u0103m\u00e2n\u0103 c\u00e2t mai intact\u0103 posibil<\/p>\n<p>&nbsp;<\/p>\n<p><!--StartFragment--><\/p>\n<p>&nbsp;<\/p>\n<p><!--StartFragment--><\/p>\n<p><!--StartFragment--><\/p>\n<p><!--StartFragment--><\/p>\n<p><!--StartFragment-->Imaginile au caracter orientativ!<\/p>\n<p>&nbsp;<\/p>\n<p>Pre\u021burile nu includ TVA!<\/p>\n<p><!--EndFragment--><\/p>\n","protected":false},"excerpt":{"rendered":"<p>Perie de buruieni SEPPI XDF<\/p>\n","protected":false},"featured_media":2594,"comment_status":"closed","ping_status":"closed","template":"","meta":{"_acf_changed":false,"_exactmetrics_skip_tracking":false,"_exactmetrics_sitenote_active":false,"_exactmetrics_sitenote_note":"","_exactmetrics_sitenote_category":0,"_monsterinsights_skip_tracking":false,"_monsterinsights_sitenote_active":false,"_monsterinsights_sitenote_note":"","_monsterinsights_sitenote_category":0,"neve_meta_sidebar":"","neve_meta_container":"","neve_meta_enable_content_width":"off","neve_meta_content_width":100,"neve_meta_title_alignment":"","neve_meta_author_avatar":"","neve_post_elements_order":"","neve_meta_disable_header":"","neve_meta_disable_footer":"","neve_meta_disable_title":"","jetpack_post_was_ever_published":false,"jetpack_publicize_message":"","jetpack_publicize_feature_enabled":true,"jetpack_social_post_already_shared":true,"jetpack_social_options":{"image_generator_settings":{"template":"highway","default_image_id":0,"font":"","enabled":false},"version":2}},"product_cat":[1022,27,1025],"product_tag":[346,314,41,832,210,312,826,827],"class_list":{"0":"post-2593","1":"product","2":"type-product","3":"status-publish","4":"has-post-thumbnail","6":"product_brand-bolzano-italia","7":"product_cat-curatenie","8":"product_cat-masini-si-utilaje","9":"product_cat-maturi-si-perii-motorizate-curatenie","10":"product_tag-accesoriu","11":"product_tag-curatat-teren","12":"product_tag-peisagistica","13":"product_tag-prindere-rapida","14":"product_tag-profesional","15":"product_tag-seppi","16":"product_tag-seppim","17":"product_tag-utilaje-purtate","19":"first","20":"onbackorder","21":"taxable","22":"shipping-taxable","23":"product-type-simple"},"acf":[],"aioseo_notices":[],"jetpack_publicize_connections":[],"jetpack-related-posts":[],"jetpack_likes_enabled":true,"jetpack_sharing_enabled":true,"_links":{"self":[{"href":"https:\/\/tehronmachines.ro\/pro\/wp-json\/wp\/v2\/product\/2593","targetHints":{"allow":["GET"]}}],"collection":[{"href":"https:\/\/tehronmachines.ro\/pro\/wp-json\/wp\/v2\/product"}],"about":[{"href":"https:\/\/tehronmachines.ro\/pro\/wp-json\/wp\/v2\/types\/product"}],"replies":[{"embeddable":true,"href":"https:\/\/tehronmachines.ro\/pro\/wp-json\/wp\/v2\/comments?post=2593"}],"wp:featuredmedia":[{"embeddable":true,"href":"https:\/\/tehronmachines.ro\/pro\/wp-json\/wp\/v2\/media\/2594"}],"wp:attachment":[{"href":"https:\/\/tehronmachines.ro\/pro\/wp-json\/wp\/v2\/media?parent=2593"}],"wp:term":[{"taxonomy":"product_cat","embeddable":true,"href":"https:\/\/tehronmachines.ro\/pro\/wp-json\/wp\/v2\/product_cat?post=2593"},{"taxonomy":"product_tag","embeddable":true,"href":"https:\/\/tehronmachines.ro\/pro\/wp-json\/wp\/v2\/product_tag?post=2593"}],"curies":[{"name":"wp","href":"https:\/\/api.w.org\/{rel}","templated":true}]}}