{"id":2590,"date":"2023-10-24T23:33:27","date_gmt":"2023-10-24T20:33:27","guid":{"rendered":"https:\/\/tehronmachines.ro\/pro\/?post_type=product&#038;p=2590"},"modified":"2024-11-20T12:22:23","modified_gmt":"2024-11-20T09:22:23","slug":"dispozitiv-de-indepartare-a-lastarilor-seppi-xsp","status":"publish","type":"product","link":"https:\/\/tehronmachines.ro\/pro\/produs\/dispozitiv-de-indepartare-a-lastarilor-seppi-xsp\/","title":{"rendered":"Dispozitiv de \u00eendep\u0103rtare a l\u0103st\u0103rilor Seppi XSP"},"content":{"rendered":"<p>Dispozitivul de \u00eendep\u0103rtare a l\u0103starilor XSP\u2122 cu cuplaj rapid hidraulic poate fi montat cu u\u0219urin\u021b\u0103 prin sistemul de cuplaj rapid2-FAST\u2122 la ma\u0219ina de tuns iarba sau la tractor cu ajutorul suportului de accesorii PORT-X\u2122. Periile dispozitivului de \u00eendep\u0103rtare a l\u0103starilor XSP\u2122 cur\u0103\u021b\u0103 trunchiul \u0219i \u00eendep\u0103rteaz\u0103 l\u0103starii, ventuzele \u0219i iarba de pe sol.<\/p>\n<h3><span style=\"color: #ff0000\">AVANTAJE<\/span><\/h3>\n<p>Cur\u0103\u021b\u0103 trunchiul \u0219i solul<br \/>\nEste posibil\u0103 o vitez\u0103 mare de ac\u021bionare<br \/>\nFunc\u021bioneaz\u0103 curat \u0219i nu provoac\u0103 daune (nu este necesar\u0103 o atingere sensibil\u0103)<br \/>\nDimensiuni:<br \/>\nL\u0103\u021bimea de lucru disponibil\u0103: 60 cm [24&#8243;]<br \/>\n\u00cen\u0103l\u021bime: 50 cm [20&#8243;]<br \/>\nUnghi de lucru: 15\u00b0 [12]<\/p>\n<h3>\n<span style=\"color: #ff0000\">CARACTERISTICI<\/span><\/h3>\n<p>\u00cendep\u0103rt\u0103tor de \u00eempu\u0219c\u0103turi cu cuplaj rapid pentru sistemul de leg\u0103tur\u0103 2-FAST\u2122.<br \/>\nCur\u0103\u021b\u0103 trunchiul \u0219i solul<br \/>\n\u00cen\u0103l\u021bime de lucru reglabil\u0103 manual<br \/>\nVitez\u0103 de lucru 1-5 km\/h<br \/>\nArc de atingere reglabil<br \/>\nBara de protec\u021bie<br \/>\nCapot\u0103 de protec\u021bie<br \/>\nMaterialul fibrei: Nylon<br \/>\nLungimea fibrei: 20 cm [7,9&#8243;]<br \/>\nCondi\u021bii ideale de lucru<br \/>\nLucrul \u00eentre plante cu diametrul de cladire de cca. 2 cm [0,8&#8243;].<br \/>\nIerburi de p\u00e2n\u0103 la 1 cm [0,4&#8243;] diametru \u0219i 50 cm [20&#8243;] \u00een\u0103l\u021bime<\/p>\n<p>&nbsp;<\/p>\n<p><!--StartFragment-->&nbsp;<\/p>\n<p><!--StartFragment--><\/p>\n<p><!--StartFragment--><\/p>\n<p><!--StartFragment--><\/p>\n<p><!--StartFragment-->Imaginile au caracter orientativ!<\/p>\n<p>&nbsp;<\/p>\n<p>Pre\u021burile nu includ TVA!<\/p>\n<p><!--EndFragment--><\/p>\n","protected":false},"excerpt":{"rendered":"<p>Dispozitiv de \u00eendep\u0103rtare a l\u0103st\u0103rilor Seppi XSP<\/p>\n","protected":false},"featured_media":2591,"comment_status":"open","ping_status":"closed","template":"","meta":{"_acf_changed":false,"_exactmetrics_skip_tracking":false,"_exactmetrics_sitenote_active":false,"_exactmetrics_sitenote_note":"","_exactmetrics_sitenote_category":0,"_monsterinsights_skip_tracking":false,"_monsterinsights_sitenote_active":false,"_monsterinsights_sitenote_note":"","_monsterinsights_sitenote_category":0,"neve_meta_sidebar":"","neve_meta_container":"","neve_meta_enable_content_width":"off","neve_meta_content_width":100,"neve_meta_title_alignment":"","neve_meta_author_avatar":"","neve_post_elements_order":"","neve_meta_disable_header":"","neve_meta_disable_footer":"","neve_meta_disable_title":"","jetpack_post_was_ever_published":false,"jetpack_publicize_message":"","jetpack_publicize_feature_enabled":true,"jetpack_social_post_already_shared":true,"jetpack_social_options":{"image_generator_settings":{"template":"highway","default_image_id":0,"font":"","enabled":false},"version":2}},"product_cat":[1022,27,1025],"product_tag":[314,835,41,832,210,312,826,827],"class_list":{"0":"post-2590","1":"product","2":"type-product","3":"status-publish","4":"has-post-thumbnail","6":"product_brand-bolzano-italia","7":"product_cat-curatenie","8":"product_cat-masini-si-utilaje","9":"product_cat-maturi-si-perii-motorizate-curatenie","10":"product_tag-curatat-teren","11":"product_tag-lastari","12":"product_tag-peisagistica","13":"product_tag-prindere-rapida","14":"product_tag-profesional","15":"product_tag-seppi","16":"product_tag-seppim","17":"product_tag-utilaje-purtate","19":"first","20":"onbackorder","21":"taxable","22":"shipping-taxable","23":"product-type-simple"},"acf":[],"aioseo_notices":[],"jetpack_publicize_connections":[],"jetpack-related-posts":[],"jetpack_likes_enabled":true,"jetpack_sharing_enabled":true,"_links":{"self":[{"href":"https:\/\/tehronmachines.ro\/pro\/wp-json\/wp\/v2\/product\/2590","targetHints":{"allow":["GET"]}}],"collection":[{"href":"https:\/\/tehronmachines.ro\/pro\/wp-json\/wp\/v2\/product"}],"about":[{"href":"https:\/\/tehronmachines.ro\/pro\/wp-json\/wp\/v2\/types\/product"}],"replies":[{"embeddable":true,"href":"https:\/\/tehronmachines.ro\/pro\/wp-json\/wp\/v2\/comments?post=2590"}],"wp:featuredmedia":[{"embeddable":true,"href":"https:\/\/tehronmachines.ro\/pro\/wp-json\/wp\/v2\/media\/2591"}],"wp:attachment":[{"href":"https:\/\/tehronmachines.ro\/pro\/wp-json\/wp\/v2\/media?parent=2590"}],"wp:term":[{"taxonomy":"product_cat","embeddable":true,"href":"https:\/\/tehronmachines.ro\/pro\/wp-json\/wp\/v2\/product_cat?post=2590"},{"taxonomy":"product_tag","embeddable":true,"href":"https:\/\/tehronmachines.ro\/pro\/wp-json\/wp\/v2\/product_tag?post=2590"}],"curies":[{"name":"wp","href":"https:\/\/api.w.org\/{rel}","templated":true}]}}