{"id":2580,"date":"2023-10-24T23:14:45","date_gmt":"2023-10-24T20:14:45","guid":{"rendered":"https:\/\/tehronmachines.ro\/pro\/?post_type=product&#038;p=2580"},"modified":"2024-11-20T12:23:53","modified_gmt":"2024-11-20T09:23:53","slug":"accesoriu-pentru-conectarea-rapida-a-mulcerelor-seppi-port-x-direct","status":"publish","type":"product","link":"https:\/\/tehronmachines.ro\/pro\/produs\/accesoriu-pentru-conectarea-rapida-a-mulcerelor-seppi-port-x-direct\/","title":{"rendered":"Accesoriu pentru conectarea rapida a mulcerelor, Seppi Port X direct"},"content":{"rendered":"<p>PORT-X este un suport pentru echipamente (cu leg\u0103tur\u0103 \u00een 3 puncte pentru tractoare cu priz\u0103 de for\u021b\u0103) cu un sistem modular de cuplare rapid\u0103 pentru ata\u0219area de accesorii pentru \u00eentre\u021binerea sub coronament \u00een livezi \u0219i podgorii.<br \/>\nPORT-X direct &#8211; Suport de interfa\u021b\u0103 f\u0103r\u0103 circuit hidraulic autonom pentru conectarea direct\u0103 la sistemul hidraulic al tractorului.<br \/>\nPORT-X &#8211; Suport de interfa\u021b\u0103 cu circuit hidraulic autonom<br \/>\nTransportorul de accesorii PORT-X\u2122 este echipat cu o leg\u0103tur\u0103 spate \u00een 3 puncte, ro\u021bi de sprijin \u0219i sistemul de cuplare rapid\u0103 2-FAST\u2122.<br \/>\nTransportatorul poate fi echipat cu module de accesorii u\u0219or de schimbat pentru \u00eentre\u021binerea sub copertin\u0103. Deplasarea lateral\u0103 hidraulic\u0103 permite ajustarea telescopic\u0103 a distan\u021bei de lucru \u00eentre r\u00e2ndurile de cre\u0219tere.<\/p>\n<p>Configura\u021bia de baz\u0103 include 1 sau 2 (model dublu) module interschimbabile la alegere. Modulele suplimentare pot fi comandate suplimentar.<\/p>\n<p>Module compatibile \u0219i interschimbabile sub coperi\u0219 &#8211; versiune simpl\u0103 sau dubl\u0103:<\/p>\n<p>XSC &#8211; outrigger pentru cosirea \u00eentre r\u00e2nduri.<br \/>\nXSA &#8211; cultivator pentru eradicarea buruienilor<br \/>\nXSP &#8211; \u00eendep\u0103rtarea l\u0103starilor<br \/>\nXAN &#8211; m\u0103tur\u0103tor<\/p>\n<h3>\n<span style=\"color: #ff0000\">Caracteristici PORT-X\u2122 direct<\/span><\/h3>\n<p>Purt\u0103tor de accesorii PORT-X\u2122 F\u0102R\u0102 circuit hidraulic autonom cu sistem de cuplare rapid\u0103<br \/>\nPresiunea uleiului: 180-250 bar (2.600-3.600 psi), debit hidraulic necesar: 40-50 l\/min (10,6-13,2 gpm)<br \/>\nAta\u0219ament spate \u00een 3 puncte 1 \u0219i 2 cat.<br \/>\nReglarea hidraulic\u0103 telescopic\u0103 a l\u0103\u021bimii de lucru<br \/>\nToucher cu mecanism de revenire cu arc<br \/>\nMecanism flotant pentru XSC \u0219i XSA<br \/>\nRo\u021bi de sus\u021binere<br \/>\nTelecomand\u0103 electric\u0103<\/p>\n<h3><span style=\"color: #ff0000\">Caracteristici PORT-X\u2122 hyd<\/span><\/h3>\n<p>Purt\u0103tor de accesorii PORT-X cu circuit hidraulic autonom cu sistem de cuplare rapid\u0103<br \/>\nPotrivit pentru tractoare de la 25 la 60 CP<br \/>\nCutie de viteze: 540 rpm<br \/>\nCircuit hidraulic autonom<br \/>\nPORT-X dublu cu r\u0103citor de ulei<br \/>\nAta\u0219ament spate \u00een 3 puncte 1 \u0219i 2 cat.<br \/>\nReglare hidraulic\u0103 telescopic\u0103 a l\u0103\u021bimii de lucru<br \/>\nToucher cu mecanism de revenire cu arc<br \/>\nMecanism flotant pentru XSC \u0219i XSA<br \/>\nRo\u021bi de sus\u021binere<br \/>\nTelecomand\u0103 electric\u0103<\/p>\n<p>&nbsp;<\/p>\n<p><!--StartFragment-->&nbsp;<\/p>\n<p><!--StartFragment--><\/p>\n<p><!--StartFragment--><\/p>\n<p><!--StartFragment-->Imaginile au caracter orientativ!<\/p>\n<p>&nbsp;<\/p>\n<p>Pre\u021burile nu includ TVA!<\/p>\n<p><!--EndFragment--><\/p>\n","protected":false},"excerpt":{"rendered":"<p>Accesoriu pentru conectarea rapida a mulcerelor, Seppi Port X direct<\/p>\n","protected":false},"featured_media":2582,"comment_status":"open","ping_status":"closed","template":"","meta":{"_acf_changed":false,"_exactmetrics_skip_tracking":false,"_exactmetrics_sitenote_active":false,"_exactmetrics_sitenote_note":"","_exactmetrics_sitenote_category":0,"_monsterinsights_skip_tracking":false,"_monsterinsights_sitenote_active":false,"_monsterinsights_sitenote_note":"","_monsterinsights_sitenote_category":0,"neve_meta_sidebar":"","neve_meta_container":"","neve_meta_enable_content_width":"off","neve_meta_content_width":100,"neve_meta_title_alignment":"","neve_meta_author_avatar":"","neve_post_elements_order":"","neve_meta_disable_header":"","neve_meta_disable_footer":"","neve_meta_disable_title":"","jetpack_publicize_message":"","jetpack_publicize_feature_enabled":true,"jetpack_social_post_already_shared":true,"jetpack_social_options":{"image_generator_settings":{"template":"highway","default_image_id":0,"font":"","enabled":false},"version":2}},"product_cat":[1084,1085,1001,27],"product_tag":[346,314,41,832,210,312,826,827],"class_list":{"0":"post-2580","1":"product","2":"type-product","3":"status-publish","4":"has-post-thumbnail","6":"product_brand-bolzano-italia","7":"product_cat-accesorii","8":"product_cat-cuple-adaptoare","9":"product_cat-diverse","10":"product_cat-masini-si-utilaje","11":"product_tag-accesoriu","12":"product_tag-curatat-teren","13":"product_tag-peisagistica","14":"product_tag-prindere-rapida","15":"product_tag-profesional","16":"product_tag-seppi","17":"product_tag-seppim","18":"product_tag-utilaje-purtate","20":"first","21":"onbackorder","22":"taxable","23":"shipping-taxable","24":"product-type-simple"},"acf":[],"aioseo_notices":[],"jetpack_publicize_connections":[],"jetpack-related-posts":[],"jetpack_likes_enabled":true,"jetpack_sharing_enabled":true,"_links":{"self":[{"href":"https:\/\/tehronmachines.ro\/pro\/wp-json\/wp\/v2\/product\/2580","targetHints":{"allow":["GET"]}}],"collection":[{"href":"https:\/\/tehronmachines.ro\/pro\/wp-json\/wp\/v2\/product"}],"about":[{"href":"https:\/\/tehronmachines.ro\/pro\/wp-json\/wp\/v2\/types\/product"}],"replies":[{"embeddable":true,"href":"https:\/\/tehronmachines.ro\/pro\/wp-json\/wp\/v2\/comments?post=2580"}],"wp:featuredmedia":[{"embeddable":true,"href":"https:\/\/tehronmachines.ro\/pro\/wp-json\/wp\/v2\/media\/2582"}],"wp:attachment":[{"href":"https:\/\/tehronmachines.ro\/pro\/wp-json\/wp\/v2\/media?parent=2580"}],"wp:term":[{"taxonomy":"product_cat","embeddable":true,"href":"https:\/\/tehronmachines.ro\/pro\/wp-json\/wp\/v2\/product_cat?post=2580"},{"taxonomy":"product_tag","embeddable":true,"href":"https:\/\/tehronmachines.ro\/pro\/wp-json\/wp\/v2\/product_tag?post=2580"}],"curies":[{"name":"wp","href":"https:\/\/api.w.org\/{rel}","templated":true}]}}