{"id":2577,"date":"2023-10-24T23:02:11","date_gmt":"2023-10-24T20:02:11","guid":{"rendered":"https:\/\/tehronmachines.ro\/pro\/?post_type=product&#038;p=2577"},"modified":"2024-11-20T12:25:09","modified_gmt":"2024-11-20T09:25:09","slug":"mulcer-tocator-de-resturi-vegetale-seppi-l9-flex","status":"publish","type":"product","link":"https:\/\/tehronmachines.ro\/pro\/produs\/mulcer-tocator-de-resturi-vegetale-seppi-l9-flex\/","title":{"rendered":"Mulcer \u2013 toc\u0103tor de resturi vegetale \u2013 Seppi L9 flex"},"content":{"rendered":"<p>L\u0103\u021bimea de lucru disponibil\u0103: 225, 250, 275 cm [89&#8243;, 98&#8243;, 108&#8243;].<\/p>\n<h3><span style=\"color: #ff0000\">L9 flex &#8211; VERSIUNE STANDARD<\/span><\/h3>\n<p>Mulce\u0219te iarba \u0219i arbu\u0219tii cu un diametru de p\u00e2n\u0103 la 9 cm [3,5&#8243;] \u00d8<br \/>\nVitez\u0103 de lucru 3 -10 km\/h<br \/>\nSistem anticoliziune FLEX-SAFE<br \/>\nPozi\u021bionare hidraulic\u0103 de la +90\u00b0 la -60\u00b0.<br \/>\nDeplasare lateral\u0103 paralel\u0103 hidraulic\u0103 107 cm [42&#8243;] spre dreapta<br \/>\n\u0218asiu fabricat din o\u021bel de \u00eenalt\u0103 rezisten\u021b\u0103 S420 cu pl\u0103ci de uzur\u0103 interne \u00eenlocuibile<br \/>\n2 r\u00e2nduri de contrafreze \u00eenlocuite \u0219i c\u0103lcate cu tempera de \u00eenlocuire<br \/>\nSuspensie SPACE LINK pentru adaptarea la contururi<br \/>\nCutie de viteze 540 rpm<br \/>\nArbore de intrare 1 3\/8&#8243; Z=6<br \/>\nTransmisie cu 5 curele<br \/>\nCilindru de sus\u021binere sub unitatea de baz\u0103,Cilindru de sus\u021binere sub unitatea de baz\u0103,Cilindru reglabil sub mulcher<br \/>\nProtec\u021bie spate cu clapet\u0103 de cauciuc<br \/>\nProtec\u021bie frontal\u0103 cu lan\u021buri<br \/>\nRacorduri hidraulice necesare: 2 cu ac\u021biune dubl\u0103<br \/>\nCulori: ro\u0219u RAL3020 \u0219i c\u0103rbune RAL7021<\/p>\n<h3>\n<span style=\"color: #ff0000\">OP\u021aIONALE<\/span><\/h3>\n<p>Arbore de ac\u021bionare a prizei de for\u021b\u0103 cu unghi larg dublu<br \/>\nCutie de viteze 750 rpm sau 1000 rpm<br \/>\nCapot\u0103 frontal\u0103 reglabil\u0103<br \/>\nR\u0103zuitor cu role<\/p>\n<p>&nbsp;<\/p>\n<p><!--StartFragment-->&nbsp;<\/p>\n<p><!--StartFragment--><\/p>\n<p><!--StartFragment--><\/p>\n<p><!--StartFragment-->Imaginile au caracter orientativ!<\/p>\n<p>&nbsp;<\/p>\n<p>Pre\u021burile nu includ TVA!<\/p>\n<p><!--EndFragment--><\/p>\n","protected":false},"excerpt":{"rendered":"<p>Mulcer \u2013 toc\u0103tor de resturi vegetale \u2013 Seppi L9 flex<\/p>\n","protected":false},"featured_media":2578,"comment_status":"open","ping_status":"closed","template":"","meta":{"_acf_changed":false,"_exactmetrics_skip_tracking":false,"_exactmetrics_sitenote_active":false,"_exactmetrics_sitenote_note":"","_exactmetrics_sitenote_category":0,"_monsterinsights_skip_tracking":false,"_monsterinsights_sitenote_active":false,"_monsterinsights_sitenote_note":"","_monsterinsights_sitenote_category":0,"neve_meta_sidebar":"","neve_meta_container":"","neve_meta_enable_content_width":"off","neve_meta_content_width":100,"neve_meta_title_alignment":"","neve_meta_author_avatar":"","neve_post_elements_order":"","neve_meta_disable_header":"","neve_meta_disable_footer":"","neve_meta_disable_title":"","jetpack_post_was_ever_published":false,"jetpack_publicize_message":"","jetpack_publicize_feature_enabled":true,"jetpack_social_post_already_shared":true,"jetpack_social_options":{"image_generator_settings":{"template":"highway","default_image_id":0,"font":"","enabled":false},"version":2}},"product_cat":[1022,996,1028,997,27,1005,1027,101,1030],"product_tag":[314,116,332,41,210,312,826,827],"class_list":{"0":"post-2577","1":"product","2":"type-product","3":"status-publish","4":"has-post-thumbnail","6":"product_brand-bolzano-italia","7":"product_cat-curatenie","8":"product_cat-gospodarie-gradinarit","9":"product_cat-lucrari-comunale-municipale","10":"product_cat-lucrari-de-peisagistica","11":"product_cat-masini-si-utilaje","12":"product_cat-tocatoare-de-crengi-diam-4-40-cm","13":"product_cat-tocatoare-de-crengi","14":"product_cat-tocatoare-de-crengi-gospodarie-gradinarit","15":"product_cat-tocatoare-de-crengi-lucrari-comunale-municipale","16":"product_tag-curatat-teren","17":"product_tag-masini","18":"product_tag-mulcer","19":"product_tag-peisagistica","20":"product_tag-profesional","21":"product_tag-seppi","22":"product_tag-seppim","23":"product_tag-utilaje-purtate","25":"first","26":"onbackorder","27":"taxable","28":"shipping-taxable","29":"product-type-simple"},"acf":[],"aioseo_notices":[],"jetpack_publicize_connections":[],"jetpack-related-posts":[],"jetpack_likes_enabled":true,"jetpack_sharing_enabled":true,"_links":{"self":[{"href":"https:\/\/tehronmachines.ro\/pro\/wp-json\/wp\/v2\/product\/2577","targetHints":{"allow":["GET"]}}],"collection":[{"href":"https:\/\/tehronmachines.ro\/pro\/wp-json\/wp\/v2\/product"}],"about":[{"href":"https:\/\/tehronmachines.ro\/pro\/wp-json\/wp\/v2\/types\/product"}],"replies":[{"embeddable":true,"href":"https:\/\/tehronmachines.ro\/pro\/wp-json\/wp\/v2\/comments?post=2577"}],"wp:featuredmedia":[{"embeddable":true,"href":"https:\/\/tehronmachines.ro\/pro\/wp-json\/wp\/v2\/media\/2578"}],"wp:attachment":[{"href":"https:\/\/tehronmachines.ro\/pro\/wp-json\/wp\/v2\/media?parent=2577"}],"wp:term":[{"taxonomy":"product_cat","embeddable":true,"href":"https:\/\/tehronmachines.ro\/pro\/wp-json\/wp\/v2\/product_cat?post=2577"},{"taxonomy":"product_tag","embeddable":true,"href":"https:\/\/tehronmachines.ro\/pro\/wp-json\/wp\/v2\/product_tag?post=2577"}],"curies":[{"name":"wp","href":"https:\/\/api.w.org\/{rel}","templated":true}]}}