{"id":2563,"date":"2023-10-24T19:16:37","date_gmt":"2023-10-24T16:16:37","guid":{"rendered":"https:\/\/tehronmachines.ro\/pro\/?post_type=product&#038;p=2563"},"modified":"2024-11-20T12:27:15","modified_gmt":"2024-11-20T09:27:15","slug":"mulcer-tocator-de-resturi-vegetale-seppi-smwa-multipla","status":"publish","type":"product","link":"https:\/\/tehronmachines.ro\/pro\/produs\/mulcer-tocator-de-resturi-vegetale-seppi-smwa-multipla\/","title":{"rendered":"Mulcer \u2013 toc\u0103tor de resturi vegetale \u2013 Seppi SMWA &#8211; multipla"},"content":{"rendered":"<p>L\u0103\u021bimea de lucru disponibil\u0103: 500, 600 cm [197&#8243;, 236&#8243;].<\/p>\n<h3><span style=\"color: #ff0000\">SMWA multipla &#8211; VERSIUNE STANDARD<\/span><\/h3>\n<p>Mulce\u0219te iarba \u0219i resturile de t\u0103iere p\u00e2n\u0103 la 5 cm [2&#8243;] \u00d8<br \/>\nVitez\u0103 de lucru 3-10 km\/h<br \/>\nMa\u0219in\u0103 tractat\u0103 cu cositor central \u0219i dou\u0103 cositoare cu aripi<br \/>\nMa\u0219in\u0103 central\u0103, pentru utilizare independent\u0103 cu: SMWA rev cf<br \/>\n\u0218asiu fabricat din o\u021bel de \u00eenalt\u0103 rezisten\u021b\u0103 S420<br \/>\nFiecare motocositoare cu 2 r\u00e2nduri de contracu\u021bite \u00eenlocuite \u0219i c\u0103lite<br \/>\nCutie de viteze 1000 rpm<br \/>\nArbore de intrare 1 3\/8&#8243; Z=6<br \/>\nTransmisie cu curea<br \/>\nCapot\u0103 spate reglabil\u0103 M-FLAP pentru a seta gradul de mulcire, cu protec\u021bie din cauciuc<br \/>\nCilindru de sus\u021binere, reglabil \u00een \u00een\u0103l\u021bime, rulment \u0219i cilindru \u00eent\u0103rit<br \/>\nAmbreiaj automat STOPSAFE\u2122 pentru a opri rotorul atunci c\u00e2nd o cositoare este ridicat\u0103 de la sol<br \/>\nSistem hidraulic prin intermediul tractorului<br \/>\nFunc\u021biile sistemului hidraulic cu supape electromagnetice \u0219i telecomand\u0103:<br \/>\n&#8211; ridicarea ma\u0219inii centrale, st\u00e2nga \u0219i dreapta<br \/>\n&#8211; reglarea \u00een\u0103l\u021bimii de t\u0103iere<br \/>\nProtec\u021bie frontal\u0103 cu clapete metalice<br \/>\nCulori: ro\u0219u RAL3020 \u0219i c\u0103rbune RAL7021<\/p>\n<h3>\n<span style=\"color: #ff0000\">OP\u021aIUNI<\/span><\/h3>\n<p>Arbore de transmisie PTO cu roat\u0103 liber\u0103 \u0219i unghi larg<br \/>\nRotor cu fulgii SML<br \/>\nRotor cu man\u0219oane cu cu\u021bite \u00een Y<br \/>\nKit de l\u0103mpi spate cu bar\u0103 anticoliziune<\/p>\n<p>&nbsp;<\/p>\n<p><!--StartFragment-->&nbsp;<\/p>\n<p><!--StartFragment--><\/p>\n<p><!--StartFragment-->Imaginile au caracter orientativ!<\/p>\n<p>&nbsp;<\/p>\n<p>Pre\u021burile nu includ TVA!<\/p>\n<p><!--EndFragment--><\/p>\n","protected":false},"excerpt":{"rendered":"<p>Mulcer \u2013 toc\u0103tor de resturi vegetale \u2013 Seppi SMWA &#8211; multipla<\/p>\n","protected":false},"featured_media":2564,"comment_status":"open","ping_status":"closed","template":"","meta":{"_acf_changed":false,"_exactmetrics_skip_tracking":false,"_exactmetrics_sitenote_active":false,"_exactmetrics_sitenote_note":"","_exactmetrics_sitenote_category":0,"_monsterinsights_skip_tracking":false,"_monsterinsights_sitenote_active":false,"_monsterinsights_sitenote_note":"","_monsterinsights_sitenote_category":0,"neve_meta_sidebar":"","neve_meta_container":"","neve_meta_enable_content_width":"off","neve_meta_content_width":100,"neve_meta_title_alignment":"","neve_meta_author_avatar":"","neve_post_elements_order":"","neve_meta_disable_header":"","neve_meta_disable_footer":"","neve_meta_disable_title":"","jetpack_post_was_ever_published":false,"jetpack_publicize_message":"","jetpack_publicize_feature_enabled":true,"jetpack_social_post_already_shared":true,"jetpack_social_options":{"image_generator_settings":{"template":"highway","default_image_id":0,"font":"","enabled":false},"version":2}},"product_cat":[1022,996,1028,997,27,1030,1005,101,1027],"product_tag":[314,311,116,332,41,210,312,826,827],"class_list":{"0":"post-2563","1":"product","2":"type-product","3":"status-publish","4":"has-post-thumbnail","6":"product_brand-bolzano-italia","7":"product_cat-curatenie","8":"product_cat-gospodarie-gradinarit","9":"product_cat-lucrari-comunale-municipale","10":"product_cat-lucrari-de-peisagistica","11":"product_cat-masini-si-utilaje","12":"product_cat-tocatoare-de-crengi-lucrari-comunale-municipale","13":"product_cat-tocatoare-de-crengi-diam-4-40-cm","14":"product_cat-tocatoare-de-crengi-gospodarie-gradinarit","15":"product_cat-tocatoare-de-crengi","16":"product_tag-curatat-teren","17":"product_tag-freza-de-cioate","18":"product_tag-masini","19":"product_tag-mulcer","20":"product_tag-peisagistica","21":"product_tag-profesional","22":"product_tag-seppi","23":"product_tag-seppim","24":"product_tag-utilaje-purtate","26":"first","27":"onbackorder","28":"taxable","29":"shipping-taxable","30":"product-type-simple"},"acf":[],"aioseo_notices":[],"jetpack_publicize_connections":[],"jetpack-related-posts":[],"jetpack_likes_enabled":true,"jetpack_sharing_enabled":true,"_links":{"self":[{"href":"https:\/\/tehronmachines.ro\/pro\/wp-json\/wp\/v2\/product\/2563","targetHints":{"allow":["GET"]}}],"collection":[{"href":"https:\/\/tehronmachines.ro\/pro\/wp-json\/wp\/v2\/product"}],"about":[{"href":"https:\/\/tehronmachines.ro\/pro\/wp-json\/wp\/v2\/types\/product"}],"replies":[{"embeddable":true,"href":"https:\/\/tehronmachines.ro\/pro\/wp-json\/wp\/v2\/comments?post=2563"}],"wp:featuredmedia":[{"embeddable":true,"href":"https:\/\/tehronmachines.ro\/pro\/wp-json\/wp\/v2\/media\/2564"}],"wp:attachment":[{"href":"https:\/\/tehronmachines.ro\/pro\/wp-json\/wp\/v2\/media?parent=2563"}],"wp:term":[{"taxonomy":"product_cat","embeddable":true,"href":"https:\/\/tehronmachines.ro\/pro\/wp-json\/wp\/v2\/product_cat?post=2563"},{"taxonomy":"product_tag","embeddable":true,"href":"https:\/\/tehronmachines.ro\/pro\/wp-json\/wp\/v2\/product_tag?post=2563"}],"curies":[{"name":"wp","href":"https:\/\/api.w.org\/{rel}","templated":true}]}}