{"id":2557,"date":"2023-10-24T19:07:11","date_gmt":"2023-10-24T16:07:11","guid":{"rendered":"https:\/\/tehronmachines.ro\/pro\/?post_type=product&#038;p=2557"},"modified":"2024-11-20T12:28:04","modified_gmt":"2024-11-20T09:28:04","slug":"mulcer-tocator-de-resturi-vegetale-seppi-wbs","status":"publish","type":"product","link":"https:\/\/tehronmachines.ro\/pro\/produs\/mulcer-tocator-de-resturi-vegetale-seppi-wbs\/","title":{"rendered":"Mulcer \u2013 toc\u0103tor de resturi vegetale \u2013 Seppi WBS"},"content":{"rendered":"<p>Toc\u0103toarele SEPPI WBS au o cutie de viteze foarte puternic\u0103 pentru tractoare de putere medie \u0219i mare \u0219i o protec\u021bie puternic\u0103 a curelei pentru lucr\u0103ri de \u00eenalt\u0103 performan\u021b\u0103.<\/p>\n<p>L\u0103\u021bime de lucru disponibil\u0103: 225, 250, 275, 300, 350 cm [89&#8243;, 98&#8243;, 108&#8243;, 118&#8243;, 138&#8243;].<\/p>\n<h3><span style=\"color: #ff0000\">WBS &#8211; VERSIUNE STANDARD<\/span><\/h3>\n<p>Toac\u0103 iarba, resturile de t\u0103iere \u0219i m\u0103r\u0103cini\u0219ul p\u00e2n\u0103 la 11 cm [4,3&#8243;] \u00d8<br \/>\nRotor elicoidal cu fulgii SMO<br \/>\nVitez\u0103 de lucru 3-10 km\/h<br \/>\nAta\u0219ament ISO \u00een 3 puncte cat. 2 reversibil &#8211; fa\u021b\u0103 \u0219i spate<br \/>\n\u0218asiu robust \u0219i \u00eent\u0103rit din o\u021bel de \u00eenalt\u0103 rezisten\u021b\u0103 S420<br \/>\n2 r\u00e2nduri de contracu\u021bite temperate<br \/>\nCutie de viteze de 1000 rpm cu roat\u0103 liber\u0103 \u0219i arbore de trecere<br \/>\nArbore de intrare 1 3\/8&#8243; Z=6<br \/>\n5 Transmisie cu curea<br \/>\nCapot\u0103 spate reglabil\u0103 M-FLAP pentru a seta gradul de mulcire, cu protec\u021bie din cauciuc<br \/>\nCilindru de sus\u021binere, reglabil pe \u00een\u0103l\u021bime, rulment \u0219i cilindru \u00eent\u0103rit<br \/>\nProtec\u021bie frontal\u0103: lan\u021buri<br \/>\nCulori: ro\u0219u RAL3020 &#8211; c\u0103rbune RAL7021<\/p>\n<h3>\n<span style=\"color: #ff0000\">OP\u021aIUNI<\/span><\/h3>\n<p>Arbore de transmisie<br \/>\nCutie de viteze de 540 rpm<br \/>\nAta\u0219ament frontal<br \/>\nKit de m\u0103run\u021bire fin\u0103<br \/>\nAta\u0219ament suplimentar \u00een 3 puncte<br \/>\nCapot\u0103 spate cu greble<\/p>\n<p>&nbsp;<\/p>\n<p><!--StartFragment-->&nbsp;<\/p>\n<p><!--StartFragment--><\/p>\n<p><!--StartFragment-->Imaginile au caracter orientativ!<\/p>\n<p>&nbsp;<\/p>\n<p>Pre\u021burile nu includ TVA!<\/p>\n<p><!--EndFragment--><\/p>\n","protected":false},"excerpt":{"rendered":"<p>Mulcer \u2013 toc\u0103tor de resturi vegetale \u2013 Seppi WBS<\/p>\n","protected":false},"featured_media":2558,"comment_status":"open","ping_status":"closed","template":"","meta":{"_acf_changed":false,"_exactmetrics_skip_tracking":false,"_exactmetrics_sitenote_active":false,"_exactmetrics_sitenote_note":"","_exactmetrics_sitenote_category":0,"_monsterinsights_skip_tracking":false,"_monsterinsights_sitenote_active":false,"_monsterinsights_sitenote_note":"","_monsterinsights_sitenote_category":0,"neve_meta_sidebar":"","neve_meta_container":"","neve_meta_enable_content_width":"off","neve_meta_content_width":100,"neve_meta_title_alignment":"","neve_meta_author_avatar":"","neve_post_elements_order":"","neve_meta_disable_header":"","neve_meta_disable_footer":"","neve_meta_disable_title":"","jetpack_post_was_ever_published":false,"jetpack_publicize_message":"","jetpack_publicize_feature_enabled":true,"jetpack_social_post_already_shared":true,"jetpack_social_options":{"image_generator_settings":{"template":"highway","default_image_id":0,"font":"","enabled":false},"version":2}},"product_cat":[1022,996,1028,997,27,1030,1005,101,1027],"product_tag":[314,311,116,332,41,210,312,826,827],"class_list":{"0":"post-2557","1":"product","2":"type-product","3":"status-publish","4":"has-post-thumbnail","6":"product_brand-bolzano-italia","7":"product_cat-curatenie","8":"product_cat-gospodarie-gradinarit","9":"product_cat-lucrari-comunale-municipale","10":"product_cat-lucrari-de-peisagistica","11":"product_cat-masini-si-utilaje","12":"product_cat-tocatoare-de-crengi-lucrari-comunale-municipale","13":"product_cat-tocatoare-de-crengi-diam-4-40-cm","14":"product_cat-tocatoare-de-crengi-gospodarie-gradinarit","15":"product_cat-tocatoare-de-crengi","16":"product_tag-curatat-teren","17":"product_tag-freza-de-cioate","18":"product_tag-masini","19":"product_tag-mulcer","20":"product_tag-peisagistica","21":"product_tag-profesional","22":"product_tag-seppi","23":"product_tag-seppim","24":"product_tag-utilaje-purtate","26":"first","27":"onbackorder","28":"taxable","29":"shipping-taxable","30":"product-type-simple"},"acf":[],"aioseo_notices":[],"jetpack_publicize_connections":[],"jetpack-related-posts":[],"jetpack_likes_enabled":true,"jetpack_sharing_enabled":true,"_links":{"self":[{"href":"https:\/\/tehronmachines.ro\/pro\/wp-json\/wp\/v2\/product\/2557","targetHints":{"allow":["GET"]}}],"collection":[{"href":"https:\/\/tehronmachines.ro\/pro\/wp-json\/wp\/v2\/product"}],"about":[{"href":"https:\/\/tehronmachines.ro\/pro\/wp-json\/wp\/v2\/types\/product"}],"replies":[{"embeddable":true,"href":"https:\/\/tehronmachines.ro\/pro\/wp-json\/wp\/v2\/comments?post=2557"}],"wp:featuredmedia":[{"embeddable":true,"href":"https:\/\/tehronmachines.ro\/pro\/wp-json\/wp\/v2\/media\/2558"}],"wp:attachment":[{"href":"https:\/\/tehronmachines.ro\/pro\/wp-json\/wp\/v2\/media?parent=2557"}],"wp:term":[{"taxonomy":"product_cat","embeddable":true,"href":"https:\/\/tehronmachines.ro\/pro\/wp-json\/wp\/v2\/product_cat?post=2557"},{"taxonomy":"product_tag","embeddable":true,"href":"https:\/\/tehronmachines.ro\/pro\/wp-json\/wp\/v2\/product_tag?post=2557"}],"curies":[{"name":"wp","href":"https:\/\/api.w.org\/{rel}","templated":true}]}}