{"id":2546,"date":"2023-10-23T20:22:36","date_gmt":"2023-10-23T17:22:36","guid":{"rendered":"https:\/\/tehronmachines.ro\/pro\/?post_type=product&#038;p=2546"},"modified":"2024-11-20T12:33:26","modified_gmt":"2024-11-20T09:33:26","slug":"mulcer-tocator-de-resturi-vegetale-seppi-s9-base","status":"publish","type":"product","link":"https:\/\/tehronmachines.ro\/pro\/produs\/mulcer-tocator-de-resturi-vegetale-seppi-s9-base\/","title":{"rendered":"Mulcer \u2013 toc\u0103tor de resturi vegetale \u2013 Seppi S9 base"},"content":{"rendered":"<p>Toc\u0103toarele S9 sunt potrivite pentru cele mai variate utiliz\u0103ri: \u00een agricultur\u0103 pentru livezi, gestionarea drepturilor de trecere, crearea de zone de protec\u021bie \u00eempotriva incendiilor, gestionarea vegeta\u021biei, \u00eentre\u021binerea drumurilor, cur\u0103\u021barea terenurilor \u0219i preg\u0103tirea terenurilor&#8230;<\/p>\n<p>L\u0103\u021bimea de lucru disponibil\u0103: 200, 225, 250, 275, 300 cm [79&#8243;, 89&#8243;, 98&#8243;, 108&#8243;, 118&#8243;].<\/p>\n<p>S9 base este posibil\u0103 \u0219i cu transmisie hidraulic\u0103 pentru \u00eenc\u0103rc\u0103tor hidraulic pe \u0219enile!<\/p>\n<h3><span style=\"color: #ff0000\">S9 base &#8211; VERSIUNE STANDARD<\/span><\/h3>\n<p>S9 base toac\u0103 iarba \u0219i resturile vegetale p\u00e2n\u0103 la 9 cm [3,5&#8243;] \u00d8<br \/>\nRotor elicoidal cu fulgii SMO<br \/>\nGrosimea peretelui rotorului: \u2264 250: 12,5 mm, \u2265 275: 16 mm<br \/>\nVitez\u0103 de lucru 3-10 km\/h<br \/>\n\u0218asiu fabricat din o\u021bel de \u00eenalt\u0103 rezisten\u021b\u0103 S420<br \/>\n\u0218asiu cu pl\u0103ci de uzur\u0103 interne \u00eenlocuibile<br \/>\nLeg\u0103tur\u0103 ISO \u00een 3 puncte cat. 2 central\u0103 fix\u0103 central\u0103 reversibil\u0103<br \/>\nCutie de viteze 1000 rpm cu roat\u0103 liber\u0103 \u0219i arbore trec\u0103tor<br \/>\nArbore de intrare 1 3\/8&#8243; Z=6<br \/>\nCilindru de sus\u021binere, reglabil pe \u00een\u0103l\u021bime, rulment \u0219i cilindru \u00eent\u0103rit<br \/>\n2 r\u00e2nduri de contracu\u021bite \u00eenlocuite \u0219i temperate<br \/>\nCapot\u0103 spate reglabil\u0103 M-FLAP pentru a seta gradul de mulcire, cu protec\u021bie din cauciuc<br \/>\nProtec\u021bie frontal\u0103 cu lan\u021buri<br \/>\nCulori: ro\u0219u RAL3020 &amp; c\u0103rbune RAL7021<\/p>\n<h3><span style=\"color: #ff0000\">OP\u021aIUNI<\/span><\/h3>\n<p>Arbore de transmisie PTO<br \/>\nCutie de viteze 540 rpm<br \/>\nCutie de viteze cu invertor automat pentru tractoare reversibile<br \/>\nCadru suplimentar de leg\u0103tur\u0103 \u00een 3 puncte<br \/>\nTransmisie hidraulic\u0103 pentru \u00eenc\u0103rc\u0103tor cu \u0219enile hidraulic<br \/>\nAta\u0219ament pentru \u00eenc\u0103rc\u0103tor hidraulic pe \u0219enile (deratizare pante)<br \/>\nRo\u021bi de cauciuc<\/p>\n<p>&nbsp;<\/p>\n<p><!--StartFragment--><\/p>\n<p><!--StartFragment--><\/p>\n<p><!--StartFragment-->Imaginile au caracter orientativ!<\/p>\n<p>&nbsp;<\/p>\n<p>Pre\u021burile nu includ TVA!<\/p>\n<p><!--EndFragment--><\/p>\n","protected":false},"excerpt":{"rendered":"<p>Mulcer \u2013 toc\u0103tor de resturi vegetale \u2013 Seppi S9 base<\/p>\n","protected":false},"featured_media":2547,"comment_status":"open","ping_status":"closed","template":"","meta":{"_acf_changed":false,"_exactmetrics_skip_tracking":false,"_exactmetrics_sitenote_active":false,"_exactmetrics_sitenote_note":"","_exactmetrics_sitenote_category":0,"_monsterinsights_skip_tracking":false,"_monsterinsights_sitenote_active":false,"_monsterinsights_sitenote_note":"","_monsterinsights_sitenote_category":0,"neve_meta_sidebar":"","neve_meta_container":"","neve_meta_enable_content_width":"off","neve_meta_content_width":100,"neve_meta_title_alignment":"","neve_meta_author_avatar":"","neve_post_elements_order":"","neve_meta_disable_header":"","neve_meta_disable_footer":"","neve_meta_disable_title":"","jetpack_post_was_ever_published":false,"jetpack_publicize_message":"","jetpack_publicize_feature_enabled":true,"jetpack_social_post_already_shared":true,"jetpack_social_options":{"image_generator_settings":{"template":"highway","default_image_id":0,"font":"","enabled":false},"version":2}},"product_cat":[1022,996,1028,997,27,1061,1041,1066,1030,1005,101,1027],"product_tag":[314,311,116,332,41,210,312,826,827],"class_list":{"0":"post-2546","1":"product","2":"type-product","3":"status-publish","4":"has-post-thumbnail","6":"product_brand-bolzano-italia","7":"product_cat-curatenie","8":"product_cat-gospodarie-gradinarit","9":"product_cat-lucrari-comunale-municipale","10":"product_cat-lucrari-de-peisagistica","11":"product_cat-masini-si-utilaje","12":"product_cat-recuperare-terenuri-post-exploatare","13":"product_cat-silvicultura-si-exploatari-forestiere","14":"product_cat-tocatoare-de-crengi-recuperare-terenuri-post-exploatare","15":"product_cat-tocatoare-de-crengi-lucrari-comunale-municipale","16":"product_cat-tocatoare-de-crengi-diam-4-40-cm","17":"product_cat-tocatoare-de-crengi-gospodarie-gradinarit","18":"product_cat-tocatoare-de-crengi","19":"product_tag-curatat-teren","20":"product_tag-freza-de-cioate","21":"product_tag-masini","22":"product_tag-mulcer","23":"product_tag-peisagistica","24":"product_tag-profesional","25":"product_tag-seppi","26":"product_tag-seppim","27":"product_tag-utilaje-purtate","29":"first","30":"onbackorder","31":"taxable","32":"shipping-taxable","33":"product-type-simple"},"acf":[],"aioseo_notices":[],"jetpack_publicize_connections":[],"jetpack-related-posts":[],"jetpack_likes_enabled":true,"jetpack_sharing_enabled":true,"_links":{"self":[{"href":"https:\/\/tehronmachines.ro\/pro\/wp-json\/wp\/v2\/product\/2546","targetHints":{"allow":["GET"]}}],"collection":[{"href":"https:\/\/tehronmachines.ro\/pro\/wp-json\/wp\/v2\/product"}],"about":[{"href":"https:\/\/tehronmachines.ro\/pro\/wp-json\/wp\/v2\/types\/product"}],"replies":[{"embeddable":true,"href":"https:\/\/tehronmachines.ro\/pro\/wp-json\/wp\/v2\/comments?post=2546"}],"wp:featuredmedia":[{"embeddable":true,"href":"https:\/\/tehronmachines.ro\/pro\/wp-json\/wp\/v2\/media\/2547"}],"wp:attachment":[{"href":"https:\/\/tehronmachines.ro\/pro\/wp-json\/wp\/v2\/media?parent=2546"}],"wp:term":[{"taxonomy":"product_cat","embeddable":true,"href":"https:\/\/tehronmachines.ro\/pro\/wp-json\/wp\/v2\/product_cat?post=2546"},{"taxonomy":"product_tag","embeddable":true,"href":"https:\/\/tehronmachines.ro\/pro\/wp-json\/wp\/v2\/product_tag?post=2546"}],"curies":[{"name":"wp","href":"https:\/\/api.w.org\/{rel}","templated":true}]}}