{"id":2543,"date":"2023-10-23T20:12:03","date_gmt":"2023-10-23T17:12:03","guid":{"rendered":"https:\/\/tehronmachines.ro\/pro\/?post_type=product&#038;p=2543"},"modified":"2024-11-20T12:33:49","modified_gmt":"2024-11-20T09:33:49","slug":"mulcer-tocator-de-resturi-vegetale-seppi-smwo","status":"publish","type":"product","link":"https:\/\/tehronmachines.ro\/pro\/produs\/mulcer-tocator-de-resturi-vegetale-seppi-smwo\/","title":{"rendered":"Mulcer \u2013 toc\u0103tor de resturi vegetale \u2013 Seppi SMWO"},"content":{"rendered":"<p>Seppi SMWO este o motocositoare compact\u0103 \u0219i versatil\u0103 pentru tractoare de la 30 la 90 CP, cu o schimbare lateral\u0103 hidraulic\u0103 mare. Deplasarea total\u0103 este de 62 cm [24&#8243;]. Este potrivit\u0103 pentru cosirea ierbii \u00eenalte, a prundi\u0219urilor \u0219i a tufi\u0219urilor u\u0219oare cu un diametru de p\u00e2n\u0103 la 5 cm [2&#8243;]. Este utilizat\u0103 de obicei \u00een livezi sau podgorii, dar \u0219i pe p\u0103\u0219uni \u0219i pentru \u00eentre\u021binerea peisajului.<br \/>\nL\u0103\u021bimea de lucru disponibil\u0103: 135, 145, 155 cm [53&#8243;, 57&#8243;, 61&#8243;].<\/p>\n<h3><span style=\"color: #ff0000\">VERSIUNE STANDARD<\/span><\/h3>\n<p>Mulce\u0219te iarba \u0219i t\u0103ierile de crengi de p\u00e2n\u0103 la 5 cm [2&#8243;] \u00d8<br \/>\nRotor elicoidal cu fulgii SMW<br \/>\nVitez\u0103 de lucru 3-10 km\/h<br \/>\nAta\u0219ament spate \u00een 3 puncte ISO cat. 1 &amp; 2<br \/>\nSchimbare lateral\u0103 a leg\u0103turii paralele P-SHIFT<br \/>\n\u0218asiu fabricat din o\u021bel de \u00eenalt\u0103 rezisten\u021b\u0103 S420<br \/>\nCutie de viteze 540 rpm cu roat\u0103 liber\u0103 \u0219i arbore trec\u0103tor<br \/>\nArbore de intrare 1 3\/8&#8243; Z=6<br \/>\nCurele: 3<br \/>\nCapot\u0103 spate reglabil\u0103 M-FLAP pentru a seta gradul de mulcire, cu protec\u021bie din cauciuc<br \/>\nCilindru de sus\u021binere \u00eent\u0103rit, reglabil pe \u00een\u0103l\u021bime cu 5 cm [2&#8243;]<br \/>\nProtec\u021bie frontal\u0103: clapete metalice<br \/>\nCulori: ro\u0219u RAL3020 &amp; c\u0103rbune RAL7021<\/p>\n<h3>\n<span style=\"color: #ff0000\">OP\u021aIUNI<\/span><\/h3>\n<p>Arbore de transmisie PTO<br \/>\nRotor cu cu\u021bite \u00een Y<br \/>\nSchimb\u0103tor lateral hidraulic<br \/>\nCutie de viteze de 1000 rpm<br \/>\nEchipament sub copertin\u0103:<br \/>\nX-FAST single &#8211; sistem de cuplare pentru echipamente sub copertin\u0103<br \/>\nXSC &#8211; cositoare rotativ\u0103 &#8211; outrigger<br \/>\nXSA &#8211; cultivator<br \/>\nXSP &#8211; dispozitiv de \u00eendep\u0103rtare a l\u0103starilor<br \/>\nXAN &#8211; m\u0103tur\u0103toare<br \/>\nXID &#8211; sistem de pulverizare a erbicidelor<br \/>\n\u0218i alte op\u021biuni la alegere.<\/p>\n<p>&nbsp;<\/p>\n<p><!--StartFragment-->&nbsp;<\/p>\n<p><!--StartFragment--><\/p>\n<p><!--StartFragment-->Imaginile au caracter orientativ!<\/p>\n<p>&nbsp;<\/p>\n<p>Pre\u021burile nu includ TVA!<\/p>\n<p><!--EndFragment--><\/p>\n","protected":false},"excerpt":{"rendered":"<p>Mulcer \u2013 toc\u0103tor de resturi vegetale \u2013 Seppi SMWO<\/p>\n","protected":false},"featured_media":2544,"comment_status":"open","ping_status":"closed","template":"","meta":{"_acf_changed":false,"_exactmetrics_skip_tracking":false,"_exactmetrics_sitenote_active":false,"_exactmetrics_sitenote_note":"","_exactmetrics_sitenote_category":0,"_monsterinsights_skip_tracking":false,"_monsterinsights_sitenote_active":false,"_monsterinsights_sitenote_note":"","_monsterinsights_sitenote_category":0,"neve_meta_sidebar":"","neve_meta_container":"","neve_meta_enable_content_width":"off","neve_meta_content_width":100,"neve_meta_title_alignment":"","neve_meta_author_avatar":"","neve_post_elements_order":"","neve_meta_disable_header":"","neve_meta_disable_footer":"","neve_meta_disable_title":"","jetpack_post_was_ever_published":false,"jetpack_publicize_message":"","jetpack_publicize_feature_enabled":true,"jetpack_social_post_already_shared":true,"jetpack_social_options":{"image_generator_settings":{"template":"highway","default_image_id":0,"font":"","enabled":false},"version":2}},"product_cat":[1022,996,1028,997,27,1061,1041,1066,1030,1005,101,1027],"product_tag":[314,311,116,332,41,210,312,826,827],"class_list":{"0":"post-2543","1":"product","2":"type-product","3":"status-publish","4":"has-post-thumbnail","6":"product_brand-bolzano-italia","7":"product_cat-curatenie","8":"product_cat-gospodarie-gradinarit","9":"product_cat-lucrari-comunale-municipale","10":"product_cat-lucrari-de-peisagistica","11":"product_cat-masini-si-utilaje","12":"product_cat-recuperare-terenuri-post-exploatare","13":"product_cat-silvicultura-si-exploatari-forestiere","14":"product_cat-tocatoare-de-crengi-recuperare-terenuri-post-exploatare","15":"product_cat-tocatoare-de-crengi-lucrari-comunale-municipale","16":"product_cat-tocatoare-de-crengi-diam-4-40-cm","17":"product_cat-tocatoare-de-crengi-gospodarie-gradinarit","18":"product_cat-tocatoare-de-crengi","19":"product_tag-curatat-teren","20":"product_tag-freza-de-cioate","21":"product_tag-masini","22":"product_tag-mulcer","23":"product_tag-peisagistica","24":"product_tag-profesional","25":"product_tag-seppi","26":"product_tag-seppim","27":"product_tag-utilaje-purtate","29":"first","30":"onbackorder","31":"taxable","32":"shipping-taxable","33":"product-type-simple"},"acf":[],"aioseo_notices":[],"jetpack_publicize_connections":[],"jetpack-related-posts":[],"jetpack_likes_enabled":true,"jetpack_sharing_enabled":true,"_links":{"self":[{"href":"https:\/\/tehronmachines.ro\/pro\/wp-json\/wp\/v2\/product\/2543","targetHints":{"allow":["GET"]}}],"collection":[{"href":"https:\/\/tehronmachines.ro\/pro\/wp-json\/wp\/v2\/product"}],"about":[{"href":"https:\/\/tehronmachines.ro\/pro\/wp-json\/wp\/v2\/types\/product"}],"replies":[{"embeddable":true,"href":"https:\/\/tehronmachines.ro\/pro\/wp-json\/wp\/v2\/comments?post=2543"}],"wp:featuredmedia":[{"embeddable":true,"href":"https:\/\/tehronmachines.ro\/pro\/wp-json\/wp\/v2\/media\/2544"}],"wp:attachment":[{"href":"https:\/\/tehronmachines.ro\/pro\/wp-json\/wp\/v2\/media?parent=2543"}],"wp:term":[{"taxonomy":"product_cat","embeddable":true,"href":"https:\/\/tehronmachines.ro\/pro\/wp-json\/wp\/v2\/product_cat?post=2543"},{"taxonomy":"product_tag","embeddable":true,"href":"https:\/\/tehronmachines.ro\/pro\/wp-json\/wp\/v2\/product_tag?post=2543"}],"curies":[{"name":"wp","href":"https:\/\/api.w.org\/{rel}","templated":true}]}}