{"id":2540,"date":"2023-10-23T20:03:54","date_gmt":"2023-10-23T17:03:54","guid":{"rendered":"https:\/\/tehronmachines.ro\/pro\/?post_type=product&#038;p=2540"},"modified":"2024-11-20T12:35:28","modified_gmt":"2024-11-20T09:35:28","slug":"mulcer-tocator-de-resturi-vegetale-seppi-smwa-slim","status":"publish","type":"product","link":"https:\/\/tehronmachines.ro\/pro\/produs\/mulcer-tocator-de-resturi-vegetale-seppi-smwa-slim\/","title":{"rendered":"Mulcer \u2013 toc\u0103tor de resturi vegetale \u2013 Seppi SMWA slim"},"content":{"rendered":"<p>Seppi SMWA slim este un toc\u0103tor de resturi vegetale pentru tractoare de la 40 la 90 CP. Se caracterizeaz\u0103 printr-o transmisie cu curea ultra-sub\u021bire, cu un profil redus, care permite o mulcire de mare precizie \u00een r\u00e2ndurile de livezi \u0219i vii. Profilul sub\u021bire \u0219i redus reduce riscul de a atinge \u0219i deteriora vi\u021ba de vie, pomii sau ramurile. Transmisia \u00eengust\u0103 se realizeaz\u0103 printr-o combina\u021bie de 3 plus 2 curele de mare putere. Acest utilaj este reversibil \u0219i dispune de o schimbare lateral\u0103 hidraulic\u0103 liniar\u0103.<\/p>\n<p>Rotorul puternic, cu fulgii universali SMW distribui\u021bi \u00eentr-un model elicoidal, asigur\u0103 o calitate ridicat\u0103 a t\u0103ierii \u0219i o absorb\u021bie uniform\u0103 a puterii. Carcasa SMWA rev cf este fabricat\u0103 din o\u021bel de \u00eenalt\u0103 rezisten\u021b\u0103 \u0219i dispune de dou\u0103 r\u00e2nduri de contracu\u021bite, care asigur\u0103 un rezultat perfect de mulcire. Cilindrul reglabil cu rulmen\u021bi cu role conice duble garanteaz\u0103 o durat\u0103 de via\u021b\u0103 lung\u0103 \u0219i costuri de \u00eentre\u021binere reduse. Rola este pozi\u021bionat\u0103 aproape de rotor pentru a \u00eembun\u0103t\u0103\u021bi cosirea pe terenuri denivelate \u0219i pentru a preveni scalparea. Prin intermediul M-FLAP reglabil, gradul de mulcire poate fi setat pentru a se potrivi condi\u021biilor, astfel \u00eenc\u00e2t utilajul s\u0103 func\u021bioneze \u00eentotdeauna la o eficien\u021b\u0103 \u0219i vitez\u0103 ridicate.<\/p>\n<p>L\u0103\u021bimea de lucru disponibil\u0103: 135, 145, 155, 175, 175, 200, 225 cm [53&#8243;, 57&#8243;, 61&#8243;, 69&#8243;, 79&#8243;, 89&#8243;].<\/p>\n<h3>\n<span style=\"color: #ff0000\">SMWA slim &#8211; VERSIUNE STANDARD<\/span><\/h3>\n<p>Toac\u0103 iarba \u0219i resturile de t\u0103iere p\u00e2n\u0103 la 5 cm [2&#8243;] \u00d8<br \/>\nRotor elicoidal cu fulgii SMW<br \/>\nVitez\u0103 de lucru 3-10 km\/h<br \/>\nAta\u0219ament ISO \u00een 3 puncte cat. 1 \u0219i 2 reversibil\u0103<br \/>\nDeplasare lateral\u0103 hidraulic\u0103 liniar\u0103 27 cm [10,6&#8243;]<br \/>\nCutie de viteze 540 rpm cu roat\u0103 liber\u0103 \u0219i arbore trec\u0103tor<br \/>\nArbore de intrare 1 3\/8&#8243; Z=6<br \/>\n2+3 curele de mare putere<br \/>\nCilindru de sprijin \u00eent\u0103rit, reglabil \u00een \u00een\u0103l\u021bime cu 5 cm [2&#8243;]<br \/>\n2 r\u00e2nduri de contracu\u021bite temperate<br \/>\nCapot\u0103 spate reglabil\u0103 M-FLAP pentru a seta gradul de mulcire, cu protec\u021bie din cauciuc<br \/>\nProtec\u021bie frontal\u0103: clapete metalice<br \/>\nCulori: ro\u0219u RAL3020 &amp; c\u0103rbune RAL7021<\/p>\n<h3>\n<span style=\"color: #ff0000\">OP\u021aIUNI<\/span><\/h3>\n<p>Arbore de transmisie PTO<br \/>\nRotor elicoidal<br \/>\nCutie de viteze de 1000 rpm<br \/>\nCutie de viteze cu invertor automat \u0219i roat\u0103 liber\u0103 dubl\u0103 pentru tractoare reversibile<br \/>\nAta\u0219ament frontal<br \/>\nProtec\u021bie frontal\u0103 cu lan\u021buri<br \/>\n\u0218i alte op\u021biuni la alegere.<br \/>\nEchipament sub copertin\u0103:<br \/>\nX-FAST simplu sau dublu &#8211; sistem de cuplare pentru echipamente sub copertin\u0103.<br \/>\nXSC &#8211; dispozitiv de ridicare, cositoare rotativ\u0103<br \/>\nXSA &#8211; cultivator<br \/>\nXSP &#8211; \u00eendep\u0103rtare a l\u0103starilor<br \/>\nXAN &#8211; m\u0103tur\u0103toare<br \/>\nXID &#8211; sistem de pulverizare a erbicidelor<\/p>\n<p>&nbsp;<\/p>\n<p><!--StartFragment-->&nbsp;<\/p>\n<p><!--StartFragment--><\/p>\n<p><!--StartFragment-->Imaginile au caracter orientativ!<\/p>\n<p>&nbsp;<\/p>\n<p>Pre\u021burile nu includ TVA!<\/p>\n<p><!--EndFragment--><\/p>\n","protected":false},"excerpt":{"rendered":"<p>Mulcer \u2013 toc\u0103tor de resturi vegetale \u2013 Seppi SMWA slim<\/p>\n","protected":false},"featured_media":2541,"comment_status":"open","ping_status":"closed","template":"","meta":{"_acf_changed":false,"_exactmetrics_skip_tracking":false,"_exactmetrics_sitenote_active":false,"_exactmetrics_sitenote_note":"","_exactmetrics_sitenote_category":0,"_monsterinsights_skip_tracking":false,"_monsterinsights_sitenote_active":false,"_monsterinsights_sitenote_note":"","_monsterinsights_sitenote_category":0,"neve_meta_sidebar":"","neve_meta_container":"","neve_meta_enable_content_width":"off","neve_meta_content_width":100,"neve_meta_title_alignment":"","neve_meta_author_avatar":"","neve_post_elements_order":"","neve_meta_disable_header":"","neve_meta_disable_footer":"","neve_meta_disable_title":"","jetpack_post_was_ever_published":false,"jetpack_publicize_message":"","jetpack_publicize_feature_enabled":true,"jetpack_social_post_already_shared":true,"jetpack_social_options":{"image_generator_settings":{"template":"highway","default_image_id":0,"font":"","enabled":false},"version":2}},"product_cat":[1022,996,1028,997,27,1061,1041,101,1027,1066,1030,1005],"product_tag":[314,311,116,332,41,210,312,826,827],"class_list":{"0":"post-2540","1":"product","2":"type-product","3":"status-publish","4":"has-post-thumbnail","6":"product_brand-bolzano-italia","7":"product_cat-curatenie","8":"product_cat-gospodarie-gradinarit","9":"product_cat-lucrari-comunale-municipale","10":"product_cat-lucrari-de-peisagistica","11":"product_cat-masini-si-utilaje","12":"product_cat-recuperare-terenuri-post-exploatare","13":"product_cat-silvicultura-si-exploatari-forestiere","14":"product_cat-tocatoare-de-crengi-gospodarie-gradinarit","15":"product_cat-tocatoare-de-crengi","16":"product_cat-tocatoare-de-crengi-recuperare-terenuri-post-exploatare","17":"product_cat-tocatoare-de-crengi-lucrari-comunale-municipale","18":"product_cat-tocatoare-de-crengi-diam-4-40-cm","19":"product_tag-curatat-teren","20":"product_tag-freza-de-cioate","21":"product_tag-masini","22":"product_tag-mulcer","23":"product_tag-peisagistica","24":"product_tag-profesional","25":"product_tag-seppi","26":"product_tag-seppim","27":"product_tag-utilaje-purtate","29":"first","30":"onbackorder","31":"taxable","32":"shipping-taxable","33":"product-type-simple"},"acf":[],"aioseo_notices":[],"jetpack_publicize_connections":[],"jetpack-related-posts":[],"jetpack_likes_enabled":true,"jetpack_sharing_enabled":true,"_links":{"self":[{"href":"https:\/\/tehronmachines.ro\/pro\/wp-json\/wp\/v2\/product\/2540","targetHints":{"allow":["GET"]}}],"collection":[{"href":"https:\/\/tehronmachines.ro\/pro\/wp-json\/wp\/v2\/product"}],"about":[{"href":"https:\/\/tehronmachines.ro\/pro\/wp-json\/wp\/v2\/types\/product"}],"replies":[{"embeddable":true,"href":"https:\/\/tehronmachines.ro\/pro\/wp-json\/wp\/v2\/comments?post=2540"}],"wp:featuredmedia":[{"embeddable":true,"href":"https:\/\/tehronmachines.ro\/pro\/wp-json\/wp\/v2\/media\/2541"}],"wp:attachment":[{"href":"https:\/\/tehronmachines.ro\/pro\/wp-json\/wp\/v2\/media?parent=2540"}],"wp:term":[{"taxonomy":"product_cat","embeddable":true,"href":"https:\/\/tehronmachines.ro\/pro\/wp-json\/wp\/v2\/product_cat?post=2540"},{"taxonomy":"product_tag","embeddable":true,"href":"https:\/\/tehronmachines.ro\/pro\/wp-json\/wp\/v2\/product_tag?post=2540"}],"curies":[{"name":"wp","href":"https:\/\/api.w.org\/{rel}","templated":true}]}}