{"id":2525,"date":"2023-10-19T22:55:20","date_gmt":"2023-10-19T19:55:20","guid":{"rendered":"https:\/\/tehronmachines.ro\/pro\/?post_type=product&#038;p=2525"},"modified":"2024-11-20T12:37:17","modified_gmt":"2024-11-20T09:37:17","slug":"mulcer-tocator-de-resturi-vegetale-seppi-star-fc","status":"publish","type":"product","link":"https:\/\/tehronmachines.ro\/pro\/produs\/mulcer-tocator-de-resturi-vegetale-seppi-star-fc\/","title":{"rendered":"Mulcer \u2013 toc\u0103tor de resturi vegetale \u2013 Seppi STAR FC"},"content":{"rendered":"<h3><span style=\"color: #ff0000\">APLICA\u021aII<\/span><\/h3>\n<p>Zdrobirea pietrelor pe drumuri, ferme \u0219i alte zone<br \/>\nPe \u0219antierul de construc\u021bii<br \/>\nM\u0103cinarea butucilor<br \/>\nPreg\u0103tirea solului pentru (re)plantare<br \/>\nGestionarea vegeta\u021biei<br \/>\nPentru p\u0103duri, spa\u021bii verzi \u0219i pante abrupte<\/p>\n<h3>\n<span style=\"color: #ff0000\">STAR-FC &#8211; VERSIUNEA STANDARD:<\/span><\/h3>\n<p>Macin\u0103 \u0219i af\u00e2neaz\u0103 la o ad\u00e2ncime de p\u00e2n\u0103 la 30 cm [12&#8243;] sub suprafa\u021b\u0103<br \/>\nToac\u0103 \u0219i mulce\u0219te lemnul p\u00e2n\u0103 la 40 cm [16&#8243;] \u00d8<br \/>\nZdrobe\u0219te pietre p\u00e2n\u0103 la 15 cm [6&#8243;] \u00d8<br \/>\nSuport de ciocan anti-uzur\u0103<br \/>\nArborele rotorului cu \u0219uruburi<br \/>\nVitez\u0103 de lucru 0-2 km\/h<br \/>\nHidraulic spate \u00een 3 puncte ISO cat. 2 central fix<br \/>\nAc\u021bionare dubl\u0103<br \/>\nCutie de viteze de 1000 rpm cu roat\u0103 liber\u0103<br \/>\nTransmisie cu angrenaje paralele cu circuit de r\u0103cire integrat<br \/>\nSistem ISOBUS (temperatur\u0103, r\u0103cire, contor de ore) &#8211; necesit\u0103 un tractor cu terminal ISOBUS (sau vezi op\u021bional*)<br \/>\nCapot\u0103 cu ac\u021bionare hidraulic\u0103<br \/>\nProtec\u021bie: lan\u021buri duble<br \/>\nPatine \u00eenguste \u00een profunzime<br \/>\nCulori: ro\u0219u RAL3020 \u0219i c\u0103rbune RAL7021<\/p>\n<h3>\n<span style=\"color: #ff0000\">OP\u021aIUNI<\/span><\/h3>\n<p>Arbore de transmisie PTO cu limitator de cuplu<br \/>\n*Terminal ISOBUS pentru tractoare preg\u0103tite pentru ISOBUS<br \/>\n*RETROFIT &#8211; sistem compatibil ISOBUS pentru tractoare mai vechi<\/p>\n<p>&nbsp;<\/p>\n<p><!--StartFragment-->&nbsp;<\/p>\n<p><!--StartFragment--><\/p>\n<p><!--StartFragment-->Imaginile au caracter orientativ!<\/p>\n<p>&nbsp;<\/p>\n<p>Pre\u021burile nu includ TVA!<\/p>\n<p><!--EndFragment--><\/p>\n","protected":false},"excerpt":{"rendered":"<p>Mulcer \u2013 toc\u0103tor de resturi vegetale \u2013 Seppi STAR FC<\/p>\n","protected":false},"featured_media":2527,"comment_status":"open","ping_status":"closed","template":"","meta":{"_acf_changed":false,"_exactmetrics_skip_tracking":false,"_exactmetrics_sitenote_active":false,"_exactmetrics_sitenote_note":"","_exactmetrics_sitenote_category":0,"_monsterinsights_skip_tracking":false,"_monsterinsights_sitenote_active":false,"_monsterinsights_sitenote_note":"","_monsterinsights_sitenote_category":0,"neve_meta_sidebar":"","neve_meta_container":"","neve_meta_enable_content_width":"off","neve_meta_content_width":100,"neve_meta_title_alignment":"","neve_meta_author_avatar":"","neve_post_elements_order":"","neve_meta_disable_header":"","neve_meta_disable_footer":"","neve_meta_disable_title":"","jetpack_post_was_ever_published":false,"jetpack_publicize_message":"","jetpack_publicize_feature_enabled":true,"jetpack_social_post_already_shared":true,"jetpack_social_options":{"image_generator_settings":{"template":"highway","default_image_id":0,"font":"","enabled":false},"version":2}},"product_cat":[1022,996,1028,997,27,1061,1041,101,1027,1066,1030,1005],"product_tag":[314,311,116,332,41,210,312,826,827],"class_list":{"0":"post-2525","1":"product","2":"type-product","3":"status-publish","4":"has-post-thumbnail","6":"product_brand-bolzano-italia","7":"product_cat-curatenie","8":"product_cat-gospodarie-gradinarit","9":"product_cat-lucrari-comunale-municipale","10":"product_cat-lucrari-de-peisagistica","11":"product_cat-masini-si-utilaje","12":"product_cat-recuperare-terenuri-post-exploatare","13":"product_cat-silvicultura-si-exploatari-forestiere","14":"product_cat-tocatoare-de-crengi-gospodarie-gradinarit","15":"product_cat-tocatoare-de-crengi","16":"product_cat-tocatoare-de-crengi-recuperare-terenuri-post-exploatare","17":"product_cat-tocatoare-de-crengi-lucrari-comunale-municipale","18":"product_cat-tocatoare-de-crengi-diam-4-40-cm","19":"product_tag-curatat-teren","20":"product_tag-freza-de-cioate","21":"product_tag-masini","22":"product_tag-mulcer","23":"product_tag-peisagistica","24":"product_tag-profesional","25":"product_tag-seppi","26":"product_tag-seppim","27":"product_tag-utilaje-purtate","29":"first","30":"onbackorder","31":"taxable","32":"shipping-taxable","33":"product-type-simple"},"acf":[],"aioseo_notices":[],"jetpack_publicize_connections":[],"jetpack-related-posts":[],"jetpack_likes_enabled":true,"jetpack_sharing_enabled":true,"_links":{"self":[{"href":"https:\/\/tehronmachines.ro\/pro\/wp-json\/wp\/v2\/product\/2525","targetHints":{"allow":["GET"]}}],"collection":[{"href":"https:\/\/tehronmachines.ro\/pro\/wp-json\/wp\/v2\/product"}],"about":[{"href":"https:\/\/tehronmachines.ro\/pro\/wp-json\/wp\/v2\/types\/product"}],"replies":[{"embeddable":true,"href":"https:\/\/tehronmachines.ro\/pro\/wp-json\/wp\/v2\/comments?post=2525"}],"wp:featuredmedia":[{"embeddable":true,"href":"https:\/\/tehronmachines.ro\/pro\/wp-json\/wp\/v2\/media\/2527"}],"wp:attachment":[{"href":"https:\/\/tehronmachines.ro\/pro\/wp-json\/wp\/v2\/media?parent=2525"}],"wp:term":[{"taxonomy":"product_cat","embeddable":true,"href":"https:\/\/tehronmachines.ro\/pro\/wp-json\/wp\/v2\/product_cat?post=2525"},{"taxonomy":"product_tag","embeddable":true,"href":"https:\/\/tehronmachines.ro\/pro\/wp-json\/wp\/v2\/product_tag?post=2525"}],"curies":[{"name":"wp","href":"https:\/\/api.w.org\/{rel}","templated":true}]}}