{"id":2520,"date":"2023-10-19T22:46:21","date_gmt":"2023-10-19T19:46:21","guid":{"rendered":"https:\/\/tehronmachines.ro\/pro\/?post_type=product&#038;p=2520"},"modified":"2024-11-20T12:37:41","modified_gmt":"2024-11-20T09:37:41","slug":"mulcer-seppi-fc-accesoriu-pto","status":"publish","type":"product","link":"https:\/\/tehronmachines.ro\/pro\/produs\/mulcer-seppi-fc-accesoriu-pto\/","title":{"rendered":"Mulcer \u2013 toc\u0103tor de resturi vegetale \u2013 Seppi FC"},"content":{"rendered":"<h3><span style=\"color: #ff0000\">VERSIUNEA STANDARD<\/span><\/h3>\n<p>Toac\u0103 butucii \u0219i r\u0103d\u0103cinile la o ad\u00e2ncime de p\u00e2n\u0103 la 27 cm [11&#8243;] sub suprafa\u021b\u0103<br \/>\nMacin\u0103 lemnul p\u00e2n\u0103 la 25 cm [10&#8243;] \u00d8<br \/>\nRotor: combina\u021bie de ciocane cu v\u00e2rfuri din carbur\u0103 de tungsten MONO PROTECT\u2122 + MONO EXTREME\u2122; suporturi pentru ciocane anti-uzur\u0103<br \/>\n\u0218asiu robust \u0219i \u00eent\u0103rit<br \/>\n2 r\u00e2nduri de CONTRACUTORI tempera\u021bi<br \/>\nHidraulic spate ISO \u00een 3 puncte cat. 2 central\u0103 fix\u0103<br \/>\nCutie de viteze de 1000 rpm cu roat\u0103 liber\u0103<br \/>\nTransmisie dubl\u0103 cu 10 curele<br \/>\nCapot\u0103 cu ac\u021bionare hidraulic\u0103<br \/>\nProtec\u021bie cu lan\u021buri duble<br \/>\nPatine reglabile<br \/>\nCuloare: ro\u0219u RAL 3020<\/p>\n<h3><span style=\"color: #ff0000\">OP\u021aIUNI<\/span><\/h3>\n<p>Arbore PTO<br \/>\nRo\u021bi de sus\u021binere, reglabile<br \/>\nCilindru de compactare, reglabil<br \/>\nPatine pentru alimentarea cu material<\/p>\n<p>&nbsp;<\/p>\n<p><!--StartFragment--><\/p>\n<p><!--StartFragment-->Imaginile au caracter orientativ!<\/p>\n<p>&nbsp;<\/p>\n<p>Pre\u021burile nu includ TVA!<\/p>\n<p><!--EndFragment--><\/p>\n","protected":false},"excerpt":{"rendered":"<p>Mulcer \u2013 toc\u0103tor de resturi vegetale \u2013 Seppi FC<\/p>\n","protected":false},"featured_media":2522,"comment_status":"open","ping_status":"closed","template":"","meta":{"_acf_changed":false,"_exactmetrics_skip_tracking":false,"_exactmetrics_sitenote_active":false,"_exactmetrics_sitenote_note":"","_exactmetrics_sitenote_category":0,"_monsterinsights_skip_tracking":false,"_monsterinsights_sitenote_active":false,"_monsterinsights_sitenote_note":"","_monsterinsights_sitenote_category":0,"neve_meta_sidebar":"","neve_meta_container":"","neve_meta_enable_content_width":"off","neve_meta_content_width":100,"neve_meta_title_alignment":"","neve_meta_author_avatar":"","neve_post_elements_order":"","neve_meta_disable_header":"","neve_meta_disable_footer":"","neve_meta_disable_title":"","jetpack_post_was_ever_published":false,"jetpack_publicize_message":"","jetpack_publicize_feature_enabled":true,"jetpack_social_post_already_shared":true,"jetpack_social_options":{"image_generator_settings":{"template":"highway","default_image_id":0,"font":"","enabled":false},"version":2}},"product_cat":[1022,996,1028,997,27,1061,1041,1005,101,1027,1066,1030],"product_tag":[810,314,311,116,332,41,210,312,826,827],"class_list":{"0":"post-2520","1":"product","2":"type-product","3":"status-publish","4":"has-post-thumbnail","6":"product_brand-bolzano-italia","7":"product_cat-curatenie","8":"product_cat-gospodarie-gradinarit","9":"product_cat-lucrari-comunale-municipale","10":"product_cat-lucrari-de-peisagistica","11":"product_cat-masini-si-utilaje","12":"product_cat-recuperare-terenuri-post-exploatare","13":"product_cat-silvicultura-si-exploatari-forestiere","14":"product_cat-tocatoare-de-crengi-diam-4-40-cm","15":"product_cat-tocatoare-de-crengi-gospodarie-gradinarit","16":"product_cat-tocatoare-de-crengi","17":"product_cat-tocatoare-de-crengi-recuperare-terenuri-post-exploatare","18":"product_cat-tocatoare-de-crengi-lucrari-comunale-municipale","19":"product_tag-cioate","20":"product_tag-curatat-teren","21":"product_tag-freza-de-cioate","22":"product_tag-masini","23":"product_tag-mulcer","24":"product_tag-peisagistica","25":"product_tag-profesional","26":"product_tag-seppi","27":"product_tag-seppim","28":"product_tag-utilaje-purtate","30":"first","31":"onbackorder","32":"taxable","33":"shipping-taxable","34":"product-type-simple"},"acf":[],"aioseo_notices":[],"jetpack_publicize_connections":[],"jetpack-related-posts":[],"jetpack_likes_enabled":true,"jetpack_sharing_enabled":true,"_links":{"self":[{"href":"https:\/\/tehronmachines.ro\/pro\/wp-json\/wp\/v2\/product\/2520","targetHints":{"allow":["GET"]}}],"collection":[{"href":"https:\/\/tehronmachines.ro\/pro\/wp-json\/wp\/v2\/product"}],"about":[{"href":"https:\/\/tehronmachines.ro\/pro\/wp-json\/wp\/v2\/types\/product"}],"replies":[{"embeddable":true,"href":"https:\/\/tehronmachines.ro\/pro\/wp-json\/wp\/v2\/comments?post=2520"}],"wp:featuredmedia":[{"embeddable":true,"href":"https:\/\/tehronmachines.ro\/pro\/wp-json\/wp\/v2\/media\/2522"}],"wp:attachment":[{"href":"https:\/\/tehronmachines.ro\/pro\/wp-json\/wp\/v2\/media?parent=2520"}],"wp:term":[{"taxonomy":"product_cat","embeddable":true,"href":"https:\/\/tehronmachines.ro\/pro\/wp-json\/wp\/v2\/product_cat?post=2520"},{"taxonomy":"product_tag","embeddable":true,"href":"https:\/\/tehronmachines.ro\/pro\/wp-json\/wp\/v2\/product_tag?post=2520"}],"curies":[{"name":"wp","href":"https:\/\/api.w.org\/{rel}","templated":true}]}}