{"id":2517,"date":"2023-10-19T20:12:49","date_gmt":"2023-10-19T17:12:49","guid":{"rendered":"https:\/\/tehronmachines.ro\/pro\/?post_type=product&#038;p=2517"},"modified":"2024-11-20T12:39:30","modified_gmt":"2024-11-20T09:39:30","slug":"tocator-de-pietre-seppi-maxisoil-accesoriu-pto","status":"publish","type":"product","link":"https:\/\/tehronmachines.ro\/pro\/produs\/tocator-de-pietre-seppi-maxisoil-accesoriu-pto\/","title":{"rendered":"Toc\u0103tor de pietre &#8211; Seppi MAXISOIL, accesoriu PTO"},"content":{"rendered":"<h3><span style=\"color: #ff0000\">APLICA\u021aII:<\/span><\/h3>\n<p>Zdrobirea pietrelor pe drumuri, ferme \u0219i alte zone.<br \/>\nCrearea \u0219i \u00eentre\u021binerea drumurilor cu pietri\u0219<br \/>\nCur\u0103\u021barea terenurilor \u00een industria petrolier\u0103 \u0219i a gazelor naturale<br \/>\nM\u0103r\u0103cini\u0219 pe \u0219antierele de construc\u021bii<br \/>\n\u00centre\u021binerea liniilor electrice \u0219i de comunica\u021bii<br \/>\n\u00cembun\u0103t\u0103\u021birea terenurilor arabile \u0219i a altor terenuri<br \/>\nPreg\u0103tirea solului pentru (re)plantare<br \/>\nGestionarea vegeta\u021biei<br \/>\nCur\u0103\u021barea p\u0103durilor dup\u0103 recoltarea lemnului<br \/>\nDefri\u0219area c\u0103ilor de acces<\/p>\n<h3><span style=\"color: #ff0000\">MAXISOIL &#8211; VERSIUNEA STANDARD<\/span><\/h3>\n<p>Zdrobe\u0219te pietre de p\u00e2n\u0103 la 50 cm [20&#8243;] \u00d8<br \/>\nMulcimeaz\u0103 lemnul p\u00e2n\u0103 la 50 cm [20&#8243;] \u00d8<br \/>\nLucreaz\u0103 solul p\u00e2n\u0103 la 35 cm [14&#8243;] \u0219i mai ad\u00e2nc, \u00een func\u021bie de condi\u021biile de lucru<br \/>\nSuport pentru ciocanul antiuzur\u0103<br \/>\nArborele rotorului fixat cu \u0219uruburi<br \/>\nVitez\u0103 de lucru 0-2 km\/h<br \/>\nHidraulic spate \u00een 3 puncte ISO cat. 3 &amp; 4 fix\u0103 central\u0103<br \/>\nCutie de viteze 1000 U\/min cu r\u0103cire integrat\u0103<br \/>\nLimitator de cuplu integrat<br \/>\nSistem de aliniere ADAM<br \/>\nSistem ISOBUS (temperatur\u0103, r\u0103cire, contor de ore) &#8211; necesit\u0103 un tractor cu terminal ISOBUS (sau vezi op\u021bional*)<br \/>\n\u0218asiu fabricat din o\u021bel AR400 de \u00eenalt\u0103 rezisten\u021b\u0103 la trac\u021biune \u0219i uzur\u0103, cu PLATURI DE UZUR\u0102 interne \u00eenlocuibile<br \/>\n2 r\u00e2nduri de contracu\u021bite temperate<br \/>\nBar\u0103 de nicoval\u0103 \u0219i gril\u0103 de zdrobire pentru zdrobirea pietrelor<br \/>\nCapot\u0103 cu ac\u021bionare hidraulic\u0103<br \/>\nProtec\u021bie pentru lan\u021b<br \/>\nPatine \u00eenguste \u00een profunzime<br \/>\nCulori: ro\u0219u RAL3020 \u0219i c\u0103rbune RAL7021<\/p>\n<h3><span style=\"color: #ff0000\">OP\u021aIUNI<\/span><\/h3>\n<p>Arbore de ac\u021bionare a prizei de for\u021b\u0103 &#8211; seria SK<br \/>\nRotor de ciocan fix ULTRA TIP V-LOCK<br \/>\nAngrenaj 2SPEED POWERSHIFT cu 2 viteze abd sistem de r\u0103cire integrat \u0219i inclusiv sistem ISOBUS<br \/>\nControl ISOBUS pentru tractoare cu ISOBUS \u0219i terminal<br \/>\nTerminal ISOBUS pentru tractoare preg\u0103tite pentru ISOBUS<br \/>\nRETROFIT &#8211; sistem compatibil ISOBUS pentru tractoare mai vechi<br \/>\nCilindru de compactare ac\u021bionat hidraulic, potrivit \u0219i pentru controlul ad\u00e2ncimii<\/p>\n<p>&nbsp;<\/p>\n<p><!--StartFragment--><\/p>\n<p><!--StartFragment-->Imaginile au caracter orientativ!<\/p>\n<p>&nbsp;<\/p>\n<p>Pre\u021burile nu includ TVA!<\/p>\n<p><!--EndFragment--><\/p>\n","protected":false},"excerpt":{"rendered":"<p>Toc\u0103tor de pietre &#8211; Seppi MAXISOIL, accesoriu PTO<\/p>\n","protected":false},"featured_media":2518,"comment_status":"open","ping_status":"closed","template":"","meta":{"_acf_changed":false,"_exactmetrics_skip_tracking":false,"_exactmetrics_sitenote_active":false,"_exactmetrics_sitenote_note":"","_exactmetrics_sitenote_category":0,"_monsterinsights_skip_tracking":false,"_monsterinsights_sitenote_active":false,"_monsterinsights_sitenote_note":"","_monsterinsights_sitenote_category":0,"neve_meta_sidebar":"","neve_meta_container":"","neve_meta_enable_content_width":"off","neve_meta_content_width":100,"neve_meta_title_alignment":"","neve_meta_author_avatar":"","neve_post_elements_order":"","neve_meta_disable_header":"","neve_meta_disable_footer":"","neve_meta_disable_title":"","jetpack_post_was_ever_published":false,"jetpack_publicize_message":"","jetpack_publicize_feature_enabled":true,"jetpack_social_post_already_shared":true,"jetpack_social_options":{"image_generator_settings":{"template":"highway","default_image_id":0,"font":"","enabled":false},"version":2}},"product_cat":[997,27,1100],"product_tag":[314,116,332,41,210,312,826,830,827],"class_list":{"0":"post-2517","1":"product","2":"type-product","3":"status-publish","4":"has-post-thumbnail","6":"product_brand-bolzano-italia","7":"product_cat-lucrari-de-peisagistica","8":"product_cat-masini-si-utilaje","9":"product_cat-tocator-de-pietre","10":"product_tag-curatat-teren","11":"product_tag-masini","12":"product_tag-mulcer","13":"product_tag-peisagistica","14":"product_tag-profesional","15":"product_tag-seppi","16":"product_tag-seppim","17":"product_tag-tocator-de-pietre","18":"product_tag-utilaje-purtate","20":"first","21":"onbackorder","22":"taxable","23":"shipping-taxable","24":"product-type-simple"},"acf":[],"aioseo_notices":[],"jetpack_publicize_connections":[],"jetpack-related-posts":[],"jetpack_likes_enabled":true,"jetpack_sharing_enabled":true,"_links":{"self":[{"href":"https:\/\/tehronmachines.ro\/pro\/wp-json\/wp\/v2\/product\/2517","targetHints":{"allow":["GET"]}}],"collection":[{"href":"https:\/\/tehronmachines.ro\/pro\/wp-json\/wp\/v2\/product"}],"about":[{"href":"https:\/\/tehronmachines.ro\/pro\/wp-json\/wp\/v2\/types\/product"}],"replies":[{"embeddable":true,"href":"https:\/\/tehronmachines.ro\/pro\/wp-json\/wp\/v2\/comments?post=2517"}],"wp:featuredmedia":[{"embeddable":true,"href":"https:\/\/tehronmachines.ro\/pro\/wp-json\/wp\/v2\/media\/2518"}],"wp:attachment":[{"href":"https:\/\/tehronmachines.ro\/pro\/wp-json\/wp\/v2\/media?parent=2517"}],"wp:term":[{"taxonomy":"product_cat","embeddable":true,"href":"https:\/\/tehronmachines.ro\/pro\/wp-json\/wp\/v2\/product_cat?post=2517"},{"taxonomy":"product_tag","embeddable":true,"href":"https:\/\/tehronmachines.ro\/pro\/wp-json\/wp\/v2\/product_tag?post=2517"}],"curies":[{"name":"wp","href":"https:\/\/api.w.org\/{rel}","templated":true}]}}