{"id":2494,"date":"2023-10-10T22:39:35","date_gmt":"2023-10-10T19:39:35","guid":{"rendered":"https:\/\/tehronmachines.ro\/pro\/?post_type=product&#038;p=2494"},"modified":"2024-11-20T12:44:06","modified_gmt":"2024-11-20T09:44:06","slug":"mulcer-tocator-de-resturi-vegetale-seppi-star-fc-hyd","status":"publish","type":"product","link":"https:\/\/tehronmachines.ro\/pro\/produs\/mulcer-tocator-de-resturi-vegetale-seppi-star-fc-hyd\/","title":{"rendered":"Mulcer &#8211; toc\u0103tor de resturi vegetale &#8211; Seppi STAR-FC &#8211; hyd"},"content":{"rendered":"<h3><span style=\"color: #ff0000\">APLICA\u021aII<\/span><\/h3>\n<p>Macin\u0103 cioturi \u0219i zdrobe\u0219te pietre pe drumuri, ferme \u0219i alte zone;<br \/>\nLucreaz\u0103 solul \u00een profunzime<br \/>\nPreg\u0103te\u0219te solul pentru (re)plantare;<br \/>\nPentru p\u0103duri, spa\u021bii verzi \u0219i pante abrupte.<br \/>\n\u0219i multe altele&#8230;.<\/p>\n<p>&nbsp;<\/p>\n<h3><span style=\"color: #ff0000\">STAR-FC hyd &#8211; VERSIUNE STANDARD:<\/span><\/h3>\n<p>Toac\u0103 \u0219i mulce\u0219te lemnul p\u00e2n\u0103 la 40 cm [16&#8243;]\u00d8<br \/>\nZdrobe\u0219te pietre de p\u00e2n\u0103 la 15 cm [6&#8243;] \u00d8<br \/>\nAf\u00e2neaz\u0103 la o ad\u00e2ncime de p\u00e2n\u0103 la 30 cm [12&#8243;] sub suprafa\u021b\u0103<br \/>\nSuport de ciocan anti-uzur\u0103<br \/>\nArborele rotorului cu \u0219uruburi<br \/>\nPentru excavatoare de 15-35 tone [30.000-70.000 lb].<br \/>\nPreg\u0103tit pentru motorul\/motoarele M-BOOST op\u021bionale<br \/>\nPreg\u0103tit pentru o plac\u0103 de interfa\u021b\u0103 individual\u0103<br \/>\n\u0218asiu fabricat din o\u021bel de \u00eenalt\u0103 rezisten\u021b\u0103 S420 cu pl\u0103ci de uzur\u0103 interne \u00eenlocuibile<br \/>\nProtec\u021bie: lan\u021buri duble<br \/>\nPatine \u00eenguste \u00een profunzime, \u00eent\u0103rite<br \/>\nCulori: ro\u0219u RAL3020 \u0219i c\u0103rbune RAL7021<\/p>\n<h3>\n<span style=\"color: #ff0000\">OP\u021aIUNI<\/span><\/h3>\n<p>Motor automat cu deplasare variabil\u0103 M-BOOST cu vitez\u0103 reglabil\u0103, ac\u021bionat electric, cablu \u0219i comenzi incl.<br \/>\nPlac\u0103 de interfa\u021b\u0103 individual\u0103 pentru bra\u021bul excavatorului (pentru diferite m\u0103rci de excavatoare)<br \/>\nPlac\u0103 de rota\u021bie hidraulic\u0103 de 190\u00b0.<\/p>\n<div><!--StartFragment-->&nbsp;<\/p>\n<p>Imaginile au caracter orientativ!<\/p>\n<p>&nbsp;<\/p>\n<p>Pre\u021burile nu includ TVA!<\/p>\n<p><!--EndFragment--><\/div>\n","protected":false},"excerpt":{"rendered":"<p>Mulcer &#8211; toc\u0103tor de resturi vegetale &#8211; Seppi STAR-FC &#8211; hyd<\/p>\n","protected":false},"featured_media":2495,"comment_status":"open","ping_status":"closed","template":"","meta":{"_acf_changed":false,"_exactmetrics_skip_tracking":false,"_exactmetrics_sitenote_active":false,"_exactmetrics_sitenote_note":"","_exactmetrics_sitenote_category":0,"_monsterinsights_skip_tracking":false,"_monsterinsights_sitenote_active":false,"_monsterinsights_sitenote_note":"","_monsterinsights_sitenote_category":0,"neve_meta_sidebar":"","neve_meta_container":"","neve_meta_enable_content_width":"off","neve_meta_content_width":100,"neve_meta_title_alignment":"","neve_meta_author_avatar":"","neve_post_elements_order":"","neve_meta_disable_header":"","neve_meta_disable_footer":"","neve_meta_disable_title":"","jetpack_post_was_ever_published":false,"jetpack_publicize_message":"","jetpack_publicize_feature_enabled":true,"jetpack_social_post_already_shared":true,"jetpack_social_options":{"image_generator_settings":{"template":"highway","default_image_id":0,"font":"","enabled":false},"version":2}},"product_cat":[1022,996,1028,997,27,1061,1041,1030,1005,101,1027,1066],"product_tag":[314,311,116,332,41,210,312,826,827],"class_list":{"0":"post-2494","1":"product","2":"type-product","3":"status-publish","4":"has-post-thumbnail","6":"product_brand-bolzano-italia","7":"product_cat-curatenie","8":"product_cat-gospodarie-gradinarit","9":"product_cat-lucrari-comunale-municipale","10":"product_cat-lucrari-de-peisagistica","11":"product_cat-masini-si-utilaje","12":"product_cat-recuperare-terenuri-post-exploatare","13":"product_cat-silvicultura-si-exploatari-forestiere","14":"product_cat-tocatoare-de-crengi-lucrari-comunale-municipale","15":"product_cat-tocatoare-de-crengi-diam-4-40-cm","16":"product_cat-tocatoare-de-crengi-gospodarie-gradinarit","17":"product_cat-tocatoare-de-crengi","18":"product_cat-tocatoare-de-crengi-recuperare-terenuri-post-exploatare","19":"product_tag-curatat-teren","20":"product_tag-freza-de-cioate","21":"product_tag-masini","22":"product_tag-mulcer","23":"product_tag-peisagistica","24":"product_tag-profesional","25":"product_tag-seppi","26":"product_tag-seppim","27":"product_tag-utilaje-purtate","29":"first","30":"onbackorder","31":"taxable","32":"shipping-taxable","33":"product-type-simple"},"acf":[],"aioseo_notices":[],"jetpack_publicize_connections":[],"jetpack-related-posts":[],"jetpack_likes_enabled":true,"jetpack_sharing_enabled":true,"_links":{"self":[{"href":"https:\/\/tehronmachines.ro\/pro\/wp-json\/wp\/v2\/product\/2494","targetHints":{"allow":["GET"]}}],"collection":[{"href":"https:\/\/tehronmachines.ro\/pro\/wp-json\/wp\/v2\/product"}],"about":[{"href":"https:\/\/tehronmachines.ro\/pro\/wp-json\/wp\/v2\/types\/product"}],"replies":[{"embeddable":true,"href":"https:\/\/tehronmachines.ro\/pro\/wp-json\/wp\/v2\/comments?post=2494"}],"wp:featuredmedia":[{"embeddable":true,"href":"https:\/\/tehronmachines.ro\/pro\/wp-json\/wp\/v2\/media\/2495"}],"wp:attachment":[{"href":"https:\/\/tehronmachines.ro\/pro\/wp-json\/wp\/v2\/media?parent=2494"}],"wp:term":[{"taxonomy":"product_cat","embeddable":true,"href":"https:\/\/tehronmachines.ro\/pro\/wp-json\/wp\/v2\/product_cat?post=2494"},{"taxonomy":"product_tag","embeddable":true,"href":"https:\/\/tehronmachines.ro\/pro\/wp-json\/wp\/v2\/product_tag?post=2494"}],"curies":[{"name":"wp","href":"https:\/\/api.w.org\/{rel}","templated":true}]}}