{"id":2491,"date":"2023-10-10T22:34:17","date_gmt":"2023-10-10T19:34:17","guid":{"rendered":"https:\/\/tehronmachines.ro\/pro\/?post_type=product&#038;p=2491"},"modified":"2024-11-20T12:44:40","modified_gmt":"2024-11-20T09:44:40","slug":"mulcer-tocator-de-resturi-vegetale-seppi-kastor-hyd","status":"publish","type":"product","link":"https:\/\/tehronmachines.ro\/pro\/produs\/mulcer-tocator-de-resturi-vegetale-seppi-kastor-hyd\/","title":{"rendered":"Mulcer &#8211; toc\u0103tor de resturi vegetale &#8211; Seppi KASTOR &#8211; hyd"},"content":{"rendered":"<p>Scap\u0103 complet de butuci, \u00eentr-un timp scurt!<\/p>\n<p>SEPPI KASTOR hyd toac\u0103 cioatele p\u00e2n\u0103 la o ad\u00e2ncime de 50 cm [20&#8243;] sub suprafa\u021b\u0103 \u0219i de orice diametru. Orice diametru al butucului poate fi eradicat, prin rotirea bra\u021bului excavatorului de pe o parte pe cealalt\u0103. Rezultatul este o toc\u0103tur\u0103 fin\u0103, care poate fi u\u0219or \u00eencorporat\u0103 \u00een sol \u0219i amestecat\u0103 cu solul, ceea ce favorizeaz\u0103 o descompunere rapid\u0103. Dup\u0103 ce butucul a fost \u00eendep\u0103rtat complet, solul este preg\u0103tit pentru o nou\u0103 plantare. Discul Rotor este echipat cu din\u021bi HRC foarte agresivi. Unghiul de t\u0103iere special dezvoltat permite o utilizare ideal\u0103 a puterii. Interfa\u021ba pentru excavatoarele p\u0103ianjen, disponibil\u0103 op\u021bional, func\u021bioneaz\u0103 \u0219i ca o lopat\u0103. Aceasta ajut\u0103 la amestecarea a\u0219chiilor de cioat\u0103 de p\u0103m\u00e2nt \u00een sol, astfel \u00eenc\u00e2t s\u0103 acopere complet \u00eentregul l\u0103sat de ciotul \u00eendep\u0103rtat.<\/p>\n<p>Diametrul discului rotorului: 90 cm [35&#8243;]; l\u0103\u021bimea: 11 cm [4,3&#8243;].<\/p>\n<p>&nbsp;<\/p>\n<h3><span style=\"color: #ff0000\">APLICA\u021aII<\/span><\/h3>\n<p>Macin\u0103 cioatele pentru a cur\u0103\u021ba str\u0103zile, parcurile \u0219i alte spa\u021bii deschise.<br \/>\n\u00cendep\u0103rteaz\u0103 cioatele de pe drumuri, parc\u0103ri, parcuri \u0219i p\u0103duri.<br \/>\nFormeaz\u0103 \u0219an\u021buri pentru a pune cabluri.<\/p>\n<h3>\n<span style=\"color: #ff0000\">KASTOR hyd &#8211; VERSIUNE STANDARD:<\/span><\/h3>\n<p>Macin\u0103 cioate la o ad\u00e2ncime de p\u00e2n\u0103 la 50 cm [20&#8243;] sub suprafa\u021b\u0103 \u0219i formeaz\u0103 \u0219an\u021buri pentru instalarea cablurilor.<br \/>\nPentru excavatoare de 15-30 tone [30-60k lb].<br \/>\nRotor: din\u021bi cu v\u00e2rfuri fixe din tungsten HRC<br \/>\nPentru a monta placa de ata\u0219are pe un bra\u021b de excavator hidraulic<br \/>\nPreg\u0103tit pentru transmisie cu 2 motoare hidraulice la alegere<br \/>\nOrice deplasare lateral\u0103, deplasat\u0103 de bra\u021bul excavatorului<br \/>\n2&#215;5 curele<br \/>\nCapot\u0103 ac\u021bionat\u0103 hidraulic<br \/>\nProtec\u021bie: lan\u021buri duble\/ cauciuc<br \/>\nCulori: ro\u0219u RAL3020 &amp; c\u0103rbune RAL7021<\/p>\n<h3>\n<span style=\"color: #ff0000\">OP\u021aIUNI<\/span><\/h3>\n<p>2 motoare hidraulice cu supape de siguran\u021b\u0103, diferite tipuri la alegere<br \/>\nSupap\u0103 electric\u0103 pentru controlul hotei cu comenzi<br \/>\nPlac\u0103 de interfa\u021b\u0103 (pentru diferite m\u0103rci de excavatoare)<br \/>\nPlac\u0103 de rota\u021bie hidraulic\u0103 de 190\u00b0.<\/p>\n<div><!--StartFragment-->&nbsp;<\/p>\n<p>Imaginile au caracter orientativ!<\/p>\n<p>&nbsp;<\/p>\n<p>Pre\u021burile nu includ TVA!<\/p>\n<p><!--EndFragment--><\/div>\n","protected":false},"excerpt":{"rendered":"<p>Mulcer &#8211; toc\u0103tor de resturi vegetale &#8211; Seppi KASTOR &#8211; hyd<\/p>\n","protected":false},"featured_media":2492,"comment_status":"open","ping_status":"closed","template":"","meta":{"_acf_changed":false,"_exactmetrics_skip_tracking":false,"_exactmetrics_sitenote_active":false,"_exactmetrics_sitenote_note":"","_exactmetrics_sitenote_category":0,"_monsterinsights_skip_tracking":false,"_monsterinsights_sitenote_active":false,"_monsterinsights_sitenote_note":"","_monsterinsights_sitenote_category":0,"neve_meta_sidebar":"","neve_meta_container":"","neve_meta_enable_content_width":"off","neve_meta_content_width":100,"neve_meta_title_alignment":"","neve_meta_author_avatar":"","neve_post_elements_order":"","neve_meta_disable_header":"","neve_meta_disable_footer":"","neve_meta_disable_title":"","jetpack_post_was_ever_published":false,"jetpack_publicize_message":"","jetpack_publicize_feature_enabled":true,"jetpack_social_post_already_shared":true,"jetpack_social_options":{"image_generator_settings":{"template":"highway","default_image_id":0,"font":"","enabled":false},"version":2}},"product_cat":[1022,996,1028,997,27,1061,1041,1005,101,1027,1066,1030],"product_tag":[314,311,116,332,41,210,312,826,827],"class_list":{"0":"post-2491","1":"product","2":"type-product","3":"status-publish","4":"has-post-thumbnail","6":"product_brand-bolzano-italia","7":"product_cat-curatenie","8":"product_cat-gospodarie-gradinarit","9":"product_cat-lucrari-comunale-municipale","10":"product_cat-lucrari-de-peisagistica","11":"product_cat-masini-si-utilaje","12":"product_cat-recuperare-terenuri-post-exploatare","13":"product_cat-silvicultura-si-exploatari-forestiere","14":"product_cat-tocatoare-de-crengi-diam-4-40-cm","15":"product_cat-tocatoare-de-crengi-gospodarie-gradinarit","16":"product_cat-tocatoare-de-crengi","17":"product_cat-tocatoare-de-crengi-recuperare-terenuri-post-exploatare","18":"product_cat-tocatoare-de-crengi-lucrari-comunale-municipale","19":"product_tag-curatat-teren","20":"product_tag-freza-de-cioate","21":"product_tag-masini","22":"product_tag-mulcer","23":"product_tag-peisagistica","24":"product_tag-profesional","25":"product_tag-seppi","26":"product_tag-seppim","27":"product_tag-utilaje-purtate","29":"first","30":"onbackorder","31":"taxable","32":"shipping-taxable","33":"product-type-simple"},"acf":[],"aioseo_notices":[],"jetpack_publicize_connections":[],"jetpack-related-posts":[],"jetpack_likes_enabled":true,"jetpack_sharing_enabled":true,"_links":{"self":[{"href":"https:\/\/tehronmachines.ro\/pro\/wp-json\/wp\/v2\/product\/2491","targetHints":{"allow":["GET"]}}],"collection":[{"href":"https:\/\/tehronmachines.ro\/pro\/wp-json\/wp\/v2\/product"}],"about":[{"href":"https:\/\/tehronmachines.ro\/pro\/wp-json\/wp\/v2\/types\/product"}],"replies":[{"embeddable":true,"href":"https:\/\/tehronmachines.ro\/pro\/wp-json\/wp\/v2\/comments?post=2491"}],"wp:featuredmedia":[{"embeddable":true,"href":"https:\/\/tehronmachines.ro\/pro\/wp-json\/wp\/v2\/media\/2492"}],"wp:attachment":[{"href":"https:\/\/tehronmachines.ro\/pro\/wp-json\/wp\/v2\/media?parent=2491"}],"wp:term":[{"taxonomy":"product_cat","embeddable":true,"href":"https:\/\/tehronmachines.ro\/pro\/wp-json\/wp\/v2\/product_cat?post=2491"},{"taxonomy":"product_tag","embeddable":true,"href":"https:\/\/tehronmachines.ro\/pro\/wp-json\/wp\/v2\/product_tag?post=2491"}],"curies":[{"name":"wp","href":"https:\/\/api.w.org\/{rel}","templated":true}]}}