{"id":2483,"date":"2023-10-10T22:17:26","date_gmt":"2023-10-10T19:17:26","guid":{"rendered":"https:\/\/tehronmachines.ro\/pro\/?post_type=product&#038;p=2483"},"modified":"2024-11-20T12:45:44","modified_gmt":"2024-11-20T09:45:44","slug":"mulcer-tocator-de-resturi-vegetale-seppi-super-bms","status":"publish","type":"product","link":"https:\/\/tehronmachines.ro\/pro\/produs\/mulcer-tocator-de-resturi-vegetale-seppi-super-bms\/","title":{"rendered":"Mulcer &#8211; toc\u0103tor de resturi vegetale &#8211; Seppi SUPER &#8211; BMS"},"content":{"rendered":"<p>SEPPI SUPER-BMS este un toc\u0103tor puternic care poate fi montat pe bra\u021bul basculant al unui excavator sau forwarder de p\u00e2n\u0103 la 45 t. Rotorul s\u0103u patentat cu ciocane eficiente MINI DUO cu v\u00e2rfuri din carbur\u0103 de tungsten toac\u0103 copaci \u0219i butuci cu diametrul de p\u00e2n\u0103 la 40 cm [16&#8243;]. Mai eficient este SUPER-BMS datorit\u0103 unui rotor \u00eembun\u0103t\u0103\u021bit cu expunere suplimentar\u0103.<\/p>\n<p>Disponibil \u00een l\u0103\u021bimea de lucru: 150 cm [59&#8243;]<\/p>\n<h3>\n<span style=\"color: #ff0000\">APLICA\u021aII<\/span><\/h3>\n<p>Mulcirea malurilor r\u00e2urilor<br \/>\nCur\u0103\u021barea terenurilor \u00een industria petrolului \u0219i a gazelor naturale<br \/>\n\u00centre\u021binerea liniilor electrice \u0219i de comunica\u021bii<br \/>\n\u00cembun\u0103t\u0103\u021birea terenurilor arabile \u0219i a altor terenuri<br \/>\nGestionarea vegeta\u021biei<br \/>\nCur\u0103\u021barea p\u0103durilor dup\u0103 recoltarea lemnului<br \/>\nDefri\u0219area drepturilor de trecere<\/p>\n<h3>\n<span style=\"color: #ff0000\">VERSIUNEA STANDARD SUPER-BMS<\/span><\/h3>\n<p>SUPER-BMS mulce\u0219te butucii \u0219i lemnul p\u00e2n\u0103 la 40 cm [16&#8243;] \u00d8<br \/>\nRotor cu ciocane fixe MINI DUO cu v\u00e2rfuri din carbur\u0103 de tungsten<br \/>\nSuport pentru ciocane anti-uzur\u0103<br \/>\nArborele rotorului cu fixare cu bolduri<br \/>\nAdecvat pentru excavatoare sau \u00eenc\u0103rc\u0103toare de la 25 la 45 t [50.000-90.000 lb]<br \/>\nInterfa\u021b\u0103 universal\u0103 de ata\u0219are<br \/>\nTransmisie cu curea (2&#215;5)<br \/>\nPreg\u0103tit pentru transmisie cu 2 motoare hidraulice la alegere<br \/>\nPresiune maxim\u0103: 350 bar<br \/>\nCapot\u0103 cu ac\u021bionare hidraulic\u0103<br \/>\nProtec\u021bie frontal\u0103 \u0219i posterioar\u0103 cu lan\u021buri<br \/>\nPatine de sus\u021binere \u00eent\u0103rite<br \/>\nCulori: ro\u0219u RAL3020 &#8211; c\u0103rbune RAL7021<\/p>\n<h3>\n<span style=\"color: #ff0000\">OP\u021aIUNI<\/span><\/h3>\n<p>Motoare cu supape de siguran\u021b\u0103<br \/>\nPlac\u0103 de interfa\u021b\u0103 (pentru diferite m\u0103rci de excavatoare)<br \/>\nSupap\u0103 electric\u0103 pentru controlul capotei<\/p>\n<div><!--StartFragment-->&nbsp;<\/p>\n<p>Imaginile au caracter orientativ!<\/p>\n<p>&nbsp;<\/p>\n<p>Pre\u021burile nu includ TVA!<\/p>\n<p><!--EndFragment--><\/div>\n","protected":false},"excerpt":{"rendered":"<p>Mulcer &#8211; toc\u0103tor de resturi vegetale &#8211; Seppi SUPER &#8211; BMS<\/p>\n","protected":false},"featured_media":2485,"comment_status":"open","ping_status":"closed","template":"","meta":{"_acf_changed":false,"_exactmetrics_skip_tracking":false,"_exactmetrics_sitenote_active":false,"_exactmetrics_sitenote_note":"","_exactmetrics_sitenote_category":0,"_monsterinsights_skip_tracking":false,"_monsterinsights_sitenote_active":false,"_monsterinsights_sitenote_note":"","_monsterinsights_sitenote_category":0,"neve_meta_sidebar":"","neve_meta_container":"","neve_meta_enable_content_width":"off","neve_meta_content_width":100,"neve_meta_title_alignment":"","neve_meta_author_avatar":"","neve_post_elements_order":"","neve_meta_disable_header":"","neve_meta_disable_footer":"","neve_meta_disable_title":"","jetpack_post_was_ever_published":false,"jetpack_publicize_message":"","jetpack_publicize_feature_enabled":true,"jetpack_social_post_already_shared":true,"jetpack_social_options":{"image_generator_settings":{"template":"highway","default_image_id":0,"font":"","enabled":false},"version":2}},"product_cat":[1022,996,1028,997,27,1061,1041,1030,1005,101,1027,1066],"product_tag":[314,311,116,332,41,210,312,826,827],"class_list":{"0":"post-2483","1":"product","2":"type-product","3":"status-publish","4":"has-post-thumbnail","6":"product_brand-bolzano-italia","7":"product_cat-curatenie","8":"product_cat-gospodarie-gradinarit","9":"product_cat-lucrari-comunale-municipale","10":"product_cat-lucrari-de-peisagistica","11":"product_cat-masini-si-utilaje","12":"product_cat-recuperare-terenuri-post-exploatare","13":"product_cat-silvicultura-si-exploatari-forestiere","14":"product_cat-tocatoare-de-crengi-lucrari-comunale-municipale","15":"product_cat-tocatoare-de-crengi-diam-4-40-cm","16":"product_cat-tocatoare-de-crengi-gospodarie-gradinarit","17":"product_cat-tocatoare-de-crengi","18":"product_cat-tocatoare-de-crengi-recuperare-terenuri-post-exploatare","19":"product_tag-curatat-teren","20":"product_tag-freza-de-cioate","21":"product_tag-masini","22":"product_tag-mulcer","23":"product_tag-peisagistica","24":"product_tag-profesional","25":"product_tag-seppi","26":"product_tag-seppim","27":"product_tag-utilaje-purtate","29":"first","30":"onbackorder","31":"taxable","32":"shipping-taxable","33":"product-type-simple"},"acf":[],"aioseo_notices":[],"jetpack_publicize_connections":[],"jetpack-related-posts":[],"jetpack_likes_enabled":true,"jetpack_sharing_enabled":true,"_links":{"self":[{"href":"https:\/\/tehronmachines.ro\/pro\/wp-json\/wp\/v2\/product\/2483","targetHints":{"allow":["GET"]}}],"collection":[{"href":"https:\/\/tehronmachines.ro\/pro\/wp-json\/wp\/v2\/product"}],"about":[{"href":"https:\/\/tehronmachines.ro\/pro\/wp-json\/wp\/v2\/types\/product"}],"replies":[{"embeddable":true,"href":"https:\/\/tehronmachines.ro\/pro\/wp-json\/wp\/v2\/comments?post=2483"}],"wp:featuredmedia":[{"embeddable":true,"href":"https:\/\/tehronmachines.ro\/pro\/wp-json\/wp\/v2\/media\/2485"}],"wp:attachment":[{"href":"https:\/\/tehronmachines.ro\/pro\/wp-json\/wp\/v2\/media?parent=2483"}],"wp:term":[{"taxonomy":"product_cat","embeddable":true,"href":"https:\/\/tehronmachines.ro\/pro\/wp-json\/wp\/v2\/product_cat?post=2483"},{"taxonomy":"product_tag","embeddable":true,"href":"https:\/\/tehronmachines.ro\/pro\/wp-json\/wp\/v2\/product_tag?post=2483"}],"curies":[{"name":"wp","href":"https:\/\/api.w.org\/{rel}","templated":true}]}}