{"id":2479,"date":"2023-10-06T01:12:56","date_gmt":"2023-10-05T22:12:56","guid":{"rendered":"https:\/\/tehronmachines.ro\/pro\/?post_type=product&#038;p=2479"},"modified":"2024-11-20T12:46:12","modified_gmt":"2024-11-20T09:46:12","slug":"mulcer-tocator-de-resturi-vegetale-seppi-mini-bms","status":"publish","type":"product","link":"https:\/\/tehronmachines.ro\/pro\/produs\/mulcer-tocator-de-resturi-vegetale-seppi-mini-bms\/","title":{"rendered":"Mulcer &#8211; toc\u0103tor de resturi vegetale &#8211; Seppi MINI-BMS"},"content":{"rendered":"<p>Mulcerul SEPPI MINI-BMS este cel mai u\u0219or dintre mulcerele forestiere pentru ata\u0219area la excavator. Datorit\u0103 greut\u0103\u021bii reduse, mulcherul MINI BMS este potrivit pentru a fi montat pe bra\u021bele lungi ale excavatorului sau ale forwarderului \u0219i, astfel, ajunge chiar \u0219i \u00een zone \u00eendep\u0103rtate, altfel greu accesibile.<br \/>\n\u00cen agricultur\u0103, rezultatul este un acces mai bun la c\u00e2mpuri \u0219i o cale curat\u0103 pentru apa c\u0103tre \u0219an\u021burile de drenaj. Mulcherul MINI-BMS este potrivit pentru diferite tipuri de gestionare a vegeta\u021biei, \u00een silvicultur\u0103, pentru \u00eentre\u021binerea drepturilor de trecere, pentru cur\u0103\u021barea p\u0103durilor dup\u0103 recoltarea lemnului \u0219i multe altele.<br \/>\nMINI-BMS este echipat cu rotorul agresiv patentat, cu ciocane fixe MINI DUO u\u0219or de \u00eenlocuit, cu v\u00e2rfuri din carbur\u0103 de tungsten, care m\u0103run\u021be\u0219te materiale (lemn) cu diametrul de p\u00e2n\u0103 la 10 cm. Cadru foarte puternic, pentru o durat\u0103 de via\u021b\u0103 foarte lung\u0103, fabricat din o\u021bel rezistent la uzur\u0103 AR400, cu contracu\u021bite c\u0103lite pentru un rezultat perfect de mulcire.<\/p>\n<p>L\u0103\u021bime de lucru disponibil\u0103: 85, 105, 125 [33&#8243;, 41&#8243;, 49&#8243;].<\/p>\n<h3><span style=\"color: #ff0000\">MINI-BMS &#8211; VERSIUNE STANDARD<\/span><\/h3>\n<p>Cap de mulcire MINI-BMS potrivit pentru excavatoare de la 5 la 10 tone [11.000-22.000 lb].<br \/>\nMulce\u0219te tufi\u0219uri \u0219i lemn p\u00e2n\u0103 la 10 cm [4&#8243;].<br \/>\nRotor cu cioc\u0103nele cu inser\u021bii de CARBUR\u0102 de tungsten MINI DUO<br \/>\nSuport de ciocan anti-uzur\u0103<br \/>\nInterfa\u021b\u0103 universal\u0103 de ata\u0219are<br \/>\n\u0218asiu fabricat din o\u021bel AR400 de \u00eenalt\u0103 rezisten\u021b\u0103 la trac\u021biune \u0219i uzur\u0103<br \/>\nTransmisie cu curea (5)<br \/>\nPreg\u0103tite pentru transmisie cu motor hidraulic la alegere<br \/>\nDebit de ulei recomandat: 50-150 l\/min [13-39,6 US-gal\/min].<br \/>\nCapot\u0103 cu ac\u021bionare hidraulic\u0103<br \/>\nProtec\u021bie frontal\u0103 \u0219i posterioar\u0103 cu lan\u021buri<br \/>\nPatine de sus\u021binere, \u00eent\u0103rite<br \/>\nCulori: ro\u0219u RAL3020 \u0219i c\u0103rbune RAL7021<\/p>\n<h3>\n<span style=\"color: #ff0000\">OP\u021aIUNI<\/span><\/h3>\n<p>Rotor CUT CONTROL cu manometru \u0219i unealt\u0103 MINI BLADE<br \/>\nRotor forestier cu ciocane oscilante<br \/>\nMotor hidraulic cu supap\u0103 de siguran\u021b\u0103 la alegere<br \/>\nMotor automat cu cilindree variabil\u0103 M-BOOST 60-80 cm\u00b3<br \/>\nPlac\u0103 de interfa\u021b\u0103 (pentru diferite m\u0103rci de excavatoare)<br \/>\nPlac\u0103 de rota\u021bie hidraulic\u0103 de 190\u00b0.<\/p>\n<p>&nbsp;<\/p>\n<p>Imaginile au caracter orientativ!<\/p>\n<p>&nbsp;<\/p>\n<p>Pre\u021burile nu includ TVA!<\/p>\n","protected":false},"excerpt":{"rendered":"<p>Mulcer &#8211; toc\u0103tor de resturi vegetale &#8211; Seppi MINI-BMS<\/p>\n","protected":false},"featured_media":2480,"comment_status":"open","ping_status":"closed","template":"","meta":{"_acf_changed":false,"_exactmetrics_skip_tracking":false,"_exactmetrics_sitenote_active":false,"_exactmetrics_sitenote_note":"","_exactmetrics_sitenote_category":0,"_monsterinsights_skip_tracking":false,"_monsterinsights_sitenote_active":false,"_monsterinsights_sitenote_note":"","_monsterinsights_sitenote_category":0,"neve_meta_sidebar":"","neve_meta_container":"","neve_meta_enable_content_width":"off","neve_meta_content_width":100,"neve_meta_title_alignment":"","neve_meta_author_avatar":"","neve_post_elements_order":"","neve_meta_disable_header":"","neve_meta_disable_footer":"","neve_meta_disable_title":"","jetpack_post_was_ever_published":false,"jetpack_publicize_message":"","jetpack_publicize_feature_enabled":true,"jetpack_social_post_already_shared":true,"jetpack_social_options":{"image_generator_settings":{"template":"highway","default_image_id":0,"font":"","enabled":false},"version":2}},"product_cat":[1022,996,1028,997,27,1061,1041,101,1027,1066,1030,1005],"product_tag":[314,311,116,332,41,210,312,826,827],"class_list":{"0":"post-2479","1":"product","2":"type-product","3":"status-publish","4":"has-post-thumbnail","6":"product_brand-bolzano-italia","7":"product_cat-curatenie","8":"product_cat-gospodarie-gradinarit","9":"product_cat-lucrari-comunale-municipale","10":"product_cat-lucrari-de-peisagistica","11":"product_cat-masini-si-utilaje","12":"product_cat-recuperare-terenuri-post-exploatare","13":"product_cat-silvicultura-si-exploatari-forestiere","14":"product_cat-tocatoare-de-crengi-gospodarie-gradinarit","15":"product_cat-tocatoare-de-crengi","16":"product_cat-tocatoare-de-crengi-recuperare-terenuri-post-exploatare","17":"product_cat-tocatoare-de-crengi-lucrari-comunale-municipale","18":"product_cat-tocatoare-de-crengi-diam-4-40-cm","19":"product_tag-curatat-teren","20":"product_tag-freza-de-cioate","21":"product_tag-masini","22":"product_tag-mulcer","23":"product_tag-peisagistica","24":"product_tag-profesional","25":"product_tag-seppi","26":"product_tag-seppim","27":"product_tag-utilaje-purtate","29":"first","30":"onbackorder","31":"taxable","32":"shipping-taxable","33":"product-type-simple"},"acf":[],"aioseo_notices":[],"jetpack_publicize_connections":[],"jetpack-related-posts":[],"jetpack_likes_enabled":true,"jetpack_sharing_enabled":true,"_links":{"self":[{"href":"https:\/\/tehronmachines.ro\/pro\/wp-json\/wp\/v2\/product\/2479","targetHints":{"allow":["GET"]}}],"collection":[{"href":"https:\/\/tehronmachines.ro\/pro\/wp-json\/wp\/v2\/product"}],"about":[{"href":"https:\/\/tehronmachines.ro\/pro\/wp-json\/wp\/v2\/types\/product"}],"replies":[{"embeddable":true,"href":"https:\/\/tehronmachines.ro\/pro\/wp-json\/wp\/v2\/comments?post=2479"}],"wp:featuredmedia":[{"embeddable":true,"href":"https:\/\/tehronmachines.ro\/pro\/wp-json\/wp\/v2\/media\/2480"}],"wp:attachment":[{"href":"https:\/\/tehronmachines.ro\/pro\/wp-json\/wp\/v2\/media?parent=2479"}],"wp:term":[{"taxonomy":"product_cat","embeddable":true,"href":"https:\/\/tehronmachines.ro\/pro\/wp-json\/wp\/v2\/product_cat?post=2479"},{"taxonomy":"product_tag","embeddable":true,"href":"https:\/\/tehronmachines.ro\/pro\/wp-json\/wp\/v2\/product_tag?post=2479"}],"curies":[{"name":"wp","href":"https:\/\/api.w.org\/{rel}","templated":true}]}}