{"id":2472,"date":"2023-10-06T01:03:14","date_gmt":"2023-10-05T22:03:14","guid":{"rendered":"https:\/\/tehronmachines.ro\/pro\/?post_type=product&#038;p=2472"},"modified":"2024-11-30T14:38:31","modified_gmt":"2024-11-30T11:38:31","slug":"mulcer-tocator-de-resturi-vegetale-seppi-h3","status":"publish","type":"product","link":"https:\/\/tehronmachines.ro\/pro\/produs\/mulcer-tocator-de-resturi-vegetale-seppi-h3\/","title":{"rendered":"Mulcer &#8211; toc\u0103tor de resturi vegetale &#8211; Seppi H3"},"content":{"rendered":"<p>Toc\u0103torul pentru excavator SEPPI H3 este cel mai u\u0219or accesoriu pentru excavator de la SEPPI M. vine cu un cadru \u00eent\u0103rit din o\u021bel rezistent la uzur\u0103 AR400 pentru o durat\u0103 de via\u021b\u0103 foarte lung\u0103. Capul de mulcire H3 este ideal pentru a fi montat pe mini-excavatoare pentru \u00eentre\u021binerea spa\u021biilor verzi mici, a malurilor r\u00e2urilor \u0219i canalelor, pentru cur\u0103\u021barea drepturilor de trecere \u0219i pentru \u00eentre\u021binerea de spece verzi. Rulment \u00eent\u0103rit \u0219i rol\u0103 de sus\u021binere mai puternic\u0103, cadru \u00eent\u0103rit din o\u021bel rezistent la uzur\u0103 AR400 pentru o durat\u0103 de via\u021b\u0103 foarte lung\u0103. Adaptorul mecanic cu flotor pentru a urma contururile terenului este acum \u00een versiunea standard.<\/p>\n<p>Preg\u0103tit\u0103 pentru transmisie cu motor hidraulic la alegere.<\/p>\n<p>L\u0103\u021bime de lucru disponibil\u0103: 60, 85, 105, 125 [25&#8243;, 33&#8243;, 41&#8243;, 49&#8243;].<\/p>\n<p>&nbsp;<\/p>\n<h3><span style=\"color: #ff0000\">H3 &#8211; VERSIUNE STANDARD<\/span><\/h3>\n<p>Cap de mulcire potrivit pentru bra\u021bul hidraulic al excavatorului<br \/>\nPentru excavatoare de la 2 la 5 t [5-11k lb].<br \/>\nMulce\u0219te iarba \u0219i arbu\u0219tii cu un \u00d8 de p\u00e2n\u0103 la 3 cm [1&#8243;] \u00d8<br \/>\nRotor elicoidal cu fulgii SMW<br \/>\n\u0218asiu fabricat din o\u021bel AR400 de \u00eenalt\u0103 rezisten\u021b\u0103 la trac\u021biune \u0219i uzur\u0103<br \/>\nInterfa\u021b\u0103 universal\u0103 de ata\u0219are<br \/>\nAdaptor mecanic FLOAT<br \/>\nTransmisie cu motor hidr. la alegere<br \/>\nDebit de ulei recomandat: 20-90 l\/min [5,3 &#8211; 23,8 gpm].<br \/>\nProtec\u021bie frontal\u0103 cu lan\u021buri<br \/>\nProtec\u021bie spate: clapet\u0103 de siguran\u021b\u0103 din cauciuc<br \/>\nCilindru de sprijin \u00eent\u0103rit reglabil<br \/>\nCulori: ro\u0219u RAL3020 &#8211; c\u0103rbune RAL7021<\/p>\n<h3>\n<span style=\"color: #ff0000\">OP\u021aIUNI<\/span><\/h3>\n<p>Rotor cu cu\u021bite \u00een Y pe c\u0103tu\u0219e<br \/>\nRotor cu cu\u021bite Y DUO<br \/>\nMotor cu deplasare variabil\u0103 cu supap\u0103 de siguran\u021b\u0103 la alegere<br \/>\nsau Motor cu angrenaj hidraulic cu supap\u0103 de reglare a debitului<br \/>\nAccesoriu &#8211; plac\u0103 de interfa\u021b\u0103 pentru excavatoare de diferite m\u0103rci<br \/>\nPlac\u0103 de rota\u021bie hidraulic\u0103 de 190\u00b0.<br \/>\nTurometru cu laser<\/p>\n<p>&nbsp;<\/p>\n<p>Imaginile au caracter orientativ!<\/p>\n<p>&nbsp;<\/p>\n<p>Pre\u021burile nu includ TVA!<\/p>\n","protected":false},"excerpt":{"rendered":"<p>Mulcer &#8211; toc\u0103tor de resturi vegetale &#8211; Seppi H3<\/p>\n","protected":false},"featured_media":2474,"comment_status":"closed","ping_status":"closed","template":"","meta":{"_acf_changed":false,"_exactmetrics_skip_tracking":false,"_exactmetrics_sitenote_active":false,"_exactmetrics_sitenote_note":"","_exactmetrics_sitenote_category":0,"_monsterinsights_skip_tracking":false,"_monsterinsights_sitenote_active":false,"_monsterinsights_sitenote_note":"","_monsterinsights_sitenote_category":0,"neve_meta_sidebar":"","neve_meta_container":"","neve_meta_enable_content_width":"off","neve_meta_content_width":100,"neve_meta_title_alignment":"","neve_meta_author_avatar":"","neve_post_elements_order":"","neve_meta_disable_header":"","neve_meta_disable_footer":"","neve_meta_disable_title":"","jetpack_post_was_ever_published":false,"jetpack_publicize_message":"","jetpack_publicize_feature_enabled":true,"jetpack_social_post_already_shared":true,"jetpack_social_options":{"image_generator_settings":{"template":"highway","default_image_id":0,"font":"","enabled":false},"version":2}},"product_cat":[1022,996,1028,997,27,1061,1041,1030,1005,101,1027,1066],"product_tag":[314,311,116,332,41,210,312,826,827],"class_list":{"0":"post-2472","1":"product","2":"type-product","3":"status-publish","4":"has-post-thumbnail","6":"product_brand-bolzano-italia","7":"product_cat-curatenie","8":"product_cat-gospodarie-gradinarit","9":"product_cat-lucrari-comunale-municipale","10":"product_cat-lucrari-de-peisagistica","11":"product_cat-masini-si-utilaje","12":"product_cat-recuperare-terenuri-post-exploatare","13":"product_cat-silvicultura-si-exploatari-forestiere","14":"product_cat-tocatoare-de-crengi-lucrari-comunale-municipale","15":"product_cat-tocatoare-de-crengi-diam-4-40-cm","16":"product_cat-tocatoare-de-crengi-gospodarie-gradinarit","17":"product_cat-tocatoare-de-crengi","18":"product_cat-tocatoare-de-crengi-recuperare-terenuri-post-exploatare","19":"product_tag-curatat-teren","20":"product_tag-freza-de-cioate","21":"product_tag-masini","22":"product_tag-mulcer","23":"product_tag-peisagistica","24":"product_tag-profesional","25":"product_tag-seppi","26":"product_tag-seppim","27":"product_tag-utilaje-purtate","29":"first","30":"onbackorder","31":"taxable","32":"shipping-taxable","33":"product-type-simple"},"acf":[],"aioseo_notices":[],"jetpack_publicize_connections":[],"jetpack-related-posts":[],"jetpack_likes_enabled":true,"jetpack_sharing_enabled":true,"_links":{"self":[{"href":"https:\/\/tehronmachines.ro\/pro\/wp-json\/wp\/v2\/product\/2472","targetHints":{"allow":["GET"]}}],"collection":[{"href":"https:\/\/tehronmachines.ro\/pro\/wp-json\/wp\/v2\/product"}],"about":[{"href":"https:\/\/tehronmachines.ro\/pro\/wp-json\/wp\/v2\/types\/product"}],"replies":[{"embeddable":true,"href":"https:\/\/tehronmachines.ro\/pro\/wp-json\/wp\/v2\/comments?post=2472"}],"wp:featuredmedia":[{"embeddable":true,"href":"https:\/\/tehronmachines.ro\/pro\/wp-json\/wp\/v2\/media\/2474"}],"wp:attachment":[{"href":"https:\/\/tehronmachines.ro\/pro\/wp-json\/wp\/v2\/media?parent=2472"}],"wp:term":[{"taxonomy":"product_cat","embeddable":true,"href":"https:\/\/tehronmachines.ro\/pro\/wp-json\/wp\/v2\/product_cat?post=2472"},{"taxonomy":"product_tag","embeddable":true,"href":"https:\/\/tehronmachines.ro\/pro\/wp-json\/wp\/v2\/product_tag?post=2472"}],"curies":[{"name":"wp","href":"https:\/\/api.w.org\/{rel}","templated":true}]}}