{"id":2469,"date":"2023-10-06T00:57:02","date_gmt":"2023-10-05T21:57:02","guid":{"rendered":"https:\/\/tehronmachines.ro\/pro\/?post_type=product&#038;p=2469"},"modified":"2024-11-30T14:39:09","modified_gmt":"2024-11-30T11:39:09","slug":"mulcer-tocator-de-resturi-vegetale-seppi-starsoil-hyd","status":"publish","type":"product","link":"https:\/\/tehronmachines.ro\/pro\/produs\/mulcer-tocator-de-resturi-vegetale-seppi-starsoil-hyd\/","title":{"rendered":"Mulcer &#8211; toc\u0103tor de resturi vegetale &#8211; Seppi STARSOIL hyd"},"content":{"rendered":"<p>Toc\u0103torul \u0219i toc\u0103torul SEPPI M. STARSOIL hyd este un mulcer multifunc\u021bional pentru toaletarea deasupra \u0219i dedesubt a lemnului, butucilor \u0219i r\u0103d\u0103cinilor, \u00eentre\u021binerea \u0219i construc\u021bia de drumuri, af\u00e2narea solului \u0219i concasarea pietrei. Este proiectat pentru ma\u0219ini de mare putere cu \u0219enile \u0219i cu ro\u021bi. Cu transmisie dubl\u0103 cu angrenaje paralele, r\u0103cire integrat\u0103, motoare cu tura\u021bie variabil\u0103 \u0219i ciocane din carbur\u0103, SEPPI STARSOIL hyd lucreaz\u0103 p\u00e2n\u0103 la o ad\u00e2ncime de 40 cm [16&#8243;], toac\u0103 lemnul p\u00e2n\u0103 la 40 cm [16&#8243;] \u00d8 \u0219i zdrobe\u0219te pietrele p\u00e2n\u0103 la 30 cm [12&#8243;] \u00d8.<\/p>\n<p>Rezultatul a 75 de ani de inova\u021bie: mai mult\u0103 putere, durat\u0103 de via\u021b\u0103 mai lung\u0103, mai mult\u0103 productivitate!<\/p>\n<p>STARSOIL hyd dispune de un cadru \u00eent\u0103rit din o\u021bel AR 400 rezistent la uzur\u0103. Aceast\u0103 frez\u0103 de sol versatil\u0103 este potrivit\u0103 pentru ma\u0219ini hidraulice, \u0219enile de mare putere \u0219i transportoare pe ro\u021bi cu clase de putere \u00eentre 150 \u0219i 250 CP (200-350 bar \/ 3.000 &#8211; 5.075 psi). Este echipat cu un sistem hidraulic cu 2 motoare hidraulice M-BOOST\u2122 pentru presiune \u0219i debit de ulei ridicat. Reglare \u0219i afi\u0219are a vitezei \u00een cabin\u0103. Designul de ac\u021bionare cu r\u0103cire integrat\u0103 (cu panou de monitorizare \u0219i control al temperaturii uleiului) \u0219i cu motor cu angrenaj cilindric este deosebit de sub\u021bire \u0219i economise\u0219te spa\u021biu. Echipat este STARSOIL cu rotorul de nou\u0103 genera\u021bie patentat V-LOCK cu combina\u021bia eficient\u0103 de unelte de tip nou, ULTRA MONO PROTECT \u0219i MONO EXTREM cu inser\u021bii suplimentare de carbur\u0103 de tungsten \u00een punctele cele mai supuse uzurii. Sistemul hidraulic SEPPI STARSOIL are versatilitate \u0219i performan\u021be ridicate cu un consum minim de energie datorit\u0103 construc\u021biei sale u\u0219oare (2900 &#8211; 3500 kg \/ 6.500 &#8211; 7.600 lbs). Disponibil cu rol\u0103 de compactare cu nivelare hidropneumatic\u0103 sau cu cadru de protec\u021bie hidraulic.<\/p>\n<p>L\u0103\u021bimi de lucru disponibile: 225, 250 cm [89&#8243;, 98&#8243;].<\/p>\n<h3><span style=\"color: #ff0000\">APLICA\u021aII:<\/span><\/h3>\n<p>Zdrobirea pietrelor pe drumuri, ferme \u0219i alte zone.<br \/>\nCrearea \u0219i \u00eentre\u021binerea drumurilor cu pietri\u0219<br \/>\nCur\u0103\u021barea terenurilor pentru industria petrolier\u0103 \u0219i a gazelor naturale<br \/>\nM\u0103r\u0103cini\u0219 pe \u0219antierele de construc\u021bii<br \/>\n\u00centre\u021binerea liniilor electrice \u0219i de comunica\u021bii<br \/>\n\u00cembun\u0103t\u0103\u021birea terenurilor arabile \u0219i a altor terenuri<br \/>\nPreg\u0103tirea solului pentru (re)plantare<br \/>\nGestionarea vegeta\u021biei<br \/>\nCur\u0103\u021barea p\u0103durilor dup\u0103 recoltarea lemnului<br \/>\nDefri\u0219area c\u0103ilor de acces<br \/>\nSTARSOIL hyd &#8211; un singur utilaj pentru toate.<\/p>\n<p>&nbsp;<\/p>\n<h3><span style=\"color: #ff0000\">STARSOIL hyd &#8211; VERSIUNE STANDARD<\/span><\/h3>\n<p>Zdrobe\u0219te pietre de p\u00e2n\u0103 la 30 cm [12&#8243;] \u00d8<br \/>\nMulcimeaz\u0103 lemnul p\u00e2n\u0103 la 40 cm [16&#8243;] \u00d8<br \/>\nLucreaz\u0103 solul p\u00e2n\u0103 la 40 cm [16&#8243;] \u0219i mai ad\u00e2nc, \u00een func\u021bie de condi\u021biile de lucru<br \/>\nVitez\u0103 de lucru 0-5 km\/h<br \/>\nRotor V-LOCK: combina\u021bie de ciocane cu v\u00e2rfuri din carbur\u0103 de tungsten ULTRA MONO PROTECT + MONO EXTREME<br \/>\nSuport de ciocan anti-uzur\u0103<br \/>\nArborele rotorului cu \u0219uruburi<br \/>\nInterfa\u021b\u0103 de ata\u0219are universal\u0103 pentru ma\u0219ini hidraulice<br \/>\nAc\u021bionare dubl\u0103 cu transmisie cu angrenaje paralele, circuit de r\u0103cire integrat<br \/>\nPreg\u0103tit pentru 2 motoare hidraulice la alegere<br \/>\nSistem ISOBUS (temperatur\u0103, r\u0103cire, contor de ore) &#8211; cu terminal ISOBUS<br \/>\n\u0218asiu realizat din o\u021bel AR400 de \u00eenalt\u0103 rezisten\u021b\u0103 la trac\u021biune \u0219i uzur\u0103, cu PLATURI DE UZUR\u0102 interne \u00eenlocuibile<br \/>\n2 r\u00e2nduri de CONTORNIERE temperate; bar\u0103 de nicoval\u0103 \u0219i gril\u0103 de zdrobire reglabile<br \/>\nCapot\u0103 cu ac\u021bionare hidraulic\u0103<br \/>\nPatine \u00eenguste \u00een profunzime<br \/>\nProtec\u021bie frontal\u0103 \u0219i posterioar\u0103 cu lan\u021buri<br \/>\nCulori: ro\u0219u RAL3020 \u0219i c\u0103rbune RAL7021<\/p>\n<h3><span style=\"color: #ff0000\">OP\u021aIUNI<\/span><\/h3>\n<p>Cilindru de compactare ac\u021bionat hidraulic pentru controlul ad\u00e2ncimii, poate fi utilizat \u0219i ca cadru de protec\u021bie, inclusiv r\u0103zuitor de cilindru<br \/>\nCadru de protec\u021bie hidraulic cu unelte<br \/>\nPatine pentru lucr\u0103ri pe suprafa\u021b\u0103 \u00een locul patinelor standard<br \/>\n2 motoare automate cu cilindree variabil\u0103 M-BOOST\u2122.<br \/>\nInterfa\u021b\u0103 de ata\u0219are pentru \u00eenc\u0103rc\u0103toare, buldozere \u0219i ma\u0219ini de lucru de diferite m\u0103rci<\/p>\n<p>&nbsp;<\/p>\n<p>Imaginile au caracter orientativ!<\/p>\n<p>&nbsp;<\/p>\n<p>Pre\u021burile nu includ TVA!<\/p>\n","protected":false},"excerpt":{"rendered":"<p>Mulcer &#8211; toc\u0103tor de resturi vegetale &#8211; Seppi STARSOIL hyd<\/p>\n","protected":false},"featured_media":2470,"comment_status":"closed","ping_status":"closed","template":"","meta":{"_acf_changed":false,"_exactmetrics_skip_tracking":false,"_exactmetrics_sitenote_active":false,"_exactmetrics_sitenote_note":"","_exactmetrics_sitenote_category":0,"_monsterinsights_skip_tracking":false,"_monsterinsights_sitenote_active":false,"_monsterinsights_sitenote_note":"","_monsterinsights_sitenote_category":0,"neve_meta_sidebar":"","neve_meta_container":"","neve_meta_enable_content_width":"off","neve_meta_content_width":100,"neve_meta_title_alignment":"","neve_meta_author_avatar":"","neve_post_elements_order":"","neve_meta_disable_header":"","neve_meta_disable_footer":"","neve_meta_disable_title":"","jetpack_post_was_ever_published":false,"jetpack_publicize_message":"","jetpack_publicize_feature_enabled":true,"jetpack_social_post_already_shared":true,"jetpack_social_options":{"image_generator_settings":{"template":"highway","default_image_id":0,"font":"","enabled":false},"version":2}},"product_cat":[1022,996,1028,997,27,1061,1041,1027,1066,1030,1005,101],"product_tag":[314,311,116,332,41,210,312,826,827],"class_list":{"0":"post-2469","1":"product","2":"type-product","3":"status-publish","4":"has-post-thumbnail","6":"product_brand-bolzano-italia","7":"product_cat-curatenie","8":"product_cat-gospodarie-gradinarit","9":"product_cat-lucrari-comunale-municipale","10":"product_cat-lucrari-de-peisagistica","11":"product_cat-masini-si-utilaje","12":"product_cat-recuperare-terenuri-post-exploatare","13":"product_cat-silvicultura-si-exploatari-forestiere","14":"product_cat-tocatoare-de-crengi","15":"product_cat-tocatoare-de-crengi-recuperare-terenuri-post-exploatare","16":"product_cat-tocatoare-de-crengi-lucrari-comunale-municipale","17":"product_cat-tocatoare-de-crengi-diam-4-40-cm","18":"product_cat-tocatoare-de-crengi-gospodarie-gradinarit","19":"product_tag-curatat-teren","20":"product_tag-freza-de-cioate","21":"product_tag-masini","22":"product_tag-mulcer","23":"product_tag-peisagistica","24":"product_tag-profesional","25":"product_tag-seppi","26":"product_tag-seppim","27":"product_tag-utilaje-purtate","29":"first","30":"onbackorder","31":"taxable","32":"shipping-taxable","33":"product-type-simple"},"acf":[],"aioseo_notices":[],"jetpack_publicize_connections":[],"jetpack-related-posts":[],"jetpack_likes_enabled":true,"jetpack_sharing_enabled":true,"_links":{"self":[{"href":"https:\/\/tehronmachines.ro\/pro\/wp-json\/wp\/v2\/product\/2469","targetHints":{"allow":["GET"]}}],"collection":[{"href":"https:\/\/tehronmachines.ro\/pro\/wp-json\/wp\/v2\/product"}],"about":[{"href":"https:\/\/tehronmachines.ro\/pro\/wp-json\/wp\/v2\/types\/product"}],"replies":[{"embeddable":true,"href":"https:\/\/tehronmachines.ro\/pro\/wp-json\/wp\/v2\/comments?post=2469"}],"wp:featuredmedia":[{"embeddable":true,"href":"https:\/\/tehronmachines.ro\/pro\/wp-json\/wp\/v2\/media\/2470"}],"wp:attachment":[{"href":"https:\/\/tehronmachines.ro\/pro\/wp-json\/wp\/v2\/media?parent=2469"}],"wp:term":[{"taxonomy":"product_cat","embeddable":true,"href":"https:\/\/tehronmachines.ro\/pro\/wp-json\/wp\/v2\/product_cat?post=2469"},{"taxonomy":"product_tag","embeddable":true,"href":"https:\/\/tehronmachines.ro\/pro\/wp-json\/wp\/v2\/product_tag?post=2469"}],"curies":[{"name":"wp","href":"https:\/\/api.w.org\/{rel}","templated":true}]}}