{"id":2462,"date":"2023-10-06T00:48:13","date_gmt":"2023-10-05T21:48:13","guid":{"rendered":"https:\/\/tehronmachines.ro\/pro\/?post_type=product&#038;p=2462"},"modified":"2024-11-30T14:40:30","modified_gmt":"2024-11-30T11:40:30","slug":"mulcer-tocator-de-resturi-vegetale-seppi-starforst-hyd","status":"publish","type":"product","link":"https:\/\/tehronmachines.ro\/pro\/produs\/mulcer-tocator-de-resturi-vegetale-seppi-starforst-hyd\/","title":{"rendered":"Mulcer &#8211; toc\u0103tor de resturi vegetale &#8211; Seppi STARFORST hyd"},"content":{"rendered":"<p>Noua versiune a mulcerului SEPPI STARFORST hyd este dotat\u0103 cu o interfa\u021b\u0103 de ata\u0219are universal\u0103. Este echipamentul de m\u0103run\u021bire potrivit pentru autoutilitarele de dimensiuni medii. Ciocane fixe din carbur\u0103 de tungsten SEPPI brevetate, u\u0219or de schimbat, de tip MINI DUO \u0219i suporturi pentru ciocane anti-uzur\u0103. Expunerea mare a rotorului fa\u021b\u0103 de copaci favorizeaz\u0103 un mulcire rapid\u0103. Noile curele de transmisie CARBONCHAIN asigur\u0103 o rezisten\u021b\u0103 ridicat\u0103 \u0219i stabilitate \u00een lungime, cu o flexibilitate ridicat\u0103. Dou\u0103 motoare hidraulice M-BOOST pentru presiune \u0219i debit de ulei ridicat. Diferite tipuri de cadre de protec\u021bie pentru opera\u021biunile de t\u0103iere \u0219i pentru a proteja tractorul disponibile.<\/p>\n<p>\u0218asiul lui SEPPI STARFORST hyd este foarte rezistent, cu pl\u0103ci interne \u00eenlocuibile din o\u021bel c\u0103lit AR400.<\/p>\n<p>Se comport\u0103 foarte bine \u00een orice tip de gestionare a vegeta\u021biei: dreptul de trecere, cur\u0103\u021barea terenurilor, preg\u0103tirea terenului, \u00eentre\u021binerea gazoductelor \u0219i conductelor, transportul energiei electrice, marginea drumurilor \u0219i crearea de benzi de protec\u021bie \u00eempotriva incendiilor.<\/p>\n<p>L\u0103\u021bime total\u0103 adaptat\u0103 la reglement\u0103rile privind traficul rutier &#8211; pentru o utilizare optim\u0103 a l\u0103\u021bimii de lucru.<\/p>\n<p>L\u0103\u021bime de lucru disponibil\u0103: 210, 235, 260 cm [83&#8243;, 93&#8243;, 102&#8243;].<\/p>\n<h3><span style=\"color: #ff0000\">STARFORST hyd &#8211; VERSIUNE STANDARD<\/span><\/h3>\n<p>Mulci de lemn de p\u00e2n\u0103 la 40 cm [16&#8243;] \u00d8<br \/>\nRotor cu inser\u021bii din CARBUR\u0102 de tungsten cioc\u0103nele MINI DUO + EXTREME lateral; suport ciocan antiuzur\u0103 pentru cioc\u0103nele.<br \/>\nVitez\u0103 de lucru 0 &#8211; 5 km\/h<br \/>\nArborele rotorului cu \u0219uruburi<br \/>\nInterfa\u021b\u0103 de fixare universal\u0103<br \/>\n\u0218asiu din o\u021bel AR400 de \u00eenalt\u0103 rezisten\u021b\u0103 la trac\u021biune \u0219i uzur\u0103, cu pl\u0103cu\u021be de uzur\u0103 interne \u00eenlocuibile<br \/>\nPreg\u0103tit\u0103 pentru transmisie cu 2 motoare hidraulice M-BOOST la alegere<br \/>\nDebit de ulei: 200-520 l\/min (53-137 gpm)<br \/>\nTransmisie cu curea de transmisie cu angrenaje CARBONCHAIN cu dou\u0103 laturi<br \/>\nCapot\u0103 cu ac\u021bionare hidraulic\u0103<br \/>\nComponente protejate de protec\u021bie, u\u0219or de \u00eendep\u0103rtat pentru \u00eentre\u021binere<br \/>\nProtec\u021bie frontal\u0103 \u0219i posterioar\u0103 cu lan\u021buri<br \/>\nPatine de sus\u021binere, reglabile \u00een \u00een\u0103l\u021bime<br \/>\nCulori: ro\u0219u RAL3020 \u0219i c\u0103rbune RAL7021<\/p>\n<h3>\n<span style=\"color: #ff0000\">OP\u021aIUNI<\/span><\/h3>\n<p>Rotor de ciocan cu v\u00e2rfuri fixe din carbur\u0103 V-LOCK<br \/>\nCadru de protec\u021bie mecanic sau hidraulic<br \/>\n2 motoare cu deplasare automat\u0103 M-BOOST<br \/>\nInterfa\u021b\u0103 de ata\u0219are la alegere pentru ma\u0219inile de lucru de diferite m\u0103rci<\/p>\n<p>&nbsp;<\/p>\n<p>Imaginile sunt orientative!<\/p>\n<p>&nbsp;<\/p>\n<p>Pre\u021burile nu includ TVA!<\/p>\n","protected":false},"excerpt":{"rendered":"<p>Mulcer &#8211; toc\u0103tor de resturi vegetale &#8211; Seppi STARFORST hyd<\/p>\n","protected":false},"featured_media":2464,"comment_status":"closed","ping_status":"closed","template":"","meta":{"_acf_changed":false,"_exactmetrics_skip_tracking":false,"_exactmetrics_sitenote_active":false,"_exactmetrics_sitenote_note":"","_exactmetrics_sitenote_category":0,"_monsterinsights_skip_tracking":false,"_monsterinsights_sitenote_active":false,"_monsterinsights_sitenote_note":"","_monsterinsights_sitenote_category":0,"neve_meta_sidebar":"","neve_meta_container":"","neve_meta_enable_content_width":"off","neve_meta_content_width":100,"neve_meta_title_alignment":"","neve_meta_author_avatar":"","neve_post_elements_order":"","neve_meta_disable_header":"","neve_meta_disable_footer":"","neve_meta_disable_title":"","jetpack_post_was_ever_published":false,"jetpack_publicize_message":"","jetpack_publicize_feature_enabled":true,"jetpack_social_post_already_shared":true,"jetpack_social_options":{"image_generator_settings":{"template":"highway","default_image_id":0,"font":"","enabled":false},"version":2}},"product_cat":[1022,996,1028,997,27,1061,1041,1005,101,1027,1066,1030],"product_tag":[314,311,116,332,41,210,312,826,827],"class_list":{"0":"post-2462","1":"product","2":"type-product","3":"status-publish","4":"has-post-thumbnail","6":"product_brand-bolzano-italia","7":"product_cat-curatenie","8":"product_cat-gospodarie-gradinarit","9":"product_cat-lucrari-comunale-municipale","10":"product_cat-lucrari-de-peisagistica","11":"product_cat-masini-si-utilaje","12":"product_cat-recuperare-terenuri-post-exploatare","13":"product_cat-silvicultura-si-exploatari-forestiere","14":"product_cat-tocatoare-de-crengi-diam-4-40-cm","15":"product_cat-tocatoare-de-crengi-gospodarie-gradinarit","16":"product_cat-tocatoare-de-crengi","17":"product_cat-tocatoare-de-crengi-recuperare-terenuri-post-exploatare","18":"product_cat-tocatoare-de-crengi-lucrari-comunale-municipale","19":"product_tag-curatat-teren","20":"product_tag-freza-de-cioate","21":"product_tag-masini","22":"product_tag-mulcer","23":"product_tag-peisagistica","24":"product_tag-profesional","25":"product_tag-seppi","26":"product_tag-seppim","27":"product_tag-utilaje-purtate","29":"first","30":"onbackorder","31":"taxable","32":"shipping-taxable","33":"product-type-simple"},"acf":[],"aioseo_notices":[],"jetpack_publicize_connections":[],"jetpack-related-posts":[],"jetpack_likes_enabled":true,"jetpack_sharing_enabled":true,"_links":{"self":[{"href":"https:\/\/tehronmachines.ro\/pro\/wp-json\/wp\/v2\/product\/2462","targetHints":{"allow":["GET"]}}],"collection":[{"href":"https:\/\/tehronmachines.ro\/pro\/wp-json\/wp\/v2\/product"}],"about":[{"href":"https:\/\/tehronmachines.ro\/pro\/wp-json\/wp\/v2\/types\/product"}],"replies":[{"embeddable":true,"href":"https:\/\/tehronmachines.ro\/pro\/wp-json\/wp\/v2\/comments?post=2462"}],"wp:featuredmedia":[{"embeddable":true,"href":"https:\/\/tehronmachines.ro\/pro\/wp-json\/wp\/v2\/media\/2464"}],"wp:attachment":[{"href":"https:\/\/tehronmachines.ro\/pro\/wp-json\/wp\/v2\/media?parent=2462"}],"wp:term":[{"taxonomy":"product_cat","embeddable":true,"href":"https:\/\/tehronmachines.ro\/pro\/wp-json\/wp\/v2\/product_cat?post=2462"},{"taxonomy":"product_tag","embeddable":true,"href":"https:\/\/tehronmachines.ro\/pro\/wp-json\/wp\/v2\/product_tag?post=2462"}],"curies":[{"name":"wp","href":"https:\/\/api.w.org\/{rel}","templated":true}]}}