{"id":2459,"date":"2023-10-06T00:43:35","date_gmt":"2023-10-05T21:43:35","guid":{"rendered":"https:\/\/tehronmachines.ro\/pro\/?post_type=product&#038;p=2459"},"modified":"2024-11-30T14:41:09","modified_gmt":"2024-11-30T11:41:09","slug":"mulcer-tocator-de-resturi-vegetale-seppi-midiforst-dt-hyd","status":"publish","type":"product","link":"https:\/\/tehronmachines.ro\/pro\/produs\/mulcer-tocator-de-resturi-vegetale-seppi-midiforst-dt-hyd\/","title":{"rendered":"Mulcer &#8211; toc\u0103tor de resturi vegetale &#8211; Seppi MIDIFORST dt hyd"},"content":{"rendered":"<p>Toc\u0103torul forestier SEPPI MIDIFORST dt hyd cu interfa\u021b\u0103 universal\u0103 este utilajul potrivit pentru motoarele principale de dimensiuni medii de p\u00e2n\u0103 la 290 CP. Adecvat pentru aproape toate tractoarele \u0219i ma\u0219inile cu trac\u021biune hidraulic\u0103!<\/p>\n<p>Acest toc\u0103tor de copaci &#8211; mulcher SEPPI este dotat cu o transmisie cu dou\u0103 curele. MIDIFORST dt hyd m\u0103run\u021be\u0219te lemnul de p\u00e2n\u0103 la 30 cm [11,8&#8243;] \u00d8. Componentele transmisiei sunt protejate sub o u\u0219\u0103 care poate fi deschis\u0103 pentru \u00eentre\u021binere. Toc\u0103torul SEPPI MIDIFORST dt este bine protejat de murd\u0103rie, praf, ap\u0103 \u0219i lovituri. Rotor cu ciocan fix din carbur\u0103 de tungsten patentat, \u00een versiune standard, cu combina\u021bie optimizat\u0103 de unelte fiexate MINI DUO + MONO EXTREME \u0219i arbore de rotor cu \u0219uruburi.<\/p>\n<p>Cadru foarte puternic, pentru o durat\u0103 de via\u021b\u0103 foarte lung\u0103, cu cadru \u00eent\u0103rit din o\u021bel rezistent la uzur\u0103 S420 cu 5 r\u00e2nduri de contracu\u021bite c\u0103lite pentru un rezultat perfect de mulcire. Echipat cu un sistem hidraulic cu 2 motoare hidraulice la alegere. Standard cu transmisie prin curele trapezoidale, op\u021bional cu curele de transmisie CARBONCHAIN; recomandat atunci c\u00e2nd lucra\u021bi \u00een medii cu temperaturi extreme (cald-frig). Ata\u0219ament universal pentru tractoare, buldozere, \u00eenc\u0103rc\u0103toare hidraulice de diferite m\u0103rci. Este disponibil SEPPI MIDIFORST dt hyd cu diferite tipuri de cadre de protec\u021bie pentru opera\u021biuni de t\u0103iere \u0219i pentru protejarea tractorului.<\/p>\n<p>O nou\u0103 op\u021biune: arborele rotorului V-LOCK cu unelte cu un singur dinte din carbur\u0103 foarte agresiv\u0103 &#8211; MONO TIP. Acest rotor este \u0219i mai eficient \u00een cazul bu\u0219tenilor mari \u0219i al lemnului mai gros.<\/p>\n<p>L\u0103\u021bime de lucru disponibil\u0103: 200, 225, 250 cm [79&#8243;, 89&#8243;, 98&#8243;].<\/p>\n<h2><span style=\"color: #ff0000\">APLICA\u021aII:<\/span><\/h2>\n<p>Cur\u0103\u021barea terenurilor \u00een industria petrolului \u0219i a gazelor naturale<br \/>\n\u00centre\u021binerea liniilor electrice \u0219i de comunica\u021bii<br \/>\n\u00cembun\u0103t\u0103\u021birea terenurilor arabile \u0219i a altor terenuri<br \/>\nGestionarea vegeta\u021biei<br \/>\nCur\u0103\u021barea p\u0103durilor dup\u0103 recoltarea lemnului<br \/>\nDefri\u0219area drepturilor de trecere<\/p>\n<h3>\n<span style=\"color: #ff0000\">MIDIFORST dt hyd &#8211; VERSIUNE STANDARD<\/span><\/h3>\n<p>Mulcimeaz\u0103 lemnul p\u00e2n\u0103 la 30 cm [11,8&#8243;] \u00d8<br \/>\nVitez\u0103 de lucru 0-5 km\/h<br \/>\nRotor forestier cu cioc\u0103nele cu inser\u021bii din CARBUR\u0102 de tungsten cioc\u0103nele MINI DUO + lateral EXTREME<br \/>\nSuport ciocan anti-uzur\u0103 pentru ciocane<br \/>\nArborele rotorului cu \u0219uruburi<br \/>\nInterfa\u021b\u0103 de fixare universal\u0103 sau cuplare central\u0103 fix\u0103 ISO \u00een 3 puncte Cat. 2<br \/>\nPreg\u0103tite pentru transmisie cu 2 motoare hidraulice la alegere<br \/>\nTransmisie cu curea lateral\u0103 dubl\u0103 (2&#215;5)<br \/>\nPresiune maxim\u0103: 350 bar<br \/>\nDebit de ulei min-max: 240-430 l\/min [2176-5076 psi |63-114 gpm]<br \/>\nCapot\u0103 cu ac\u021bionare hidraulic\u0103<br \/>\nPatine de sus\u021binere<br \/>\nProtec\u021bie fa\u021b\u0103 \u0219i spate: lan\u021buri<br \/>\nCulori: ro\u0219u RAL3020 \u0219i c\u0103rbune RAL7021<\/p>\n<h3>\n<span style=\"color: #ff0000\">OP\u021aIUNI<\/span><\/h3>\n<p>Rotor V-LOCK cu ciocane fixe cu v\u00e2rfuri din carbur\u0103 de tungsten<br \/>\nCadru de protec\u021bie la alegere<br \/>\n2 motoare hidraulice cu supape de siguran\u021b\u0103, diferite tipuri la alegere<br \/>\nMotoare automate cu deplasare variabil\u0103 M-BOOST<br \/>\nPlac\u0103 de interfa\u021b\u0103<\/p>\n","protected":false},"excerpt":{"rendered":"<p>Mulcer &#8211; toc\u0103tor de resturi vegetale &#8211; Seppi MIDIFORST dt hyd<\/p>\n","protected":false},"featured_media":2460,"comment_status":"closed","ping_status":"closed","template":"","meta":{"_acf_changed":false,"_exactmetrics_skip_tracking":false,"_exactmetrics_sitenote_active":false,"_exactmetrics_sitenote_note":"","_exactmetrics_sitenote_category":0,"_monsterinsights_skip_tracking":false,"_monsterinsights_sitenote_active":false,"_monsterinsights_sitenote_note":"","_monsterinsights_sitenote_category":0,"neve_meta_sidebar":"","neve_meta_container":"","neve_meta_enable_content_width":"off","neve_meta_content_width":100,"neve_meta_title_alignment":"","neve_meta_author_avatar":"","neve_post_elements_order":"","neve_meta_disable_header":"","neve_meta_disable_footer":"","neve_meta_disable_title":"","jetpack_post_was_ever_published":false,"jetpack_publicize_message":"","jetpack_publicize_feature_enabled":true,"jetpack_social_post_already_shared":true,"jetpack_social_options":{"image_generator_settings":{"template":"highway","default_image_id":0,"font":"","enabled":false},"version":2}},"product_cat":[1022,996,1028,997,27,1061,1041,101,1027,1066,1030,1005],"product_tag":[314,311,116,332,41,210,312,826,827],"class_list":{"0":"post-2459","1":"product","2":"type-product","3":"status-publish","4":"has-post-thumbnail","6":"product_brand-bolzano-italia","7":"product_cat-curatenie","8":"product_cat-gospodarie-gradinarit","9":"product_cat-lucrari-comunale-municipale","10":"product_cat-lucrari-de-peisagistica","11":"product_cat-masini-si-utilaje","12":"product_cat-recuperare-terenuri-post-exploatare","13":"product_cat-silvicultura-si-exploatari-forestiere","14":"product_cat-tocatoare-de-crengi-gospodarie-gradinarit","15":"product_cat-tocatoare-de-crengi","16":"product_cat-tocatoare-de-crengi-recuperare-terenuri-post-exploatare","17":"product_cat-tocatoare-de-crengi-lucrari-comunale-municipale","18":"product_cat-tocatoare-de-crengi-diam-4-40-cm","19":"product_tag-curatat-teren","20":"product_tag-freza-de-cioate","21":"product_tag-masini","22":"product_tag-mulcer","23":"product_tag-peisagistica","24":"product_tag-profesional","25":"product_tag-seppi","26":"product_tag-seppim","27":"product_tag-utilaje-purtate","29":"first","30":"onbackorder","31":"taxable","32":"shipping-taxable","33":"product-type-simple"},"acf":[],"aioseo_notices":[],"jetpack_publicize_connections":[],"jetpack-related-posts":[],"jetpack_likes_enabled":true,"jetpack_sharing_enabled":true,"_links":{"self":[{"href":"https:\/\/tehronmachines.ro\/pro\/wp-json\/wp\/v2\/product\/2459","targetHints":{"allow":["GET"]}}],"collection":[{"href":"https:\/\/tehronmachines.ro\/pro\/wp-json\/wp\/v2\/product"}],"about":[{"href":"https:\/\/tehronmachines.ro\/pro\/wp-json\/wp\/v2\/types\/product"}],"replies":[{"embeddable":true,"href":"https:\/\/tehronmachines.ro\/pro\/wp-json\/wp\/v2\/comments?post=2459"}],"wp:featuredmedia":[{"embeddable":true,"href":"https:\/\/tehronmachines.ro\/pro\/wp-json\/wp\/v2\/media\/2460"}],"wp:attachment":[{"href":"https:\/\/tehronmachines.ro\/pro\/wp-json\/wp\/v2\/media?parent=2459"}],"wp:term":[{"taxonomy":"product_cat","embeddable":true,"href":"https:\/\/tehronmachines.ro\/pro\/wp-json\/wp\/v2\/product_cat?post=2459"},{"taxonomy":"product_tag","embeddable":true,"href":"https:\/\/tehronmachines.ro\/pro\/wp-json\/wp\/v2\/product_tag?post=2459"}],"curies":[{"name":"wp","href":"https:\/\/api.w.org\/{rel}","templated":true}]}}