{"id":2450,"date":"2023-10-05T23:09:31","date_gmt":"2023-10-05T20:09:31","guid":{"rendered":"https:\/\/tehronmachines.ro\/pro\/?post_type=product&#038;p=2450"},"modified":"2024-11-30T14:44:38","modified_gmt":"2024-11-30T11:44:38","slug":"mulcer-tocator-de-resturi-vegetale-fara-colectare-seppi-smwa-skid-steer","status":"publish","type":"product","link":"https:\/\/tehronmachines.ro\/pro\/produs\/mulcer-tocator-de-resturi-vegetale-fara-colectare-seppi-smwa-skid-steer\/","title":{"rendered":"Mulcer &#8211; toc\u0103tor de resturi vegetale &#8211; fara colectare Seppi SMWA &#8211; Skid Steer"},"content":{"rendered":"<p>Ultima versiune a micului, dar puternicului mulcer\u00a0 SEPPI SMWA pentru skid steer, care mulce\u0219te iarba, resturile de t\u0103iere \u0219i arbu\u0219tii cu un diametru de p\u00e2n\u0103 la 5 cm [2&#8243;]. Fabricat din o\u021bel de \u00eenalt\u0103 rezisten\u021b\u0103 S420, cu contracu\u021bite \u00een interiorul carcasei \u0219i cu arbore rotor cu fulgii SEPPI SMW, este acest mulcher ideal pentru mulcirea \u00een podgorii \u0219i livezi, pentru cur\u0103\u021barea terenurilor, gestionarea drepturilor de trecere \u0219i \u00eentre\u021binerea de spece verzi. Interfa\u021ba ata\u0219amentului SAE pentru skid steer este flotant\u0103 pentru a urma contururile solului (FLOAT).<\/p>\n<p>Modelul tradi\u021bional de mulcior cu fulgii SMWA (disponibil \u0219i \u00een versiune Pto) a func\u021bionat aproape 50 de ani, spre satisfac\u021bia profesioni\u0219tilor din \u00eentreaga lume.<\/p>\n<p>L\u0103\u021bime de lucru disponibil\u0103: 155, 175 [61&#8243;, 69&#8243;].<\/p>\n<h3><span style=\"color: #ff0000\">Toc\u0103torul SMWA &#8211; VERSIUNE STANDARD<\/span><\/h3>\n<p>Mulce\u0219te iarba, m\u0103r\u0103cini\u0219ul \u0219i resturile de t\u0103iere de p\u00e2n\u0103 la 5 cm [2&#8243;] \u00d8<br \/>\nRotor elicoidal cu fulgii SMW<br \/>\nVitez\u0103 de lucru 3-10 km\/h<br \/>\n\u0218asiu robust fabricat din o\u021bel de \u00eenalt\u0103 rezisten\u021b\u0103 S420<br \/>\nInterfa\u021b\u0103 SAE pentru ata\u0219amentul de tip skid steer, plutitoare pentru a urma contururile terenului &#8211; FLOAT<br \/>\nTransmisie cu curea<br \/>\nPreg\u0103tit\u0103 pentru motorul VARIO FLOW la alegere<br \/>\nPresiune maxim\u0103: 250 bar<br \/>\nDebit de ulei min-max: 40-150 l\/min<br \/>\nCilindru de sus\u021binere, reglabil pe \u00een\u0103l\u021bime, rulment \u0219i cilindru \u00eent\u0103rit<br \/>\nCapot\u0103 spate reglabil\u0103 cu protec\u021bie din cauciuc<br \/>\nProtec\u021bie frontal\u0103: clapete metalice<br \/>\nCulori: ro\u0219u RAL3020 \u0219i c\u0103rbune RAL7021<\/p>\n<h3>\n<span style=\"color: #ff0000\">OP\u021aIUNI<\/span><\/h3>\n<p>Rotor cu cu\u021bite Y DUO<br \/>\nMotor cu deplasare variabil\u0103 cu supap\u0103 de siguran\u021b\u0103, diferite tipuri de alegere<br \/>\nInterfa\u021b\u0103 de ata\u0219are universal\u0103 pentru \u00eenc\u0103rc\u0103toare<br \/>\nRaclet\u0103 cu role<\/p>\n<p>&nbsp;<\/p>\n<p>Imaginile au caracter orientativ!<\/p>\n<p>&nbsp;<\/p>\n<p>Pre\u021burile nu includ TVA!<\/p>\n","protected":false},"excerpt":{"rendered":"<p>Mulcer- toc\u0103tor de resturi vegetale &#8211; fara colectare Seppi SMWA &#8211; Skid Steer<\/p>\n","protected":false},"featured_media":2451,"comment_status":"closed","ping_status":"closed","template":"","meta":{"_acf_changed":false,"_exactmetrics_skip_tracking":false,"_exactmetrics_sitenote_active":false,"_exactmetrics_sitenote_note":"","_exactmetrics_sitenote_category":0,"_monsterinsights_skip_tracking":false,"_monsterinsights_sitenote_active":false,"_monsterinsights_sitenote_note":"","_monsterinsights_sitenote_category":0,"neve_meta_sidebar":"","neve_meta_container":"","neve_meta_enable_content_width":"off","neve_meta_content_width":100,"neve_meta_title_alignment":"","neve_meta_author_avatar":"","neve_post_elements_order":"","neve_meta_disable_header":"","neve_meta_disable_footer":"","neve_meta_disable_title":"","jetpack_post_was_ever_published":false,"jetpack_publicize_message":"","jetpack_publicize_feature_enabled":true,"jetpack_social_post_already_shared":true,"jetpack_social_options":{"image_generator_settings":{"template":"highway","default_image_id":0,"font":"","enabled":false},"version":2}},"product_cat":[1022,996,1028,997,27,1061,1041,1030,1005,101,1027,1066],"product_tag":[314,311,116,332,41,210,312,826,827],"class_list":{"0":"post-2450","1":"product","2":"type-product","3":"status-publish","4":"has-post-thumbnail","6":"product_brand-bolzano-italia","7":"product_cat-curatenie","8":"product_cat-gospodarie-gradinarit","9":"product_cat-lucrari-comunale-municipale","10":"product_cat-lucrari-de-peisagistica","11":"product_cat-masini-si-utilaje","12":"product_cat-recuperare-terenuri-post-exploatare","13":"product_cat-silvicultura-si-exploatari-forestiere","14":"product_cat-tocatoare-de-crengi-lucrari-comunale-municipale","15":"product_cat-tocatoare-de-crengi-diam-4-40-cm","16":"product_cat-tocatoare-de-crengi-gospodarie-gradinarit","17":"product_cat-tocatoare-de-crengi","18":"product_cat-tocatoare-de-crengi-recuperare-terenuri-post-exploatare","19":"product_tag-curatat-teren","20":"product_tag-freza-de-cioate","21":"product_tag-masini","22":"product_tag-mulcer","23":"product_tag-peisagistica","24":"product_tag-profesional","25":"product_tag-seppi","26":"product_tag-seppim","27":"product_tag-utilaje-purtate","29":"first","30":"onbackorder","31":"taxable","32":"shipping-taxable","33":"product-type-simple"},"acf":[],"aioseo_notices":[],"jetpack_publicize_connections":[],"jetpack-related-posts":[],"jetpack_likes_enabled":true,"jetpack_sharing_enabled":true,"_links":{"self":[{"href":"https:\/\/tehronmachines.ro\/pro\/wp-json\/wp\/v2\/product\/2450","targetHints":{"allow":["GET"]}}],"collection":[{"href":"https:\/\/tehronmachines.ro\/pro\/wp-json\/wp\/v2\/product"}],"about":[{"href":"https:\/\/tehronmachines.ro\/pro\/wp-json\/wp\/v2\/types\/product"}],"replies":[{"embeddable":true,"href":"https:\/\/tehronmachines.ro\/pro\/wp-json\/wp\/v2\/comments?post=2450"}],"wp:featuredmedia":[{"embeddable":true,"href":"https:\/\/tehronmachines.ro\/pro\/wp-json\/wp\/v2\/media\/2451"}],"wp:attachment":[{"href":"https:\/\/tehronmachines.ro\/pro\/wp-json\/wp\/v2\/media?parent=2450"}],"wp:term":[{"taxonomy":"product_cat","embeddable":true,"href":"https:\/\/tehronmachines.ro\/pro\/wp-json\/wp\/v2\/product_cat?post=2450"},{"taxonomy":"product_tag","embeddable":true,"href":"https:\/\/tehronmachines.ro\/pro\/wp-json\/wp\/v2\/product_tag?post=2450"}],"curies":[{"name":"wp","href":"https:\/\/api.w.org\/{rel}","templated":true}]}}