{"id":2444,"date":"2023-10-03T23:53:36","date_gmt":"2023-10-03T20:53:36","guid":{"rendered":"https:\/\/tehronmachines.ro\/pro\/?post_type=product&#038;p=2444"},"modified":"2024-11-30T14:45:07","modified_gmt":"2024-11-30T11:45:07","slug":"mulcer-tocator-de-resturi-vegetale-fara-colectare-seppi-maxiforst","status":"publish","type":"product","link":"https:\/\/tehronmachines.ro\/pro\/produs\/mulcer-tocator-de-resturi-vegetale-fara-colectare-seppi-maxiforst\/","title":{"rendered":"Mulcer- toc\u0103tor de resturi vegetale &#8211; fara colectare Seppi MAXIFORST"},"content":{"rendered":"<p>SEPPI MAXIFORST este un toc\u0103tor forestier profesional cu priz\u0103 de putere, proiectat pentru a fi montat pe tractoare de la 300 la 500 CP. Cel mai mare, mai puternic \u0219i mai productiv din gama de toc\u0103toare forestiere SEPPI M.<\/p>\n<p>Un SEPPI MAXIFORST nou proiectat, cu caracteristici \u00eembun\u0103t\u0103\u021bite \u00een ceea ce prive\u0219te t\u0103ierea, fiabilitatea, u\u0219urin\u021ba de utilizare, folosind cele mai recente tehnologii \u0219i solu\u021bii din industrie. Acest rezultat duce noul nostru MAXIFORST la un nou nivel.<\/p>\n<p>Acest nou utilaj de mulcire este proiectat pentru utilizarea pe tractoare cu priz\u0103 de putere cu o gam\u0103 de puteri cuprins\u0103 \u00eentre 300 \u0219i 500 CP, concentr\u00e2ndu-se pe caracteristicile cheie de rezisten\u021b\u0103 maxim\u0103 la uzur\u0103, protec\u021bie optim\u0103 a transmisiei at\u00e2t a tractorului, c\u00e2t \u0219i a utilajului, vitez\u0103 mare de lucru, tehnologie de ultim\u0103 genera\u021bie \u0219i siguran\u021b\u0103 pentru operator.<\/p>\n<p>Rezisten\u021ba la uzur\u0103 este garantat\u0103 de construc\u021bia din o\u021bel de \u00eenalt\u0103 calitate, la care se adaug\u0103 pl\u0103cile HARDOX din camera de m\u0103cinare a carcasei rotorului \u0219i a u\u0219ii, care pot fi \u00eenlocuite cu u\u0219urin\u021b\u0103 la sf\u00e2r\u0219itul duratei de via\u021b\u0103, o caracteristic\u0103 deja adoptat\u0103 pe scar\u0103 larg\u0103 la ma\u0219inile noastre de concasare a pietrei. De asemenea, patinele robuste din o\u021bel au acum o plac\u0103 de uzur\u0103 interschimbabil\u0103, astfel \u00eenc\u00e2t nu va mai fi necesar s\u0103 schimba\u021bi \u00eentregul patin sau s\u0103 pierde\u021bi timp restaur\u00e2ndu-l prin sudare cu un material de umplutur\u0103. Transmisia a fost complet revizuit\u0103. Cutia de viteze central\u0103 dispune de sistemul nostru patentat de aliniere ADAM, \u00een timp ce transmiterea puterii c\u0103tre rotor este garantat\u0103 de sistemul dublu testat \u0219i \u00eencercat, cu cinci curele trapezoidale pe fiecare parte. Op\u021bional este un nou sistem de pornire cu cuplaje fluide M-TURBO, care \u00eenlocuiesc ambreiajele centrifugale mecanice \u0219i garanteaz\u0103 o pornire lin\u0103 a rotorului \u0219i o mai mare fiabilitate \u0219i protec\u021bie \u00eempotriva loviturilor asupra prizei de for\u021b\u0103 a tractorului. De asemenea, este inclus\u0103 o nou\u0103 ventila\u021bie optimizat\u0103, care, combinat\u0103 cu sistemul de r\u0103cire integrat, protejeaz\u0103 \u00eentregul sistem de supra\u00eenc\u0103lzire, asigur\u00e2nd performan\u021be maxime de lubrifiere \u0219i etan\u0219are a componentelor. Temperatura poate fi men\u021binut\u0103 sub control direct din tractor, cu ajutorul tehnologiei ISOBUS, care este disponibil\u0103 op\u021bional.<\/p>\n<p>Viteza \u0219i calitatea t\u0103ierii sunt garantate de rotorul prev\u0103zut cu sistemul nostru patentat de montare a sculelor V-LOCK. Avantajele acestui sistem reduc uzura rotorului, asigur\u0103 un echilibru mai bun, o schimbare mai u\u0219oar\u0103 \u0219i mai rapid\u0103 a sculelor \u0219i m\u0103resc capacitatea de t\u0103iere pentru copaci cu diametrul de p\u00e2n\u0103 la 60 cm. Montarea uneltelor rezistente la uzur\u0103, cu inser\u021bie de carbur\u0103 de tungsten \u0219i v\u00e2rfuri mai sub\u021biri, combinate cu cinci r\u00e2nduri de contracu\u021bite temperate pe cadru \u0219i u\u0219\u0103, ofer\u0103 o performan\u021b\u0103 de mulcire mai fin\u0103 \u0219i mai uniform\u0103.<\/p>\n<p>L\u0103\u021bime de lucru disponibil\u0103: 250, 300 cm [98&#8243;, 118&#8243;].<\/p>\n<p>&nbsp;<\/p>\n<h3><span style=\"color: #ff0000\">APLICA\u021aII:<\/span><\/h3>\n<p>Cur\u0103\u021barea terenurilor \u00een industria petrolului \u0219i a gazelor naturale<br \/>\n\u00centre\u021binerea liniilor electrice \u0219i de comunica\u021bii<br \/>\n\u00cembun\u0103t\u0103\u021birea terenurilor arabile \u0219i a altor terenuri<br \/>\nGestionarea vegeta\u021biei<br \/>\nRe\u00eennoirea rapid\u0103 a p\u0103durilor dup\u0103 infestarea cu g\u00e2ndaci de scoar\u021b\u0103<br \/>\nCur\u0103\u021barea p\u0103durilor dup\u0103 recoltarea lemnului<br \/>\nDefri\u0219area c\u0103ilor de acces<\/p>\n<h3>\n<span style=\"color: #ff0000\">MAXIFORST &#8211; VERSIUNEA STANDARD<\/span><\/h3>\n<p>Mulcimeaz\u0103 lemnul p\u00e2n\u0103 la 60 cm [24&#8243;] \u00d8<br \/>\nRotor elicoidal cu cioc\u0103nele cu inser\u021bii de CARBON<br \/>\nSuport de ciocan anti-uzur\u0103<br \/>\nVitez\u0103 de lucru 0-5 km\/h<br \/>\nAxul rotorului cu \u0219uruburi<br \/>\nCat. 3 \u0219i 4, fixat\u0103 central, cu articula\u021bie spate ISO \u00een 3 puncte<br \/>\nCutie de viteze de 1000 rpm cu roat\u0103 liber\u0103<br \/>\nSistem de aliniere ADAM\u2122 &#8211; \u00cenclinarea mulciorului cu alinierea arborelui PTO, p\u0103str\u00e2nd \u00een acela\u0219i timp unghiuri egale \u0219i \u00een form\u0103 de W ale arborelui PTO<br \/>\nTransmisie lateral\u0103 dubl\u0103 cu 2 x 5 curele<br \/>\nCircuit de r\u0103cire integrat<br \/>\nCapot\u0103 cu ac\u021bionare hidraulic\u0103<br \/>\nPatine de sprijin, reglabile \u00een \u00een\u0103l\u021bime, \u00eent\u0103rite de o plac\u0103 carburatoare interschimbabil\u0103 &#8211; NOU!<br \/>\nProtec\u021bie fa\u021b\u0103 \u0219i spate: lan\u021buri triple \/ simple<br \/>\nCuloare: ro\u0219u RAL3020 &amp; c\u0103rbune RAL7021 &#8211; NOU!<\/p>\n<h3>\n<span style=\"color: #ff0000\">OP\u021aIUNI<\/span><\/h3>\n<p>Arbore de ac\u021bionare a prizei de for\u021b\u0103<br \/>\nRotor de ciocan fix MONO TIP V-LOCK<br \/>\nCuplaj turbo cu fluid M-TURBO pentru o pornire lent\u0103 \u0219i pentru a proteja arborele PTO &#8211; NOU!<br \/>\nCadru de protec\u021bie mecanic sau hidraulic &#8211; mai multe tipuri la alegere<\/p>\n<p>&nbsp;<\/p>\n<p>Imaginile au caracter orientativ!<\/p>\n<p>&nbsp;<\/p>\n<p>Pre\u021burile nu includ TVA!<\/p>\n","protected":false},"excerpt":{"rendered":"<p>Mulcer- toc\u0103tor de resturi vegetale &#8211; fara colectare Seppi MAXIFORST<\/p>\n","protected":false},"featured_media":2445,"comment_status":"closed","ping_status":"closed","template":"","meta":{"_acf_changed":false,"_exactmetrics_skip_tracking":false,"_exactmetrics_sitenote_active":false,"_exactmetrics_sitenote_note":"","_exactmetrics_sitenote_category":0,"_monsterinsights_skip_tracking":false,"_monsterinsights_sitenote_active":false,"_monsterinsights_sitenote_note":"","_monsterinsights_sitenote_category":0,"neve_meta_sidebar":"","neve_meta_container":"","neve_meta_enable_content_width":"off","neve_meta_content_width":100,"neve_meta_title_alignment":"","neve_meta_author_avatar":"","neve_post_elements_order":"","neve_meta_disable_header":"","neve_meta_disable_footer":"","neve_meta_disable_title":"","jetpack_post_was_ever_published":false,"jetpack_publicize_message":"","jetpack_publicize_feature_enabled":true,"jetpack_social_post_already_shared":true,"jetpack_social_options":{"image_generator_settings":{"template":"highway","default_image_id":0,"font":"","enabled":false},"version":2}},"product_cat":[1022,996,1028,997,27,1061,1041,101,1027,1066,1030,1005],"product_tag":[314,311,116,332,41,210,312,826,827],"class_list":{"0":"post-2444","1":"product","2":"type-product","3":"status-publish","4":"has-post-thumbnail","6":"product_brand-bolzano-italia","7":"product_cat-curatenie","8":"product_cat-gospodarie-gradinarit","9":"product_cat-lucrari-comunale-municipale","10":"product_cat-lucrari-de-peisagistica","11":"product_cat-masini-si-utilaje","12":"product_cat-recuperare-terenuri-post-exploatare","13":"product_cat-silvicultura-si-exploatari-forestiere","14":"product_cat-tocatoare-de-crengi-gospodarie-gradinarit","15":"product_cat-tocatoare-de-crengi","16":"product_cat-tocatoare-de-crengi-recuperare-terenuri-post-exploatare","17":"product_cat-tocatoare-de-crengi-lucrari-comunale-municipale","18":"product_cat-tocatoare-de-crengi-diam-4-40-cm","19":"product_tag-curatat-teren","20":"product_tag-freza-de-cioate","21":"product_tag-masini","22":"product_tag-mulcer","23":"product_tag-peisagistica","24":"product_tag-profesional","25":"product_tag-seppi","26":"product_tag-seppim","27":"product_tag-utilaje-purtate","29":"first","30":"onbackorder","31":"taxable","32":"shipping-taxable","33":"product-type-simple"},"acf":[],"aioseo_notices":[],"jetpack_publicize_connections":[],"jetpack-related-posts":[],"jetpack_likes_enabled":true,"jetpack_sharing_enabled":true,"_links":{"self":[{"href":"https:\/\/tehronmachines.ro\/pro\/wp-json\/wp\/v2\/product\/2444","targetHints":{"allow":["GET"]}}],"collection":[{"href":"https:\/\/tehronmachines.ro\/pro\/wp-json\/wp\/v2\/product"}],"about":[{"href":"https:\/\/tehronmachines.ro\/pro\/wp-json\/wp\/v2\/types\/product"}],"replies":[{"embeddable":true,"href":"https:\/\/tehronmachines.ro\/pro\/wp-json\/wp\/v2\/comments?post=2444"}],"wp:featuredmedia":[{"embeddable":true,"href":"https:\/\/tehronmachines.ro\/pro\/wp-json\/wp\/v2\/media\/2445"}],"wp:attachment":[{"href":"https:\/\/tehronmachines.ro\/pro\/wp-json\/wp\/v2\/media?parent=2444"}],"wp:term":[{"taxonomy":"product_cat","embeddable":true,"href":"https:\/\/tehronmachines.ro\/pro\/wp-json\/wp\/v2\/product_cat?post=2444"},{"taxonomy":"product_tag","embeddable":true,"href":"https:\/\/tehronmachines.ro\/pro\/wp-json\/wp\/v2\/product_tag?post=2444"}],"curies":[{"name":"wp","href":"https:\/\/api.w.org\/{rel}","templated":true}]}}