{"id":2440,"date":"2023-10-03T23:48:15","date_gmt":"2023-10-03T20:48:15","guid":{"rendered":"https:\/\/tehronmachines.ro\/pro\/?post_type=product&#038;p=2440"},"modified":"2024-11-30T14:45:32","modified_gmt":"2024-11-30T11:45:32","slug":"mulcer-tocator-de-resturi-vegetale-fara-colectare-seppi-starforst","status":"publish","type":"product","link":"https:\/\/tehronmachines.ro\/pro\/produs\/mulcer-tocator-de-resturi-vegetale-fara-colectare-seppi-starforst\/","title":{"rendered":"Mulcer- toc\u0103tor de resturi vegetale &#8211; fara colectare Seppi STARFORST"},"content":{"rendered":"<h3><span style=\"color: #ff0000\">APLICA\u021aII:<\/span><\/h3>\n<p>Cur\u0103\u021barea terenurilor \u00een industria petrolului \u0219i a gazelor naturale<br \/>\n\u00centre\u021binerea liniilor electrice \u0219i de comunica\u021bii<br \/>\n\u00cembun\u0103t\u0103\u021birea terenurilor arabile \u0219i a altor terenuri<br \/>\nGestionarea vegeta\u021biei<br \/>\nCur\u0103\u021barea p\u0103durilor dup\u0103 recoltarea lemnului<br \/>\nDefri\u0219area drepturilor de trecere<\/p>\n<h3>\n<span style=\"color: #ff0000\">STARFORST &#8211; VERSIUNEA STANDARD<\/span><\/h3>\n<p>Mulcimeaz\u0103 lemnul p\u00e2n\u0103 la 40 cm [16&#8243;] \u00d8<br \/>\nRotor elicoidal cu inser\u021bii de CARBON de tungsten ciocane MINI DUO + lateral EXTREME<br \/>\nSuport pentru ciocane antiuzur\u0103<br \/>\nAxul rotorului cu \u0219uruburi<br \/>\nVitez\u0103 de lucru 0 &#8211; 5 km\/h<br \/>\nHidraulic spate ISO \u00een 3 puncte cat. 3 articulat\u0103 central<br \/>\nCutie de viteze de 1000 rpm cu roat\u0103 liber\u0103<br \/>\nSistem de aliniere ADAM\u2122 &#8211; \u00cenclinarea mulciorului cu alinierea arborelui cardanic, p\u0103str\u00e2nd \u00een acela\u0219i timp unghiuri egale \u0219i \u00een form\u0103 de W ale arborelui cardanic; cu sistem de ungere<br \/>\nTransmisie lateral\u0103 dubl\u0103 cu 2 x 5 curele<br \/>\nCapot\u0103 cu ac\u021bionare hidraulic\u0103<br \/>\nPatine de sus\u021binere, reglabile \u00een \u00een\u0103l\u021bime<br \/>\nProtec\u021bie frontal\u0103 \u0219i posterioar\u0103: lan\u021buri cvadruple\/ simple<br \/>\nCulori: ro\u0219u RAL3020 &amp; c\u0103rbune RAL7021<\/p>\n<h3>\n<span style=\"color: #ff0000\">OP\u021aIUNI<\/span><\/h3>\n<p>Arbore de ac\u021bionare a prizei de for\u021b\u0103<br \/>\nRotor de cu\u021bit fix MONO TIP V-LOCK<br \/>\nCadru de protec\u021bie mecanic sau hidraulic<br \/>\nCadru de protec\u021bie hidraulic cu unelte<br \/>\nAmbreiaj centrifugal pentru pornire lent\u0103 \u0219i protec\u021bie a arborelui PTO<\/p>\n<p>&nbsp;<\/p>\n<p>Imaginile au caracter orientativ!<\/p>\n<p>&nbsp;<\/p>\n<p>Pre\u021burile nu includ TVA!<\/p>\n","protected":false},"excerpt":{"rendered":"<p>Mulcer- toc\u0103tor de resturi vegetale &#8211; fara colectare Seppi STARFORST<\/p>\n","protected":false},"featured_media":2442,"comment_status":"closed","ping_status":"closed","template":"","meta":{"_acf_changed":false,"_exactmetrics_skip_tracking":false,"_exactmetrics_sitenote_active":false,"_exactmetrics_sitenote_note":"","_exactmetrics_sitenote_category":0,"_monsterinsights_skip_tracking":false,"_monsterinsights_sitenote_active":false,"_monsterinsights_sitenote_note":"","_monsterinsights_sitenote_category":0,"neve_meta_sidebar":"","neve_meta_container":"","neve_meta_enable_content_width":"off","neve_meta_content_width":100,"neve_meta_title_alignment":"","neve_meta_author_avatar":"","neve_post_elements_order":"","neve_meta_disable_header":"","neve_meta_disable_footer":"","neve_meta_disable_title":"","jetpack_post_was_ever_published":false,"jetpack_publicize_message":"","jetpack_publicize_feature_enabled":true,"jetpack_social_post_already_shared":true,"jetpack_social_options":{"image_generator_settings":{"template":"highway","default_image_id":0,"font":"","enabled":false},"version":2}},"product_cat":[1022,996,1028,997,27,1061,1041,1030,1005,101,1027,1066],"product_tag":[314,311,116,332,41,210,312,826,827],"class_list":{"0":"post-2440","1":"product","2":"type-product","3":"status-publish","4":"has-post-thumbnail","6":"product_brand-bolzano-italia","7":"product_cat-curatenie","8":"product_cat-gospodarie-gradinarit","9":"product_cat-lucrari-comunale-municipale","10":"product_cat-lucrari-de-peisagistica","11":"product_cat-masini-si-utilaje","12":"product_cat-recuperare-terenuri-post-exploatare","13":"product_cat-silvicultura-si-exploatari-forestiere","14":"product_cat-tocatoare-de-crengi-lucrari-comunale-municipale","15":"product_cat-tocatoare-de-crengi-diam-4-40-cm","16":"product_cat-tocatoare-de-crengi-gospodarie-gradinarit","17":"product_cat-tocatoare-de-crengi","18":"product_cat-tocatoare-de-crengi-recuperare-terenuri-post-exploatare","19":"product_tag-curatat-teren","20":"product_tag-freza-de-cioate","21":"product_tag-masini","22":"product_tag-mulcer","23":"product_tag-peisagistica","24":"product_tag-profesional","25":"product_tag-seppi","26":"product_tag-seppim","27":"product_tag-utilaje-purtate","29":"first","30":"onbackorder","31":"taxable","32":"shipping-taxable","33":"product-type-simple"},"acf":[],"aioseo_notices":[],"jetpack_publicize_connections":[],"jetpack-related-posts":[],"jetpack_likes_enabled":true,"jetpack_sharing_enabled":true,"_links":{"self":[{"href":"https:\/\/tehronmachines.ro\/pro\/wp-json\/wp\/v2\/product\/2440","targetHints":{"allow":["GET"]}}],"collection":[{"href":"https:\/\/tehronmachines.ro\/pro\/wp-json\/wp\/v2\/product"}],"about":[{"href":"https:\/\/tehronmachines.ro\/pro\/wp-json\/wp\/v2\/types\/product"}],"replies":[{"embeddable":true,"href":"https:\/\/tehronmachines.ro\/pro\/wp-json\/wp\/v2\/comments?post=2440"}],"wp:featuredmedia":[{"embeddable":true,"href":"https:\/\/tehronmachines.ro\/pro\/wp-json\/wp\/v2\/media\/2442"}],"wp:attachment":[{"href":"https:\/\/tehronmachines.ro\/pro\/wp-json\/wp\/v2\/media?parent=2440"}],"wp:term":[{"taxonomy":"product_cat","embeddable":true,"href":"https:\/\/tehronmachines.ro\/pro\/wp-json\/wp\/v2\/product_cat?post=2440"},{"taxonomy":"product_tag","embeddable":true,"href":"https:\/\/tehronmachines.ro\/pro\/wp-json\/wp\/v2\/product_tag?post=2440"}],"curies":[{"name":"wp","href":"https:\/\/api.w.org\/{rel}","templated":true}]}}