{"id":2437,"date":"2023-10-03T23:43:28","date_gmt":"2023-10-03T20:43:28","guid":{"rendered":"https:\/\/tehronmachines.ro\/pro\/?post_type=product&#038;p=2437"},"modified":"2024-11-30T14:45:59","modified_gmt":"2024-11-30T11:45:59","slug":"mulcer-tocator-de-resturi-vegetale-fara-colectare-seppi-midiforst-dt","status":"publish","type":"product","link":"https:\/\/tehronmachines.ro\/pro\/produs\/mulcer-tocator-de-resturi-vegetale-fara-colectare-seppi-midiforst-dt\/","title":{"rendered":"Mulcer- toc\u0103tor de resturi vegetale &#8211; fara colectare Seppi MIDIFORST dt"},"content":{"rendered":"<p>Acest toc\u0103tor de copaci\/mulcer este prev\u0103zut cu o transmisie cu curea cu dou\u0103 capete. SEPPI MIDIFORST dt m\u0103run\u021be\u0219te lemnul de p\u00e2n\u0103 la 30 cm [11,8&#8243;] \u00d8. Componentele transmisiei sunt protejate sub o u\u0219\u0103 care poate fi deschis\u0103 pentru \u00eentre\u021binere. Toc\u0103torul SEPPI MIDIFORST dt este bine protejat de murd\u0103rie, praf, ap\u0103 \u0219i lovituri. Rotor cu ciocan fix \u00een versiune standard cu combina\u021bie optimizat\u0103 de unelte fiexate MINI DUO + MONO EXTREME \u0219i arbore de rotoare cu \u0219uruburi.<\/p>\n<p>ADAM &#8211; \u00cenclinarea toc\u0103torului prin urm\u0103rirea angrenajului cu alinierea arborelui PTO. Cu ajutorul unghiurilor \u00een form\u0103 de W, raza de mi\u0219care cre\u0219te, iar mulcherul poate fi deplasat \u00een sus \u0219i \u00een jos chiar mai sus. Aceast\u0103 reglare unghiular\u0103 protejeaz\u0103 arborele PTO \u0219i arborele de intrare chiar \u0219i la sarcini mari \u0219i sprijin\u0103 o adaptare ideal\u0103 la condi\u021biile de drumuri. Avantaje: durat\u0103 de via\u021b\u0103 mai lung\u0103 a arborelui de transmisie \u0219i a arborelui de intrare, s\u0103p\u0103turi \u0219i mai ad\u00e2nci, lucrul cu un sistem de aliniere hidraulic\u0103 este mai u\u0219or \u0219i mai rapid.<\/p>\n<p>L\u0103\u021bime de lucru disponibil\u0103: 200, 225, 250 cm [79&#8243;, 89&#8243;, 98&#8243;].<\/p>\n<p>Nou: arbore rotor cu scule cu un singur dinte din carbur\u0103 foarte agresiv\u0103 &#8211; MONO TIP V-LOCK. Acest rotor este \u0219i mai eficient \u00een cazul bu\u0219tenilor mari \u0219i al lemnului mai gros.<\/p>\n<p>Avantajele noului rotor MONO TIP V-LOCK sunt urm\u0103toarele:<br \/>\n&#8211; O uzur\u0103 mai mic\u0103 a rotorului<br \/>\n&#8211; Echilibrare mai bun\u0103<br \/>\n&#8211; Schimbarea uneltelor a devenit \u0219i mai u\u0219oar\u0103<br \/>\n&#8211; Conexiune optimizat\u0103 \u00eentre scul\u0103 \u0219i suport<\/p>\n<h3><span style=\"color: #ff0000\">MIDIFORST dt &#8211; VERSIUNE STANDARD<\/span><\/h3>\n<p>Mulce\u0219te lemnul p\u00e2n\u0103 la 30 cm [11,8&#8243;] \u00d8<br \/>\nRotor standard: combina\u021bie de ciocane fixe din carbur\u0103 de tungsten MINI DUO + MONO EXTREME; suport pentru ciocane antiuzur\u0103<br \/>\nVitez\u0103 de lucru 0-5 km\/h<br \/>\nAta\u0219ament spate ISO \u00een 3 puncte cat. 2 central fix<br \/>\n\u0218asiu robust \u0219i \u00eent\u0103rit<br \/>\nCutie de viteze de 1000 rpm cu roat\u0103 liber\u0103 \u0219i arbore transversal<br \/>\nArbore de intrare 1 3\/4&#8243; Z=6<br \/>\nTransmisie lateral\u0103 dubl\u0103<br \/>\n10 curele (2&#215;5)<br \/>\nCapot\u0103 cu ac\u021bionare hidraulic\u0103<br \/>\nPatine de sus\u021binere, reglabile \u00een \u00een\u0103l\u021bime<br \/>\nProtec\u021bie fa\u021b\u0103 \u0219i spate: lan\u021buri<br \/>\nCulori: ro\u0219u RAL3020 \u0219i c\u0103rbune RAL7021<\/p>\n<h3><span style=\"color: #ff0000\">OP\u021aIUNI<\/span><\/h3>\n<p>Arbore de ac\u021bionare a prizei de for\u021b\u0103<br \/>\nAta\u0219ament frontal<br \/>\nCadru de protec\u021bie mecanic sau hidraulic<br \/>\nAmbreiaj centrifugal<br \/>\nADAM\u2122 &#8211; \u00eenclinarea mulciorului cu alinierea arborelui de transmisie, p\u0103str\u00e2nd unghiurile egale \u0219i \u00een form\u0103 de W ale arborelui de transmisie<\/p>\n<p>&nbsp;<\/p>\n<p>Imaginile au caracter orientativ!<\/p>\n<p>&nbsp;<\/p>\n<p>Pre\u021burile nu includ TVA!<\/p>\n","protected":false},"excerpt":{"rendered":"<p>Mulcer- toc\u0103tor de resturi vegetale &#8211; fara colectare Seppi MIDIFORST dt<\/p>\n","protected":false},"featured_media":2438,"comment_status":"closed","ping_status":"closed","template":"","meta":{"_acf_changed":false,"_exactmetrics_skip_tracking":false,"_exactmetrics_sitenote_active":false,"_exactmetrics_sitenote_note":"","_exactmetrics_sitenote_category":0,"_monsterinsights_skip_tracking":false,"_monsterinsights_sitenote_active":false,"_monsterinsights_sitenote_note":"","_monsterinsights_sitenote_category":0,"neve_meta_sidebar":"","neve_meta_container":"","neve_meta_enable_content_width":"off","neve_meta_content_width":100,"neve_meta_title_alignment":"","neve_meta_author_avatar":"","neve_post_elements_order":"","neve_meta_disable_header":"","neve_meta_disable_footer":"","neve_meta_disable_title":"","jetpack_post_was_ever_published":false,"jetpack_publicize_message":"","jetpack_publicize_feature_enabled":true,"jetpack_social_post_already_shared":true,"jetpack_social_options":{"image_generator_settings":{"template":"highway","default_image_id":0,"font":"","enabled":false},"version":2}},"product_cat":[1022,996,1028,997,27,1061,1041,1030,1005,101,1027,1066],"product_tag":[314,311,116,332,41,210,312,826,827],"class_list":{"0":"post-2437","1":"product","2":"type-product","3":"status-publish","4":"has-post-thumbnail","6":"product_brand-bolzano-italia","7":"product_cat-curatenie","8":"product_cat-gospodarie-gradinarit","9":"product_cat-lucrari-comunale-municipale","10":"product_cat-lucrari-de-peisagistica","11":"product_cat-masini-si-utilaje","12":"product_cat-recuperare-terenuri-post-exploatare","13":"product_cat-silvicultura-si-exploatari-forestiere","14":"product_cat-tocatoare-de-crengi-lucrari-comunale-municipale","15":"product_cat-tocatoare-de-crengi-diam-4-40-cm","16":"product_cat-tocatoare-de-crengi-gospodarie-gradinarit","17":"product_cat-tocatoare-de-crengi","18":"product_cat-tocatoare-de-crengi-recuperare-terenuri-post-exploatare","19":"product_tag-curatat-teren","20":"product_tag-freza-de-cioate","21":"product_tag-masini","22":"product_tag-mulcer","23":"product_tag-peisagistica","24":"product_tag-profesional","25":"product_tag-seppi","26":"product_tag-seppim","27":"product_tag-utilaje-purtate","29":"first","30":"onbackorder","31":"taxable","32":"shipping-taxable","33":"product-type-simple"},"acf":[],"aioseo_notices":[],"jetpack_publicize_connections":[],"jetpack-related-posts":[],"jetpack_likes_enabled":true,"jetpack_sharing_enabled":true,"_links":{"self":[{"href":"https:\/\/tehronmachines.ro\/pro\/wp-json\/wp\/v2\/product\/2437","targetHints":{"allow":["GET"]}}],"collection":[{"href":"https:\/\/tehronmachines.ro\/pro\/wp-json\/wp\/v2\/product"}],"about":[{"href":"https:\/\/tehronmachines.ro\/pro\/wp-json\/wp\/v2\/types\/product"}],"replies":[{"embeddable":true,"href":"https:\/\/tehronmachines.ro\/pro\/wp-json\/wp\/v2\/comments?post=2437"}],"wp:featuredmedia":[{"embeddable":true,"href":"https:\/\/tehronmachines.ro\/pro\/wp-json\/wp\/v2\/media\/2438"}],"wp:attachment":[{"href":"https:\/\/tehronmachines.ro\/pro\/wp-json\/wp\/v2\/media?parent=2437"}],"wp:term":[{"taxonomy":"product_cat","embeddable":true,"href":"https:\/\/tehronmachines.ro\/pro\/wp-json\/wp\/v2\/product_cat?post=2437"},{"taxonomy":"product_tag","embeddable":true,"href":"https:\/\/tehronmachines.ro\/pro\/wp-json\/wp\/v2\/product_tag?post=2437"}],"curies":[{"name":"wp","href":"https:\/\/api.w.org\/{rel}","templated":true}]}}