{"id":2433,"date":"2023-10-03T23:39:10","date_gmt":"2023-10-03T20:39:10","guid":{"rendered":"https:\/\/tehronmachines.ro\/pro\/?post_type=product&#038;p=2433"},"modified":"2024-11-30T14:46:27","modified_gmt":"2024-11-30T11:46:27","slug":"mulcer-tocator-de-resturi-vegetale-fara-colectare-seppi-midiforst","status":"publish","type":"product","link":"https:\/\/tehronmachines.ro\/pro\/produs\/mulcer-tocator-de-resturi-vegetale-fara-colectare-seppi-midiforst\/","title":{"rendered":"Mulcer- toc\u0103tor de resturi vegetale &#8211; fara colectare Seppi MIDIFORST"},"content":{"rendered":"<p>Toc\u0103toarele forestiere SEPPI MIDIFORST \u0219i MIDIFORST dt sunt navele fanion ale m\u0103rcii SEPPI M.. Puternice \u0219i, \u00een acela\u0219i timp, compacte, aceste toc\u0103toare forestiere sunt potrivite pentru cele mai variate aplica\u021bii &#8211; \u00een silvicultur\u0103, \u00een agricultur\u0103 \u0219i \u00een \u00eentre\u021binerea spa\u021biilor verzi. Cu ajutorul rotorului patentat cu unelte eficiente MINI DUO cu inser\u021bii suplimentare din carbur\u0103 de tungsten, SEPPI MIDIFORST mulleaz\u0103 lemnul p\u00e2n\u0103 la 25 cm [9,8&#8243;] \u00d8.<\/p>\n<p>Ideal\u0103 pentru \u00eentreruperi de incendii, gestionarea vegeta\u021biei, dreptul de trecere, cur\u0103\u021barea terenurilor, preg\u0103tirea terenurilor, conducte \u0219i linii de transmisie a energiei electrice, precum \u0219i pentru \u00eentre\u021binerea marginilor drumurilor.<\/p>\n<p>L\u0103\u021bime de lucru disponibil\u0103: 175, 200, 225 cm [69&#8243;, 79&#8243;, 89&#8243;].<\/p>\n<p>&nbsp;<\/p>\n<h3><span style=\"color: #ff0000\">MIDIFORST &#8211; VERSIUNE STANDARD<\/span><\/h3>\n<p>Mulce\u0219te lemnul p\u00e2n\u0103 la 25 cm [9,8&#8243;] \u00d8<br \/>\nRotor elicoidal cu inser\u021bii din CARBUR\u0102 de tungsten ciocane MINI DUO + lateral EXTREME; suport pentru ciocane antiuzur\u0103.<br \/>\nCu arborele rotorului \u00een\u0219urubat<br \/>\nVitez\u0103 de lucru 0-5 km\/h<br \/>\nHidraulic spate \u00een 3 puncte IISO cat. 2 central fix<br \/>\nCutie de viteze de 1000 rpm cu roat\u0103 liber\u0103<br \/>\nTransmisie cu curele cu 5 curele<br \/>\n\u0218asiu robust \u0219i \u00eent\u0103rit<br \/>\n2 r\u00e2nduri de contracu\u021bite temperate pentru un rezultat perfect de mulcire<br \/>\nCapot\u0103 cu ac\u021bionare hidraulic\u0103<br \/>\nPatine de sus\u021binere, reglabile \u00een \u00een\u0103l\u021bime<br \/>\nProtec\u021bie fa\u021b\u0103 \u0219i spate: lan\u021buri duble \/ simple<br \/>\nCulori: ro\u0219u RAL3020 \u0219i c\u0103rbune RAL7021<\/p>\n<h3>\n<span style=\"color: #ff0000\">OP\u021aIUNI<\/span><\/h3>\n<p>Arbore de ac\u021bionare a prizei de for\u021b\u0103<br \/>\nAta\u0219ament frontal<br \/>\nCutie de viteze de 540 rpm<br \/>\nCutie de viteze cu invertor manual<br \/>\nCadru mecanic de protec\u021bie<br \/>\nAmbreiaj centrifugal<\/p>\n<p>&nbsp;<\/p>\n<p>&nbsp;<\/p>\n<p>Imaginile au caracter orientativ!<\/p>\n<p>&nbsp;<\/p>\n<p>Pre\u021burile nu includ TVA!<\/p>\n","protected":false},"excerpt":{"rendered":"<p>Mulcer- toc\u0103tor de resturi vegetale &#8211; fara colectare Seppi MIDIFORST<\/p>\n","protected":false},"featured_media":2435,"comment_status":"closed","ping_status":"closed","template":"","meta":{"_acf_changed":false,"_exactmetrics_skip_tracking":false,"_exactmetrics_sitenote_active":false,"_exactmetrics_sitenote_note":"","_exactmetrics_sitenote_category":0,"_monsterinsights_skip_tracking":false,"_monsterinsights_sitenote_active":false,"_monsterinsights_sitenote_note":"","_monsterinsights_sitenote_category":0,"neve_meta_sidebar":"","neve_meta_container":"","neve_meta_enable_content_width":"off","neve_meta_content_width":100,"neve_meta_title_alignment":"","neve_meta_author_avatar":"","neve_post_elements_order":"","neve_meta_disable_header":"","neve_meta_disable_footer":"","neve_meta_disable_title":"","jetpack_post_was_ever_published":false,"jetpack_publicize_message":"","jetpack_publicize_feature_enabled":true,"jetpack_social_post_already_shared":true,"jetpack_social_options":{"image_generator_settings":{"template":"highway","default_image_id":0,"font":"","enabled":false},"version":2}},"product_cat":[1022,996,1028,997,27,1061,1041,101,1030,1027,1066],"product_tag":[314,311,116,332,41,210,312,826,827],"class_list":{"0":"post-2433","1":"product","2":"type-product","3":"status-publish","4":"has-post-thumbnail","6":"product_brand-bolzano-italia","7":"product_cat-curatenie","8":"product_cat-gospodarie-gradinarit","9":"product_cat-lucrari-comunale-municipale","10":"product_cat-lucrari-de-peisagistica","11":"product_cat-masini-si-utilaje","12":"product_cat-recuperare-terenuri-post-exploatare","13":"product_cat-silvicultura-si-exploatari-forestiere","14":"product_cat-tocatoare-de-crengi-gospodarie-gradinarit","15":"product_cat-tocatoare-de-crengi-lucrari-comunale-municipale","16":"product_cat-tocatoare-de-crengi","17":"product_cat-tocatoare-de-crengi-recuperare-terenuri-post-exploatare","18":"product_tag-curatat-teren","19":"product_tag-freza-de-cioate","20":"product_tag-masini","21":"product_tag-mulcer","22":"product_tag-peisagistica","23":"product_tag-profesional","24":"product_tag-seppi","25":"product_tag-seppim","26":"product_tag-utilaje-purtate","28":"first","29":"onbackorder","30":"taxable","31":"shipping-taxable","32":"product-type-simple"},"acf":[],"aioseo_notices":[],"jetpack_publicize_connections":[],"jetpack-related-posts":[],"jetpack_likes_enabled":true,"jetpack_sharing_enabled":true,"_links":{"self":[{"href":"https:\/\/tehronmachines.ro\/pro\/wp-json\/wp\/v2\/product\/2433","targetHints":{"allow":["GET"]}}],"collection":[{"href":"https:\/\/tehronmachines.ro\/pro\/wp-json\/wp\/v2\/product"}],"about":[{"href":"https:\/\/tehronmachines.ro\/pro\/wp-json\/wp\/v2\/types\/product"}],"replies":[{"embeddable":true,"href":"https:\/\/tehronmachines.ro\/pro\/wp-json\/wp\/v2\/comments?post=2433"}],"wp:featuredmedia":[{"embeddable":true,"href":"https:\/\/tehronmachines.ro\/pro\/wp-json\/wp\/v2\/media\/2435"}],"wp:attachment":[{"href":"https:\/\/tehronmachines.ro\/pro\/wp-json\/wp\/v2\/media?parent=2433"}],"wp:term":[{"taxonomy":"product_cat","embeddable":true,"href":"https:\/\/tehronmachines.ro\/pro\/wp-json\/wp\/v2\/product_cat?post=2433"},{"taxonomy":"product_tag","embeddable":true,"href":"https:\/\/tehronmachines.ro\/pro\/wp-json\/wp\/v2\/product_tag?post=2433"}],"curies":[{"name":"wp","href":"https:\/\/api.w.org\/{rel}","templated":true}]}}