{"id":2424,"date":"2023-10-03T00:45:59","date_gmt":"2023-10-02T21:45:59","guid":{"rendered":"https:\/\/tehronmachines.ro\/pro\/?post_type=product&#038;p=2424"},"modified":"2024-11-30T14:52:59","modified_gmt":"2024-11-30T11:52:59","slug":"mulcer-tocator-de-resturi-vegetale-fara-colectare-seppi-bms","status":"publish","type":"product","link":"https:\/\/tehronmachines.ro\/pro\/produs\/mulcer-tocator-de-resturi-vegetale-fara-colectare-seppi-bms\/","title":{"rendered":"Mulcer- toc\u0103tor de resturi vegetale &#8211; fara colectare Seppi BMS"},"content":{"rendered":"<p>Actualizat recent, toc\u0103tor forestier BMS, montat pe excavator SEPPI, este mai eficient, mai productiv \u0219i are un design nou \u0219i atractiv. Proiectat pentru excavatoare din clasa de 15 &#8211; 30 tone (30.000 &#8211; 66.000 lb), iarba, tufi\u0219urile \u0219i lemnul sunt u\u0219or de m\u0103run\u021bit. Ata\u0219at la bra\u021bul unui excavator, toate aceste zone pot fi atinse cu u\u0219urin\u021b\u0103. Capul de mulcire SEPPI BMS este prev\u0103zut cu un rotor forestier capabil s\u0103 mulce vegeta\u021bia cu un diametru de p\u00e2n\u0103 la 30 cm [12&#8243;]. \u0218asiul acoperit protejeaz\u0103 transmisia. Rotor forestier cu contracu\u021bite temperate \u00een interiorul carcasei standard pentru un rezultat de mulcire foarte fin.<\/p>\n<p>Noua versiune de mulcior SEPPI BMS pentru ata\u0219area la excavator este proiectat\u0103 \u0219i conceput\u0103 pentru a v\u0103 face opera\u021biunea mai eficient\u0103 \u0219i mai profitabil\u0103. BMS este acum: Mai eficient datorit\u0103 unui rotor \u00eembun\u0103t\u0103\u021bit cu expunere suplimentar\u0103. Mai mult\u0103 putere datorit\u0103 motoarelor M-BOOST cu un cuplu cu p\u00e2n\u0103 la 40% mai mare. Mai sigur datorit\u0103 sistemelor de protec\u021bie \u00eembun\u0103t\u0103\u021bite.<\/p>\n<p>Disponibil \u00een l\u0103\u021bimi de lucru: 100, 125 150 cm [39&#8243;, 49&#8243;, 59&#8243;].<\/p>\n<p>&nbsp;<\/p>\n<h3><span style=\"color: #ff0000\">APLICA\u021aII<\/span><\/h3>\n<p>Mulcire pe malurile r\u00e2urilor<br \/>\n\u00centre\u021binerea marginilor de drumuri<br \/>\nCrearea de pauze de incendiu<br \/>\nCur\u0103\u021barea terenurilor \u00een industria petrolier\u0103 \u0219i a gazelor naturale<br \/>\nM\u0103r\u0103cini\u0219 \u0219i cur\u0103\u021barea p\u0103durilor dup\u0103 recoltarea lemnului<br \/>\n\u00centre\u021binerea liniilor electrice \u0219i de comunica\u021bii<br \/>\nMulcirea butucilor \u00een parcuri<br \/>\nCur\u0103\u021barea marginilor de c\u00e2mp<br \/>\nGestionarea vegeta\u021biei<br \/>\nCur\u0103\u021barea \u0219an\u021burilor supra\u00eenc\u0103rcate<br \/>\nEliminarea gr\u0103mezilor de resturi lemnoase pe care le-au acumulat fermierii<\/p>\n<h3>\n<span style=\"color: #ff0000\">BMS &#8211; VERSIUNEA STANDARD<\/span><\/h3>\n<p>Cap de mulcire potrivit pentru excavatoare \u0219i autogredere de la 15 la 30 t [30.000-66.000 lb].<br \/>\nBMS Mulcimeaz\u0103 lemnul de p\u00e2n\u0103 la 30 cm [12&#8243;] \u00d8<br \/>\nRotor cu ciocane fixe MINI DUO \u0219i MONO EXTREME cu v\u00e2rfuri din carbur\u0103 de tungsten<br \/>\nSuport de ciocan anti-uzur\u0103<br \/>\n\u0218asiu fabricat din o\u021bel AR400 de \u00eenalt\u0103 rezisten\u021b\u0103 la trac\u021biune \u0219i uzur\u0103<br \/>\n\u0218asiu acoperit pentru a proteja unitatea de ac\u021bionare<br \/>\nTransmisie cu 5 curele<br \/>\nInterfa\u021b\u0103 de fixare universal\u0103<br \/>\nPreg\u0103tit\u0103 pentru transmisie cu motor hidraulic la alegere<br \/>\nDebit de ulei recomandat: 80-260 l\/min<br \/>\nCapot\u0103 cu ac\u021bionare hidraulic\u0103<br \/>\n2 r\u00e2nduri de CONTRACUTORI tempera\u021bi<br \/>\nProtec\u021bie frontal\u0103 \u0219i posterioar\u0103 cu lan\u021buri<br \/>\nPatine ranforsate Patine pentru SANDWICH<br \/>\nCulori: ro\u0219u RAL3020 &#8211; c\u0103rbune RAL7021<\/p>\n<h3>\n<span style=\"color: #ff0000\">OP\u021aIUNI<\/span><\/h3>\n<p>Rotor forestier cu ciocane fixe MONO TIP V-LOCK<br \/>\nRotor CUT CONTROL cu indicator \u0219i unealt\u0103 MINI BLADE<br \/>\nMotor automat cu deplasare variabil\u0103 M-BOOST<br \/>\nTransmisie predispus\u0103 pentru motorul hidraulic SAUER 55<br \/>\nPlac\u0103 de interfa\u021b\u0103 cu rota\u021bie de 190\u00b0.<br \/>\nPlac\u0103 de interfa\u021b\u0103 individual\u0103 pentru bra\u021bul excavatorului (pentru diferite m\u0103rci de excavatoare)<br \/>\nSupap\u0103 electric\u0103 pentru controlul capotei cu comenzi<\/p>\n<p>&nbsp;<\/p>\n<p>&nbsp;<\/p>\n<p>Pre\u021burile nu includ TVA!<\/p>\n<p>&nbsp;<\/p>\n<p>Imaginile au caracter orientativ!<\/p>\n","protected":false},"excerpt":{"rendered":"<p>Mulcer- toc\u0103tor de resturi vegetale &#8211; fara colectare Seppi BMS<\/p>\n","protected":false},"featured_media":2425,"comment_status":"closed","ping_status":"closed","template":"","meta":{"_acf_changed":false,"_exactmetrics_skip_tracking":false,"_exactmetrics_sitenote_active":false,"_exactmetrics_sitenote_note":"","_exactmetrics_sitenote_category":0,"_monsterinsights_skip_tracking":false,"_monsterinsights_sitenote_active":false,"_monsterinsights_sitenote_note":"","_monsterinsights_sitenote_category":0,"neve_meta_sidebar":"","neve_meta_container":"","neve_meta_enable_content_width":"off","neve_meta_content_width":100,"neve_meta_title_alignment":"","neve_meta_author_avatar":"","neve_post_elements_order":"","neve_meta_disable_header":"","neve_meta_disable_footer":"","neve_meta_disable_title":"","jetpack_post_was_ever_published":false,"jetpack_publicize_message":"","jetpack_publicize_feature_enabled":true,"jetpack_social_post_already_shared":true,"jetpack_social_options":{"image_generator_settings":{"template":"highway","default_image_id":0,"font":"","enabled":false},"version":2}},"product_cat":[1022,996,1028,997,27,1061,1041,1030,1005,101,1027,1066],"product_tag":[314,311,116,332,41,210,312,826,827],"class_list":{"0":"post-2424","1":"product","2":"type-product","3":"status-publish","4":"has-post-thumbnail","6":"product_brand-bolzano-italia","7":"product_cat-curatenie","8":"product_cat-gospodarie-gradinarit","9":"product_cat-lucrari-comunale-municipale","10":"product_cat-lucrari-de-peisagistica","11":"product_cat-masini-si-utilaje","12":"product_cat-recuperare-terenuri-post-exploatare","13":"product_cat-silvicultura-si-exploatari-forestiere","14":"product_cat-tocatoare-de-crengi-lucrari-comunale-municipale","15":"product_cat-tocatoare-de-crengi-diam-4-40-cm","16":"product_cat-tocatoare-de-crengi-gospodarie-gradinarit","17":"product_cat-tocatoare-de-crengi","18":"product_cat-tocatoare-de-crengi-recuperare-terenuri-post-exploatare","19":"product_tag-curatat-teren","20":"product_tag-freza-de-cioate","21":"product_tag-masini","22":"product_tag-mulcer","23":"product_tag-peisagistica","24":"product_tag-profesional","25":"product_tag-seppi","26":"product_tag-seppim","27":"product_tag-utilaje-purtate","29":"first","30":"onbackorder","31":"taxable","32":"shipping-taxable","33":"product-type-simple"},"acf":[],"aioseo_notices":[],"jetpack_publicize_connections":[],"jetpack-related-posts":[],"jetpack_likes_enabled":true,"jetpack_sharing_enabled":true,"_links":{"self":[{"href":"https:\/\/tehronmachines.ro\/pro\/wp-json\/wp\/v2\/product\/2424","targetHints":{"allow":["GET"]}}],"collection":[{"href":"https:\/\/tehronmachines.ro\/pro\/wp-json\/wp\/v2\/product"}],"about":[{"href":"https:\/\/tehronmachines.ro\/pro\/wp-json\/wp\/v2\/types\/product"}],"replies":[{"embeddable":true,"href":"https:\/\/tehronmachines.ro\/pro\/wp-json\/wp\/v2\/comments?post=2424"}],"wp:featuredmedia":[{"embeddable":true,"href":"https:\/\/tehronmachines.ro\/pro\/wp-json\/wp\/v2\/media\/2425"}],"wp:attachment":[{"href":"https:\/\/tehronmachines.ro\/pro\/wp-json\/wp\/v2\/media?parent=2424"}],"wp:term":[{"taxonomy":"product_cat","embeddable":true,"href":"https:\/\/tehronmachines.ro\/pro\/wp-json\/wp\/v2\/product_cat?post=2424"},{"taxonomy":"product_tag","embeddable":true,"href":"https:\/\/tehronmachines.ro\/pro\/wp-json\/wp\/v2\/product_tag?post=2424"}],"curies":[{"name":"wp","href":"https:\/\/api.w.org\/{rel}","templated":true}]}}