{"id":2420,"date":"2023-10-03T00:22:00","date_gmt":"2023-10-02T21:22:00","guid":{"rendered":"https:\/\/tehronmachines.ro\/pro\/?post_type=product&#038;p=2420"},"modified":"2024-11-30T14:53:27","modified_gmt":"2024-11-30T11:53:27","slug":"mulcer-tocator-de-resturi-vegetale-fara-colectare-seppi-bms-l","status":"publish","type":"product","link":"https:\/\/tehronmachines.ro\/pro\/produs\/mulcer-tocator-de-resturi-vegetale-fara-colectare-seppi-bms-l\/","title":{"rendered":"Mulcer- toc\u0103tor de resturi vegetale &#8211; fara colectare Seppi BMS-L"},"content":{"rendered":"<p>Capul de mulcire SEPPI BMS-L a fost dezvoltat pentru excavatoarele de dimensiuni medii. Este un mulcher puternic, la o greutate relativ redus\u0103. Montat pe bra\u021bul unui excavator, mulcherul SEPPI BMS-L va ar\u0103ta rezultate deosebite \u00een \u00eentre\u021binerea spa\u021biilor verzi pe malurile r\u00e2urilor, \u00een p\u0103dure \u0219i \u00een alte zone greu accesibile. Potrivit pentru diferite tipuri de gestionare a vegeta\u021biei, \u00eentre\u021binerea drepturilor de trecere, cur\u0103\u021barea p\u0103durilor dup\u0103 recoltarea lemnului \u0219i multe altele.<\/p>\n<p>BMS-L are dou\u0103 hote reglabile \u0219i poate fi astfel perfect adaptat la diferitele condi\u021bii de lucru \u0219i la vegeta\u021bie. Multe situa\u021bii specifice determinate de tipul de vegeta\u021bie, de sol \u0219i de mediu vor fi astfel u\u0219or de gestionat! Cu rotorul s\u0103u standard, BMS-L m\u0103cel\u0103re\u0219te m\u0103r\u0103cini\u0219ul cu diametrul de p\u00e2n\u0103 la 7 cm [2,8&#8243;], iar cu rotorul forestier op\u021bional cu ciocane fixe, mulcherul poate m\u0103tura material de p\u00e2n\u0103 la 15 cm [6&#8243;].<\/p>\n<p>SEPPI BMS-L este potrivit pentru a fi montat pe excavatoare sau forwarders de diferite m\u0103rci.<\/p>\n<p>L\u0103\u021bimea de lucru disponibil\u0103: 100, 125 [39&#8243;, 49&#8243;].<\/p>\n<p>&nbsp;<\/p>\n<h3><span style=\"color: #ff0000\">BMS-L &#8211; VERSIUNEA STANDARD<\/span><\/h3>\n<p>Capul de mulcire BMS-L este potrivit pentru excavatoare de la 7 la 15 tone [11.000-33.000 lb].<br \/>\nMulce\u0219te \u0219i perie vegeta\u021bia de p\u00e2n\u0103 la 7 cm [2,8&#8243;] \u00d8,<br \/>\ncu rotor forestier de p\u00e2n\u0103 la 15 cm [6&#8243;] \u00d8<br \/>\nRotor standard cu fulgii SMO<br \/>\nPreg\u0103tit pentru o plac\u0103 de interfa\u021b\u0103 individual\u0103<br \/>\n4 r\u00e2nduri de CONTRACUTORI tempera\u021bi (2 \u0219asiuri, capot\u0103 2&#215;1)<br \/>\nTransmisie cu curea (5)<br \/>\nPreg\u0103tite pentru transmisie cu motor hidraulic la alegere<br \/>\nDebit de ulei recomandat: 90-150 l\/min [23-40 gpm]<br \/>\nDirec\u021bia de rota\u021bie \u0219i de deschidere a capotei este reversibil\u0103 DUAL<br \/>\n2 hote (1 cu ac\u021bionare hidraulic\u0103, 1 cu ac\u021bionare mecanic\u0103)<br \/>\nProtec\u021bie frontal\u0103 \u0219i posterioar\u0103 cu lan\u021buri<br \/>\nPatine de sus\u021binere, \u00eent\u0103rite<br \/>\nCuloare: ro\u0219u RAL3020 &#8211; c\u0103rbune RAL7021<\/p>\n<h3>\n<span style=\"color: #ff0000\">OP\u021aIUNI<\/span><\/h3>\n<p>Rotor forestier cu ciocane fixe CARBIDE MINI DUO<br \/>\nRotor forestier cu ciocane fixe MINI BLADE<br \/>\nMotor cu cilindree variabil\u0103 la alegere<br \/>\nPlac\u0103 de interfa\u021b\u0103 individual\u0103 pentru bra\u021bul xcavatorului (pentru diferite m\u0103rci de excavatoare)<br \/>\nInterfa\u021b\u0103 pentru excavator de p\u0103ianjen<br \/>\nA 2-a capot\u0103 hidr. reglabil\u0103<br \/>\nSupap\u0103 electric\u0103 pentru controlul capotei cu comenzi<br \/>\nPlac\u0103 de rota\u021bie hidraulic\u0103 de 190\u00b0.<\/p>\n<p>&nbsp;<\/p>\n<p>&nbsp;<\/p>\n<p>Pre\u021burile nu includ TVA!<\/p>\n<p>&nbsp;<\/p>\n<p>Imaginile au caracter orientativ!<\/p>\n","protected":false},"excerpt":{"rendered":"<p>Mulcer- toc\u0103tor de resturi vegetale &#8211; fara colectare Seppi BMS-L<\/p>\n","protected":false},"featured_media":2422,"comment_status":"closed","ping_status":"closed","template":"","meta":{"_acf_changed":false,"_exactmetrics_skip_tracking":false,"_exactmetrics_sitenote_active":false,"_exactmetrics_sitenote_note":"","_exactmetrics_sitenote_category":0,"_monsterinsights_skip_tracking":false,"_monsterinsights_sitenote_active":false,"_monsterinsights_sitenote_note":"","_monsterinsights_sitenote_category":0,"neve_meta_sidebar":"","neve_meta_container":"","neve_meta_enable_content_width":"off","neve_meta_content_width":100,"neve_meta_title_alignment":"","neve_meta_author_avatar":"","neve_post_elements_order":"","neve_meta_disable_header":"","neve_meta_disable_footer":"","neve_meta_disable_title":"","jetpack_publicize_message":"","jetpack_publicize_feature_enabled":true,"jetpack_social_post_already_shared":true,"jetpack_social_options":{"image_generator_settings":{"template":"highway","default_image_id":0,"font":"","enabled":false},"version":2}},"product_cat":[1022,996,1028,997,27,1061,1041,1027,1066,1030,1005,101],"product_tag":[314,311,116,332,41,210,312,826,294],"class_list":{"0":"post-2420","1":"product","2":"type-product","3":"status-publish","4":"has-post-thumbnail","6":"product_brand-bolzano-italia","7":"product_cat-curatenie","8":"product_cat-gospodarie-gradinarit","9":"product_cat-lucrari-comunale-municipale","10":"product_cat-lucrari-de-peisagistica","11":"product_cat-masini-si-utilaje","12":"product_cat-recuperare-terenuri-post-exploatare","13":"product_cat-silvicultura-si-exploatari-forestiere","14":"product_cat-tocatoare-de-crengi","15":"product_cat-tocatoare-de-crengi-recuperare-terenuri-post-exploatare","16":"product_cat-tocatoare-de-crengi-lucrari-comunale-municipale","17":"product_cat-tocatoare-de-crengi-diam-4-40-cm","18":"product_cat-tocatoare-de-crengi-gospodarie-gradinarit","19":"product_tag-curatat-teren","20":"product_tag-freza-de-cioate","21":"product_tag-masini","22":"product_tag-mulcer","23":"product_tag-peisagistica","24":"product_tag-profesional","25":"product_tag-seppi","26":"product_tag-seppim","27":"product_tag-utilaje-purtate-pto","29":"first","30":"onbackorder","31":"taxable","32":"shipping-taxable","33":"product-type-simple"},"acf":[],"aioseo_notices":[],"jetpack_publicize_connections":[],"jetpack-related-posts":[],"jetpack_likes_enabled":true,"jetpack_sharing_enabled":true,"_links":{"self":[{"href":"https:\/\/tehronmachines.ro\/pro\/wp-json\/wp\/v2\/product\/2420","targetHints":{"allow":["GET"]}}],"collection":[{"href":"https:\/\/tehronmachines.ro\/pro\/wp-json\/wp\/v2\/product"}],"about":[{"href":"https:\/\/tehronmachines.ro\/pro\/wp-json\/wp\/v2\/types\/product"}],"replies":[{"embeddable":true,"href":"https:\/\/tehronmachines.ro\/pro\/wp-json\/wp\/v2\/comments?post=2420"}],"wp:featuredmedia":[{"embeddable":true,"href":"https:\/\/tehronmachines.ro\/pro\/wp-json\/wp\/v2\/media\/2422"}],"wp:attachment":[{"href":"https:\/\/tehronmachines.ro\/pro\/wp-json\/wp\/v2\/media?parent=2420"}],"wp:term":[{"taxonomy":"product_cat","embeddable":true,"href":"https:\/\/tehronmachines.ro\/pro\/wp-json\/wp\/v2\/product_cat?post=2420"},{"taxonomy":"product_tag","embeddable":true,"href":"https:\/\/tehronmachines.ro\/pro\/wp-json\/wp\/v2\/product_tag?post=2420"}],"curies":[{"name":"wp","href":"https:\/\/api.w.org\/{rel}","templated":true}]}}