{"id":2414,"date":"2023-10-02T23:47:52","date_gmt":"2023-10-02T20:47:52","guid":{"rendered":"https:\/\/tehronmachines.ro\/pro\/?post_type=product&#038;p=2414"},"modified":"2024-11-30T14:54:40","modified_gmt":"2024-11-30T11:54:40","slug":"mulcer-tocator-de-resturi-vegetale-cu-colectare-seppi-b20","status":"publish","type":"product","link":"https:\/\/tehronmachines.ro\/pro\/produs\/mulcer-tocator-de-resturi-vegetale-cu-colectare-seppi-b20\/","title":{"rendered":"Mulcer- toc\u0103tor de resturi vegetale &#8211; cu colectare Seppi B20"},"content":{"rendered":"<h2><span style=\"color: #ff0000\">Prima ma\u0219in\u0103 de tocat 4 \u00een 1 din lume:<\/span><\/h2>\n<p>Mulcherul \u0219i toc\u0103torul SEPPI B20 simplific\u0103 \u0219i finalizeaz\u0103 munca mai eficient, reduc\u00e2nd costurile dumneavoastr\u0103.<\/p>\n<p>B20 toac\u0103 tufi\u0219uri \u0219i lemn de p\u00e2n\u0103 la 20 cm \u00d8, datorit\u0103 unui rotor puternic \u0219i agresiv, cu sistem de unelte fixe patentat SEPPI M. SEPPI B20 colecteaz\u0103 biomasa de la suprafa\u021b\u0103, datorit\u0103 dispozitivului dublu de preluare. Rotoarele de preluare transfer\u0103 cu u\u0219urin\u021b\u0103 materia prim\u0103 c\u0103tre arborele rotorului pentru prima etap\u0103 de mulcire. Echipat standard cu RIC &#8211; Radial interference cut rotor (brevet SEPPI M.), rotor de preluare superior, motor \u0219i control al debitului. Apoi, un toc\u0103tor cu discuri puternic, special conceput, cu lame din o\u021bel HSS, reduce materialul la o calitate fin\u0103, care este imediat aspirat \u0219i expulzat printr-o jgheab de expulzare pozi\u021bionat\u0103 pe o parte a tractorului. SEPPI B20 este un toc\u0103tor 4 \u00een 1: colecteaz\u0103-\u0219lefuie\u0219te-\u0219lefuie\u0219te-convoac\u0103.<\/p>\n<p>SEPPI B20 este perfect pentru utilizarea cu tractoare cu trac\u021biune invers\u0103. Conexiunea de \u00eempingere din spate permite ca B20 s\u0103 toace cu u\u0219urin\u021b\u0103 lemnul rezidual, bu\u0219tenii \u0219i plantele de diametru mare.<\/p>\n<p>Jgheabul de expulzare al lui B20 este controlat de c\u0103tre operator cu ajutorul unui sistem hidraulic (roat\u0103 p\u00e2n\u0103 la 190 \u00b0): \u00een plus, \u00eenclinarea acestuia \u0219i deschiderea reglabil\u0103 a &#8222;gurii&#8221; jgheabului de expulzare \u00eel fac potrivit pentru orice remorc\u0103 tras\u0103 de un al doilea tractor \u00een paralel pentru colectarea biomasei fine. \u00cen timpul transportului, jgheabul de expulzare SEPPI B20 poate fi retras hidraulic.<\/p>\n<p>L\u0103\u021bimea de lucru disponibil\u0103: 150 cm [59&#8243;]<\/p>\n<h3><span style=\"color: #ff0000\">VERSIUNEA STANDARD<\/span><\/h3>\n<h3><\/h3>\n<p>Re\u00eennoirea livezilor vechi<br \/>\n\u00cengrijirea planta\u021biilor de m\u0103slini<br \/>\nCur\u0103\u021barea terenului pentru replantare<br \/>\nColectarea de biomas\u0103 pentru compostare<br \/>\nCur\u0103\u021barea mediului \u00een zonele urbane sau forestiere<br \/>\norice condi\u021bii \u00een care zona trebuie cur\u0103\u021bat\u0103 de reziduuri vegetale<\/p>\n<h3><span style=\"color: #ff0000\">B20 &#8211; VERSIUNEA STANDARD<\/span><\/h3>\n<p>Toc\u0103torul cu rotor de preluare, toc\u0103tor cu discuri \u0219i jgheab de ejec\u021bie 4 \u00een 1: colecteaz\u0103-mulcior-\u0219lefuie\u0219te-convoac\u0103<br \/>\nB20 toac\u0103 molozul de m\u0103r\u0103cini\u0219uri&amp;lemn de p\u00e2n\u0103 la 20 cm [8&#8243;] \u00d8<br \/>\nVitez\u0103 de lucru 0-2 km\/h<br \/>\nRotor RIC cu ciocane din carbur\u0103 de tungsten MINI DUO; suport pentru ciocane anti-uzur\u0103<br \/>\n2 rotoare de preluare hidraulice<br \/>\nAta\u0219ament spate ISO \u00een 3 puncte cat. 3, trac\u021biune prin \u00eempingere (se recomand\u0103 sistemul de trac\u021biune invers\u0103, ata\u0219area frontal\u0103 nu este posibil\u0103)<br \/>\nToc\u0103tor cu discuri cu cu pl\u0103ci de uzur\u0103 interschimbabile \u0219i cu lame interne din o\u021bel rezistent la uzur\u0103<br \/>\nJgheab de expulzare rezistent la uzur\u0103, basculant \u0219i rotativ hidraulic<br \/>\nDeflector al jgheabului reglabil hidraulic<br \/>\nTransmisie cu curea lateral\u0103 dubl\u0103 (2&#215;5)<br \/>\nCutie de viteze de 750 rpm<br \/>\n\u0218asiu fabricat din o\u021bel rezistent la uzur\u0103<br \/>\nCilindru de sus\u021binere<br \/>\nChevron cu l\u0103mpi spate<br \/>\nCulori: ro\u0219u RAL3020 \u0219i c\u0103rbune RAL7021<\/p>\n<p>&nbsp;<\/p>\n<p>Pre\u021burile nu includ TVA!<\/p>\n<p>&nbsp;<\/p>\n<p>Imaginile sunt orientative!<\/p>\n","protected":false},"excerpt":{"rendered":"<p>Mulcer- toc\u0103tor de resturi vegetale &#8211; cu colectare Seppi B20<\/p>\n","protected":false},"featured_media":2415,"comment_status":"closed","ping_status":"closed","template":"","meta":{"_acf_changed":false,"_exactmetrics_skip_tracking":false,"_exactmetrics_sitenote_active":false,"_exactmetrics_sitenote_note":"","_exactmetrics_sitenote_category":0,"_monsterinsights_skip_tracking":false,"_monsterinsights_sitenote_active":false,"_monsterinsights_sitenote_note":"","_monsterinsights_sitenote_category":0,"neve_meta_sidebar":"","neve_meta_container":"","neve_meta_enable_content_width":"off","neve_meta_content_width":100,"neve_meta_title_alignment":"","neve_meta_author_avatar":"","neve_post_elements_order":"","neve_meta_disable_header":"","neve_meta_disable_footer":"","neve_meta_disable_title":"","jetpack_publicize_message":"","jetpack_publicize_feature_enabled":true,"jetpack_social_post_already_shared":true,"jetpack_social_options":{"image_generator_settings":{"template":"highway","default_image_id":0,"font":"","enabled":false},"version":2}},"product_cat":[1022,996,1028,997,27,1061,1041,1027,1066,1030,1005,101],"product_tag":[314,311,116,332,41,210,312,826,294],"class_list":{"0":"post-2414","1":"product","2":"type-product","3":"status-publish","4":"has-post-thumbnail","6":"product_brand-bolzano-italia","7":"product_cat-curatenie","8":"product_cat-gospodarie-gradinarit","9":"product_cat-lucrari-comunale-municipale","10":"product_cat-lucrari-de-peisagistica","11":"product_cat-masini-si-utilaje","12":"product_cat-recuperare-terenuri-post-exploatare","13":"product_cat-silvicultura-si-exploatari-forestiere","14":"product_cat-tocatoare-de-crengi","15":"product_cat-tocatoare-de-crengi-recuperare-terenuri-post-exploatare","16":"product_cat-tocatoare-de-crengi-lucrari-comunale-municipale","17":"product_cat-tocatoare-de-crengi-diam-4-40-cm","18":"product_cat-tocatoare-de-crengi-gospodarie-gradinarit","19":"product_tag-curatat-teren","20":"product_tag-freza-de-cioate","21":"product_tag-masini","22":"product_tag-mulcer","23":"product_tag-peisagistica","24":"product_tag-profesional","25":"product_tag-seppi","26":"product_tag-seppim","27":"product_tag-utilaje-purtate-pto","29":"first","30":"onbackorder","31":"taxable","32":"shipping-taxable","33":"product-type-simple"},"acf":[],"aioseo_notices":[],"jetpack_publicize_connections":[],"jetpack-related-posts":[],"jetpack_likes_enabled":true,"jetpack_sharing_enabled":true,"_links":{"self":[{"href":"https:\/\/tehronmachines.ro\/pro\/wp-json\/wp\/v2\/product\/2414","targetHints":{"allow":["GET"]}}],"collection":[{"href":"https:\/\/tehronmachines.ro\/pro\/wp-json\/wp\/v2\/product"}],"about":[{"href":"https:\/\/tehronmachines.ro\/pro\/wp-json\/wp\/v2\/types\/product"}],"replies":[{"embeddable":true,"href":"https:\/\/tehronmachines.ro\/pro\/wp-json\/wp\/v2\/comments?post=2414"}],"wp:featuredmedia":[{"embeddable":true,"href":"https:\/\/tehronmachines.ro\/pro\/wp-json\/wp\/v2\/media\/2415"}],"wp:attachment":[{"href":"https:\/\/tehronmachines.ro\/pro\/wp-json\/wp\/v2\/media?parent=2414"}],"wp:term":[{"taxonomy":"product_cat","embeddable":true,"href":"https:\/\/tehronmachines.ro\/pro\/wp-json\/wp\/v2\/product_cat?post=2414"},{"taxonomy":"product_tag","embeddable":true,"href":"https:\/\/tehronmachines.ro\/pro\/wp-json\/wp\/v2\/product_tag?post=2414"}],"curies":[{"name":"wp","href":"https:\/\/api.w.org\/{rel}","templated":true}]}}